{"id":2823,"date":"2018-02-21T01:24:54","date_gmt":"2018-02-21T00:24:54","guid":{"rendered":"http:\/\/hyfac.fr\/?page_id=2823"},"modified":"2022-02-10T02:05:06","modified_gmt":"2022-02-10T01:05:06","slug":"clarifac-soin-anti-taches","status":"publish","type":"page","link":"https:\/\/hyfac.fr\/fr_fr\/nos-gammes\/clarifac-soin-anti-taches\/","title":{"rendered":"CLARIFAC &#8211; Troubles de la pigmentation"},"content":{"rendered":"<p>&nbsp;<\/p>\n<div style=\"width: 960px;\">&nbsp;<\/div>\n<div id=\"prd\">\n<div class=\"csRow\">\n<div class=\"csColumn\" style=\"margin: 0px; padding: 0px; float: left; width: 43%;\" data-csstartpoint=\"0\" data-csendpoint=\"430\" data-cswidth=\"43.0%\" data-csid=\"beb42ad8-6bfd-a029-8282-bd93ae120b4d\">\n<style type=\"text\/css\">#soliloquy-container-5311 .soliloquy-pager{bottom: -30px;}<\/style><div class=\"soliloquy-outer-container\" data-soliloquy-loaded=\"0\"><div aria-live=\"polite\" id=\"soliloquy-container-5311\" class=\"soliloquy-container soliloquy-transition-horizontal soliloquy-slide-horizontal soliloquy-controls-active slider-img-prd soliloquy-theme-base\" style=\"max-width:340px;max-height:538px;margin:0 auto 20px;max-width:100%;max-height:none;\"><ul id=\"soliloquy-5311\" class=\"soliloquy-slider soliloquy-slides soliloquy-wrap soliloquy-clear\"><li aria-hidden=\"true\" class=\"soliloquy-item soliloquy-item-1 soliloquy-id-5547 soliloquy-image-slide\" draggable=\"false\" style=\"list-style:none;\"><img id=\"soliloquy-image-5547\" class=\"soliloquy-image soliloquy-image-1\" src=\"https:\/\/hyfac.fr\/wp-content\/uploads\/2018\/09\/Diapositive29-340x538_c.jpeg\" alt=\"CLARIFAC soin anti taches \u00e9claircissant\" \/><\/li><li aria-hidden=\"true\" class=\"soliloquy-item soliloquy-item-2 soliloquy-id-5548 soliloquy-image-slide\" draggable=\"false\" style=\"list-style:none;\"><img id=\"soliloquy-image-5548\" class=\"soliloquy-image soliloquy-image-2 soliloquy-preload\" src=\"https:\/\/hyfac.fr\/wp-content\/plugins\/soliloquy\/assets\/css\/images\/holder.gif\" data-soliloquy-src=\"https:\/\/hyfac.fr\/wp-content\/uploads\/2018\/09\/Diapositive30-340x538_c.jpeg\" alt=\"CLARIFAC soin anti taches \u00e9claircissant\" \/><\/li><\/ul><\/div><noscript><style type=\"text\/css\" scoped>#soliloquy-container-5311{opacity:1}#soliloquy-container-5311 li > .soliloquy-caption{display:none}#soliloquy-container-5311 li:first-child > .soliloquy-caption{display:block}<\/style><div class=\"soliloquy-no-js\" style=\"display:none;visibility:hidden;height:0;line-height:0;opacity:0;\"><img class=\"soliloquy-image soliloquy-no-js-image\" src=\"https:\/\/hyfac.fr\/wp-content\/uploads\/2018\/09\/Diapositive29.jpeg\" alt=\"CLARIFAC soin anti taches \u00e9claircissant\" \/><img class=\"soliloquy-image soliloquy-no-js-image\" src=\"https:\/\/hyfac.fr\/wp-content\/uploads\/2018\/09\/Diapositive30.jpeg\" alt=\"CLARIFAC soin anti taches \u00e9claircissant\" \/><\/div><\/noscript><\/div>\n<\/div>\n<div class=\"csColumnGap\" style=\"margin: 0px; padding: 0px; float: left; width: 7.7%;\"><img style=\"border: none;\" src=\"https:\/\/hyfac.fr\/wp-content\/plugins\/advanced-wp-columns\/assets\/js\/plugins\/views\/img\/1x1-pixel.png\"><\/div>\n<div class=\"csColumn\" style=\"margin: 0px; padding: 0px; float: left; width: 49.3%;\" data-csstartpoint=\"507\" data-csendpoint=\"1000\" data-cswidth=\"49.3%\" data-csid=\"56e6cac6-63f3-6945-9ddf-f20a5ec7912c\">\n<h1><span style=\"color: #5e2f24; line-height: 35px;\">SOIN ANTI-TACHES \u00e9CLAIRCISSANT<\/span><\/h1>\n<p><span style=\"color: #5e2f24;\">Gamme CLARIFAC<\/span><br \/>\nTube 40ml<\/p>\n<p><br \/>\nCr\u00e8me \u00e9claircissante unifiante SPF30. R\u00e9duit la production de m\u00e9lanine et \u00e9claircit le teint gr\u00e2ce \u00e0 son complexe v\u00e9g\u00e9tal.<\/p>\n<ul id=\"ulprd\">\n<li><img class=\"logo-prd\" src=\"\/wp-content\/uploads\/2018\/09\/ESTOMPE.png\" alt=\"ESTOMPE\" width=\"50\"><br \/>\nESTOMPE<\/li>\n<li><img class=\"logo-prd\" src=\"\/wp-content\/uploads\/2018\/09\/Unifie.png\" alt=\"Unifie\" width=\"50\"><br \/>\nUNIFIE<\/li>\n<li><img class=\"logo-prd\" src=\"\/wp-content\/uploads\/2018\/09\/Hydrate.png\" alt=\"Hydrate\" width=\"50\"><br \/>\nHYDRATE<\/li>\n<li><img class=\"logo-prd\" src=\"\/wp-content\/uploads\/2018\/09\/Protege-des-UV.png\" alt=\"Prot\u00e8ge des UV\" width=\"50\"><br \/>\nSPF 30<\/li>\n<\/ul>\n<ul id=\"ulprd-link\">\n<li><p class=\"product woocommerce add_to_cart_inline \" style=\"border:4px solid #ccc; padding: 12px;\"><span class=\"woocommerce-Price-amount amount\"><bdi>13,90&nbsp;<span class=\"woocommerce-Price-currencySymbol\">&euro;<\/span><\/bdi><\/span><a href=\"?add-to-cart=14935\" data-quantity=\"1\" class=\"button product_type_simple add_to_cart_button ajax_add_to_cart\" data-product_id=\"14935\" data-product_sku=\"\" aria-label=\"Ajouter &ldquo;Clarifac - Troubles de la Pigmentation&rdquo; \u00e0 votre panier\" rel=\"nofollow\">Ajouter au panier<\/a><\/p><\/li>\n<li>&nbsp;<\/li>\n<li><a href=\"\/pres-de-chez-vous\/\"><img class=\"img2\" src=\"\/wp-content\/uploads\/2018\/06\/logo-map-e1530138886120.png\" alt=\"loc\">Trouver un point de vente<\/a><\/li>\n<\/ul>\n<ul id=\"ulprd-link\">\n<li class=\"infotri\"><span class=\"spantri\">D\u00e9couvrez nos consignes de tri<\/span><br \/>\n<img class=\"imgtri\" src=\"https:\/\/hyfac.fr\/wp-content\/uploads\/2020\/12\/CLARIFAC.png\"><\/li>\n<\/ul>\n<\/div>\n<div style=\"clear: both; float: none; display: block; visibility: hidden; width: 0px; font-size: 0px; line-height: 0;\">&nbsp;<\/div>\n<\/div>\n<\/div>\n<div id=\"descript-prd\">Le soin anti-taches CLARIFAC \u00e9claircit, <strong>unifie<\/strong> et redonne \u00e0 la peau son \u00e9clat naturel. Ses <strong>actifs v\u00e9g\u00e9taux<\/strong> agissent au c\u0153ur de la peau pour r\u00e9guler la fabrication de la m\u00e9lanine, responsable des troubles de la pigmentation. Associ\u00e9 \u00e0 une <strong>protection solaire SPF30<\/strong>, le soin \u00e9claircissant CLARIFAC favorise la disparition des taches brunes (lentigo, m\u00e9lasma, cicatrices) pour unifier et illuminer le teint. En quelques semaines, les taches sont visiblement r\u00e9duites en taille et en intensit\u00e9 jusqu\u2019\u00e0 75%*.<\/div>\n<div id=\"menu-prdnew\">\n<ul>\n<li><a id=\"lienmenuconseil\" href=\"#prd\">CONSEILS D&#8217;UTILISATION<\/a><\/li>\n<li><a id=\"lienmenuactifs\" href=\"#conseil-prd\">ACTIFS<\/a><\/li>\n<li><a id=\"lienmenucmplt\" href=\"#actifs-prd\">PRODUITS COMPLEMENTAIRES<\/a><\/li>\n<li><a id=\"lienmenusavoir\" href=\"#cmplt-prd\">EN SAVOIR PLUS<\/a><\/li>\n<li><a id=\"lienmenucompo\" href=\"#savoir-prd\">COMPOSITION<\/a><\/li>\n<\/ul>\n<\/div>\n<div id=\"conseil-prd\">\n<div class=\"csRow\">\n<div class=\"csColumn\" style=\"margin: 0px; padding: 0px; float: left; width: 70.8%;\" data-csstartpoint=\"0\" data-csendpoint=\"680\" data-cswidth=\"70.8%\" data-csid=\"7ce9a14c-d45b-a3f2-987b-63fd249cc312\">\n<p><span style=\"color: #5e2f24;\">COMMENT UTILISER LE SOIN ANTI-TACHES ECLAIRCISSANT CLARIFAC ?<\/span><\/p>\n<p>Appliquer le soin anti-taches CLARIFAC sur le visage et le cou pr\u00e9alablement nettoy\u00e9s et s\u00e9ch\u00e9s. Utiliser 2 fois par jour, id\u00e9alement le matin et le midi en \u00e9vitant le contour des yeux.<\/p>\n<p>La cr\u00e8me \u00e9claircissante CLARIFAC contient un complexe v\u00e9g\u00e9tal agissant au coeur des taches pour les r\u00e9duire en taille et en intensit\u00e9. Son SPF 30 prot\u00e8ge la peau des rayons UV et pr\u00e9vient l\u2019apparition de nouvelles taches pigment\u00e9es.<\/p>\n<\/div>\n<div class=\"csColumnGap\" style=\"margin: 0px; padding: 0px; float: left; width: 1.56%;\"><img style=\"border: none;\" src=\"https:\/\/hyfac.fr\/wp-content\/plugins\/advanced-wp-columns\/assets\/js\/plugins\/views\/img\/1x1-pixel.png\"><\/div>\n<div class=\"csColumn\" style=\"margin: 0px; padding: 0px; float: left; width: 27.6%;\" data-csstartpoint=\"695\" data-csendpoint=\"960\" data-cswidth=\"27.6%\" data-csid=\"2de6301b-fc0e-6c4c-b16e-671973f34d15\">\n<p><img loading=\"lazy\" class=\"aligncenter wp-image-5140\" src=\"https:\/\/hyfac.fr\/wp-content\/uploads\/2018\/07\/conseil-250x250.png\" alt=\"\" width=\"180\" height=\"181\" srcset=\"https:\/\/hyfac.fr\/wp-content\/uploads\/2018\/07\/conseil-250x250.png 250w, https:\/\/hyfac.fr\/wp-content\/uploads\/2018\/07\/conseil-298x300.png 298w, https:\/\/hyfac.fr\/wp-content\/uploads\/2018\/07\/conseil.png 308w\" sizes=\"(max-width: 180px) 100vw, 180px\" \/><\/p>\n<\/div>\n<div style=\"clear: both; float: none; display: block; visibility: hidden; width: 0px; font-size: 0px; line-height: 0;\">&nbsp;<\/div>\n<\/div>\n<\/div>\n<div id=\"actifs-prd\">\n<div class=\"h2prd\">\n<h2><span style=\"color: #5e2f24;\">ACTIFS PRINCIPAUX<\/span><\/h2>\n<\/div>\n<p><span style=\"color: #5e2f24;\">Dictyopt\u00e9ris membranacea<\/span><br \/>\nR\u00e9duit la production de m\u00e9lanine et \u00e9claircit le teint.<br \/>\nLa dictyopt\u00e9ris membranacea est une algue marine qui agit sur les 3 \u00e9tapes cl\u00e9s du m\u00e9canismes de pigmentation de la peau : la m\u00e9lanog\u00e9n\u00e8se.<\/p>\n<ol>\n<li>Inhibition de la m\u00e9lanog\u00e9n\u00e8se : Inhibe la lib\u00e9ration d\u2019endoth\u00e9line.<\/li>\n<li>Synth\u00e8se de la m\u00e9lanine : Inhibe les 2 g\u00e8nes impliqu\u00e9es dans la maturation des m\u00e9lanosomes.<\/li>\n<li>Migration puis transfert de la m\u00e9lanine : Inhibe les g\u00e8nes impliqu\u00e9s dans le transport de la m\u00e9lanine.<\/li>\n<\/ol>\n<\/div>\n<div id=\"cmplt-prd\">\n<div class=\"h2prd\">\n<h2><span style=\"color: #5e2f24;\">PRODUITS COMPLEMENTAIRES<\/span><\/h2>\n<\/div>\n<style type=\"text\/css\">#soliloquy-container-5442 .soliloquy-prev{left: -60px;background-color:#5E2F24;}#soliloquy-container-5442 .soliloquy-next{right: -60px;background-color:#5E2F24;}#soliloquy-container-5442 .soliloquy-image{background: #f3f3f3;border: 1px solid #ddd;padding:3px;}#soliloquy-container-5442 .soliloquy-viewport{height: 260px !important;}#soliloquy-container-5442 .soliloquy-caption-bottom{position: relative;}#soliloquy-container-5442 .soliloquy-caption-inside{color:#CEBFB6; text-shadow:none;background:none;}@media only screen and (max-width: 1000px){#soliloquy-container-5442 .soliloquy-prev{left: 0px;}#soliloquy-container-5442 .soliloquy-next{right: 0px;}#soliloquy-container-5442 .soliloquy-viewport{height: 200px;}}<\/style><div class=\"soliloquy-outer-container soliloquy-carousel\" data-soliloquy-loaded=\"0\"><div aria-live=\"polite\" id=\"soliloquy-container-5442\" class=\"soliloquy-container soliloquy-transition-horizontal soliloquy-slide-horizontal soliloquy-arrows-active Produits-complmentaires-Hyfac soliloquy-theme-base\" style=\"max-width:960px;max-height:300px;margin:0 auto 20px;\"><ul id=\"soliloquy-5442\" class=\"soliloquy-slider soliloquy-slides soliloquy-wrap soliloquy-clear\"><li aria-hidden=\"true\" class=\"soliloquy-item soliloquy-item-1 soliloquy-id-5598 soliloquy-image-slide\" draggable=\"false\" style=\"list-style:none;\"><a href=\"https:\/\/hyfac.fr\/nos-gammes\/hydrafac\/creme-legere\/\" class=\"soliloquy-link\" title=\"HYDRAFAC cr\u00e8me hydratante l\u00e9g\u00e8re peaux normales mixtes\"><img id=\"soliloquy-image-5598\" class=\"soliloquy-image soliloquy-image-1\" src=\"https:\/\/hyfac.fr\/wp-content\/uploads\/2018\/09\/Diapositive24-2-200x200_c.jpeg\" alt=\"HYDRAFAC cr\u00e8me hydratante l\u00e9g\u00e8re peaux normales mixtes\" \/><\/a><div class=\"soliloquy-caption soliloquy-caption-bottom\"><div class=\"soliloquy-caption-inside\"><p>Cr\u00e8me l\u00e9g\u00e8re<\/p><br \/>\n<p style=\"font-size:13px\">Cr\u00e8me hydratante pour peaux normales \u00e0 mixtes<\/p><\/div><\/div><\/li><li aria-hidden=\"true\" class=\"soliloquy-item soliloquy-item-2 soliloquy-id-5600 soliloquy-image-slide\" draggable=\"false\" style=\"list-style:none;\"><a href=\"https:\/\/hyfac.fr\/nos-gammes\/hydrafac\/creme-riche\/\" class=\"soliloquy-link\" title=\"HYDRAFAC cr\u00e8me hydratante riche peau s\u00e8che\"><img id=\"soliloquy-image-5600\" class=\"soliloquy-image soliloquy-image-2\" src=\"https:\/\/hyfac.fr\/wp-content\/uploads\/2018\/09\/Diapositive26-3-200x200_c.jpeg\" alt=\"HYDRAFAC cr\u00e8me hydratante riche peau s\u00e8che\" \/><\/a><div class=\"soliloquy-caption soliloquy-caption-bottom\"><div class=\"soliloquy-caption-inside\"><p>Cr\u00e8me riche<\/p><br \/>\n<p style=\"font-size:13px\">Cr\u00e8me hydratante pour peaux s\u00e8ches<\/p><\/div><\/div><\/li><li aria-hidden=\"true\" class=\"soliloquy-item soliloquy-item-3 soliloquy-id-5601 soliloquy-image-slide\" draggable=\"false\" style=\"list-style:none;\"><a href=\"https:\/\/hyfac.fr\/nos-gammes\/hydrafac\/baume-levres\/\" class=\"soliloquy-link\" title=\"HYDRAFAC Baume l\u00e8vres nourissant hydratant\"><img id=\"soliloquy-image-5601\" class=\"soliloquy-image soliloquy-image-3\" src=\"https:\/\/hyfac.fr\/wp-content\/uploads\/2018\/09\/Diapositive28-1-200x200_c.jpeg\" alt=\"HYDRAFAC Baume l\u00e8vres nourissant hydratant\" \/><\/a><div class=\"soliloquy-caption soliloquy-caption-bottom\"><div class=\"soliloquy-caption-inside\"><p>Baume l\u00e8vres<\/p><br \/>\n<p style=\"font-size:13px\">Nourrit et hydrate<\/p><\/div><\/div><\/li><li aria-hidden=\"true\" class=\"soliloquy-item soliloquy-item-4 soliloquy-id-5595 soliloquy-image-slide\" draggable=\"false\" style=\"list-style:none;\"><a href=\"https:\/\/hyfac.fr\/nos-gammes\/hyfac-woman\/soin-global\/\" class=\"soliloquy-link\" title=\"HYFAC WOMAN soin global anti imperfection femme acn\u00e9\"><img id=\"soliloquy-image-5595\" class=\"soliloquy-image soliloquy-image-4\" src=\"https:\/\/hyfac.fr\/wp-content\/uploads\/2018\/09\/Diapositive15-1-200x200_c.jpeg\" alt=\"HYFAC WOMAN soin global anti imperfection femme acn\u00e9\" \/><\/a><div class=\"soliloquy-caption soliloquy-caption-bottom\"><div class=\"soliloquy-caption-inside\"><p>Soin global<\/p><br \/>\n<p style=\"font-size:13px\">R\u00e9duit les imperfections et hydrate<\/p><\/div><\/div><\/li><li aria-hidden=\"true\" class=\"soliloquy-item soliloquy-item-5 soliloquy-id-5596 soliloquy-image-slide\" draggable=\"false\" style=\"list-style:none;\"><a href=\"https:\/\/hyfac.fr\/nos-gammes\/hyfac-woman\/gommage-douceur\/\" class=\"soliloquy-link\" title=\"HYFAC WOMAN gommage douceur d\u00e9sincruste\"><img id=\"soliloquy-image-5596\" class=\"soliloquy-image soliloquy-image-5\" src=\"https:\/\/hyfac.fr\/wp-content\/uploads\/2018\/09\/Diapositive17-200x200_c.jpeg\" alt=\"HYFAC WOMAN gommage douceur d\u00e9sincruste\" \/><\/a><div class=\"soliloquy-caption soliloquy-caption-bottom\"><div class=\"soliloquy-caption-inside\"><p>Gommage douceur<\/p><br \/>\n<p style=\"font-size:13px\">D\u00e9sincruste et redonne de l'\u00e9clat<\/p><\/div><\/div><\/li><li aria-hidden=\"true\" class=\"soliloquy-item soliloquy-item-6 soliloquy-id-5597 soliloquy-image-slide\" draggable=\"false\" style=\"list-style:none;\"><a href=\"https:\/\/hyfac.fr\/nos-gammes\/hyfac-woman\/eau-micellaire\/\" class=\"soliloquy-link\" title=\"HYFAC WOMAN Eau micellaire nettoie d\u00e9maquille\"><img id=\"soliloquy-image-5597\" class=\"soliloquy-image soliloquy-image-6\" src=\"https:\/\/hyfac.fr\/wp-content\/uploads\/2018\/09\/Diapositive19-1-200x200_c.jpeg\" alt=\"HYFAC WOMAN Eau micellaire nettoie d\u00e9maquille\" \/><\/a><div class=\"soliloquy-caption soliloquy-caption-bottom\"><div class=\"soliloquy-caption-inside\"><p>Eau micellaire<\/p><br \/>\n<p style=\"font-size:13px\">Nettoie et d\u00e9maquille<\/p><\/div><\/div><\/li><li aria-hidden=\"true\" class=\"soliloquy-item soliloquy-item-7 soliloquy-id-15334 soliloquy-image-slide\" draggable=\"false\" style=\"list-style:none;\"><a href=\"https:\/\/hyfac.fr\/nos-gammes\/hyfac-woman\/active-mask\/\" class=\"soliloquy-link\" title=\"HYFAC WOMAN Active Mask traitement acn\u00e9 femme\"><img id=\"soliloquy-image-15334\" class=\"soliloquy-image soliloquy-image-7\" src=\"https:\/\/hyfac.fr\/wp-content\/uploads\/2022\/02\/Sans-titre-61-200x200_c.jpeg\" alt=\"HYFAC WOMAN Active Mask traitement acn\u00e9 femme\" \/><\/a><div class=\"soliloquy-caption soliloquy-caption-bottom\"><div class=\"soliloquy-caption-inside\"><p>Active Mask<\/p><br \/>\n<p style=\"font-size:13px\">Traitement de l'acn\u00e9 de la femme adulte<\/p><\/div><\/div><\/li><\/ul><\/div><noscript><style type=\"text\/css\" scoped>#soliloquy-container-5442{opacity:1}#soliloquy-container-5442 li > .soliloquy-caption{display:none}#soliloquy-container-5442 li:first-child > .soliloquy-caption{display:block}<\/style><div class=\"soliloquy-no-js\" style=\"display:none;visibility:hidden;height:0;line-height:0;opacity:0;\"><img class=\"soliloquy-image soliloquy-no-js-image\" src=\"https:\/\/hyfac.fr\/wp-content\/uploads\/2018\/09\/Diapositive24-2.jpeg\" alt=\"HYDRAFAC cr\u00e8me hydratante l\u00e9g\u00e8re peaux normales mixtes\" \/><img class=\"soliloquy-image soliloquy-no-js-image\" src=\"https:\/\/hyfac.fr\/wp-content\/uploads\/2018\/09\/Diapositive26-3.jpeg\" alt=\"HYDRAFAC cr\u00e8me hydratante riche peau s\u00e8che\" \/><img class=\"soliloquy-image soliloquy-no-js-image\" src=\"https:\/\/hyfac.fr\/wp-content\/uploads\/2018\/09\/Diapositive28-1.jpeg\" alt=\"HYDRAFAC Baume l\u00e8vres nourissant hydratant\" \/><img class=\"soliloquy-image soliloquy-no-js-image\" src=\"https:\/\/hyfac.fr\/wp-content\/uploads\/2018\/09\/Diapositive15-1.jpeg\" alt=\"HYFAC WOMAN soin global anti imperfection femme acn\u00e9\" \/><img class=\"soliloquy-image soliloquy-no-js-image\" src=\"https:\/\/hyfac.fr\/wp-content\/uploads\/2018\/09\/Diapositive17.jpeg\" alt=\"HYFAC WOMAN gommage douceur d\u00e9sincruste\" \/><img class=\"soliloquy-image soliloquy-no-js-image\" src=\"https:\/\/hyfac.fr\/wp-content\/uploads\/2018\/09\/Diapositive19-1.jpeg\" alt=\"HYFAC WOMAN Eau micellaire nettoie d\u00e9maquille\" \/><img class=\"soliloquy-image soliloquy-no-js-image\" src=\"https:\/\/hyfac.fr\/wp-content\/uploads\/2022\/02\/Sans-titre-61.jpeg\" alt=\"HYFAC WOMAN Active Mask traitement acn\u00e9 femme\" \/><\/div><\/noscript><\/div>\n<\/div>\n<div id=\"savoir-prd\">\n<div class=\"h2prd\">\n<h2><span style=\"color: #5e2f24;\">EN SAVOIR PLUS<\/span><\/h2>\n<\/div>\n<div class=\"csRow\">\n<div class=\"csColumn\" style=\"margin: 0px; padding: 0px; float: left; width: 38.6%;\" data-csstartpoint=\"0\" data-csendpoint=\"370.5\" data-cswidth=\"38.6%\" data-csid=\"beb42ad8-6bfd-a029-8282-bd93ae120b4d\"><a href=\"\/sos-dermato\/4328-hyperpigmentation-taches-cutanees\/\" target=\"_blank\" rel=\"noopener\"><img loading=\"lazy\" class=\"aligncenter wp-image-4348 size-thumbnail\" src=\"https:\/\/hyfac.fr\/wp-content\/uploads\/2018\/03\/banniere_carree_site_hyfac_intro_themes8-250x250.jpg\" alt=\"L'hyper-pigmentation\" width=\"250\" height=\"250\" srcset=\"https:\/\/hyfac.fr\/wp-content\/uploads\/2018\/03\/banniere_carree_site_hyfac_intro_themes8-250x250.jpg 250w, https:\/\/hyfac.fr\/wp-content\/uploads\/2018\/03\/banniere_carree_site_hyfac_intro_themes8-300x300.jpg 300w, https:\/\/hyfac.fr\/wp-content\/uploads\/2018\/03\/banniere_carree_site_hyfac_intro_themes8.jpg 543w\" sizes=\"(max-width: 250px) 100vw, 250px\" \/><\/a><\/div>\n<div class=\"csColumnGap\" style=\"margin: 0px; padding: 0px; float: left; width: 1.56%;\"><img style=\"border: none;\" src=\"https:\/\/hyfac.fr\/wp-content\/plugins\/advanced-wp-columns\/assets\/js\/plugins\/views\/img\/1x1-pixel.png\"><\/div>\n<div class=\"csColumn\" style=\"margin: 0px; padding: 0px; float: left; width: 59.8%;\" data-csstartpoint=\"385.5\" data-csendpoint=\"960\" data-cswidth=\"59.8%\" data-csid=\"56e6cac6-63f3-6945-9ddf-f20a5ec7912c\"><span style=\"color: #5e2f24;\">A qui s\u2019adresse Clarifac ?<\/span><br \/>\nLe soin anti-taches CLARIFAC est recommand\u00e9 pour les peaux pr\u00e9sentant des taches brunes. Ces taches, pr\u00e9sentes essentiellement sur les parties d\u00e9couvertes du corps (visage, d\u00e9collet\u00e9, mains), sont provoqu\u00e9es ou accentu\u00e9es par le soleil.<br \/>\nLes plus fr\u00e9quentes sont les Lentigo solaires. Ce sont de petites taches brunes fonc\u00e9es plus fr\u00e9quentes sur les r\u00e9gions expos\u00e9es au soleil. Ces taches de soleil sont la cible privil\u00e9gi\u00e9e de CLARIFAC.<br \/>\nLes hyperpigmentations post\u2013inflammatoires sont \u00e9galement la cible de CLARIFAC. Il s\u2019agit des taches brunes cons\u00e9quences d\u2019une inflammation cutan\u00e9e : elles peuvent survenir apr\u00e8s une infection de la peau, une allergie cutan\u00e9e, une r\u00e9action au soleil, ou une blessure de la peau expos\u00e9e au soleil. Les boutons d\u2019acn\u00e9 peuvent eux aussi laisser des cicatrices d\u2019acn\u00e9 sous forme de taches brunes.<br \/>\nLe m\u00e9lasma est une forme de pigmentation difficile \u00e0 faire dispara\u00eetre. Il appara\u00eet principalement durant la grossesse ou lors d\u2019un traitement hormonal (pilule) associ\u00e9 au soleil. Ce sont des taches brunes aux bords irr\u00e9guliers, brun clair \u00e0 brun tr\u00e8s fonc\u00e9. Il est g\u00e9n\u00e9ralement localis\u00e9 sur le front, les joues et parfois la l\u00e8vre sup\u00e9rieure, de fa\u00e7on sym\u00e9trique. Seul le pigment pr\u00e9sent dans l\u2019\u00e9piderme pourra \u00eatre att\u00e9nu\u00e9 par l\u2019utilisation de CLARIFAC. Aucune cr\u00e8me cosm\u00e9tique ne peut faire dispara\u00eetre le pigment situ\u00e9 dans le derme.&nbsp;<\/p>\n<div id=\"savoirplus\"><a href=\"\/sos-dermato\/4328-hyperpigmentation-taches-cutanees\/\">En savoir plus sur l\u2019hyper-pigmentation<\/a><\/div>\n<\/div>\n<div style=\"clear: both; float: none; display: block; visibility: hidden; width: 0px; font-size: 0px; line-height: 0;\">&nbsp;<\/div>\n<\/div>\n<\/div>\n<div id=\"compo-prd\">\n<div class=\"h2prd\">\n<h2><span style=\"color: #5e2f24;\">COMPOSITIONS <span style=\"font-size: 14pt;\">\/<\/span> INGREDIENTS<\/span><\/h2>\n<\/div>\n<p><span style=\"color: #cebfb6;\">INCI : AQUA (WATER) \/ EAU, OCTOCRYLENE, DICAPRYLYL CARBONATE, GLYCERIN, METHYLENE BIS-BENZOTRIAZOLYL TETRAMETHYLBUTYLPHENOL [NANO], CYCLOPENTASILOXANE, PENTYLENE GLYCOL, BIS-ETHYLHEXYLOXYPHENOL METHOXYPHENYL TRIAZINE, OLEYL ERUCATE, CETEARYL ALCOHOL, CI 77891 (TITANIUM DIOXIDE), COCO-GLUCOSIDE, MARIS AQUA (SEA WATER) \/ EAU DE MER, ISOPROPYL ISOSTEARATE, DECYL GLUCOSIDE, PARFUM (FRAGRANCE), DIPHENYL DIMETHICONE, HYDROXYETHYL ACRYLATE\/SODIUM ACRYLOYLDIMETHYL TAURATE COPOLYMER, TOCOPHERYL ACETATE, BUTYROSPERMUM PARKII (SHEA) BUTTER, SQUALANE, XANTHAN GUM, DIMETHICONE, TETRASODIUM GLUTAMATE DIACETATE, SODIUM BENZOATE, STEARIC ACID, CITRIC ACID, SILICA, o-CYMEN-5-OL, POLYHYDROXYSTEARIC ACID, POLYSORBATE 60, ALUMINA, ASCORBYL TETRAISOPALMITATE, ALGAE EXTRACT, PROPYLENE GLYCOL, LILIUM CANDIDUM FLOWER EXTRACT, SORBITAN ISOSTEARATE, PRUNUS CERASUS (BITTER CHERRY) FLOWER EXTRACT, TOCOPHEROL, POTASSIUM SORBATE.<\/span><\/p>\n<\/div>\n","protected":false},"excerpt":{"rendered":"<p>Estompe les taches pigment\u00e9es, donne de l\u2019\u00e9clat.<\/p>\n","protected":false},"author":1,"featured_media":2824,"parent":22,"menu_order":5,"comment_status":"closed","ping_status":"closed","template":"page\/page-template-newprdclarifac.php","meta":{"_mi_skip_tracking":false,"spay_email":""},"_links":{"self":[{"href":"https:\/\/hyfac.fr\/fr_fr\/wp-json\/wp\/v2\/pages\/2823"}],"collection":[{"href":"https:\/\/hyfac.fr\/fr_fr\/wp-json\/wp\/v2\/pages"}],"about":[{"href":"https:\/\/hyfac.fr\/fr_fr\/wp-json\/wp\/v2\/types\/page"}],"author":[{"embeddable":true,"href":"https:\/\/hyfac.fr\/fr_fr\/wp-json\/wp\/v2\/users\/1"}],"replies":[{"embeddable":true,"href":"https:\/\/hyfac.fr\/fr_fr\/wp-json\/wp\/v2\/comments?post=2823"}],"version-history":[{"count":37,"href":"https:\/\/hyfac.fr\/fr_fr\/wp-json\/wp\/v2\/pages\/2823\/revisions"}],"predecessor-version":[{"id":15032,"href":"https:\/\/hyfac.fr\/fr_fr\/wp-json\/wp\/v2\/pages\/2823\/revisions\/15032"}],"up":[{"embeddable":true,"href":"https:\/\/hyfac.fr\/fr_fr\/wp-json\/wp\/v2\/pages\/22"}],"wp:featuredmedia":[{"embeddable":true,"href":"https:\/\/hyfac.fr\/fr_fr\/wp-json\/wp\/v2\/media\/2824"}],"wp:attachment":[{"href":"https:\/\/hyfac.fr\/fr_fr\/wp-json\/wp\/v2\/media?parent=2823"}],"curies":[{"name":"wp","href":"https:\/\/api.w.org\/{rel}","templated":true}]}}