{"id":4907,"date":"2018-06-26T12:45:16","date_gmt":"2018-06-26T10:45:16","guid":{"rendered":"https:\/\/hyfac.fr\/?page_id=4907"},"modified":"2018-06-26T13:03:17","modified_gmt":"2018-06-26T11:03:17","slug":"plan-du-site","status":"publish","type":"page","link":"https:\/\/hyfac.fr\/fr_fr\/plan-du-site\/","title":{"rendered":"Plan du site"},"content":{"rendered":"<p><strong><div class=\"wsp-container\"><h2 class=\"wsp-pages-title\">Pages<\/h2>\n<ul class=\"wsp-pages-list\">\n<li class=\"page_item page-item-2\"><a href=\"https:\/\/hyfac.fr\/fr_fr\/\">Accueil<\/a><\/li>\n<li class=\"page_item page-item-14911\"><a href=\"https:\/\/hyfac.fr\/fr_fr\/boutique\/\">Boutique<\/a><\/li>\n<li class=\"page_item page-item-14998\"><a href=\"https:\/\/hyfac.fr\/fr_fr\/cgv\/\">CGV<\/a><\/li>\n<li class=\"page_item page-item-14914\"><a href=\"https:\/\/hyfac.fr\/fr_fr\/mon-compte\/\">Mon compte<\/a><\/li>\n<li class=\"page_item page-item-14912\"><a href=\"https:\/\/hyfac.fr\/fr_fr\/panier\/\">Panier<\/a><\/li>\n<li class=\"page_item page-item-14913\"><a href=\"https:\/\/hyfac.fr\/fr_fr\/commander\/\">Validation de la commande<\/a><\/li>\n<li class=\"page_item page-item-22 page_item_has_children\"><a href=\"https:\/\/hyfac.fr\/fr_fr\/nos-gammes\/\">Nos Gammes<\/a>\n<ul class='children'>\n\t<li class=\"page_item page-item-54 page_item_has_children\"><a href=\"https:\/\/hyfac.fr\/fr_fr\/nos-gammes\/hyfac-classique\/\">HYFAC ORIGINAL &#8211; Peaux jeunes \u00e0 imperfections<\/a>\n\t<ul class='children'>\n\t\t<li class=\"page_item page-item-1396\"><a href=\"https:\/\/hyfac.fr\/fr_fr\/nos-gammes\/hyfac-classique\/gel-nettoyant-purifiant\/\">Gel nettoyant purifiant<\/a><\/li>\n\t\t<li class=\"page_item page-item-1415\"><a href=\"https:\/\/hyfac.fr\/fr_fr\/nos-gammes\/hyfac-classique\/mousse-nettoyante-exfoliante\/\">Mousse nettoyante exfoliante<\/a><\/li>\n\t\t<li class=\"page_item page-item-1416\"><a href=\"https:\/\/hyfac.fr\/fr_fr\/nos-gammes\/hyfac-classique\/pain-nettoyant-purifiant\/\">Pain nettoyant purifiant<\/a><\/li>\n\t\t<li class=\"page_item page-item-1419\"><a href=\"https:\/\/hyfac.fr\/fr_fr\/nos-gammes\/hyfac-classique\/soin-global\/\">Soin global<\/a><\/li>\n\t\t<li class=\"page_item page-item-1422\"><a href=\"https:\/\/hyfac.fr\/fr_fr\/nos-gammes\/hyfac-classique\/patchs-anti-imperfections\/\">Patchs anti-imperfections<\/a><\/li>\n\t<\/ul>\n<\/li>\n\t<li class=\"page_item page-item-47 page_item_has_children\"><a href=\"https:\/\/hyfac.fr\/fr_fr\/nos-gammes\/hyfac-woman\/\">HYFAC WOMAN &#8211; Peaux adultes \u00e0 imperfections<\/a>\n\t<ul class='children'>\n\t\t<li class=\"page_item page-item-1433\"><a href=\"https:\/\/hyfac.fr\/fr_fr\/nos-gammes\/hyfac-woman\/eau-micellaire\/\">Eau micellaire<\/a><\/li>\n\t\t<li class=\"page_item page-item-2606\"><a href=\"https:\/\/hyfac.fr\/fr_fr\/nos-gammes\/hyfac-woman\/active-mask\/\">Active Mask<\/a><\/li>\n\t\t<li class=\"page_item page-item-1432\"><a href=\"https:\/\/hyfac.fr\/fr_fr\/nos-gammes\/hyfac-woman\/soin-global\/\">Soin global<\/a><\/li>\n\t<\/ul>\n<\/li>\n\t<li class=\"page_item page-item-56 page_item_has_children\"><a href=\"https:\/\/hyfac.fr\/fr_fr\/nos-gammes\/hydrafac\/\">HYDRAFAC &#8211; Hydratation quotidienne<\/a>\n\t<ul class='children'>\n\t\t<li class=\"page_item page-item-2441\"><a href=\"https:\/\/hyfac.fr\/fr_fr\/nos-gammes\/hydrafac\/creme-legere\/\">Cr\u00e8me l\u00e9g\u00e8re<\/a><\/li>\n\t<\/ul>\n<\/li>\n\t<li class=\"page_item page-item-2592 page_item_has_children\"><a href=\"https:\/\/hyfac.fr\/fr_fr\/nos-gammes\/hyfac-sun\/\">HYFAC SUN &#8211; Protection solaire<\/a>\n\t<ul class='children'>\n\t\t<li class=\"page_item page-item-2596\"><a href=\"https:\/\/hyfac.fr\/fr_fr\/nos-gammes\/hyfac-sun\/protection-solaire-invisible\/\">Protection solaire invisible<\/a><\/li>\n\t\t<li class=\"page_item page-item-2597\"><a href=\"https:\/\/hyfac.fr\/fr_fr\/nos-gammes\/hyfac-sun\/protection-solaire-teintee\/\">Protection solaire teint\u00e9e<\/a><\/li>\n\t<\/ul>\n<\/li>\n\t<li class=\"page_item page-item-2599\"><a href=\"https:\/\/hyfac.fr\/fr_fr\/nos-gammes\/fotoker-creme-dermatologique\/\">FOTOKER &#8211; Pr\u00e9vention et r\u00e9paration des dommages caus\u00e9s par le soleil<\/a><\/li>\n\t<li class=\"page_item page-item-2823\"><a href=\"https:\/\/hyfac.fr\/fr_fr\/nos-gammes\/clarifac-soin-anti-taches\/\">CLARIFAC &#8211; Troubles de la pigmentation<\/a><\/li>\n<\/ul>\n<\/li>\n<li class=\"page_item page-item-4319\"><a href=\"https:\/\/hyfac.fr\/fr_fr\/sos-dermato\/\">SOS Dermato<\/a><\/li>\n<li class=\"page_item page-item-15\"><a href=\"https:\/\/hyfac.fr\/fr_fr\/evenements\/\">\u00c9v\u00e9nements<\/a><\/li>\n<li class=\"page_item page-item-24\"><a href=\"https:\/\/hyfac.fr\/fr_fr\/le-laboratoire\/\">Le laboratoire<\/a><\/li>\n<li class=\"page_item page-item-74\"><a href=\"https:\/\/hyfac.fr\/fr_fr\/pres-de-chez-vous\/\">Pr\u00e8s de chez vous<\/a><\/li>\n<li class=\"page_item page-item-72\"><a href=\"https:\/\/hyfac.fr\/fr_fr\/sur-internet\/\">Sur internet<\/a><\/li>\n<li class=\"page_item page-item-20\"><a href=\"https:\/\/hyfac.fr\/fr_fr\/informations\/\">Contact<\/a><\/li>\n<li class=\"page_item page-item-4307\"><a href=\"https:\/\/hyfac.fr\/fr_fr\/vie-privee-mentions-legales\/\">Vie priv\u00e9e et mentions l\u00e9gales<\/a><\/li>\n<li class=\"page_item page-item-4907\"><a href=\"https:\/\/hyfac.fr\/fr_fr\/plan-du-site\/\">Plan du site<\/a><\/li>\n<\/ul>\n<\/div><\/strong><\/p>\n","protected":false},"excerpt":{"rendered":"","protected":false},"author":1,"featured_media":0,"parent":0,"menu_order":10,"comment_status":"closed","ping_status":"closed","template":"","meta":{"_mi_skip_tracking":false,"spay_email":""},"_links":{"self":[{"href":"https:\/\/hyfac.fr\/fr_fr\/wp-json\/wp\/v2\/pages\/4907"}],"collection":[{"href":"https:\/\/hyfac.fr\/fr_fr\/wp-json\/wp\/v2\/pages"}],"about":[{"href":"https:\/\/hyfac.fr\/fr_fr\/wp-json\/wp\/v2\/types\/page"}],"author":[{"embeddable":true,"href":"https:\/\/hyfac.fr\/fr_fr\/wp-json\/wp\/v2\/users\/1"}],"replies":[{"embeddable":true,"href":"https:\/\/hyfac.fr\/fr_fr\/wp-json\/wp\/v2\/comments?post=4907"}],"version-history":[{"count":6,"href":"https:\/\/hyfac.fr\/fr_fr\/wp-json\/wp\/v2\/pages\/4907\/revisions"}],"predecessor-version":[{"id":4913,"href":"https:\/\/hyfac.fr\/fr_fr\/wp-json\/wp\/v2\/pages\/4907\/revisions\/4913"}],"wp:attachment":[{"href":"https:\/\/hyfac.fr\/fr_fr\/wp-json\/wp\/v2\/media?parent=4907"}],"curies":[{"name":"wp","href":"https:\/\/api.w.org\/{rel}","templated":true}]}}