{"id":56,"date":"2016-04-26T06:05:09","date_gmt":"2016-04-26T04:05:09","guid":{"rendered":"http:\/\/hyfac.fr\/?page_id=56"},"modified":"2018-06-20T11:48:03","modified_gmt":"2018-06-20T09:48:03","slug":"hydrafac","status":"publish","type":"page","link":"https:\/\/hyfac.fr\/fr_fr\/nos-gammes\/hydrafac\/","title":{"rendered":"HYDRAFAC &#8211; Hydratation quotidienne"},"content":{"rendered":"<p><img loading=\"lazy\" class=\"alignleft wp-image-2463\" src=\"http:\/\/hyfac.fr\/wp-content\/uploads\/2018\/02\/logo_hyfac_hydrafac.png\" alt=\"logo hydrafac\" width=\"260\" height=\"220\" srcset=\"https:\/\/hyfac.fr\/wp-content\/uploads\/2018\/02\/logo_hyfac_hydrafac.png 1674w, https:\/\/hyfac.fr\/wp-content\/uploads\/2018\/02\/logo_hyfac_hydrafac-300x253.png 300w, https:\/\/hyfac.fr\/wp-content\/uploads\/2018\/02\/logo_hyfac_hydrafac-1024x865.png 1024w\" sizes=\"(max-width: 260px) 100vw, 260px\" \/><\/p>\n<h1 class=\"entry-title\">Hydrafac &#8211; Hydratation de toutes les peaux au quotidien<\/h1>\n<p style=\"text-align: justify;\">L\u2019hydratation est le geste quotidien pour pr\u00e9server un bon \u00e9quilibre de la peau. Une peau bien hydrat\u00e9e est prot\u00e9g\u00e9e et en bonne sant\u00e9.<\/p>\n<p style=\"text-align: justify;\">HYDRAFAC est la gamme dont l\u2019objectif est d\u2019hydrater au quotidien toutes les peaux en toutes circonstances. Deux alternatives adapt\u00e9es aux besoins de chacun\u00a0:<\/p>\n<ul>\n<li style=\"text-align: justify;\">Une <a href=\"https:\/\/hyfac.fr\/nos-gammes\/hydrafac\/creme-legere\/\">formule l\u00e9g\u00e8re<\/a> pour les peaux mixtes, ou l\u2019\u00e9t\u00e9 ou en base de maquillage.<\/li>\n<li style=\"text-align: justify;\">Une <a href=\"https:\/\/hyfac.fr\/nos-gammes\/hydrafac\/creme-riche\/\">formule riche<\/a> pour les peaux s\u00e8ches ou l\u2019hiver ou en cr\u00e8me de nuit.<\/li>\n<li style=\"text-align: justify;\">Mais \u00e9galement un <a href=\"https:\/\/hyfac.fr\/nos-gammes\/hydrafac\/baume-levres\/\">baume l\u00e8vres<\/a> 100% naturel.<\/li>\n<\/ul>\n<h2><\/h2>\n<p>&nbsp;<\/p>\n<p>&nbsp;<\/p>\n<p>&nbsp;<\/p>\n<h2 style=\"text-align: center;\">Tous nos soins pour hydrater votre peau :<\/h2>\n<p>&nbsp;<\/p>\n","protected":false},"excerpt":{"rendered":"<p>Hydrafac &#8211; Hydratation de toutes les peaux au quotidien L\u2019hydratation est le geste quotidien pour pr\u00e9server un bon \u00e9quilibre de la peau. Une peau bien hydrat\u00e9e est prot\u00e9g\u00e9e et en bonne sant\u00e9. HYDRAFAC est la gamme dont l\u2019objectif est d\u2019hydrater au quotidien toutes les peaux en toutes circonstances. Deux alternatives adapt\u00e9es aux besoins de chacun\u00a0:\u2026 <a class='lire-suite' href=https:\/\/hyfac.fr\/fr_fr\/nos-gammes\/hydrafac\/>Lire la suite >>><\/a><\/p>\n","protected":false},"author":1,"featured_media":0,"parent":22,"menu_order":2,"comment_status":"closed","ping_status":"closed","template":"page\/page-template-hydrafac.php","meta":{"_mi_skip_tracking":false,"spay_email":""},"_links":{"self":[{"href":"https:\/\/hyfac.fr\/fr_fr\/wp-json\/wp\/v2\/pages\/56"}],"collection":[{"href":"https:\/\/hyfac.fr\/fr_fr\/wp-json\/wp\/v2\/pages"}],"about":[{"href":"https:\/\/hyfac.fr\/fr_fr\/wp-json\/wp\/v2\/types\/page"}],"author":[{"embeddable":true,"href":"https:\/\/hyfac.fr\/fr_fr\/wp-json\/wp\/v2\/users\/1"}],"replies":[{"embeddable":true,"href":"https:\/\/hyfac.fr\/fr_fr\/wp-json\/wp\/v2\/comments?post=56"}],"version-history":[{"count":29,"href":"https:\/\/hyfac.fr\/fr_fr\/wp-json\/wp\/v2\/pages\/56\/revisions"}],"predecessor-version":[{"id":4886,"href":"https:\/\/hyfac.fr\/fr_fr\/wp-json\/wp\/v2\/pages\/56\/revisions\/4886"}],"up":[{"embeddable":true,"href":"https:\/\/hyfac.fr\/fr_fr\/wp-json\/wp\/v2\/pages\/22"}],"wp:attachment":[{"href":"https:\/\/hyfac.fr\/fr_fr\/wp-json\/wp\/v2\/media?parent=56"}],"curies":[{"name":"wp","href":"https:\/\/api.w.org\/{rel}","templated":true}]}}