{"id":1396,"date":"2016-05-18T17:58:37","date_gmt":"2016-05-18T15:58:37","guid":{"rendered":"http:\/\/hyfac.fr\/?page_id=1396"},"modified":"2022-02-05T00:03:05","modified_gmt":"2022-02-04T23:03:05","slug":"gel-nettoyant-purifiant","status":"publish","type":"page","link":"https:\/\/hyfac.fr\/lt\/nos-gammes\/hyfac-classique\/gel-nettoyant-purifiant\/","title":{"rendered":"Valomasis valomasis gelis"},"content":{"rendered":"<div style=\"width: 960px;\">&nbsp;<\/div>\n<div id=\"prd\">\n<div class=\"csRow\">\n<div class=\"csColumn\" style=\"margin: 0px; padding: 0px; float: left; width: 43%;\" data-csstartpoint=\"0\" data-csendpoint=\"430\" data-cswidth=\"43.0%\" data-csid=\"beb42ad8-6bfd-a029-8282-bd93ae120b4d\">\n<style type=\"text\/css\">#soliloquy-container-5301 .soliloquy-pager{bottom: -30px;}<\/style><div class=\"soliloquy-outer-container\" data-soliloquy-loaded=\"0\"><div aria-live=\"polite\" id=\"soliloquy-container-5301\" class=\"soliloquy-container soliloquy-transition-horizontal soliloquy-slide-horizontal soliloquy-controls-active slider-img-prd soliloquy-theme-base\" style=\"max-width:340px;max-height:538px;margin:0 auto 20px;max-width:100%;max-height:none;\"><ul id=\"soliloquy-5301\" class=\"soliloquy-slider soliloquy-slides soliloquy-wrap soliloquy-clear\"><li aria-hidden=\"true\" class=\"soliloquy-item soliloquy-item-1 soliloquy-id-5656 soliloquy-image-slide\" draggable=\"false\" style=\"list-style:none;\"><a href=\"https:\/\/hyfac.fr\/wp-content\/uploads\/2018\/09\/Diapositive06-2-2-1.jpeg\" class=\"soliloquy-link\" title=\"Slide06 2 2 2\" rel=\"soliloquybox5301\" data-thumbnail=\"https:\/\/hyfac.fr\/wp-content\/uploads\/2018\/09\/Diapositive06-2-2-1-75x75_c.jpeg\"><img id=\"soliloquy-image-5656\" class=\"soliloquy-image soliloquy-image-1\" src=\"https:\/\/hyfac.fr\/wp-content\/uploads\/2018\/09\/Diapositive06-2-2-1-340x538_c.jpeg\" alt=\"Slide06 2 2 2\" \/><\/a><\/li><li aria-hidden=\"true\" class=\"soliloquy-item soliloquy-item-2 soliloquy-id-5569 soliloquy-image-slide\" draggable=\"false\" style=\"list-style:none;\"><img id=\"soliloquy-image-5569\" class=\"soliloquy-image soliloquy-image-2 soliloquy-preload\" src=\"https:\/\/hyfac.fr\/wp-content\/plugins\/soliloquy\/assets\/css\/images\/holder.gif\" data-soliloquy-src=\"https:\/\/hyfac.fr\/wp-content\/uploads\/2018\/09\/Diapositive02-340x538_c.jpeg\" alt=\"HYFAC valomasis valomasis gelis nuo spuog\u0173\" \/><\/li><\/ul><\/div><noscript><style type=\"text\/css\" scoped>#soliloquy-container-5301{opacity:1}#soliloquy-container-5301 li > .soliloquy-caption{display:none}#soliloquy-container-5301 li:first-child > .soliloquy-caption{display:block}<\/style><div class=\"soliloquy-no-js\" style=\"display:none;visibility:hidden;height:0;line-height:0;opacity:0;\"><img class=\"soliloquy-image soliloquy-no-js-image\" src=\"https:\/\/hyfac.fr\/wp-content\/uploads\/2018\/09\/Diapositive06-2-2-1.jpeg\" alt=\"Slide06 2 2 2\" \/><img class=\"soliloquy-image soliloquy-no-js-image\" src=\"https:\/\/hyfac.fr\/wp-content\/uploads\/2018\/09\/Diapositive02.jpeg\" alt=\"HYFAC valomasis valomasis gelis nuo spuog\u0173\" \/><\/div><\/noscript><\/div>\n<\/div>\n<div class=\"csColumnGap\" style=\"margin: 0px; padding: 0px; float: left; width: 7.7%;\"><img style=\"border: none;\" src=\"https:\/\/hyfac.fr\/wp-content\/plugins\/advanced-wp-columns\/assets\/js\/plugins\/views\/img\/1x1-pixel.png\"><\/div>\n<div class=\"csColumn\" style=\"margin: 0px; padding: 0px; float: left; width: 49.3%;\" data-csstartpoint=\"507\" data-csendpoint=\"1000\" data-cswidth=\"49.3%\" data-csid=\"56e6cac6-63f3-6945-9ddf-f20a5ec7912c\">\n<h1><span style=\"color: #df6c2e; line-height: 35px;\">VALOMASIS VALOMASIS GELIS<\/span><\/h1>\n<p><span style=\"color: #df6c2e;\">HYFAC originalus asortimentas<\/span><br \/>\nGalima \u012fsigyti 150 ml ir 300 ml talpos. Veidas ir k\u016bnas.<\/p>\n<p><br \/>\n\u0160velnus valomasis gelis \u012f akn\u0119 linkusiai odai. Giliai valo ir ma\u017eina d\u0117meles.<\/p>\n<ul id=\"ulprd\">\n<li><img class=\"logo-prd\" src=\"\/wp-content\/uploads\/2018\/09\/Nettoie.png\" alt=\"Valo\" width=\"50\"><br \/>\nTVARKYKITE<\/li>\n<li><img class=\"logo-prd\" src=\"\/wp-content\/uploads\/2018\/09\/PURIFIE.png\" alt=\"PURIFY\" width=\"50\"><br \/>\nPURIFY<\/li>\n<li><img class=\"logo-prd\" src=\"\/wp-content\/uploads\/2018\/08\/doux.png\" alt=\"mink\u0161tas\" width=\"50\"><br \/>\nDOUX<\/li>\n<li><img class=\"logo-prd\" src=\"\/wp-content\/uploads\/2018\/09\/Sans-savon.png\" alt=\"Be muilo\" width=\"50\"><br \/>\nBE MUILO<\/li>\n<\/ul>\n<ul id=\"ulprd-link\">\n<li>150 ml : <p class=\"product woocommerce add_to_cart_inline\" style=\"border:4px solid #ccc; padding: 12px;\"><span class=\"woocommerce-Price-amount amount\"><bdi>10,90&nbsp;<span class=\"woocommerce-Price-currencySymbol\">\u20ac<\/span><\/bdi><\/span><a href=\"?add-to-cart=14916\" data-quantity=\"1\" class=\"button product_type_simple add_to_cart_button ajax_add_to_cart\" data-product_id=\"14916\" data-product_sku=\"\" aria-label=\"\u012ed\u0117ti \u012f kre\u0161el\u012f: \u201cClassic - Gel Nettoyant purifiant 150ml\u201d\" rel=\"nofollow\" data-no-translation=\"\" data-trp-gettext=\"\" data-no-translation-aria-label=\"\">\u012e krep\u0161el\u012f<\/a><\/p><\/li>\n<li>300 ml : <p class=\"product woocommerce add_to_cart_inline\" style=\"border:4px solid #ccc; padding: 12px;\"><span class=\"woocommerce-Price-amount amount\"><bdi>13,90&nbsp;<span class=\"woocommerce-Price-currencySymbol\">\u20ac<\/span><\/bdi><\/span><a href=\"?add-to-cart=14921\" data-quantity=\"1\" class=\"button product_type_simple add_to_cart_button ajax_add_to_cart\" data-product_id=\"14921\" data-product_sku=\"\" aria-label=\"\u012ed\u0117ti \u012f kre\u0161el\u012f: \u201cClassic - Gel Nettoyant 300ml\u201d\" rel=\"nofollow\" data-no-translation=\"\" data-trp-gettext=\"\" data-no-translation-aria-label=\"\">\u012e krep\u0161el\u012f<\/a><\/p><\/li>\n<li><a href=\"https:\/\/hyfac.fr\/lt\/pres-de-chez-vous\/\"><img class=\"img2\" src=\"\/wp-content\/uploads\/2018\/06\/logo-map-e1530138886120.png\" alt=\"loc\">Suraskite pardavimo viet\u0105<\/a><\/li>\n<\/ul>\n<ul id=\"ulprd-link\">\n<li class=\"infotri\"><span class=\"spantri\">Atraskite m\u016bs\u0173 r\u016b\u0161iavimo instrukcijas<\/span><br \/>\n<img class=\"imgtri\" src=\"https:\/\/hyfac.fr\/wp-content\/uploads\/2020\/12\/HYFAC-ORIGINAL-Gel-nettoyant-150ml.png\"><\/li>\n<\/ul>\n<\/div>\n<div style=\"clear: both; float: none; display: block; visibility: hidden; width: 0px; font-size: 0px; line-height: 0;\">&nbsp;<\/div>\n<\/div>\n<\/div>\n<div id=\"descript-prd\">Le gel nettoyant purifiant&nbsp;HYFAC permet de <strong>\u0161varus<\/strong> od\u0105 \u0161velniai. Rekomenduojama <strong>veidas ir k\u016bnas<\/strong>Jis palengvina ne\u0161varum\u0173 ir riebal\u0173 pertekliaus pa\u0161alinim\u0105, kartu apribodamas bakterij\u0173, sukelian\u010di\u0173 odos tr\u016bkumus, dauginim\u0105si. Jis palieka od\u0105 \u0161vari\u0105, skaidri\u0105 ir i\u0161valyt\u0105, bet jos nei\u0161sausina. Jo formul\u0117 <strong>be muilo<\/strong> padeda atkurti mi\u0161rios ir riebios odos pusiausvyr\u0105.<\/div>\n<div id=\"menu-prdnew\">\n<ul>\n<li><a id=\"lienmenuconseil\" href=\"#prd\">NAUDOJIMO TARYBA<\/a><\/li>\n<li><a id=\"lienmenuactifs\" href=\"#conseil-prd\">TURTAS<\/a><\/li>\n<li><a id=\"lienmenucmplt\" href=\"#actifs-prd\">PAPILDOMI PRODUKTAI<\/a><\/li>\n<li><a id=\"lienmenusavoir\" href=\"#cmplt-prd\">SKAITYKITE DAUGIAU<\/a><\/li>\n<li><a id=\"lienmenucompo\" href=\"#savoir-prd\">SUD\u0116TIS<\/a><\/li>\n<\/ul>\n<\/div>\n<div id=\"conseil-prd\">\n<div class=\"csRow\">\n<div class=\"csColumn\" style=\"margin: 0px; padding: 0px; float: left; width: 70.8%;\" data-csstartpoint=\"0\" data-csendpoint=\"680\" data-cswidth=\"70.8%\" data-csid=\"7ce9a14c-d45b-a3f2-987b-63fd249cc312\">\n<p><span style=\"color: #df6c2e;\">KAIP NAUDOTI \"HYFAC\" VALOM\u0104J\u012e VALOM\u0104J\u012e GEL\u012e?<\/span><\/p>\n<p>Matin et soir, appliquer une petite quantit\u00e9 de produit sur une peau pr\u00e9alablement humidifi\u00e9e et faire mousser en r\u00e9alisant des gestes circulaires. Rincer abondamment et soigneusement \u00e0 l\u2019eau claire, puis s\u00e9cher d\u00e9licatement votre peau sans la frotter.&nbsp;Appliquer ensuite le <a href=\"https:\/\/hyfac.fr\/lt\/nos-gammes\/hyfac-classique\/soin-global\/\">HYFAC visapusi\u0161ka prie\u017ei\u016bra<\/a> ant visi\u0161kai sausos odos.<\/p>\n<p>Disponible en 2 formats. Le flacon \u00ab&nbsp;airless&nbsp;\u00bb 150ml est id\u00e9al pour le nettoyage quotidien du visage et permet de limiter la prolif\u00e9ration des bact\u00e9ries \u00e0 l\u2019int\u00e9rieur du produit.&nbsp;Efficace \u00e9galement contre l\u2019acn\u00e9 du dos et du torse, son format 300ml facilite l\u2019utilisation du gel nettoyant sous la douche.<\/p>\n<\/div>\n<div class=\"csColumnGap\" style=\"margin: 0px; padding: 0px; float: left; width: 1.56%;\"><img style=\"border: none;\" src=\"https:\/\/hyfac.fr\/wp-content\/plugins\/advanced-wp-columns\/assets\/js\/plugins\/views\/img\/1x1-pixel.png\"><\/div>\n<div class=\"csColumn\" style=\"margin: 0px; padding: 0px; float: left; width: 27.6%;\" data-csstartpoint=\"695\" data-csendpoint=\"960\" data-cswidth=\"27.6%\" data-csid=\"2de6301b-fc0e-6c4c-b16e-671973f34d15\">\n<p><img loading=\"lazy\" class=\"aligncenter wp-image-5140\" src=\"https:\/\/hyfac.fr\/wp-content\/uploads\/2018\/07\/conseil-250x250.png\" alt=\"\" width=\"180\" height=\"181\" srcset=\"https:\/\/hyfac.fr\/wp-content\/uploads\/2018\/07\/conseil-250x250.png 250w, https:\/\/hyfac.fr\/wp-content\/uploads\/2018\/07\/conseil-298x300.png 298w, https:\/\/hyfac.fr\/wp-content\/uploads\/2018\/07\/conseil.png 308w\" sizes=\"(max-width: 180px) 100vw, 180px\" \/><\/p>\n<\/div>\n<div style=\"clear: both; float: none; display: block; visibility: hidden; width: 0px; font-size: 0px; line-height: 0;\">&nbsp;<\/div>\n<\/div>\n<\/div>\n<div id=\"actifs-prd\">\n<div class=\"h2prd\">\n<h2><span style=\"color: #df6c2e;\">PAGRINDINIS TURTAS<\/span><\/h2>\n<\/div>\n<p><span style=\"color: #df6c2e;\">Piroktono olaminas: antibakterinis ir konservantas<\/span><br \/>\nPiroktono olaminas yra veiklioji med\u017eiaga, pasi\u017eyminti antibakterin\u0117mis savyb\u0117mis, ypa\u010d prie\u0161 akn\u0119 sukelian\u010dias bakterijas: P.acnes ir Malassezia. Piroktono olaminas taip pat yra puikus konservantas. \u0160i nat\u016brali funkcija leid\u017eia naudoti preparat\u0105 be prie\u0161taringai vertinam\u0173 konservant\u0173, pavyzd\u017eiui, paraben\u0173.<\/p>\n<p><span style=\"color: #df6c2e;\">Glicerinas: dr\u0117kiklis<\/span><br \/>\nGlicerinas yra stipri dr\u0117kinamoji med\u017eiaga. Jis gali i\u0161laikyti kelis kartus daugiau vandens nei jo svoris, tod\u0117l oda ilgai i\u0161lieka sudr\u0117kinta. Nepaisant to, kad kartais i\u0161siskiria daug riebal\u0173 ir d\u0117l to oda gali b\u016bti riebi ir blizganti, pa\u017eeist\u0105 od\u0105 taip pat reikia dr\u0117kinti.<\/p>\n<\/div>\n<div id=\"cmplt-prd\">\n<div class=\"h2prd\">\n<h2><span style=\"color: #df6c2e;\">PAPILDOMI PRODUKTAI<\/span><\/h2>\n<\/div>\n<style type=\"text\/css\">#soliloquy-container-5364 .soliloquy-prev{left: -60px;background-color:#df6c2e;}#soliloquy-container-5364 .soliloquy-next{right: -60px;background-color:#df6c2e;}#soliloquy-container-5364 .soliloquy-image{background: #f3f3f3;border: 1px solid #ddd;padding:3px;}#soliloquy-container-5364 .soliloquy-viewport{height: 260px !important;}#soliloquy-container-5364 .soliloquy-caption-bottom{position: relative;}#soliloquy-container-5364 .soliloquy-caption-inside{color:#CEBFB6; text-shadow:none;background:none;}@media only screen and (max-width: 1000px){#soliloquy-container-5364 .soliloquy-prev{left: 0px;}#soliloquy-container-5364 .soliloquy-next{right: 0px;}#soliloquy-container-5364 .soliloquy-viewport{height: 200px;}}<\/style><div class=\"soliloquy-outer-container soliloquy-carousel\" data-soliloquy-loaded=\"0\"><div aria-live=\"polite\" id=\"soliloquy-container-5364\" class=\"soliloquy-container soliloquy-transition-horizontal soliloquy-slide-horizontal soliloquy-arrows-active Produits-complmentaires-Hyfac soliloquy-theme-base\" style=\"max-width:960px;max-height:300px;margin:0 auto 20px;\"><ul id=\"soliloquy-5364\" class=\"soliloquy-slider soliloquy-slides soliloquy-wrap soliloquy-clear\"><li aria-hidden=\"true\" class=\"soliloquy-item soliloquy-item-1 soliloquy-id-5625 soliloquy-image-slide\" draggable=\"false\" style=\"list-style:none;\"><a href=\"https:\/\/hyfac.fr\/lt\/nos-gammes\/hyfac-classique\/gel-nettoyant-purifiant\/\" class=\"soliloquy-link\" title=\"HYFAC valomasis gelis nuo spuog\u0173\"><img id=\"soliloquy-image-5625\" class=\"soliloquy-image soliloquy-image-1\" src=\"https:\/\/hyfac.fr\/wp-content\/uploads\/2018\/09\/Diapositive01-1-200x200_c.jpeg\" alt=\"HYFAC valomasis gelis nuo spuog\u0173\" \/><\/a><div class=\"soliloquy-caption soliloquy-caption-bottom\"><div class=\"soliloquy-caption-inside\"><p>Valomasis valomasis gelis<\/p><br \/>\n<p style=\"font-size:13px\">Valo ir valo<\/p><\/div><\/div><\/li><li aria-hidden=\"true\" class=\"soliloquy-item soliloquy-item-2 soliloquy-id-5626 soliloquy-image-slide\" draggable=\"false\" style=\"list-style:none;\"><a href=\"https:\/\/hyfac.fr\/lt\/nos-gammes\/hyfac-classique\/mousse-nettoyante-exfoliante\/\" class=\"soliloquy-link\" title=\"HYFAC \u0161vei\u010diamosios valymo putos nuo spuog\u0173\"><img id=\"soliloquy-image-5626\" class=\"soliloquy-image soliloquy-image-2\" src=\"https:\/\/hyfac.fr\/wp-content\/uploads\/2018\/09\/Diapositive03-1-200x200_c.jpeg\" alt=\"HYFAC \u0161vei\u010diamosios valymo putos nuo spuog\u0173\" \/><\/a><div class=\"soliloquy-caption soliloquy-caption-bottom\"><div class=\"soliloquy-caption-inside\"><p>\u0160vei\u010diamosios valomosios putos<\/p><br \/>\n<p style=\"font-size:13px\">Valo ir pa\u0161alina ne\u0161varumus<\/p><\/div><\/div><\/li><li aria-hidden=\"true\" class=\"soliloquy-item soliloquy-item-3 soliloquy-id-5627 soliloquy-image-slide\" draggable=\"false\" style=\"list-style:none;\"><a href=\"https:\/\/hyfac.fr\/lt\/nos-gammes\/hyfac-classique\/pain-nettoyant-purifiant\/\" class=\"soliloquy-link\" title=\"HYFAC Acne Purifying Cleansing Bar\"><img id=\"soliloquy-image-5627\" class=\"soliloquy-image soliloquy-image-3\" src=\"https:\/\/hyfac.fr\/wp-content\/uploads\/2018\/09\/Diapositive05-1-200x200_c.jpeg\" alt=\"HYFAC Acne Purifying Cleansing Bar\" \/><\/a><div class=\"soliloquy-caption soliloquy-caption-bottom\"><div class=\"soliloquy-caption-inside\"><p>Valomasis valomasis baton\u0117lis<\/p><br \/>\n<p style=\"font-size:13px\">Valo ir valo<\/p><\/div><\/div><\/li><li aria-hidden=\"true\" class=\"soliloquy-item soliloquy-item-4 soliloquy-id-5628 soliloquy-image-slide\" draggable=\"false\" style=\"list-style:none;\"><a href=\"https:\/\/hyfac.fr\/lt\/nos-gammes\/hyfac-classique\/soin-global\/\" class=\"soliloquy-link\" title=\"HYFAC Global Anti-Imperfection Acne Care\"><img id=\"soliloquy-image-5628\" class=\"soliloquy-image soliloquy-image-4\" src=\"https:\/\/hyfac.fr\/wp-content\/uploads\/2018\/09\/Diapositive07-1-200x200_c.jpeg\" alt=\"HYFAC Global Anti-Imperfection Acne Care\" \/><\/a><div class=\"soliloquy-caption soliloquy-caption-bottom\"><div class=\"soliloquy-caption-inside\"><p>Visuotin\u0117 prie\u017ei\u016bra<\/p><br \/>\n<p style=\"font-size:13px\">Ma\u017eina d\u0117meles ir dr\u0117kina<\/p><\/div><\/div><\/li><li aria-hidden=\"true\" class=\"soliloquy-item soliloquy-item-5 soliloquy-id-5629 soliloquy-image-slide\" draggable=\"false\" style=\"list-style:none;\"><a href=\"https:\/\/hyfac.fr\/lt\/nos-gammes\/hyfac-classique\/emulsion-fluide\/\" class=\"soliloquy-link\" title=\"HYFAC raminanti dr\u0117kinamoji skys\u010di\u0173 emulsija nuo spuog\u0173\"><img id=\"soliloquy-image-5629\" class=\"soliloquy-image soliloquy-image-5\" src=\"https:\/\/hyfac.fr\/wp-content\/uploads\/2018\/09\/Diapositive09-1-200x200_c.jpeg\" alt=\"HYFAC raminanti dr\u0117kinamoji skys\u010di\u0173 emulsija nuo spuog\u0173\" \/><\/a><div class=\"soliloquy-caption soliloquy-caption-bottom\"><div class=\"soliloquy-caption-inside\"><p>Skysta emulsija<\/p><br \/>\n<p style=\"font-size:13px\">Dr\u0117kina ir matina<\/p><\/div><\/div><\/li><li aria-hidden=\"true\" class=\"soliloquy-item soliloquy-item-6 soliloquy-id-11232 soliloquy-image-slide\" draggable=\"false\" style=\"list-style:none;\"><a href=\"https:\/\/hyfac.fr\/lt\/nos-gammes\/hyfac-classique\/mousse-a-raser\/\" class=\"soliloquy-link\" title=\"HYFAC raminan\u010dios skutimosi putos jautriai odai\"><img id=\"soliloquy-image-11232\" class=\"soliloquy-image soliloquy-image-6\" src=\"https:\/\/hyfac.fr\/wp-content\/uploads\/2018\/09\/Diapositive11-1-200x200_c.png\" alt=\"HYFAC raminan\u010dios skutimosi putos jautriai odai\" \/><\/a><div class=\"soliloquy-caption soliloquy-caption-bottom\"><div class=\"soliloquy-caption-inside\"><p>Skutimosi putos<\/p><br \/>\n<p style=\"font-size:13px\">Mal\u0161ina skustuvo nudegim\u0105<\/p><\/div><\/div><\/li><li aria-hidden=\"true\" class=\"soliloquy-item soliloquy-item-7 soliloquy-id-5632 soliloquy-image-slide\" draggable=\"false\" style=\"list-style:none;\"><a href=\"https:\/\/hyfac.fr\/lt\/nos-gammes\/hyfac-classique\/patchs-anti-imperfections\/\" class=\"soliloquy-link\" title=\"HYFAC pleistras nuo spuog\u0173 d\u017eiovina spuogus\"><img id=\"soliloquy-image-5632\" class=\"soliloquy-image soliloquy-image-7\" src=\"https:\/\/hyfac.fr\/wp-content\/uploads\/2018\/09\/Diapositive13-200x200_c.jpeg\" alt=\"HYFAC pleistras nuo spuog\u0173 d\u017eiovina spuogus\" \/><\/a><div class=\"soliloquy-caption soliloquy-caption-bottom\"><div class=\"soliloquy-caption-inside\"><p>Pleistras nuo pa\u017eeidim\u0173<\/p><br \/>\n<p style=\"font-size:13px\">D\u017eiovina ir ma\u017eina spuogus<\/p><\/div><\/div><\/li><\/ul><\/div><noscript><style type=\"text\/css\" scoped>#soliloquy-container-5364{opacity:1}#soliloquy-container-5364 li > .soliloquy-caption{display:none}#soliloquy-container-5364 li:first-child > .soliloquy-caption{display:block}<\/style><div class=\"soliloquy-no-js\" style=\"display:none;visibility:hidden;height:0;line-height:0;opacity:0;\"><img class=\"soliloquy-image soliloquy-no-js-image\" src=\"https:\/\/hyfac.fr\/wp-content\/uploads\/2018\/09\/Diapositive01-1.jpeg\" alt=\"HYFAC valomasis gelis nuo spuog\u0173\" \/><img class=\"soliloquy-image soliloquy-no-js-image\" src=\"https:\/\/hyfac.fr\/wp-content\/uploads\/2018\/09\/Diapositive03-1.jpeg\" alt=\"HYFAC \u0161vei\u010diamosios valymo putos nuo spuog\u0173\" \/><img class=\"soliloquy-image soliloquy-no-js-image\" src=\"https:\/\/hyfac.fr\/wp-content\/uploads\/2018\/09\/Diapositive05-1.jpeg\" alt=\"HYFAC Acne Purifying Cleansing Bar\" \/><img class=\"soliloquy-image soliloquy-no-js-image\" src=\"https:\/\/hyfac.fr\/wp-content\/uploads\/2018\/09\/Diapositive07-1.jpeg\" alt=\"HYFAC Global Anti-Imperfection Acne Care\" \/><img class=\"soliloquy-image soliloquy-no-js-image\" src=\"https:\/\/hyfac.fr\/wp-content\/uploads\/2018\/09\/Diapositive09-1.jpeg\" alt=\"HYFAC raminanti dr\u0117kinamoji skys\u010di\u0173 emulsija nuo spuog\u0173\" \/><img class=\"soliloquy-image soliloquy-no-js-image\" src=\"https:\/\/hyfac.fr\/wp-content\/uploads\/2018\/09\/Diapositive11-1.png\" alt=\"HYFAC raminan\u010dios skutimosi putos jautriai odai\" \/><img class=\"soliloquy-image soliloquy-no-js-image\" src=\"https:\/\/hyfac.fr\/wp-content\/uploads\/2018\/09\/Diapositive13.jpeg\" alt=\"HYFAC pleistras nuo spuog\u0173 d\u017eiovina spuogus\" \/><\/div><\/noscript><\/div>\n<\/div>\n<div id=\"savoir-prd\">\n<div class=\"h2prd\">\n<h2><span style=\"color: #df6c2e;\">SKAITYKITE DAUGIAU<\/span><\/h2>\n<\/div>\n<div class=\"csRow\">\n<div class=\"csColumn\" style=\"margin: 0px; padding: 0px; float: left; width: 38.6%;\" data-csstartpoint=\"0\" data-csendpoint=\"370.5\" data-cswidth=\"38.6%\" data-csid=\"beb42ad8-6bfd-a029-8282-bd93ae120b4d\"><a href=\"https:\/\/hyfac.fr\/lt\/sos-dermato\/4329-acne-de-l-adolescent\/\" target=\"_blank\" rel=\"noopener\"><img loading=\"lazy\" class=\"aligncenter wp-image-4345 size-thumbnail\" src=\"https:\/\/hyfac.fr\/wp-content\/uploads\/2018\/03\/banniere_carree_site_hyfac_intro_themes5-250x250.jpg\" alt=\"Paaugli\u0173 spuogai\" width=\"250\" height=\"250\" srcset=\"https:\/\/hyfac.fr\/wp-content\/uploads\/2018\/03\/banniere_carree_site_hyfac_intro_themes5-250x250.jpg 250w, https:\/\/hyfac.fr\/wp-content\/uploads\/2018\/03\/banniere_carree_site_hyfac_intro_themes5-300x300.jpg 300w, https:\/\/hyfac.fr\/wp-content\/uploads\/2018\/03\/banniere_carree_site_hyfac_intro_themes5.jpg 543w\" sizes=\"(max-width: 250px) 100vw, 250px\" \/><\/a><\/div>\n<div class=\"csColumnGap\" style=\"margin: 0px; padding: 0px; float: left; width: 1.56%;\"><img style=\"border: none;\" src=\"https:\/\/hyfac.fr\/wp-content\/plugins\/advanced-wp-columns\/assets\/js\/plugins\/views\/img\/1x1-pixel.png\"><\/div>\n<div class=\"csColumn\" style=\"margin: 0px; padding: 0px; float: left; width: 59.8%;\" data-csstartpoint=\"385.5\" data-csendpoint=\"960\" data-cswidth=\"59.8%\" data-csid=\"56e6cac6-63f3-6945-9ddf-f20a5ec7912c\">\n<p>Akn\u0117, nepriklausomai nuo jos vietos (veido ir (arba) k\u016bno spuogai, da\u017eniausiai ant nugaros ir kr\u016btin\u0117s), reikalauja kasdienio ir kruop\u0161taus odos valymo.<\/p>\n<p>\u0160\u012f valym\u0105 reikia atlikti \u0161velniai, naudojant \u012f akn\u0119 linkusios odos prie\u017ei\u016brai skirt\u0105 priemon\u0119. Spuogai - tai odos b\u016bkl\u0117, kuri\u0105 sudaro \u012fvair\u016bs aspektai: raudoni ir balti spuogai, juodi ta\u0161keliai ir mikrocistos. Norint pa\u0161alinti d\u0117meles ir matinti od\u0105, b\u016btina kart\u0105 ar du kartus per dien\u0105 naudoti \u012f spuogus linkusi\u0105 od\u0105 valan\u010di\u0105 ir valan\u010di\u0105 priemon\u0119.<\/p>\n<div id=\"savoirplus\"><a href=\"https:\/\/hyfac.fr\/lt\/sos-dermato\/4329-acne-de-l-adolescent\/\">En savoir plus sur l&#8217;acn\u00e9 de l&#8217;adolescent<\/a><\/div>\n<\/div>\n<div style=\"clear: both; float: none; display: block; visibility: hidden; width: 0px; font-size: 0px; line-height: 0;\">&nbsp;<\/div>\n<\/div>\n<\/div>\n<div id=\"compo-prd\">\n<div class=\"h2prd\">\n<h2><span style=\"color: #df6c2e;\">SUD\u0116TIS <span style=\"font-size: 14pt;\">\/<\/span> SUDEDAMOSIOS DALYS<\/span><\/h2>\n<\/div>\n<p><span style=\"color: #cebfb6;\">SUD\u0116TIS: AQUA (VANDUO), NATRIO LAURITO SULFATAS, NATRIO KOKOAMFOCETATAS, NATRIO METILO KOKOILO TAURATAS, PEG-80 GLICERILO KOKOATAS, COCAMIDE DEA, GLICERINAS, NATRIO LAURITO-8 SULFATAS, GLICINAS, NATRIO CHLORIDAS, PIROKTONO OLAMINAS, CITRINOS R\u016aG\u0160TIS, DMDM HIDANTOINAS, MAGNIO LAURITO SULFATAS, MAGNIO LAURITO-8 SULFATAS, NATRIO OLETO SULFATAS, MAGNIO OLETO SULFATAS, KVEPALAI (KVAPIOJI MED\u017dIAGA).<\/span><\/p>\n<\/div>","protected":false},"excerpt":{"rendered":"<p>Valo ir valo<\/p>","protected":false},"author":1,"featured_media":750,"parent":54,"menu_order":0,"comment_status":"closed","ping_status":"closed","template":"page\/page-template-newprdoriginal.php","meta":{"_mi_skip_tracking":false,"spay_email":""},"_links":{"self":[{"href":"https:\/\/hyfac.fr\/lt\/wp-json\/wp\/v2\/pages\/1396"}],"collection":[{"href":"https:\/\/hyfac.fr\/lt\/wp-json\/wp\/v2\/pages"}],"about":[{"href":"https:\/\/hyfac.fr\/lt\/wp-json\/wp\/v2\/types\/page"}],"author":[{"embeddable":true,"href":"https:\/\/hyfac.fr\/lt\/wp-json\/wp\/v2\/users\/1"}],"replies":[{"embeddable":true,"href":"https:\/\/hyfac.fr\/lt\/wp-json\/wp\/v2\/comments?post=1396"}],"version-history":[{"count":90,"href":"https:\/\/hyfac.fr\/lt\/wp-json\/wp\/v2\/pages\/1396\/revisions"}],"predecessor-version":[{"id":14965,"href":"https:\/\/hyfac.fr\/lt\/wp-json\/wp\/v2\/pages\/1396\/revisions\/14965"}],"up":[{"embeddable":true,"href":"https:\/\/hyfac.fr\/lt\/wp-json\/wp\/v2\/pages\/54"}],"wp:featuredmedia":[{"embeddable":true,"href":"https:\/\/hyfac.fr\/lt\/wp-json\/wp\/v2\/media\/750"}],"wp:attachment":[{"href":"https:\/\/hyfac.fr\/lt\/wp-json\/wp\/v2\/media?parent=1396"}],"curies":[{"name":"wp","href":"https:\/\/api.w.org\/{rel}","templated":true}]}}