{"id":1416,"date":"2016-05-25T23:41:52","date_gmt":"2016-05-25T21:41:52","guid":{"rendered":"http:\/\/hyfac.fr\/?page_id=1416"},"modified":"2022-02-05T00:04:54","modified_gmt":"2022-02-04T23:04:54","slug":"pain-nettoyant-purifiant","status":"publish","type":"page","link":"https:\/\/hyfac.fr\/lt\/nos-gammes\/hyfac-classique\/pain-nettoyant-purifiant\/","title":{"rendered":"Valomasis valomasis baton\u0117lis"},"content":{"rendered":"<p>&nbsp;<\/p>\n<div style=\"width: 960px;\">&nbsp;<\/div>\n<div id=\"prd\">\n<div class=\"csRow\">\n<div class=\"csColumn\" style=\"margin: 0px; padding: 0px; float: left; width: 43%;\" data-csstartpoint=\"0\" data-csendpoint=\"430\" data-cswidth=\"43.0%\" data-csid=\"beb42ad8-6bfd-a029-8282-bd93ae120b4d\">\n<style type=\"text\/css\">#soliloquy-container-5303 .soliloquy-pager{bottom: -30px;}<\/style><div class=\"soliloquy-outer-container\" data-soliloquy-loaded=\"0\"><div aria-live=\"polite\" id=\"soliloquy-container-5303\" class=\"soliloquy-container soliloquy-transition-horizontal soliloquy-slide-horizontal soliloquy-controls-active slider-img-prd soliloquy-theme-base\" style=\"max-width:500px;max-height:500px;margin:0 auto 20px;max-width:100%;max-height:none;\"><ul id=\"soliloquy-5303\" class=\"soliloquy-slider soliloquy-slides soliloquy-wrap soliloquy-clear\"><li aria-hidden=\"true\" class=\"soliloquy-item soliloquy-item-1 soliloquy-id-5654 soliloquy-image-slide\" draggable=\"false\" style=\"list-style:none;\"><a href=\"https:\/\/hyfac.fr\/wp-content\/uploads\/2018\/09\/Diapositive06-2-3-3.jpeg\" class=\"soliloquy-link\" title=\"Diapositive06 2 3\" rel=\"soliloquybox5303\" data-thumbnail=\"https:\/\/hyfac.fr\/wp-content\/uploads\/2018\/09\/Diapositive06-2-3-3-75x75_c.jpeg\"><img id=\"soliloquy-image-5654\" class=\"soliloquy-image soliloquy-image-1\" src=\"https:\/\/hyfac.fr\/wp-content\/uploads\/2018\/09\/Diapositive06-2-3-3-500x500_c.jpeg\" alt=\"Diapositive06 2 3\" \/><\/a><\/li><li aria-hidden=\"true\" class=\"soliloquy-item soliloquy-item-2 soliloquy-id-5655 soliloquy-image-slide\" draggable=\"false\" style=\"list-style:none;\"><a href=\"https:\/\/hyfac.fr\/wp-content\/uploads\/2018\/09\/Diapositive06-2-5.jpeg\" class=\"soliloquy-link\" title=\"Diapositive06 2\" rel=\"soliloquybox5303\" data-thumbnail=\"https:\/\/hyfac.fr\/wp-content\/uploads\/2018\/09\/Diapositive06-2-5-75x75_c.jpeg\"><img id=\"soliloquy-image-5655\" class=\"soliloquy-image soliloquy-image-2 soliloquy-preload\" src=\"https:\/\/hyfac.fr\/wp-content\/plugins\/soliloquy\/assets\/css\/images\/holder.gif\" data-soliloquy-src=\"https:\/\/hyfac.fr\/wp-content\/uploads\/2018\/09\/Diapositive06-2-5-500x500_c.jpeg\" alt=\"Diapositive06 2\" \/><\/a><\/li><\/ul><\/div><noscript><style type=\"text\/css\" scoped>#soliloquy-container-5303{opacity:1}#soliloquy-container-5303 li > .soliloquy-caption{display:none}#soliloquy-container-5303 li:first-child > .soliloquy-caption{display:block}<\/style><div class=\"soliloquy-no-js\" style=\"display:none;visibility:hidden;height:0;line-height:0;opacity:0;\"><img class=\"soliloquy-image soliloquy-no-js-image\" src=\"https:\/\/hyfac.fr\/wp-content\/uploads\/2018\/09\/Diapositive06-2-3-3.jpeg\" alt=\"Diapositive06 2 3\" \/><img class=\"soliloquy-image soliloquy-no-js-image\" src=\"https:\/\/hyfac.fr\/wp-content\/uploads\/2018\/09\/Diapositive06-2-5.jpeg\" alt=\"Diapositive06 2\" \/><\/div><\/noscript><\/div>\n<\/div>\n<div class=\"csColumnGap\" style=\"margin: 0px; padding: 0px; float: left; width: 7.7%;\"><img style=\"border: none;\" src=\"https:\/\/hyfac.fr\/wp-content\/plugins\/advanced-wp-columns\/assets\/js\/plugins\/views\/img\/1x1-pixel.png\"><\/div>\n<div class=\"csColumn\" style=\"margin: 0px; padding: 0px; float: left; width: 49.3%;\" data-csstartpoint=\"507\" data-csendpoint=\"1000\" data-cswidth=\"49.3%\" data-csid=\"56e6cac6-63f3-6945-9ddf-f20a5ec7912c\">\n<h1><span style=\"color: #df6c2e; line-height: 35px;\">PAIN NETTOYANT PURIFIANT<\/span><\/h1>\n<p><span style=\"color: #df6c2e;\">HYFAC originalus asortimentas<\/span><br \/>\nPain dermatologique 100g. Visage et corps.<\/p>\n<p><br \/>\nPain nettoyant purifiant sans savon pour les&nbsp;peaux \u00e0 tendance acn\u00e9ique.&nbsp;Purifie en profondeur et r\u00e9duit les imperfections.<\/p>\n<ul id=\"ulprd\">\n<li><img class=\"logo-prd\" src=\"\/wp-content\/uploads\/2018\/09\/Nettoie.png\" alt=\"Valo\" width=\"50\"><br \/>\nTVARKYKITE<\/li>\n<li><img class=\"logo-prd\" src=\"\/wp-content\/uploads\/2018\/09\/PURIFIE.png\" alt=\"PURIFY\" width=\"50\"><br \/>\nPURIFY<\/li>\n<li><img class=\"logo-prd\" src=\"\/wp-content\/uploads\/2018\/08\/doux.png\" alt=\"mink\u0161tas\" width=\"50\"><br \/>\nDOUX<\/li>\n<li><img class=\"logo-prd\" src=\"\/wp-content\/uploads\/2018\/09\/Sans-savon.png\" alt=\"Be muilo\" width=\"50\"><br \/>\nBE MUILO<\/li>\n<\/ul>\n<ul id=\"ulprd-link\">\n<li><p class=\"product woocommerce add_to_cart_inline\" style=\"border:4px solid #ccc; padding: 12px;\"><span class=\"woocommerce-Price-amount amount\"><bdi>8,90&nbsp;<span class=\"woocommerce-Price-currencySymbol\">\u20ac<\/span><\/bdi><\/span><a href=\"?add-to-cart=14923\" data-quantity=\"1\" class=\"button product_type_simple add_to_cart_button ajax_add_to_cart\" data-product_id=\"14923\" data-product_sku=\"\" aria-label=\"\u012ed\u0117ti \u012f kre\u0161el\u012f: \u201cClassic - Pain Nettoyant Purifiant\u201d\" rel=\"nofollow\" data-no-translation=\"\" data-trp-gettext=\"\" data-no-translation-aria-label=\"\">\u012e krep\u0161el\u012f<\/a><\/p><\/li>\n<li>&nbsp;<\/li>\n<li><a href=\"https:\/\/hyfac.fr\/lt\/pres-de-chez-vous\/\"><img class=\"img2\" src=\"\/wp-content\/uploads\/2018\/06\/logo-map-e1530138886120.png\" alt=\"loc\">Suraskite pardavimo viet\u0105<\/a><\/li>\n<\/ul>\n<ul id=\"ulprd-link\">\n<li class=\"infotri\"><span class=\"spantri\">Atraskite m\u016bs\u0173 r\u016b\u0161iavimo instrukcijas<\/span><br \/>\n<img class=\"imgtri\" src=\"https:\/\/hyfac.fr\/wp-content\/uploads\/2020\/12\/HYFAC-ORIGINAL-Pain-nettoyant.png\"><\/li>\n<\/ul>\n<\/div>\n<div style=\"clear: both; float: none; display: block; visibility: hidden; width: 0px; font-size: 0px; line-height: 0;\">&nbsp;<\/div>\n<\/div>\n<\/div>\n<div id=\"descript-prd\">Le pain nettoyant purifiant HYFAC <strong>valo<\/strong> ir <strong>valo<\/strong> en douceur les peaux jeunes \u00e0 imperfections. Recommand\u00e9 pour le visage et le corps, il facilite l\u2019\u00e9limination des impuret\u00e9s et de l\u2019exc\u00e8s de s\u00e9bum, et purifie la peau sans l\u2019agresser. Sa formule <strong>be muilo<\/strong> apaise les sensations de tiraillements et respecte la barri\u00e8re cutan\u00e9e. Apr\u00e8s le nettoyage, la peau est plus nette, plus saine et purifi\u00e9e en profondeur.<\/div>\n<div id=\"menu-prdnew\">\n<ul>\n<li><a id=\"lienmenuconseil\" href=\"#prd\">NAUDOJIMO TARYBA<\/a><\/li>\n<li><a id=\"lienmenuactifs\" href=\"#conseil-prd\">TURTAS<\/a><\/li>\n<li><a id=\"lienmenucmplt\" href=\"#actifs-prd\">PAPILDOMI PRODUKTAI<\/a><\/li>\n<li><a id=\"lienmenusavoir\" href=\"#cmplt-prd\">SKAITYKITE DAUGIAU<\/a><\/li>\n<li><a id=\"lienmenucompo\" href=\"#savoir-prd\">SUD\u0116TIS<\/a><\/li>\n<\/ul>\n<\/div>\n<div id=\"conseil-prd\">\n<div class=\"csRow\">\n<div class=\"csColumn\" style=\"margin: 0px; padding: 0px; float: left; width: 70.8%;\" data-csstartpoint=\"0\" data-csendpoint=\"680\" data-cswidth=\"70.8%\" data-csid=\"7ce9a14c-d45b-a3f2-987b-63fd249cc312\">\n<p><span style=\"color: #df6c2e;\">COMMENT UTILISER LE PAIN NETTOYANT HYFAC ?<\/span><\/p>\n<p>Utiliser le pain nettoyant purifiant matin et soir sur une peau pr\u00e9alablement humidifi\u00e9e. Faire mousser entre les mains et appliquer en massant l\u00e9g\u00e8rement la peau. Rincer abondamment \u00e0 l\u2019eau claire. Il est ensuite conseill\u00e9 d\u2019appliquer le <a href=\"https:\/\/hyfac.fr\/lt\/nos-gammes\/hyfac-classique\/soin-global\/\">HYFAC visapusi\u0161ka prie\u017ei\u016bra<\/a> ant visi\u0161kai sausos odos.<\/p>\n<p>Facile \u00e0 transporter, le pain nettoyant visage HYFAC est id\u00e9al \u00e0 glisser dans sa valise pour les voyages.<\/p>\n<p>Sa formule ultra-douce est adapt\u00e9e \u00e0 tous les types de peaux, m\u00eame les plus sensibles.<\/p>\n<\/div>\n<div class=\"csColumnGap\" style=\"margin: 0px; padding: 0px; float: left; width: 1.56%;\"><img style=\"border: none;\" src=\"https:\/\/hyfac.fr\/wp-content\/plugins\/advanced-wp-columns\/assets\/js\/plugins\/views\/img\/1x1-pixel.png\"><\/div>\n<div class=\"csColumn\" style=\"margin: 0px; padding: 0px; float: left; width: 27.6%;\" data-csstartpoint=\"695\" data-csendpoint=\"960\" data-cswidth=\"27.6%\" data-csid=\"2de6301b-fc0e-6c4c-b16e-671973f34d15\">\n<p><img loading=\"lazy\" class=\"aligncenter wp-image-5140\" src=\"https:\/\/hyfac.fr\/wp-content\/uploads\/2018\/07\/conseil-250x250.png\" alt=\"\" width=\"180\" height=\"181\" srcset=\"https:\/\/hyfac.fr\/wp-content\/uploads\/2018\/07\/conseil-250x250.png 250w, https:\/\/hyfac.fr\/wp-content\/uploads\/2018\/07\/conseil-298x300.png 298w, https:\/\/hyfac.fr\/wp-content\/uploads\/2018\/07\/conseil.png 308w\" sizes=\"(max-width: 180px) 100vw, 180px\" \/><\/p>\n<\/div>\n<div style=\"clear: both; float: none; display: block; visibility: hidden; width: 0px; font-size: 0px; line-height: 0;\">&nbsp;<\/div>\n<\/div>\n<\/div>\n<div id=\"actifs-prd\">\n<div class=\"h2prd\">\n<h2><span style=\"color: #df6c2e;\">PAGRINDINIS TURTAS<\/span><\/h2>\n<\/div>\n<p><span style=\"color: #df6c2e;\">Glycocolle : Apaisant<\/span><br \/>\nLe glycocolle est un acide amin\u00e9 neutre pr\u00e9sent dans l\u2019organisme humain. Il contribue \u00e0 la pr\u00e9vention des ph\u00e9nom\u00e8nes irritatifs.<\/p>\n<p><span style=\"color: #df6c2e;\">Piroktono olaminas: antibakterinis ir konservantas<\/span><br \/>\nReconnue pour son action antimicrobienne, en particulier sur le P.acnes et la Malassezia, la Piroctone Olamine est un actif \u00e0 l\u2019efficacit\u00e9 prouv\u00e9e. Elle joue \u00e9galement un r\u00f4le de conservateur. Cette fonction permet de ne pas ajouter \u00e0 notre formule d\u2019autres agents conservateurs tels que les parabens.<\/p>\n<\/div>\n<div id=\"cmplt-prd\">\n<div class=\"h2prd\">\n<h2><span style=\"color: #df6c2e;\">PAPILDOMI PRODUKTAI<\/span><\/h2>\n<\/div>\n<style type=\"text\/css\">#soliloquy-container-5364 .soliloquy-prev{left: -60px;background-color:#df6c2e;}#soliloquy-container-5364 .soliloquy-next{right: -60px;background-color:#df6c2e;}#soliloquy-container-5364 .soliloquy-image{background: #f3f3f3;border: 1px solid #ddd;padding:3px;}#soliloquy-container-5364 .soliloquy-viewport{height: 260px !important;}#soliloquy-container-5364 .soliloquy-caption-bottom{position: relative;}#soliloquy-container-5364 .soliloquy-caption-inside{color:#CEBFB6; text-shadow:none;background:none;}@media only screen and (max-width: 1000px){#soliloquy-container-5364 .soliloquy-prev{left: 0px;}#soliloquy-container-5364 .soliloquy-next{right: 0px;}#soliloquy-container-5364 .soliloquy-viewport{height: 200px;}}<\/style><div class=\"soliloquy-outer-container soliloquy-carousel\" data-soliloquy-loaded=\"0\"><div aria-live=\"polite\" id=\"soliloquy-container-5364\" class=\"soliloquy-container soliloquy-transition-horizontal soliloquy-slide-horizontal soliloquy-arrows-active Produits-complmentaires-Hyfac soliloquy-theme-base\" style=\"max-width:960px;max-height:300px;margin:0 auto 20px;\"><ul id=\"soliloquy-5364\" class=\"soliloquy-slider soliloquy-slides soliloquy-wrap soliloquy-clear\"><li aria-hidden=\"true\" class=\"soliloquy-item soliloquy-item-1 soliloquy-id-5625 soliloquy-image-slide\" draggable=\"false\" style=\"list-style:none;\"><a href=\"https:\/\/hyfac.fr\/lt\/nos-gammes\/hyfac-classique\/gel-nettoyant-purifiant\/\" class=\"soliloquy-link\" title=\"HYFAC valomasis gelis nuo spuog\u0173\"><img id=\"soliloquy-image-5625\" class=\"soliloquy-image soliloquy-image-1\" src=\"https:\/\/hyfac.fr\/wp-content\/uploads\/2018\/09\/Diapositive01-1-200x200_c.jpeg\" alt=\"HYFAC valomasis gelis nuo spuog\u0173\" \/><\/a><div class=\"soliloquy-caption soliloquy-caption-bottom\"><div class=\"soliloquy-caption-inside\"><p>Valomasis valomasis gelis<\/p><br \/>\n<p style=\"font-size:13px\">Valo ir valo<\/p><\/div><\/div><\/li><li aria-hidden=\"true\" class=\"soliloquy-item soliloquy-item-2 soliloquy-id-5626 soliloquy-image-slide\" draggable=\"false\" style=\"list-style:none;\"><a href=\"https:\/\/hyfac.fr\/lt\/nos-gammes\/hyfac-classique\/mousse-nettoyante-exfoliante\/\" class=\"soliloquy-link\" title=\"HYFAC \u0161vei\u010diamosios valymo putos nuo spuog\u0173\"><img id=\"soliloquy-image-5626\" class=\"soliloquy-image soliloquy-image-2\" src=\"https:\/\/hyfac.fr\/wp-content\/uploads\/2018\/09\/Diapositive03-1-200x200_c.jpeg\" alt=\"HYFAC \u0161vei\u010diamosios valymo putos nuo spuog\u0173\" \/><\/a><div class=\"soliloquy-caption soliloquy-caption-bottom\"><div class=\"soliloquy-caption-inside\"><p>\u0160vei\u010diamosios valomosios putos<\/p><br \/>\n<p style=\"font-size:13px\">Valo ir pa\u0161alina ne\u0161varumus<\/p><\/div><\/div><\/li><li aria-hidden=\"true\" class=\"soliloquy-item soliloquy-item-3 soliloquy-id-5627 soliloquy-image-slide\" draggable=\"false\" style=\"list-style:none;\"><a href=\"https:\/\/hyfac.fr\/lt\/nos-gammes\/hyfac-classique\/pain-nettoyant-purifiant\/\" class=\"soliloquy-link\" title=\"HYFAC Acne Purifying Cleansing Bar\"><img id=\"soliloquy-image-5627\" class=\"soliloquy-image soliloquy-image-3\" src=\"https:\/\/hyfac.fr\/wp-content\/uploads\/2018\/09\/Diapositive05-1-200x200_c.jpeg\" alt=\"HYFAC Acne Purifying Cleansing Bar\" \/><\/a><div class=\"soliloquy-caption soliloquy-caption-bottom\"><div class=\"soliloquy-caption-inside\"><p>Valomasis valomasis baton\u0117lis<\/p><br \/>\n<p style=\"font-size:13px\">Valo ir valo<\/p><\/div><\/div><\/li><li aria-hidden=\"true\" class=\"soliloquy-item soliloquy-item-4 soliloquy-id-5628 soliloquy-image-slide\" draggable=\"false\" style=\"list-style:none;\"><a href=\"https:\/\/hyfac.fr\/lt\/nos-gammes\/hyfac-classique\/soin-global\/\" class=\"soliloquy-link\" title=\"HYFAC Global Anti-Imperfection Acne Care\"><img id=\"soliloquy-image-5628\" class=\"soliloquy-image soliloquy-image-4\" src=\"https:\/\/hyfac.fr\/wp-content\/uploads\/2018\/09\/Diapositive07-1-200x200_c.jpeg\" alt=\"HYFAC Global Anti-Imperfection Acne Care\" \/><\/a><div class=\"soliloquy-caption soliloquy-caption-bottom\"><div class=\"soliloquy-caption-inside\"><p>Visuotin\u0117 prie\u017ei\u016bra<\/p><br \/>\n<p style=\"font-size:13px\">Ma\u017eina d\u0117meles ir dr\u0117kina<\/p><\/div><\/div><\/li><li aria-hidden=\"true\" class=\"soliloquy-item soliloquy-item-5 soliloquy-id-5629 soliloquy-image-slide\" draggable=\"false\" style=\"list-style:none;\"><a href=\"https:\/\/hyfac.fr\/lt\/nos-gammes\/hyfac-classique\/emulsion-fluide\/\" class=\"soliloquy-link\" title=\"HYFAC raminanti dr\u0117kinamoji skys\u010di\u0173 emulsija nuo spuog\u0173\"><img id=\"soliloquy-image-5629\" class=\"soliloquy-image soliloquy-image-5\" src=\"https:\/\/hyfac.fr\/wp-content\/uploads\/2018\/09\/Diapositive09-1-200x200_c.jpeg\" alt=\"HYFAC raminanti dr\u0117kinamoji skys\u010di\u0173 emulsija nuo spuog\u0173\" \/><\/a><div class=\"soliloquy-caption soliloquy-caption-bottom\"><div class=\"soliloquy-caption-inside\"><p>Skysta emulsija<\/p><br \/>\n<p style=\"font-size:13px\">Dr\u0117kina ir matina<\/p><\/div><\/div><\/li><li aria-hidden=\"true\" class=\"soliloquy-item soliloquy-item-6 soliloquy-id-11232 soliloquy-image-slide\" draggable=\"false\" style=\"list-style:none;\"><a href=\"https:\/\/hyfac.fr\/lt\/nos-gammes\/hyfac-classique\/mousse-a-raser\/\" class=\"soliloquy-link\" title=\"HYFAC raminan\u010dios skutimosi putos jautriai odai\"><img id=\"soliloquy-image-11232\" class=\"soliloquy-image soliloquy-image-6\" src=\"https:\/\/hyfac.fr\/wp-content\/uploads\/2018\/09\/Diapositive11-1-200x200_c.png\" alt=\"HYFAC raminan\u010dios skutimosi putos jautriai odai\" \/><\/a><div class=\"soliloquy-caption soliloquy-caption-bottom\"><div class=\"soliloquy-caption-inside\"><p>Skutimosi putos<\/p><br \/>\n<p style=\"font-size:13px\">Mal\u0161ina skustuvo nudegim\u0105<\/p><\/div><\/div><\/li><li aria-hidden=\"true\" class=\"soliloquy-item soliloquy-item-7 soliloquy-id-5632 soliloquy-image-slide\" draggable=\"false\" style=\"list-style:none;\"><a href=\"https:\/\/hyfac.fr\/lt\/nos-gammes\/hyfac-classique\/patchs-anti-imperfections\/\" class=\"soliloquy-link\" title=\"HYFAC pleistras nuo spuog\u0173 d\u017eiovina spuogus\"><img id=\"soliloquy-image-5632\" class=\"soliloquy-image soliloquy-image-7\" src=\"https:\/\/hyfac.fr\/wp-content\/uploads\/2018\/09\/Diapositive13-200x200_c.jpeg\" alt=\"HYFAC pleistras nuo spuog\u0173 d\u017eiovina spuogus\" \/><\/a><div class=\"soliloquy-caption soliloquy-caption-bottom\"><div class=\"soliloquy-caption-inside\"><p>Pleistras nuo pa\u017eeidim\u0173<\/p><br \/>\n<p style=\"font-size:13px\">D\u017eiovina ir ma\u017eina spuogus<\/p><\/div><\/div><\/li><\/ul><\/div><noscript><style type=\"text\/css\" scoped>#soliloquy-container-5364{opacity:1}#soliloquy-container-5364 li > .soliloquy-caption{display:none}#soliloquy-container-5364 li:first-child > .soliloquy-caption{display:block}<\/style><div class=\"soliloquy-no-js\" style=\"display:none;visibility:hidden;height:0;line-height:0;opacity:0;\"><img class=\"soliloquy-image soliloquy-no-js-image\" src=\"https:\/\/hyfac.fr\/wp-content\/uploads\/2018\/09\/Diapositive01-1.jpeg\" alt=\"HYFAC valomasis gelis nuo spuog\u0173\" \/><img class=\"soliloquy-image soliloquy-no-js-image\" src=\"https:\/\/hyfac.fr\/wp-content\/uploads\/2018\/09\/Diapositive03-1.jpeg\" alt=\"HYFAC \u0161vei\u010diamosios valymo putos nuo spuog\u0173\" \/><img class=\"soliloquy-image soliloquy-no-js-image\" src=\"https:\/\/hyfac.fr\/wp-content\/uploads\/2018\/09\/Diapositive05-1.jpeg\" alt=\"HYFAC Acne Purifying Cleansing Bar\" \/><img class=\"soliloquy-image soliloquy-no-js-image\" src=\"https:\/\/hyfac.fr\/wp-content\/uploads\/2018\/09\/Diapositive07-1.jpeg\" alt=\"HYFAC Global Anti-Imperfection Acne Care\" \/><img class=\"soliloquy-image soliloquy-no-js-image\" src=\"https:\/\/hyfac.fr\/wp-content\/uploads\/2018\/09\/Diapositive09-1.jpeg\" alt=\"HYFAC raminanti dr\u0117kinamoji skys\u010di\u0173 emulsija nuo spuog\u0173\" \/><img class=\"soliloquy-image soliloquy-no-js-image\" src=\"https:\/\/hyfac.fr\/wp-content\/uploads\/2018\/09\/Diapositive11-1.png\" alt=\"HYFAC raminan\u010dios skutimosi putos jautriai odai\" \/><img class=\"soliloquy-image soliloquy-no-js-image\" src=\"https:\/\/hyfac.fr\/wp-content\/uploads\/2018\/09\/Diapositive13.jpeg\" alt=\"HYFAC pleistras nuo spuog\u0173 d\u017eiovina spuogus\" \/><\/div><\/noscript><\/div>\n<\/div>\n<div id=\"savoir-prd\">\n<div class=\"h2prd\">\n<h2><span style=\"color: #df6c2e;\">SKAITYKITE DAUGIAU<\/span><\/h2>\n<\/div>\n<div class=\"csRow\">\n<div class=\"csColumn\" style=\"margin: 0px; padding: 0px; float: left; width: 38.6%;\" data-csstartpoint=\"0\" data-csendpoint=\"370.5\" data-cswidth=\"38.6%\" data-csid=\"beb42ad8-6bfd-a029-8282-bd93ae120b4d\"><a href=\"https:\/\/hyfac.fr\/lt\/sos-dermato\/4329-acne-de-l-adolescent\/\" target=\"_blank\" rel=\"noopener\"><img loading=\"lazy\" class=\"aligncenter wp-image-4345 size-thumbnail\" src=\"https:\/\/hyfac.fr\/wp-content\/uploads\/2018\/03\/banniere_carree_site_hyfac_intro_themes5-250x250.jpg\" alt=\"Paaugli\u0173 spuogai\" width=\"250\" height=\"250\" srcset=\"https:\/\/hyfac.fr\/wp-content\/uploads\/2018\/03\/banniere_carree_site_hyfac_intro_themes5-250x250.jpg 250w, https:\/\/hyfac.fr\/wp-content\/uploads\/2018\/03\/banniere_carree_site_hyfac_intro_themes5-300x300.jpg 300w, https:\/\/hyfac.fr\/wp-content\/uploads\/2018\/03\/banniere_carree_site_hyfac_intro_themes5.jpg 543w\" sizes=\"(max-width: 250px) 100vw, 250px\" \/><\/a><\/div>\n<div class=\"csColumnGap\" style=\"margin: 0px; padding: 0px; float: left; width: 1.56%;\"><img style=\"border: none;\" src=\"https:\/\/hyfac.fr\/wp-content\/plugins\/advanced-wp-columns\/assets\/js\/plugins\/views\/img\/1x1-pixel.png\"><\/div>\n<div class=\"csColumn\" style=\"margin: 0px; padding: 0px; float: left; width: 59.8%;\" data-csstartpoint=\"385.5\" data-csendpoint=\"960\" data-cswidth=\"59.8%\" data-csid=\"56e6cac6-63f3-6945-9ddf-f20a5ec7912c\">\n<p>Le nettoyage est la premi\u00e8re \u00e9tape d\u2019une routine de soins pour une peau nette et sans boutons. Celui-ci doit \u00eatre r\u00e9alis\u00e9 avec attention chez les peaux jeunes \u00e0 probl\u00e8mes, qui n\u00e9cessitent un nettoyage quotidien et rigoureux. Le pain nettoyant purifiant HYFAC est particuli\u00e8rement indiqu\u00e9 pour les peaux \u00e0 tendance acn\u00e9ique pr\u00e9sentant des boutons sur le visage, des points noirs et\/ou des microkystes blancs. Il peut \u00eatre utilis\u00e9 en accompagnement des diff\u00e9rents traitements de l\u2019acn\u00e9, y compris les traitements topiques dess\u00e9chants comme l\u2019adapal\u00e8ne ou le peroxyde de benzoyl.<\/p>\n<p>Le pain nettoyant purifiant HYFAC est une base lavante douce sans savon, appel\u00e9 syndet. Sa formule \u00e0 base de Piroctone Olamine, un puissant actif antibact\u00e9rien, permet d\u2019\u00e9quilibrer la flore cutan\u00e9e. Son agent surgraissant et son pH physiologique permettent de nettoyer la peau dans le parfait respect du film hydrolipidique de la peau.<\/p>\n<div id=\"savoirplus\"><a href=\"https:\/\/hyfac.fr\/lt\/sos-dermato\/4329-acne-de-l-adolescent\/\">En savoir plus sur l&#8217;acn\u00e9 de l&#8217;adolescent<\/a><\/div>\n<\/div>\n<div style=\"clear: both; float: none; display: block; visibility: hidden; width: 0px; font-size: 0px; line-height: 0;\">&nbsp;<\/div>\n<\/div>\n<\/div>\n<div id=\"compo-prd\">\n<div class=\"h2prd\">\n<h2><span style=\"color: #df6c2e;\">SUD\u0116TIS <span style=\"font-size: 14pt;\">\/<\/span> SUDEDAMOSIOS DALYS<\/span><\/h2>\n<\/div>\n<p><span style=\"color: #cebfb6;\">INCI : ZEA MAYS (CORN) STARCH, POTASSIUM LAURYL SULFATE, CETEARYL ALCOHOL, SODIUM LAURYL SULFATE, HYDROGENATED CASTOR OIL, AQUA ( WATER), TALC, GLYCINE, GLYCERIN, PARFUM (FRAGRANCE), PIROCTONE OLAMINE, PARAFFINUM LIQUIDUM (MINERAL OIL), COCAMIDOPROPYL BETAINE, LACTIC ACID, CI 77891 (TITANIUM DIOXIDE), POTASSIUM PHOSPHATE, CI 77492 (IRON OXIDES).<\/span><\/p>\n<\/div>","protected":false},"excerpt":{"rendered":"<p>Valo ir valo<\/p>","protected":false},"author":1,"featured_media":709,"parent":54,"menu_order":2,"comment_status":"closed","ping_status":"closed","template":"page\/page-template-newprdoriginal.php","meta":{"_mi_skip_tracking":false,"spay_email":""},"_links":{"self":[{"href":"https:\/\/hyfac.fr\/lt\/wp-json\/wp\/v2\/pages\/1416"}],"collection":[{"href":"https:\/\/hyfac.fr\/lt\/wp-json\/wp\/v2\/pages"}],"about":[{"href":"https:\/\/hyfac.fr\/lt\/wp-json\/wp\/v2\/types\/page"}],"author":[{"embeddable":true,"href":"https:\/\/hyfac.fr\/lt\/wp-json\/wp\/v2\/users\/1"}],"replies":[{"embeddable":true,"href":"https:\/\/hyfac.fr\/lt\/wp-json\/wp\/v2\/comments?post=1416"}],"version-history":[{"count":46,"href":"https:\/\/hyfac.fr\/lt\/wp-json\/wp\/v2\/pages\/1416\/revisions"}],"predecessor-version":[{"id":14972,"href":"https:\/\/hyfac.fr\/lt\/wp-json\/wp\/v2\/pages\/1416\/revisions\/14972"}],"up":[{"embeddable":true,"href":"https:\/\/hyfac.fr\/lt\/wp-json\/wp\/v2\/pages\/54"}],"wp:featuredmedia":[{"embeddable":true,"href":"https:\/\/hyfac.fr\/lt\/wp-json\/wp\/v2\/media\/709"}],"wp:attachment":[{"href":"https:\/\/hyfac.fr\/lt\/wp-json\/wp\/v2\/media?parent=1416"}],"curies":[{"name":"wp","href":"https:\/\/api.w.org\/{rel}","templated":true}]}}