{"id":1419,"date":"2016-05-25T23:44:02","date_gmt":"2016-05-25T21:44:02","guid":{"rendered":"http:\/\/hyfac.fr\/?page_id=1419"},"modified":"2022-02-10T01:52:36","modified_gmt":"2022-02-10T00:52:36","slug":"soin-global","status":"publish","type":"page","link":"https:\/\/hyfac.fr\/lt\/nos-gammes\/hyfac-classique\/soin-global\/","title":{"rendered":"Visuotin\u0117 prie\u017ei\u016bra"},"content":{"rendered":"<p>&nbsp;<\/p>\n<div style=\"width: 960px;\">&nbsp;<\/div>\n<div id=\"prd\">\n<div class=\"csRow\">\n<div class=\"csColumn\" style=\"margin: 0px; padding: 0px; float: left; width: 43%;\" data-csstartpoint=\"0\" data-csendpoint=\"430\" data-cswidth=\"43.0%\" data-csid=\"beb42ad8-6bfd-a029-8282-bd93ae120b4d\">\n<style type=\"text\/css\">#soliloquy-container-5304 .soliloquy-pager{bottom: -30px;}<\/style><div class=\"soliloquy-outer-container\" data-soliloquy-loaded=\"0\"><div aria-live=\"polite\" id=\"soliloquy-container-5304\" class=\"soliloquy-container soliloquy-transition-horizontal soliloquy-slide-horizontal soliloquy-controls-active slider-img-prd soliloquy-theme-base\" style=\"max-width:400px;max-height:400px;margin:0 auto 20px;\"><ul id=\"soliloquy-5304\" class=\"soliloquy-slider soliloquy-slides soliloquy-wrap soliloquy-clear\"><li aria-hidden=\"true\" class=\"soliloquy-item soliloquy-item-1 soliloquy-id-5562 soliloquy-image-slide\" draggable=\"false\" style=\"list-style:none;\"><img id=\"soliloquy-image-5562\" class=\"soliloquy-image soliloquy-image-1\" src=\"https:\/\/hyfac.fr\/wp-content\/uploads\/2018\/09\/Diapositive07.jpeg\" alt=\"Soin global HYFAC anti-imperfection hydrate et d\u00e9sincruste\" \/><\/li><li aria-hidden=\"true\" class=\"soliloquy-item soliloquy-item-2 soliloquy-id-5563 soliloquy-image-slide\" draggable=\"false\" style=\"list-style:none;\"><img id=\"soliloquy-image-5563\" class=\"soliloquy-image soliloquy-image-2 soliloquy-preload\" src=\"https:\/\/hyfac.fr\/wp-content\/plugins\/soliloquy\/assets\/css\/images\/holder.gif\" data-soliloquy-src=\"https:\/\/hyfac.fr\/wp-content\/uploads\/2018\/09\/Diapositive08.jpeg\" alt=\"Soin global HYFAC anti-imperfection hydrate et d\u00e9sincruste\" \/><\/li><\/ul><\/div><noscript><style type=\"text\/css\" scoped>#soliloquy-container-5304{opacity:1}#soliloquy-container-5304 li > .soliloquy-caption{display:none}#soliloquy-container-5304 li:first-child > .soliloquy-caption{display:block}<\/style><div class=\"soliloquy-no-js\" style=\"display:none;visibility:hidden;height:0;line-height:0;opacity:0;\"><img class=\"soliloquy-image soliloquy-no-js-image\" src=\"https:\/\/hyfac.fr\/wp-content\/uploads\/2018\/09\/Diapositive07.jpeg\" alt=\"Soin global HYFAC anti-imperfection hydrate et d\u00e9sincruste\" \/><img class=\"soliloquy-image soliloquy-no-js-image\" src=\"https:\/\/hyfac.fr\/wp-content\/uploads\/2018\/09\/Diapositive08.jpeg\" alt=\"Soin global HYFAC anti-imperfection hydrate et d\u00e9sincruste\" \/><\/div><\/noscript><\/div>\n<\/div>\n<div class=\"csColumnGap\" style=\"margin: 0px; padding: 0px; float: left; width: 7.7%;\"><img style=\"border: none;\" src=\"https:\/\/hyfac.fr\/wp-content\/plugins\/advanced-wp-columns\/assets\/js\/plugins\/views\/img\/1x1-pixel.png\"><\/div>\n<div class=\"csColumn\" style=\"margin: 0px; padding: 0px; float: left; width: 49.3%;\" data-csstartpoint=\"507\" data-csendpoint=\"1000\" data-cswidth=\"49.3%\" data-csid=\"56e6cac6-63f3-6945-9ddf-f20a5ec7912c\">\n<h1><span style=\"color: #df6c2e; line-height: 35px;\">GLOBALIOJI PRIE\u017dI\u016aRA<\/span><\/h1>\n<p><span style=\"color: #df6c2e;\">HYFAC originalus asortimentas<\/span><br \/>\nFlacon 40ml<\/p>\n<p><br \/>\nSoin quotidien pour les peaux \u00e0 tendance acn\u00e9ique. Lutte contre les boutons inflammatoires et les com\u00e9dons, matifie et hydrate.<\/p>\n<ul id=\"ulprd\">\n<li><img class=\"logo-prd\" src=\"\/wp-content\/uploads\/2018\/09\/Anti-boutons.png\" alt=\"Anti-boutons\" width=\"50\"><br \/>\nANTI-BUTTER<\/li>\n<li><img class=\"logo-prd\" src=\"\/wp-content\/uploads\/2018\/09\/Desincruste.png\" alt=\"Ne\u012ftraukia\" width=\"50\"><br \/>\nDESINCRUSTE<\/li>\n<li><img class=\"logo-prd\" src=\"\/wp-content\/uploads\/2018\/09\/Matifie.png\" alt=\"Matifies\" width=\"50\"><br \/>\nMATIFIE<\/li>\n<li><img class=\"logo-prd\" src=\"\/wp-content\/uploads\/2018\/09\/Hydrate.png\" alt=\"Dr\u0117kina\" width=\"50\"><br \/>\nHYDRATE<\/li>\n<\/ul>\n<ul id=\"ulprd-link\">\n<li><p class=\"product woocommerce add_to_cart_inline\" style=\"border:4px solid #ccc; padding: 12px;\"><span class=\"woocommerce-Price-amount amount\"><bdi>12,50&nbsp;<span class=\"woocommerce-Price-currencySymbol\">\u20ac<\/span><\/bdi><\/span><a href=\"?add-to-cart=14924\" data-quantity=\"1\" class=\"button product_type_simple add_to_cart_button ajax_add_to_cart\" data-product_id=\"14924\" data-product_sku=\"\" aria-label=\"\u012ed\u0117ti \u012f kre\u0161el\u012f: \u201cClassic - Soin Global\u201d\" rel=\"nofollow\" data-no-translation=\"\" data-trp-gettext=\"\" data-no-translation-aria-label=\"\">\u012e krep\u0161el\u012f<\/a><\/p><\/li>\n<li>&nbsp;<\/li>\n<li><a href=\"https:\/\/hyfac.fr\/lt\/pres-de-chez-vous\/\"><img class=\"img2\" src=\"\/wp-content\/uploads\/2018\/06\/logo-map-e1530138886120.png\" alt=\"loc\">Suraskite pardavimo viet\u0105<\/a><\/li>\n<\/ul>\n<ul id=\"ulprd-link\">\n<li class=\"infotri\"><span class=\"spantri\">Atraskite m\u016bs\u0173 r\u016b\u0161iavimo instrukcijas<\/span><br \/>\n<img class=\"imgtri\" src=\"https:\/\/hyfac.fr\/wp-content\/uploads\/2020\/12\/Infotri-flacon-et-etui.png\"><\/li>\n<\/ul>\n<\/div>\n<div style=\"clear: both; float: none; display: block; visibility: hidden; width: 0px; font-size: 0px; line-height: 0;\">&nbsp;<\/div>\n<\/div>\n<\/div>\n<div id=\"descript-prd\">Le soin global HYFAC <strong>\u00ab 4 en 1 \u00bb<\/strong> favorise l\u2019\u00e9limination des imperfections (boutons d\u2019acn\u00e9, com\u00e9dons, microkystes), <strong>hydrate<\/strong> ir <strong>matifie<\/strong>. Sa formule combine diff\u00e9rents actifs dont les propri\u00e9t\u00e9s scientifiquement reconnues agissent en synergie sur les peaux \u00e0 tendance acn\u00e9ique. Les <strong>acides de fruits<\/strong> (AHA) d\u00e9sincrustent les pores sans agresser l\u2019\u00e9piderme et pr\u00e9viennent la formation des imperfections. Excellente base de maquillage, il <strong>valo<\/strong> et laisse la peau nette, hydrat\u00e9e et matifi\u00e9e.<\/div>\n<div id=\"menu-prdnew\">\n<ul>\n<li><a id=\"lienmenuconseil\" href=\"#prd\">NAUDOJIMO TARYBA<\/a><\/li>\n<li><a id=\"lienmenuactifs\" href=\"#conseil-prd\">TURTAS<\/a><\/li>\n<li><a id=\"lienmenucmplt\" href=\"#actifs-prd\">PAPILDOMI PRODUKTAI<\/a><\/li>\n<li><a id=\"lienmenusavoir\" href=\"#cmplt-prd\">SKAITYKITE DAUGIAU<\/a><\/li>\n<li><a id=\"lienmenucompo\" href=\"#savoir-prd\">SUD\u0116TIS<\/a><\/li>\n<\/ul>\n<\/div>\n<div id=\"conseil-prd\">\n<div class=\"csRow\">\n<div class=\"csColumn\" style=\"margin: 0px; padding: 0px; float: left; width: 70.8%;\" data-csstartpoint=\"0\" data-csendpoint=\"680\" data-cswidth=\"70.8%\" data-csid=\"7ce9a14c-d45b-a3f2-987b-63fd249cc312\">\n<p><span style=\"color: #df6c2e;\">COMMENT UTILISER LE SOIN GLOBAL HYFAC ?<\/span><\/p>\n<p>Appliquer matin et\/ou soir sur le visage pr\u00e9alablement nettoy\u00e9 avec le <a href=\"https:\/\/hyfac.fr\/lt\/nos-gammes\/hyfac-classique\/gel-nettoyant-purifiant\/\">HYFAC valomasis valomasis gelis<\/a>, et parfaitement s\u00e9ch\u00e9. Ce soin \u00ab 4 en 1 \u00bb convient comme base de maquillage.<\/p>\n<p>Le soin global HYFAC peut \u00eatre utilis\u00e9 en monoth\u00e9rapie, ou en compl\u00e9ment des traitements contre l\u2019acn\u00e9. A l\u2019arr\u00eat du traitement contre l\u2019acn\u00e9, il est conseill\u00e9 de continuer \u00e0 utiliser le soin global HYFAC comme solution d\u2019entretien afin de prolonger l\u2019efficacit\u00e9 du traitement. Utilis\u00e9 seul, il est recommand\u00e9 pour le soin des peaux \u00e0 tendance acn\u00e9ique comme cr\u00e8me de jour et\/ou de nuit. Son efficacit\u00e9 a \u00e9t\u00e9 d\u00e9montr\u00e9e : il contribue \u00e0 \u00e9liminer les boutons rouges et blancs, les com\u00e9dons (points noirs) et les microkystes.<\/p>\n<p>Son flacon 40ml \u00ab airless \u00bb limite la prolif\u00e9ration des bact\u00e9ries \u00e0 l\u2019int\u00e9rieur du produit.<\/p>\n<\/div>\n<div class=\"csColumnGap\" style=\"margin: 0px; padding: 0px; float: left; width: 1.56%;\"><img style=\"border: none;\" src=\"https:\/\/hyfac.fr\/wp-content\/plugins\/advanced-wp-columns\/assets\/js\/plugins\/views\/img\/1x1-pixel.png\"><\/div>\n<div class=\"csColumn\" style=\"margin: 0px; padding: 0px; float: left; width: 27.6%;\" data-csstartpoint=\"695\" data-csendpoint=\"960\" data-cswidth=\"27.6%\" data-csid=\"2de6301b-fc0e-6c4c-b16e-671973f34d15\">\n<p><img loading=\"lazy\" class=\"aligncenter wp-image-5140\" src=\"https:\/\/hyfac.fr\/wp-content\/uploads\/2018\/07\/conseil-250x250.png\" alt=\"\" width=\"180\" height=\"181\" srcset=\"https:\/\/hyfac.fr\/wp-content\/uploads\/2018\/07\/conseil-250x250.png 250w, https:\/\/hyfac.fr\/wp-content\/uploads\/2018\/07\/conseil-298x300.png 298w, https:\/\/hyfac.fr\/wp-content\/uploads\/2018\/07\/conseil.png 308w\" sizes=\"(max-width: 180px) 100vw, 180px\" \/><\/p>\n<\/div>\n<div style=\"clear: both; float: none; display: block; visibility: hidden; width: 0px; font-size: 0px; line-height: 0;\">&nbsp;<\/div>\n<\/div>\n<\/div>\n<div id=\"actifs-prd\">\n<div class=\"h2prd\">\n<h2><span style=\"color: #df6c2e;\">PAGRINDINIS TURTAS<\/span><\/h2>\n<\/div>\n<p><span style=\"color: #df6c2e;\">Glikolio r\u016bg\u0161tis: keratolitin\u0117 veiklioji med\u017eiaga (nuo juod\u0173 ink\u0161tir\u0173) <\/span><br \/>\nL\u2019acide glycolique est un acide de fruit (AHA) \u00e0 chaine courte. D\u2019origine naturelle, il est extrait de la canne \u00e0 sucre. Son action imm\u00e9diate d\u2019exfoliation sur les cellules mortes qui bouchent les canaux excr\u00e9teurs r\u00e9tablit l\u2019\u00e9coulement normal du s\u00e9bum. Il favorise ainsi la disparition progressive des points noirs.<\/p>\n<p><span style=\"color: #df6c2e;\">Alkilo malato esteris: keratolitin\u0117 ir dr\u0117kinamoji veiklioji med\u017eiaga<\/span><br \/>\nL\u2019alkyl malate est un acide de fruit (AHA) \u00e0 chaine longue, qui permet une action d\u2019exfoliation sur la dur\u00e9e et donc en douceur. Naturellement pr\u00e9sent dans la pomme, il est \u00e9galement reconnu pour ses propri\u00e9t\u00e9s hydratantes.&nbsp;La combinaison de ces deux actifs prodigue au soin global une efficacit\u00e9 doubl\u00e9e d\u2019une grande tol\u00e9rance.<\/p>\n<p><span style=\"color: #df6c2e;\">Piroktono olaminas: antibakterinis ir konservantas<\/span><br \/>\nLa Piroctone Olamine agit sur les microorganismes \u00e0 l\u2019origine de l\u2019acn\u00e9 et limite la formation des boutons inflammatoires. Reconnue pour ses propri\u00e9t\u00e9s antimicrobiennes, elle joue \u00e9galement un r\u00f4le de conservateur. Cette double fonction naturelle \u00e9vite l\u2019ajout d\u2019autres conservateurs tel que les parabens.<\/p>\n<\/div>\n<div id=\"cmplt-prd\">\n<div class=\"h2prd\">\n<h2><span style=\"color: #df6c2e;\">PAPILDOMI PRODUKTAI<\/span><\/h2>\n<\/div>\n<style type=\"text\/css\">#soliloquy-container-5364 .soliloquy-prev{left: -60px;background-color:#df6c2e;}#soliloquy-container-5364 .soliloquy-next{right: -60px;background-color:#df6c2e;}#soliloquy-container-5364 .soliloquy-image{background: #f3f3f3;border: 1px solid #ddd;padding:3px;}#soliloquy-container-5364 .soliloquy-viewport{height: 260px !important;}#soliloquy-container-5364 .soliloquy-caption-bottom{position: relative;}#soliloquy-container-5364 .soliloquy-caption-inside{color:#CEBFB6; text-shadow:none;background:none;}@media only screen and (max-width: 1000px){#soliloquy-container-5364 .soliloquy-prev{left: 0px;}#soliloquy-container-5364 .soliloquy-next{right: 0px;}#soliloquy-container-5364 .soliloquy-viewport{height: 200px;}}<\/style><div class=\"soliloquy-outer-container soliloquy-carousel\" data-soliloquy-loaded=\"0\"><div aria-live=\"polite\" id=\"soliloquy-container-5364\" class=\"soliloquy-container soliloquy-transition-horizontal soliloquy-slide-horizontal soliloquy-arrows-active Produits-complmentaires-Hyfac soliloquy-theme-base\" style=\"max-width:960px;max-height:300px;margin:0 auto 20px;\"><ul id=\"soliloquy-5364\" class=\"soliloquy-slider soliloquy-slides soliloquy-wrap soliloquy-clear\"><li aria-hidden=\"true\" class=\"soliloquy-item soliloquy-item-1 soliloquy-id-5625 soliloquy-image-slide\" draggable=\"false\" style=\"list-style:none;\"><a href=\"https:\/\/hyfac.fr\/lt\/nos-gammes\/hyfac-classique\/gel-nettoyant-purifiant\/\" class=\"soliloquy-link\" title=\"HYFAC valomasis gelis nuo spuog\u0173\"><img id=\"soliloquy-image-5625\" class=\"soliloquy-image soliloquy-image-1\" src=\"https:\/\/hyfac.fr\/wp-content\/uploads\/2018\/09\/Diapositive01-1-200x200_c.jpeg\" alt=\"HYFAC valomasis gelis nuo spuog\u0173\" \/><\/a><div class=\"soliloquy-caption soliloquy-caption-bottom\"><div class=\"soliloquy-caption-inside\"><p>Valomasis valomasis gelis<\/p><br \/>\n<p style=\"font-size:13px\">Valo ir valo<\/p><\/div><\/div><\/li><li aria-hidden=\"true\" class=\"soliloquy-item soliloquy-item-2 soliloquy-id-5626 soliloquy-image-slide\" draggable=\"false\" style=\"list-style:none;\"><a href=\"https:\/\/hyfac.fr\/lt\/nos-gammes\/hyfac-classique\/mousse-nettoyante-exfoliante\/\" class=\"soliloquy-link\" title=\"HYFAC \u0161vei\u010diamosios valymo putos nuo spuog\u0173\"><img id=\"soliloquy-image-5626\" class=\"soliloquy-image soliloquy-image-2\" src=\"https:\/\/hyfac.fr\/wp-content\/uploads\/2018\/09\/Diapositive03-1-200x200_c.jpeg\" alt=\"HYFAC \u0161vei\u010diamosios valymo putos nuo spuog\u0173\" \/><\/a><div class=\"soliloquy-caption soliloquy-caption-bottom\"><div class=\"soliloquy-caption-inside\"><p>\u0160vei\u010diamosios valomosios putos<\/p><br \/>\n<p style=\"font-size:13px\">Valo ir pa\u0161alina ne\u0161varumus<\/p><\/div><\/div><\/li><li aria-hidden=\"true\" class=\"soliloquy-item soliloquy-item-3 soliloquy-id-5627 soliloquy-image-slide\" draggable=\"false\" style=\"list-style:none;\"><a href=\"https:\/\/hyfac.fr\/lt\/nos-gammes\/hyfac-classique\/pain-nettoyant-purifiant\/\" class=\"soliloquy-link\" title=\"HYFAC Acne Purifying Cleansing Bar\"><img id=\"soliloquy-image-5627\" class=\"soliloquy-image soliloquy-image-3\" src=\"https:\/\/hyfac.fr\/wp-content\/uploads\/2018\/09\/Diapositive05-1-200x200_c.jpeg\" alt=\"HYFAC Acne Purifying Cleansing Bar\" \/><\/a><div class=\"soliloquy-caption soliloquy-caption-bottom\"><div class=\"soliloquy-caption-inside\"><p>Valomasis valomasis baton\u0117lis<\/p><br \/>\n<p style=\"font-size:13px\">Valo ir valo<\/p><\/div><\/div><\/li><li aria-hidden=\"true\" class=\"soliloquy-item soliloquy-item-4 soliloquy-id-5628 soliloquy-image-slide\" draggable=\"false\" style=\"list-style:none;\"><a href=\"https:\/\/hyfac.fr\/lt\/nos-gammes\/hyfac-classique\/soin-global\/\" class=\"soliloquy-link\" title=\"HYFAC Global Anti-Imperfection Acne Care\"><img id=\"soliloquy-image-5628\" class=\"soliloquy-image soliloquy-image-4\" src=\"https:\/\/hyfac.fr\/wp-content\/uploads\/2018\/09\/Diapositive07-1-200x200_c.jpeg\" alt=\"HYFAC Global Anti-Imperfection Acne Care\" \/><\/a><div class=\"soliloquy-caption soliloquy-caption-bottom\"><div class=\"soliloquy-caption-inside\"><p>Visuotin\u0117 prie\u017ei\u016bra<\/p><br \/>\n<p style=\"font-size:13px\">Ma\u017eina d\u0117meles ir dr\u0117kina<\/p><\/div><\/div><\/li><li aria-hidden=\"true\" class=\"soliloquy-item soliloquy-item-5 soliloquy-id-5629 soliloquy-image-slide\" draggable=\"false\" style=\"list-style:none;\"><a href=\"https:\/\/hyfac.fr\/lt\/nos-gammes\/hyfac-classique\/emulsion-fluide\/\" class=\"soliloquy-link\" title=\"HYFAC raminanti dr\u0117kinamoji skys\u010di\u0173 emulsija nuo spuog\u0173\"><img id=\"soliloquy-image-5629\" class=\"soliloquy-image soliloquy-image-5\" src=\"https:\/\/hyfac.fr\/wp-content\/uploads\/2018\/09\/Diapositive09-1-200x200_c.jpeg\" alt=\"HYFAC raminanti dr\u0117kinamoji skys\u010di\u0173 emulsija nuo spuog\u0173\" \/><\/a><div class=\"soliloquy-caption soliloquy-caption-bottom\"><div class=\"soliloquy-caption-inside\"><p>Skysta emulsija<\/p><br \/>\n<p style=\"font-size:13px\">Dr\u0117kina ir matina<\/p><\/div><\/div><\/li><li aria-hidden=\"true\" class=\"soliloquy-item soliloquy-item-6 soliloquy-id-11232 soliloquy-image-slide\" draggable=\"false\" style=\"list-style:none;\"><a href=\"https:\/\/hyfac.fr\/lt\/nos-gammes\/hyfac-classique\/mousse-a-raser\/\" class=\"soliloquy-link\" title=\"HYFAC raminan\u010dios skutimosi putos jautriai odai\"><img id=\"soliloquy-image-11232\" class=\"soliloquy-image soliloquy-image-6\" src=\"https:\/\/hyfac.fr\/wp-content\/uploads\/2018\/09\/Diapositive11-1-200x200_c.png\" alt=\"HYFAC raminan\u010dios skutimosi putos jautriai odai\" \/><\/a><div class=\"soliloquy-caption soliloquy-caption-bottom\"><div class=\"soliloquy-caption-inside\"><p>Skutimosi putos<\/p><br \/>\n<p style=\"font-size:13px\">Mal\u0161ina skustuvo nudegim\u0105<\/p><\/div><\/div><\/li><li aria-hidden=\"true\" class=\"soliloquy-item soliloquy-item-7 soliloquy-id-5632 soliloquy-image-slide\" draggable=\"false\" style=\"list-style:none;\"><a href=\"https:\/\/hyfac.fr\/lt\/nos-gammes\/hyfac-classique\/patchs-anti-imperfections\/\" class=\"soliloquy-link\" title=\"HYFAC pleistras nuo spuog\u0173 d\u017eiovina spuogus\"><img id=\"soliloquy-image-5632\" class=\"soliloquy-image soliloquy-image-7\" src=\"https:\/\/hyfac.fr\/wp-content\/uploads\/2018\/09\/Diapositive13-200x200_c.jpeg\" alt=\"HYFAC pleistras nuo spuog\u0173 d\u017eiovina spuogus\" \/><\/a><div class=\"soliloquy-caption soliloquy-caption-bottom\"><div class=\"soliloquy-caption-inside\"><p>Pleistras nuo pa\u017eeidim\u0173<\/p><br \/>\n<p style=\"font-size:13px\">D\u017eiovina ir ma\u017eina spuogus<\/p><\/div><\/div><\/li><\/ul><\/div><noscript><style type=\"text\/css\" scoped>#soliloquy-container-5364{opacity:1}#soliloquy-container-5364 li > .soliloquy-caption{display:none}#soliloquy-container-5364 li:first-child > .soliloquy-caption{display:block}<\/style><div class=\"soliloquy-no-js\" style=\"display:none;visibility:hidden;height:0;line-height:0;opacity:0;\"><img class=\"soliloquy-image soliloquy-no-js-image\" src=\"https:\/\/hyfac.fr\/wp-content\/uploads\/2018\/09\/Diapositive01-1.jpeg\" alt=\"HYFAC valomasis gelis nuo spuog\u0173\" \/><img class=\"soliloquy-image soliloquy-no-js-image\" src=\"https:\/\/hyfac.fr\/wp-content\/uploads\/2018\/09\/Diapositive03-1.jpeg\" alt=\"HYFAC \u0161vei\u010diamosios valymo putos nuo spuog\u0173\" \/><img class=\"soliloquy-image soliloquy-no-js-image\" src=\"https:\/\/hyfac.fr\/wp-content\/uploads\/2018\/09\/Diapositive05-1.jpeg\" alt=\"HYFAC Acne Purifying Cleansing Bar\" \/><img class=\"soliloquy-image soliloquy-no-js-image\" src=\"https:\/\/hyfac.fr\/wp-content\/uploads\/2018\/09\/Diapositive07-1.jpeg\" alt=\"HYFAC Global Anti-Imperfection Acne Care\" \/><img class=\"soliloquy-image soliloquy-no-js-image\" src=\"https:\/\/hyfac.fr\/wp-content\/uploads\/2018\/09\/Diapositive09-1.jpeg\" alt=\"HYFAC raminanti dr\u0117kinamoji skys\u010di\u0173 emulsija nuo spuog\u0173\" \/><img class=\"soliloquy-image soliloquy-no-js-image\" src=\"https:\/\/hyfac.fr\/wp-content\/uploads\/2018\/09\/Diapositive11-1.png\" alt=\"HYFAC raminan\u010dios skutimosi putos jautriai odai\" \/><img class=\"soliloquy-image soliloquy-no-js-image\" src=\"https:\/\/hyfac.fr\/wp-content\/uploads\/2018\/09\/Diapositive13.jpeg\" alt=\"HYFAC pleistras nuo spuog\u0173 d\u017eiovina spuogus\" \/><\/div><\/noscript><\/div>\n<\/div>\n<div id=\"savoir-prd\">\n<div class=\"h2prd\">\n<h2><span style=\"color: #df6c2e;\">SKAITYKITE DAUGIAU<\/span><\/h2>\n<\/div>\n<div class=\"csRow\">\n<div class=\"csColumn\" style=\"margin: 0px; padding: 0px; float: left; width: 38.6%;\" data-csstartpoint=\"0\" data-csendpoint=\"370.5\" data-cswidth=\"38.6%\" data-csid=\"beb42ad8-6bfd-a029-8282-bd93ae120b4d\"><a href=\"https:\/\/hyfac.fr\/lt\/sos-dermato\/4329-acne-de-l-adolescent\/\" target=\"_blank\" rel=\"noopener\"><img loading=\"lazy\" class=\"aligncenter wp-image-4345 size-thumbnail\" src=\"https:\/\/hyfac.fr\/wp-content\/uploads\/2018\/03\/banniere_carree_site_hyfac_intro_themes5-250x250.jpg\" alt=\"Paaugli\u0173 spuogai\" width=\"250\" height=\"250\" srcset=\"https:\/\/hyfac.fr\/wp-content\/uploads\/2018\/03\/banniere_carree_site_hyfac_intro_themes5-250x250.jpg 250w, https:\/\/hyfac.fr\/wp-content\/uploads\/2018\/03\/banniere_carree_site_hyfac_intro_themes5-300x300.jpg 300w, https:\/\/hyfac.fr\/wp-content\/uploads\/2018\/03\/banniere_carree_site_hyfac_intro_themes5.jpg 543w\" sizes=\"(max-width: 250px) 100vw, 250px\" \/><\/a><\/div>\n<div class=\"csColumnGap\" style=\"margin: 0px; padding: 0px; float: left; width: 1.56%;\"><img style=\"border: none;\" src=\"https:\/\/hyfac.fr\/wp-content\/plugins\/advanced-wp-columns\/assets\/js\/plugins\/views\/img\/1x1-pixel.png\"><\/div>\n<div class=\"csColumn\" style=\"margin: 0px; padding: 0px; float: left; width: 59.8%;\" data-csstartpoint=\"385.5\" data-csendpoint=\"960\" data-cswidth=\"59.8%\" data-csid=\"56e6cac6-63f3-6945-9ddf-f20a5ec7912c\">Le soin global HYFAC est une cr\u00e8me visage anti-boutons qui convient parfaitement aux peaux \u00e0 tendance acn\u00e9ique. Son action \u00ab 4 en 1 \u00bb favorise l\u2019\u00e9limination des boutons d\u2019acn\u00e9 pr\u00e9sents sur le visage, d\u00e9sincruste les pores (action anti points noirs), hydrate et r\u00e9gule la s\u00e9cr\u00e9tion du s\u00e9bum.<br \/>\nLa Piroctone olamine, en agissant sur les microorganismes \u00e0 l\u2019origine de l\u2019acn\u00e9, limite la formation de boutons inflammatoires.<br \/>\nLes acides de fruit (AHAs) utilis\u00e9s dans le soin global HYFAC existent \u00e0 l\u2019\u00e9tat naturel dans le sucre de canne (acide glycolique) et les pommes (acide malique). Ils agissent en lib\u00e9ration progressive pour d\u00e9sincruster les pores sans agresser la peau, permettant ainsi une grande tol\u00e9rance.<br \/>\nL\u2019action hydratante des acides de fruits est scientifiquement reconnue. Elle augmente le confort d\u2019utilisation de cette cr\u00e8me de soin anti-imperfections, comme le ferait une cr\u00e8me hydratante.<br \/>\nLe soin global HYFAC contient des agents matifiants qui absorbent le s\u00e9bum en exc\u00e8s.&nbsp;&nbsp;<\/p>\n<div id=\"savoirplus\"><a href=\"https:\/\/hyfac.fr\/lt\/sos-dermato\/4329-acne-de-l-adolescent\/\">En savoir plus sur l&#8217;acn\u00e9 de l&#8217;adolescent<\/a><\/div>\n<\/div>\n<div style=\"clear: both; float: none; display: block; visibility: hidden; width: 0px; font-size: 0px; line-height: 0;\">&nbsp;<\/div>\n<\/div>\n<\/div>\n<div id=\"compo-prd\">\n<div class=\"h2prd\">\n<h2><span style=\"color: #df6c2e;\">SUD\u0116TIS <span style=\"font-size: 14pt;\">\/<\/span> SUDEDAMOSIOS DALYS<\/span><\/h2>\n<\/div>\n<p><span style=\"color: #cebfb6;\">INCI : AQUA (WATER), CETEARYL ETHYLHEXANOATE, DI C12-13 ALKYL MALATE, GLYCOLIC ACID, CYCLOPENTASILOXANE, GLYCERIN, STEARETH-2, STEARETH-21, NYLON 12, CYCLOHEXASILOXANE, CETYL ALCOHOL, POLYACRYLAMIDE, SODIUM HYDROXIDE, C13-14 ISOPARAFFIN, DIAZOLIDINYL UREA, DIMETHICONOL, PIROCTONE OLAMINE, PARFUM (FRAGRANCE), LAURETH-7, XANTHAN GUM.<\/span><\/p>\n<\/div>","protected":false},"excerpt":{"rendered":"<p>Suma\u017eina netobulumus ir pa\u0161alina ne\u0161varumus.<\/p>","protected":false},"author":1,"featured_media":730,"parent":54,"menu_order":3,"comment_status":"closed","ping_status":"closed","template":"page\/page-template-newprdoriginal.php","meta":{"_mi_skip_tracking":false,"spay_email":""},"_links":{"self":[{"href":"https:\/\/hyfac.fr\/lt\/wp-json\/wp\/v2\/pages\/1419"}],"collection":[{"href":"https:\/\/hyfac.fr\/lt\/wp-json\/wp\/v2\/pages"}],"about":[{"href":"https:\/\/hyfac.fr\/lt\/wp-json\/wp\/v2\/types\/page"}],"author":[{"embeddable":true,"href":"https:\/\/hyfac.fr\/lt\/wp-json\/wp\/v2\/users\/1"}],"replies":[{"embeddable":true,"href":"https:\/\/hyfac.fr\/lt\/wp-json\/wp\/v2\/comments?post=1419"}],"version-history":[{"count":55,"href":"https:\/\/hyfac.fr\/lt\/wp-json\/wp\/v2\/pages\/1419\/revisions"}],"predecessor-version":[{"id":15022,"href":"https:\/\/hyfac.fr\/lt\/wp-json\/wp\/v2\/pages\/1419\/revisions\/15022"}],"up":[{"embeddable":true,"href":"https:\/\/hyfac.fr\/lt\/wp-json\/wp\/v2\/pages\/54"}],"wp:featuredmedia":[{"embeddable":true,"href":"https:\/\/hyfac.fr\/lt\/wp-json\/wp\/v2\/media\/730"}],"wp:attachment":[{"href":"https:\/\/hyfac.fr\/lt\/wp-json\/wp\/v2\/media?parent=1419"}],"curies":[{"name":"wp","href":"https:\/\/api.w.org\/{rel}","templated":true}]}}