{"id":1422,"date":"2016-05-25T23:45:09","date_gmt":"2016-05-25T21:45:09","guid":{"rendered":"http:\/\/hyfac.fr\/?page_id=1422"},"modified":"2025-10-06T11:58:50","modified_gmt":"2025-10-06T09:58:50","slug":"patchs-anti-imperfections","status":"publish","type":"page","link":"https:\/\/hyfac.fr\/lt\/nos-gammes\/hyfac-classique\/patchs-anti-imperfections\/","title":{"rendered":"Pleistrai nuo defekt\u0173"},"content":{"rendered":"<div style=\"width: 960px;\"><\/div>\n<div id=\"prd\">\n<div class=\"csRow\">\n<div class=\"csColumn\" style=\"margin: 0px; padding: 0px; float: left; width: 43%;\" data-csstartpoint=\"0\" data-csendpoint=\"430\" data-cswidth=\"43.0%\" data-csid=\"beb42ad8-6bfd-a029-8282-bd93ae120b4d\">\n<style type=\"text\/css\">#soliloquy-container-5306 .soliloquy-pager{bottom: -30px;}<\/style><div class=\"soliloquy-outer-container\" data-soliloquy-loaded=\"0\"><div aria-live=\"polite\" id=\"soliloquy-container-5306\" class=\"soliloquy-container soliloquy-transition-horizontal soliloquy-slide-horizontal soliloquy-controls-active slider-img-prd soliloquy-theme-base\" style=\"max-width:340px;max-height:538px;margin:0 auto 20px;max-width:100%;max-height:none;\"><ul id=\"soliloquy-5306\" class=\"soliloquy-slider soliloquy-slides soliloquy-wrap soliloquy-clear\"><li aria-hidden=\"true\" class=\"soliloquy-item soliloquy-item-1 soliloquy-id-15863 soliloquy-image-slide\" draggable=\"false\" style=\"list-style:none;\"><a href=\"https:\/\/hyfac.fr\/wp-content\/uploads\/2022\/02\/Unknown.jpeg\" class=\"soliloquy-link\" title=\"Unknown\" rel=\"soliloquybox5306\" data-thumbnail=\"https:\/\/hyfac.fr\/wp-content\/uploads\/2022\/02\/Unknown-75x75_c.jpeg\"><img id=\"soliloquy-image-15863\" class=\"soliloquy-image soliloquy-image-1\" src=\"https:\/\/hyfac.fr\/wp-content\/uploads\/2022\/02\/Unknown-340x538_c.jpeg\" alt=\"Unknown\" \/><\/a><\/li><\/ul><\/div><noscript><style type=\"text\/css\" scoped>#soliloquy-container-5306{opacity:1}#soliloquy-container-5306 li > .soliloquy-caption{display:none}#soliloquy-container-5306 li:first-child > .soliloquy-caption{display:block}<\/style><div class=\"soliloquy-no-js\" style=\"display:none;visibility:hidden;height:0;line-height:0;opacity:0;\"><img class=\"soliloquy-image soliloquy-no-js-image\" src=\"https:\/\/hyfac.fr\/wp-content\/uploads\/2022\/02\/Unknown.jpeg\" alt=\"Unknown\" \/><\/div><\/noscript><\/div>\n<\/div>\n<div class=\"csColumnGap\" style=\"margin: 0px; padding: 0px; float: left; width: 7.7%;\"><img style=\"border: none;\" src=\"https:\/\/hyfac.fr\/wp-content\/plugins\/advanced-wp-columns\/assets\/js\/plugins\/views\/img\/1x1-pixel.png\" \/><\/div>\n<div class=\"csColumn\" style=\"margin: 0px; padding: 0px; float: left; width: 49.3%;\" data-csstartpoint=\"507\" data-csendpoint=\"1000\" data-cswidth=\"49.3%\" data-csid=\"56e6cac6-63f3-6945-9ddf-f20a5ec7912c\">\n<h1><span style=\"color: #df6c2e; line-height: 35px;\">PATCHS ANTI-IMPERFECTIONS<\/span><\/h1>\n<p><span style=\"color: #df6c2e;\">HYFAC originalus asortimentas<\/span><br \/>\nBo\u00eete de 30 patchs<\/p>\n<p><br \/>\nSolution d&#8217;urgence anti-bouton aux huiles essentielles pour ass\u00e9cher et diminuer le bouton inflammatoire. Invisible et sans odeur.<\/p>\n<ul id=\"ulprd\">\n<li><img class=\"logo-prd\" src=\"\/wp-content\/uploads\/2018\/09\/Urgence-anti-bouton.png\" alt=\"Urgence anti-bouton\" width=\"50\" \/><br \/>\nANTI-BOUTON<\/li>\n<li><img class=\"logo-prd\" src=\"\/wp-content\/uploads\/2018\/09\/asseche.png\" alt=\"ass\u00e8che\" width=\"50\" \/><br \/>\nASSECHE<\/li>\n<li><img class=\"logo-prd\" src=\"\/wp-content\/uploads\/2018\/09\/Cicatriser.png\" alt=\"Cicatriser\" width=\"50\" \/><br \/>\nCICATRISANT<\/li>\n<li><img class=\"logo-prd\" src=\"\/wp-content\/uploads\/2018\/09\/Invisible.png\" alt=\"Invisible\" width=\"50\" \/><br \/>\nINVISIBLE<\/li>\n<\/ul>\n<ul id=\"ulprd-link\">\n<li><p class=\"product woocommerce add_to_cart_inline\" style=\"border:4px solid #ccc; padding: 12px;\"><span class=\"woocommerce-Price-amount amount\"><bdi>10,90&nbsp;<span class=\"woocommerce-Price-currencySymbol\">\u20ac<\/span><\/bdi><\/span><a href=\"?add-to-cart=14925\" data-quantity=\"1\" class=\"button product_type_simple add_to_cart_button ajax_add_to_cart\" data-product_id=\"14925\" data-product_sku=\"\" aria-label=\"\u012ed\u0117ti \u012f kre\u0161el\u012f: \u201cClassic - Patchs anti-Imperfections\u201d\" rel=\"nofollow\" data-no-translation=\"\" data-trp-gettext=\"\" data-no-translation-aria-label=\"\">\u012e krep\u0161el\u012f<\/a><\/p><\/li>\n<li><\/li>\n<li><a href=\"https:\/\/hyfac.fr\/lt\/pres-de-chez-vous\/\"><img class=\"img2\" src=\"\/wp-content\/uploads\/2018\/06\/logo-map-e1530138886120.png\" alt=\"loc\" \/>Suraskite pardavimo viet\u0105<\/a><\/li>\n<\/ul>\n<ul id=\"ulprd-link\">\n<li class=\"infotri\"><span class=\"spantri\">Atraskite m\u016bs\u0173 r\u016b\u0161iavimo instrukcijas<\/span><br \/>\n<img class=\"imgtri\" src=\"https:\/\/hyfac.fr\/wp-content\/uploads\/2020\/12\/HYFAC-ORIGINAL-Patchs.png\" \/><\/li>\n<\/ul>\n<\/div>\n<div style=\"clear: both; float: none; display: block; visibility: hidden; width: 0px; font-size: 0px; line-height: 0;\"><\/div>\n<\/div>\n<\/div>\n<div id=\"descript-prd\">Le patch anti-imperfections HYFAC ass\u00e8che, apaise et diminue le bouton inflammatoire. Cette <strong>solution d\u2019urgence<\/strong> permet d\u2019acc\u00e9l\u00e9rer le processus de cicatrisation du bouton rouge ou blanc pour le faire disparaitre rapidement. Invisible et <strong>discret<\/strong>, le patch agit localement gr\u00e2ce aux <strong>huiles essentielles<\/strong> qu\u2019il contient. Transparentes, les pastilles agissent entre <strong>8 et 10 heures<\/strong>. Le patch peut donc \u00eatre laiss\u00e9 toute la nuit sur l\u2019imperfection \u00e0 \u00e9liminer.<\/div>\n<div id=\"menu-prdnew\">\n<ul>\n<li><a id=\"lienmenuconseil\" href=\"#prd\">NAUDOJIMO TARYBA<\/a><\/li>\n<li><a id=\"lienmenuactifs\" href=\"#conseil-prd\">TURTAS<\/a><\/li>\n<li><a id=\"lienmenucmplt\" href=\"#actifs-prd\">PAPILDOMI PRODUKTAI<\/a><\/li>\n<li><a id=\"lienmenusavoir\" href=\"#cmplt-prd\">SKAITYKITE DAUGIAU<\/a><\/li>\n<li><a id=\"lienmenucompo\" href=\"#savoir-prd\">SUD\u0116TIS<\/a><\/li>\n<\/ul>\n<\/div>\n<div id=\"conseil-prd\">\n<div class=\"csRow\">\n<div class=\"csColumn\" style=\"margin: 0px; padding: 0px; float: left; width: 70.8%;\" data-csstartpoint=\"0\" data-csendpoint=\"680\" data-cswidth=\"70.8%\" data-csid=\"7ce9a14c-d45b-a3f2-987b-63fd249cc312\">\n<p><span style=\"color: #df6c2e;\">COMMENT UTILISER LES PATCHS ANTI-IMPERFECTIONS HYFAC ?<\/span><\/p>\n<p>Le soir, appliquer directement un patch sur le bouton localis\u00e9, pr\u00e9alablement nettoy\u00e9 avec le <a href=\"https:\/\/hyfac.fr\/lt\/nos-gammes\/hyfac-classique\/gel-nettoyant-purifiant\/\">HYFAC valomasis valomasis gelis<\/a> et s\u00e9ch\u00e9. Laisser agir toute la nuit et retirer le patch au r\u00e9veil. Si besoin, renouveler l\u2019application la nuit suivante.<\/p>\n<p>Pastilles \u00e0 usage unique. Laisser agir entre 8 \u00e0 10h pour un r\u00e9sultat optimal.<\/p>\n<\/div>\n<div class=\"csColumnGap\" style=\"margin: 0px; padding: 0px; float: left; width: 1.56%;\"><img style=\"border: none;\" src=\"https:\/\/hyfac.fr\/wp-content\/plugins\/advanced-wp-columns\/assets\/js\/plugins\/views\/img\/1x1-pixel.png\" \/><\/div>\n<div class=\"csColumn\" style=\"margin: 0px; padding: 0px; float: left; width: 27.6%;\" data-csstartpoint=\"695\" data-csendpoint=\"960\" data-cswidth=\"27.6%\" data-csid=\"2de6301b-fc0e-6c4c-b16e-671973f34d15\">\n<p><img loading=\"lazy\" class=\"aligncenter wp-image-5140\" src=\"https:\/\/hyfac.fr\/wp-content\/uploads\/2018\/07\/conseil-250x250.png\" alt=\"\" width=\"180\" height=\"181\" srcset=\"https:\/\/hyfac.fr\/wp-content\/uploads\/2018\/07\/conseil-250x250.png 250w, https:\/\/hyfac.fr\/wp-content\/uploads\/2018\/07\/conseil-298x300.png 298w, https:\/\/hyfac.fr\/wp-content\/uploads\/2018\/07\/conseil.png 308w\" sizes=\"(max-width: 180px) 100vw, 180px\" \/><\/p>\n<\/div>\n<div style=\"clear: both; float: none; display: block; visibility: hidden; width: 0px; font-size: 0px; line-height: 0;\"><\/div>\n<\/div>\n<\/div>\n<div id=\"actifs-prd\">\n<div class=\"h2prd\">\n<h2><span style=\"color: #df6c2e;\">PAGRINDINIS TURTAS<\/span><\/h2>\n<\/div>\n<p><span style=\"color: #df6c2e;\">Huiles essentielles : Antimicrobiennes et conservatrices<\/span><br \/>\nLe patch anti-imperfections contient de nombreuses huiles essentielles reconnues pour leurs propri\u00e9t\u00e9s antibact\u00e9riennes. Tea tree, lavande, romarin ou menthe poivr\u00e9e, ces huiles essentielles ass\u00e8chent et neutralisent l&#8217;inflammation pour faire dispara\u00eetre rapidement les boutons inflammatoires.<\/p>\n<\/div>\n<div id=\"cmplt-prd\">\n<div class=\"h2prd\">\n<h2><span style=\"color: #df6c2e;\">PAPILDOMI PRODUKTAI<\/span><\/h2>\n<\/div>\n<style type=\"text\/css\">#soliloquy-container-5364 .soliloquy-prev{left: -60px;background-color:#df6c2e;}#soliloquy-container-5364 .soliloquy-next{right: -60px;background-color:#df6c2e;}#soliloquy-container-5364 .soliloquy-image{background: #f3f3f3;border: 1px solid #ddd;padding:3px;}#soliloquy-container-5364 .soliloquy-viewport{height: 260px !important;}#soliloquy-container-5364 .soliloquy-caption-bottom{position: relative;}#soliloquy-container-5364 .soliloquy-caption-inside{color:#CEBFB6; text-shadow:none;background:none;}@media only screen and (max-width: 1000px){#soliloquy-container-5364 .soliloquy-prev{left: 0px;}#soliloquy-container-5364 .soliloquy-next{right: 0px;}#soliloquy-container-5364 .soliloquy-viewport{height: 200px;}}<\/style><div class=\"soliloquy-outer-container soliloquy-carousel\" data-soliloquy-loaded=\"0\"><div aria-live=\"polite\" id=\"soliloquy-container-5364\" class=\"soliloquy-container soliloquy-transition-horizontal soliloquy-slide-horizontal soliloquy-arrows-active Produits-complmentaires-Hyfac soliloquy-theme-base\" style=\"max-width:960px;max-height:300px;margin:0 auto 20px;\"><ul id=\"soliloquy-5364\" class=\"soliloquy-slider soliloquy-slides soliloquy-wrap soliloquy-clear\"><li aria-hidden=\"true\" class=\"soliloquy-item soliloquy-item-1 soliloquy-id-5625 soliloquy-image-slide\" draggable=\"false\" style=\"list-style:none;\"><a href=\"https:\/\/hyfac.fr\/lt\/nos-gammes\/hyfac-classique\/gel-nettoyant-purifiant\/\" class=\"soliloquy-link\" title=\"HYFAC valomasis gelis nuo spuog\u0173\"><img id=\"soliloquy-image-5625\" class=\"soliloquy-image soliloquy-image-1\" src=\"https:\/\/hyfac.fr\/wp-content\/uploads\/2018\/09\/Diapositive01-1-200x200_c.jpeg\" alt=\"HYFAC valomasis gelis nuo spuog\u0173\" \/><\/a><div class=\"soliloquy-caption soliloquy-caption-bottom\"><div class=\"soliloquy-caption-inside\"><p>Valomasis valomasis gelis<\/p><br \/>\n<p style=\"font-size:13px\">Valo ir valo<\/p><\/div><\/div><\/li><li aria-hidden=\"true\" class=\"soliloquy-item soliloquy-item-2 soliloquy-id-5626 soliloquy-image-slide\" draggable=\"false\" style=\"list-style:none;\"><a href=\"https:\/\/hyfac.fr\/lt\/nos-gammes\/hyfac-classique\/mousse-nettoyante-exfoliante\/\" class=\"soliloquy-link\" title=\"HYFAC \u0161vei\u010diamosios valymo putos nuo spuog\u0173\"><img id=\"soliloquy-image-5626\" class=\"soliloquy-image soliloquy-image-2\" src=\"https:\/\/hyfac.fr\/wp-content\/uploads\/2018\/09\/Diapositive03-1-200x200_c.jpeg\" alt=\"HYFAC \u0161vei\u010diamosios valymo putos nuo spuog\u0173\" \/><\/a><div class=\"soliloquy-caption soliloquy-caption-bottom\"><div class=\"soliloquy-caption-inside\"><p>\u0160vei\u010diamosios valomosios putos<\/p><br \/>\n<p style=\"font-size:13px\">Valo ir pa\u0161alina ne\u0161varumus<\/p><\/div><\/div><\/li><li aria-hidden=\"true\" class=\"soliloquy-item soliloquy-item-3 soliloquy-id-5627 soliloquy-image-slide\" draggable=\"false\" style=\"list-style:none;\"><a href=\"https:\/\/hyfac.fr\/lt\/nos-gammes\/hyfac-classique\/pain-nettoyant-purifiant\/\" class=\"soliloquy-link\" title=\"HYFAC Acne Purifying Cleansing Bar\"><img id=\"soliloquy-image-5627\" class=\"soliloquy-image soliloquy-image-3\" src=\"https:\/\/hyfac.fr\/wp-content\/uploads\/2018\/09\/Diapositive05-1-200x200_c.jpeg\" alt=\"HYFAC Acne Purifying Cleansing Bar\" \/><\/a><div class=\"soliloquy-caption soliloquy-caption-bottom\"><div class=\"soliloquy-caption-inside\"><p>Valomasis valomasis baton\u0117lis<\/p><br \/>\n<p style=\"font-size:13px\">Valo ir valo<\/p><\/div><\/div><\/li><li aria-hidden=\"true\" class=\"soliloquy-item soliloquy-item-4 soliloquy-id-5628 soliloquy-image-slide\" draggable=\"false\" style=\"list-style:none;\"><a href=\"https:\/\/hyfac.fr\/lt\/nos-gammes\/hyfac-classique\/soin-global\/\" class=\"soliloquy-link\" title=\"HYFAC Global Anti-Imperfection Acne Care\"><img id=\"soliloquy-image-5628\" class=\"soliloquy-image soliloquy-image-4\" src=\"https:\/\/hyfac.fr\/wp-content\/uploads\/2018\/09\/Diapositive07-1-200x200_c.jpeg\" alt=\"HYFAC Global Anti-Imperfection Acne Care\" \/><\/a><div class=\"soliloquy-caption soliloquy-caption-bottom\"><div class=\"soliloquy-caption-inside\"><p>Visuotin\u0117 prie\u017ei\u016bra<\/p><br \/>\n<p style=\"font-size:13px\">Ma\u017eina d\u0117meles ir dr\u0117kina<\/p><\/div><\/div><\/li><li aria-hidden=\"true\" class=\"soliloquy-item soliloquy-item-5 soliloquy-id-5629 soliloquy-image-slide\" draggable=\"false\" style=\"list-style:none;\"><a href=\"https:\/\/hyfac.fr\/lt\/nos-gammes\/hyfac-classique\/emulsion-fluide\/\" class=\"soliloquy-link\" title=\"HYFAC raminanti dr\u0117kinamoji skys\u010di\u0173 emulsija nuo spuog\u0173\"><img id=\"soliloquy-image-5629\" class=\"soliloquy-image soliloquy-image-5\" src=\"https:\/\/hyfac.fr\/wp-content\/uploads\/2018\/09\/Diapositive09-1-200x200_c.jpeg\" alt=\"HYFAC raminanti dr\u0117kinamoji skys\u010di\u0173 emulsija nuo spuog\u0173\" \/><\/a><div class=\"soliloquy-caption soliloquy-caption-bottom\"><div class=\"soliloquy-caption-inside\"><p>Skysta emulsija<\/p><br \/>\n<p style=\"font-size:13px\">Dr\u0117kina ir matina<\/p><\/div><\/div><\/li><li aria-hidden=\"true\" class=\"soliloquy-item soliloquy-item-6 soliloquy-id-11232 soliloquy-image-slide\" draggable=\"false\" style=\"list-style:none;\"><a href=\"https:\/\/hyfac.fr\/lt\/nos-gammes\/hyfac-classique\/mousse-a-raser\/\" class=\"soliloquy-link\" title=\"HYFAC raminan\u010dios skutimosi putos jautriai odai\"><img id=\"soliloquy-image-11232\" class=\"soliloquy-image soliloquy-image-6\" src=\"https:\/\/hyfac.fr\/wp-content\/uploads\/2018\/09\/Diapositive11-1-200x200_c.png\" alt=\"HYFAC raminan\u010dios skutimosi putos jautriai odai\" \/><\/a><div class=\"soliloquy-caption soliloquy-caption-bottom\"><div class=\"soliloquy-caption-inside\"><p>Skutimosi putos<\/p><br \/>\n<p style=\"font-size:13px\">Mal\u0161ina skustuvo nudegim\u0105<\/p><\/div><\/div><\/li><li aria-hidden=\"true\" class=\"soliloquy-item soliloquy-item-7 soliloquy-id-5632 soliloquy-image-slide\" draggable=\"false\" style=\"list-style:none;\"><a href=\"https:\/\/hyfac.fr\/lt\/nos-gammes\/hyfac-classique\/patchs-anti-imperfections\/\" class=\"soliloquy-link\" title=\"HYFAC pleistras nuo spuog\u0173 d\u017eiovina spuogus\"><img id=\"soliloquy-image-5632\" class=\"soliloquy-image soliloquy-image-7\" src=\"https:\/\/hyfac.fr\/wp-content\/uploads\/2018\/09\/Diapositive13-200x200_c.jpeg\" alt=\"HYFAC pleistras nuo spuog\u0173 d\u017eiovina spuogus\" \/><\/a><div class=\"soliloquy-caption soliloquy-caption-bottom\"><div class=\"soliloquy-caption-inside\"><p>Pleistras nuo pa\u017eeidim\u0173<\/p><br \/>\n<p style=\"font-size:13px\">D\u017eiovina ir ma\u017eina spuogus<\/p><\/div><\/div><\/li><\/ul><\/div><noscript><style type=\"text\/css\" scoped>#soliloquy-container-5364{opacity:1}#soliloquy-container-5364 li > .soliloquy-caption{display:none}#soliloquy-container-5364 li:first-child > .soliloquy-caption{display:block}<\/style><div class=\"soliloquy-no-js\" style=\"display:none;visibility:hidden;height:0;line-height:0;opacity:0;\"><img class=\"soliloquy-image soliloquy-no-js-image\" src=\"https:\/\/hyfac.fr\/wp-content\/uploads\/2018\/09\/Diapositive01-1.jpeg\" alt=\"HYFAC valomasis gelis nuo spuog\u0173\" \/><img class=\"soliloquy-image soliloquy-no-js-image\" src=\"https:\/\/hyfac.fr\/wp-content\/uploads\/2018\/09\/Diapositive03-1.jpeg\" alt=\"HYFAC \u0161vei\u010diamosios valymo putos nuo spuog\u0173\" \/><img class=\"soliloquy-image soliloquy-no-js-image\" src=\"https:\/\/hyfac.fr\/wp-content\/uploads\/2018\/09\/Diapositive05-1.jpeg\" alt=\"HYFAC Acne Purifying Cleansing Bar\" \/><img class=\"soliloquy-image soliloquy-no-js-image\" src=\"https:\/\/hyfac.fr\/wp-content\/uploads\/2018\/09\/Diapositive07-1.jpeg\" alt=\"HYFAC Global Anti-Imperfection Acne Care\" \/><img class=\"soliloquy-image soliloquy-no-js-image\" src=\"https:\/\/hyfac.fr\/wp-content\/uploads\/2018\/09\/Diapositive09-1.jpeg\" alt=\"HYFAC raminanti dr\u0117kinamoji skys\u010di\u0173 emulsija nuo spuog\u0173\" \/><img class=\"soliloquy-image soliloquy-no-js-image\" src=\"https:\/\/hyfac.fr\/wp-content\/uploads\/2018\/09\/Diapositive11-1.png\" alt=\"HYFAC raminan\u010dios skutimosi putos jautriai odai\" \/><img class=\"soliloquy-image soliloquy-no-js-image\" src=\"https:\/\/hyfac.fr\/wp-content\/uploads\/2018\/09\/Diapositive13.jpeg\" alt=\"HYFAC pleistras nuo spuog\u0173 d\u017eiovina spuogus\" \/><\/div><\/noscript><\/div>\n<\/div>\n<div id=\"savoir-prd\">\n<div class=\"h2prd\">\n<h2><span style=\"color: #df6c2e;\">SKAITYKITE DAUGIAU<\/span><\/h2>\n<\/div>\n<div class=\"csRow\">\n<div class=\"csColumn\" style=\"margin: 0px; padding: 0px; float: left; width: 38.6%;\" data-csstartpoint=\"0\" data-csendpoint=\"370.5\" data-cswidth=\"38.6%\" data-csid=\"beb42ad8-6bfd-a029-8282-bd93ae120b4d\"><a href=\"https:\/\/hyfac.fr\/lt\/sos-dermato\/4329-acne-de-l-adolescent\/\" target=\"_blank\" rel=\"noopener\"><img loading=\"lazy\" class=\"aligncenter wp-image-4345 size-thumbnail\" src=\"https:\/\/hyfac.fr\/wp-content\/uploads\/2018\/03\/banniere_carree_site_hyfac_intro_themes5-250x250.jpg\" alt=\"Paaugli\u0173 spuogai\" width=\"250\" height=\"250\" srcset=\"https:\/\/hyfac.fr\/wp-content\/uploads\/2018\/03\/banniere_carree_site_hyfac_intro_themes5-250x250.jpg 250w, https:\/\/hyfac.fr\/wp-content\/uploads\/2018\/03\/banniere_carree_site_hyfac_intro_themes5-300x300.jpg 300w, https:\/\/hyfac.fr\/wp-content\/uploads\/2018\/03\/banniere_carree_site_hyfac_intro_themes5.jpg 543w\" sizes=\"(max-width: 250px) 100vw, 250px\" \/><\/a><\/div>\n<div class=\"csColumnGap\" style=\"margin: 0px; padding: 0px; float: left; width: 1.56%;\"><img style=\"border: none;\" src=\"https:\/\/hyfac.fr\/wp-content\/plugins\/advanced-wp-columns\/assets\/js\/plugins\/views\/img\/1x1-pixel.png\" \/><\/div>\n<div class=\"csColumn\" style=\"margin: 0px; padding: 0px; float: left; width: 59.8%;\" data-csstartpoint=\"385.5\" data-csendpoint=\"960\" data-cswidth=\"59.8%\" data-csid=\"56e6cac6-63f3-6945-9ddf-f20a5ec7912c\">Un gros bouton rouge appara\u00eet la veille d\u2019un \u00e9v\u00e9nement ou d&#8217;une r\u00e9union importante ? Comment s\u2019en d\u00e9barasser en urgence ?<br \/>\nIl ne faut pas percer un bouton blanc du visage ! Cela aggraverait consid\u00e9rablement la situation et entrainerait la formation d\u2019une cro\u00fbte encore plus visible que le bouton lui-m\u00eame. Au del\u00e0 de cette cro\u00fbte disgracieuse, le fait de percer un bouton risque de laisser une cicatrice qui s\u2019ajouterai \u00e0 celles que l\u2019acn\u00e9 peut laisser.<br \/>\nLe patch anti-imperfection HYFAC enrichi en huiles essentielles antiseptiques permet d\u2019acc\u00e9l\u00e9rer le processus de cicatrisation du bouton. Le patch anti-bouton est une solution d\u2019urgence ass\u00e9chante, permettant \u00e9galement d\u2019\u00e9viter d\u2019aggraver les boutons et les cicatrices par des gestes de grattements ou de frottement sur la zone affect\u00e9e.<\/p>\n<div id=\"savoirplus\"><a href=\"https:\/\/hyfac.fr\/lt\/sos-dermato\/4329-acne-de-l-adolescent\/\">En savoir plus sur l&#8217;acn\u00e9 de l&#8217;adolescent<\/a><\/div>\n<\/div>\n<div style=\"clear: both; float: none; display: block; visibility: hidden; width: 0px; font-size: 0px; line-height: 0;\"><\/div>\n<\/div>\n<\/div>\n<div id=\"compo-prd\">\n<div class=\"h2prd\">\n<h2><span style=\"color: #df6c2e;\">SUD\u0116TIS <span style=\"font-size: 14pt;\">\/<\/span> SUDEDAMOSIOS DALYS<\/span><\/h2>\n<\/div>\n<p><span style=\"color: #cebfb6;\">INCI : STYRENE\/ISOPRENE COPOLYMER, HYDROGENATED POLY (C6-20 OLEFIN), CELLULOSE GUM, POLYISOBUTENE, SALICYLIC ACID MELALEUCA ALTERNIFOLIA (TEA TREE) LEAF OIL, ASIATICOSIDE, MADECASSIC ACID.<\/span><\/p>\n<\/div>","protected":false},"excerpt":{"rendered":"<p>D\u017eiovina ir ma\u017eina u\u017edegimin\u012f spuog\u0105<\/p>","protected":false},"author":1,"featured_media":15863,"parent":54,"menu_order":5,"comment_status":"closed","ping_status":"closed","template":"page\/page-template-newprdoriginal.php","meta":{"_mi_skip_tracking":false,"spay_email":""},"_links":{"self":[{"href":"https:\/\/hyfac.fr\/lt\/wp-json\/wp\/v2\/pages\/1422"}],"collection":[{"href":"https:\/\/hyfac.fr\/lt\/wp-json\/wp\/v2\/pages"}],"about":[{"href":"https:\/\/hyfac.fr\/lt\/wp-json\/wp\/v2\/types\/page"}],"author":[{"embeddable":true,"href":"https:\/\/hyfac.fr\/lt\/wp-json\/wp\/v2\/users\/1"}],"replies":[{"embeddable":true,"href":"https:\/\/hyfac.fr\/lt\/wp-json\/wp\/v2\/comments?post=1422"}],"version-history":[{"count":43,"href":"https:\/\/hyfac.fr\/lt\/wp-json\/wp\/v2\/pages\/1422\/revisions"}],"predecessor-version":[{"id":15870,"href":"https:\/\/hyfac.fr\/lt\/wp-json\/wp\/v2\/pages\/1422\/revisions\/15870"}],"up":[{"embeddable":true,"href":"https:\/\/hyfac.fr\/lt\/wp-json\/wp\/v2\/pages\/54"}],"wp:featuredmedia":[{"embeddable":true,"href":"https:\/\/hyfac.fr\/lt\/wp-json\/wp\/v2\/media\/15863"}],"wp:attachment":[{"href":"https:\/\/hyfac.fr\/lt\/wp-json\/wp\/v2\/media?parent=1422"}],"curies":[{"name":"wp","href":"https:\/\/api.w.org\/{rel}","templated":true}]}}