{"id":1432,"date":"2016-05-26T00:51:32","date_gmt":"2016-05-25T22:51:32","guid":{"rendered":"http:\/\/hyfac.fr\/?page_id=1432"},"modified":"2022-02-10T02:01:19","modified_gmt":"2022-02-10T01:01:19","slug":"soin-global","status":"publish","type":"page","link":"https:\/\/hyfac.fr\/lt\/nos-gammes\/hyfac-woman\/soin-global\/","title":{"rendered":"Visuotin\u0117 prie\u017ei\u016bra"},"content":{"rendered":"<p>&nbsp;<\/p>\n<div style=\"width: 960px;\">&nbsp;<\/div>\n<div id=\"prd\">\n<div class=\"csRow\">\n<div class=\"csColumn\" style=\"margin: 0px; padding: 0px; float: left; width: 43%;\" data-csstartpoint=\"0\" data-csendpoint=\"430\" data-cswidth=\"43.0%\" data-csid=\"beb42ad8-6bfd-a029-8282-bd93ae120b4d\">\n<style type=\"text\/css\">#soliloquy-container-5299 .soliloquy-pager{bottom: -30px;}<\/style><div class=\"soliloquy-outer-container\" data-soliloquy-loaded=\"0\"><div aria-live=\"polite\" id=\"soliloquy-container-5299\" class=\"soliloquy-container soliloquy-transition-horizontal soliloquy-slide-horizontal soliloquy-controls-active slider-img-prd soliloquy-theme-base\" style=\"max-width:340px;max-height:538px;margin:0 auto 20px;max-width:100%;max-height:none;\"><ul id=\"soliloquy-5299\" class=\"soliloquy-slider soliloquy-slides soliloquy-wrap soliloquy-clear\"><li aria-hidden=\"true\" class=\"soliloquy-item soliloquy-item-1 soliloquy-id-5570 soliloquy-image-slide\" draggable=\"false\" style=\"list-style:none;\"><img id=\"soliloquy-image-5570\" class=\"soliloquy-image soliloquy-image-1\" src=\"https:\/\/hyfac.fr\/wp-content\/uploads\/2018\/09\/Diapositive15-340x538_c.jpeg\" alt=\"HYFAC WOMAN akn\u0117s gydymas moterims\" \/><\/li><li aria-hidden=\"true\" class=\"soliloquy-item soliloquy-item-2 soliloquy-id-5571 soliloquy-image-slide\" draggable=\"false\" style=\"list-style:none;\"><img id=\"soliloquy-image-5571\" class=\"soliloquy-image soliloquy-image-2 soliloquy-preload\" src=\"https:\/\/hyfac.fr\/wp-content\/plugins\/soliloquy\/assets\/css\/images\/holder.gif\" data-soliloquy-src=\"https:\/\/hyfac.fr\/wp-content\/uploads\/2018\/09\/Diapositive16-340x538_c.jpeg\" alt=\"HYFAC WOMAN akn\u0117s gydymas moterims\" \/><\/li><\/ul><\/div><noscript><style type=\"text\/css\" scoped>#soliloquy-container-5299{opacity:1}#soliloquy-container-5299 li > .soliloquy-caption{display:none}#soliloquy-container-5299 li:first-child > .soliloquy-caption{display:block}<\/style><div class=\"soliloquy-no-js\" style=\"display:none;visibility:hidden;height:0;line-height:0;opacity:0;\"><img class=\"soliloquy-image soliloquy-no-js-image\" src=\"https:\/\/hyfac.fr\/wp-content\/uploads\/2018\/09\/Diapositive15.jpeg\" alt=\"HYFAC WOMAN akn\u0117s gydymas moterims\" \/><img class=\"soliloquy-image soliloquy-no-js-image\" src=\"https:\/\/hyfac.fr\/wp-content\/uploads\/2018\/09\/Diapositive16.jpeg\" alt=\"HYFAC WOMAN akn\u0117s gydymas moterims\" \/><\/div><\/noscript><\/div>\n<\/div>\n<div class=\"csColumnGap\" style=\"margin: 0px; padding: 0px; float: left; width: 7.7%;\"><img style=\"border: none;\" src=\"https:\/\/hyfac.fr\/wp-content\/plugins\/advanced-wp-columns\/assets\/js\/plugins\/views\/img\/1x1-pixel.png\"><\/div>\n<div class=\"csColumn\" style=\"margin: 0px; padding: 0px; float: left; width: 49.3%;\" data-csstartpoint=\"507\" data-csendpoint=\"1000\" data-cswidth=\"49.3%\" data-csid=\"56e6cac6-63f3-6945-9ddf-f20a5ec7912c\">\n<h1><span style=\"color: #d0006d; line-height: 35px;\">GLOBALIOJI PRIE\u017dI\u016aRA<\/span><\/h1>\n<p><span style=\"color: #d0006d;\">HYFAC Woman asortimentas<\/span><br \/>\n40 ml t\u016bbel\u0117<\/p>\n<p><br \/>\n\"4 viename\" priemon\u0117 netobuloms odos dalims. Kovoja su u\u017edegiminiais spuogais ir juodaisiais ta\u0161keliais, matina ir dr\u0117kina.<\/p>\n<ul id=\"ulprd\">\n<li><img class=\"logo-prd\" src=\"\/wp-content\/uploads\/2018\/09\/ANTI_BOUTONS_WOMAN.png\" alt=\"ANTI_BOUTONS_WOMAN\" width=\"50\"><br \/>\nANTI-BUTTER<\/li>\n<li><img class=\"logo-prd\" src=\"\/wp-content\/uploads\/2018\/09\/Desincruste.png\" alt=\"Ne\u012ftraukia\" width=\"50\"><br \/>\nDESINCRUSTE<\/li>\n<li><img class=\"logo-prd\" src=\"\/wp-content\/uploads\/2018\/09\/Matifie.png\" alt=\"Matifies\" width=\"50\"><br \/>\nMATIFIE<\/li>\n<li><img class=\"logo-prd\" src=\"\/wp-content\/uploads\/2018\/09\/Hydrate.png\" alt=\"Dr\u0117kina\" width=\"50\"><br \/>\nHYDRATE<\/li>\n<\/ul>\n<ul id=\"ulprd-link\">\n<li><p class=\"product woocommerce add_to_cart_inline\" style=\"border:4px solid #ccc; padding: 12px;\"><span class=\"woocommerce-Price-amount amount\"><bdi>11,90&nbsp;<span class=\"woocommerce-Price-currencySymbol\">\u20ac<\/span><\/bdi><\/span><a href=\"https:\/\/hyfac.fr\/lt\/produktas\/woman-soin-global\/\" data-quantity=\"1\" class=\"button product_type_simple\" data-product_id=\"14929\" data-product_sku=\"\" aria-label=\"Daugiau informacijos apie \u201cWoman - Soin Global\u201d\" rel=\"nofollow\" data-no-translation=\"\" data-trp-gettext=\"\" data-no-translation-aria-label=\"\">Daugiau<\/a><\/p><\/li>\n<li>&nbsp;<\/li>\n<li><a href=\"https:\/\/hyfac.fr\/lt\/pres-de-chez-vous\/\"><img class=\"img2\" src=\"\/wp-content\/uploads\/2018\/06\/logo-map-e1530138886120.png\" alt=\"loc\">Suraskite pardavimo viet\u0105<\/a><\/li>\n<\/ul>\n<ul id=\"ulprd-link\">\n<li class=\"infotri\"><span class=\"spantri\">Atraskite m\u016bs\u0173 r\u016b\u0161iavimo instrukcijas<\/span><br \/>\n<img class=\"imgtri\" src=\"https:\/\/hyfac.fr\/wp-content\/uploads\/2020\/12\/Infotri-flacon-et-etui.png\"><\/li>\n<\/ul>\n<\/div>\n<div style=\"clear: both; float: none; display: block; visibility: hidden; width: 0px; font-size: 0px; line-height: 0;\">&nbsp;<\/div>\n<\/div>\n<\/div>\n<div id=\"descript-prd\">Visapusi\u0161ka veido prie\u017ei\u016bra moterims, turin\u010dioms odos d\u0117mi\u0173. Antibakterin\u0117 piroktono olamino pagrindu sukurta formul\u0117 padeda <strong>apriboti u\u017edegimini\u0173 spuog\u0173 susidarym\u0105<\/strong> ir kovoja su spuogais suaugusioms moterims. Jis <strong>suvienija<\/strong> ir <strong>skaistina veido od\u0105<\/strong> neu\u017ekem\u0161a por\u0173 ir pa\u0161alina ne\u0161varumus. Jo sud\u0117tyje esan\u010dios dr\u0117kinamosios med\u017eiagos reguliuoja ir <strong>absorbuoja riebal\u0173 pertekli\u0173<\/strong>. D\u0117l gaivaus, diskreti\u0161kai kvepian\u010dio aliejaus formul\u0117 yra puiki dr\u0117kinamoji priemon\u0117, puikiai tinkanti makia\u017eo pagrindui. Oda tampa skaidresn\u0117, i\u0161valyta, sudr\u0117kinta ir matin\u0117.<\/div>\n<div id=\"menu-prdnew\">\n<ul>\n<li><a id=\"lienmenuconseil\" href=\"#prd\">NAUDOJIMO TARYBA<\/a><\/li>\n<li><a id=\"lienmenuactifs\" href=\"#conseil-prd\">TURTAS<\/a><\/li>\n<li><a id=\"lienmenucmplt\" href=\"#actifs-prd\">PAPILDOMI PRODUKTAI<\/a><\/li>\n<li><a id=\"lienmenusavoir\" href=\"#cmplt-prd\">SKAITYKITE DAUGIAU<\/a><\/li>\n<li><a id=\"lienmenucompo\" href=\"#savoir-prd\">SUD\u0116TIS<\/a><\/li>\n<\/ul>\n<\/div>\n<div id=\"conseil-prd\">\n<div class=\"csRow\">\n<div class=\"csColumn\" style=\"margin: 0px; padding: 0px; float: left; width: 70.8%;\" data-csstartpoint=\"0\" data-csendpoint=\"680\" data-cswidth=\"70.8%\" data-csid=\"7ce9a14c-d45b-a3f2-987b-63fd249cc312\">\n<p><span style=\"color: #d0006d;\">KAIP NAUDOTI HYFAC WOMAN GLOBAL SKINCARE?<\/span><\/p>\n<p>Vien\u0105 ar du kartus per dien\u0105, nuvalius veid\u0105 ir pa\u0161alinus makia\u017e\u0105 su<a href=\"https:\/\/hyfac.fr\/lt\/nos-gammes\/hyfac-woman\/eau-micellaire\/\">HYFAC Woman micelinis vanduo<\/a> ir visi\u0161kai sausas. Puikus makia\u017eo pagrindas.<\/p>\n<p>\"HYFAC Woman Global Care\" gali b\u016bti naudojamas kaip monoterapija arba kaip papildoma priemon\u0117 vis\u0173 tip\u0173 spuog\u0173 gydymui. Naudojant atskirai, rekomenduojama moterims, turin\u010dioms \u012f akn\u0119 linkusi\u0105 od\u0105, nes padeda ma\u017einti juoduosius ta\u0161kelius, veido mikrocistas ir spuogus.<\/p>\n<\/div>\n<div class=\"csColumnGap\" style=\"margin: 0px; padding: 0px; float: left; width: 1.56%;\"><img style=\"border: none;\" src=\"https:\/\/hyfac.fr\/wp-content\/plugins\/advanced-wp-columns\/assets\/js\/plugins\/views\/img\/1x1-pixel.png\"><\/div>\n<div class=\"csColumn\" style=\"margin: 0px; padding: 0px; float: left; width: 27.6%;\" data-csstartpoint=\"695\" data-csendpoint=\"960\" data-cswidth=\"27.6%\" data-csid=\"2de6301b-fc0e-6c4c-b16e-671973f34d15\">\n<p><img loading=\"lazy\" class=\"aligncenter wp-image-5140\" src=\"https:\/\/hyfac.fr\/wp-content\/uploads\/2018\/07\/conseil-250x250.png\" alt=\"\" width=\"180\" height=\"181\" srcset=\"https:\/\/hyfac.fr\/wp-content\/uploads\/2018\/07\/conseil-250x250.png 250w, https:\/\/hyfac.fr\/wp-content\/uploads\/2018\/07\/conseil-298x300.png 298w, https:\/\/hyfac.fr\/wp-content\/uploads\/2018\/07\/conseil.png 308w\" sizes=\"(max-width: 180px) 100vw, 180px\" \/><\/p>\n<\/div>\n<div style=\"clear: both; float: none; display: block; visibility: hidden; width: 0px; font-size: 0px; line-height: 0;\">&nbsp;<\/div>\n<\/div>\n<\/div>\n<div id=\"actifs-prd\">\n<div class=\"h2prd\">\n<h2><span style=\"color: #d0006d;\">PAGRINDINIS TURTAS<\/span><\/h2>\n<\/div>\n<p><span style=\"color: #d0006d;\">Glikolio r\u016bg\u0161tis: keratolitin\u0117 veiklioji med\u017eiaga (nuo juod\u0173 ink\u0161tir\u0173)<\/span><br \/>\nGlikolio r\u016bg\u0161tis yra trumpos grandin\u0117s vaisi\u0173 r\u016bg\u0161tis (AHA). Ji nat\u016braliai i\u0161gaunama i\u0161 cukranendri\u0173. Ji i\u0161 karto veikia od\u0105, kad atsikratyt\u0173 negyv\u0173 l\u0105steli\u0173, blokuojan\u010di\u0173 \u0161alinimo kanalus. Tuomet sebumas tinkamai teka ir juodi ta\u0161keliai palaipsniui i\u0161nyksta.<\/p>\n<p><span style=\"color: #d0006d;\">Alkilo malato esteris: keratolitin\u0117 ir dr\u0117kinamoji veiklioji med\u017eiaga<\/span><br \/>\nAlkilo malatas yra ilgos grandin\u0117s vaisi\u0173 r\u016bg\u0161tis (AHA), u\u017etikrinanti ilgalaik\u012f ir \u0161veln\u0173 \u0161veitim\u0105. Ji taip pat pasi\u017eymi dr\u0117kinamosiomis savyb\u0117mis. Ji nat\u016braliai i\u0161gaunama i\u0161 obuoli\u0173. \u0160i\u0173 dviej\u0173 veikli\u0173j\u0173 med\u017eiag\u0173 derinys suteikia bendram odos prie\u017ei\u016bros produktui ilgalaik\u012f veiksmingum\u0105 ir kartu auk\u0161t\u0105 tolerancijos lyg\u012f.<\/p>\n<p><span style=\"color: #d0006d;\">Piroktono olaminas: antibakterinis ir konservantas<\/span><br \/>\nPiroktono olaminas gars\u0117ja savo antimikrobin\u0117mis savyb\u0117mis. Jis ypa\u010d veikia mikroorganizmus, sukelian\u010dius spuogus, ir riboja u\u017edegimini\u0173 spuog\u0173 susidarym\u0105. Jis taip pat veikia kaip konservantas, tod\u0117l nereikia naudoti konservant\u0173, pavyzd\u017eiui, paraben\u0173.<\/p>\n<\/div>\n<div id=\"cmplt-prd\">\n<div class=\"h2prd\">\n<h2><span style=\"color: #d0006d;\">PAPILDOMI PRODUKTAI<\/span><\/h2>\n<\/div>\n<style type=\"text\/css\">#soliloquy-container-5181 .soliloquy-prev{left: -60px;background-color:#d0006d;}#soliloquy-container-5181 .soliloquy-next{right: -60px;background-color:#d0006d;}#soliloquy-container-5181 .soliloquy-image{background: #f3f3f3;border: 1px solid #ddd;padding:3px;}#soliloquy-container-5181 .soliloquy-viewport{height: 260px !important;}#soliloquy-container-5181 .soliloquy-caption-bottom{position: relative;}#soliloquy-container-5181 .soliloquy-caption-inside{color:#CEBFB6; text-shadow:none;background:none;}@media only screen and (max-width: 1000px){#soliloquy-container-5181 .soliloquy-prev{left: 0px;}#soliloquy-container-5181 .soliloquy-next{right: 0px;}#soliloquy-container-5181 .soliloquy-viewport{height: 200px;}}<\/style><div class=\"soliloquy-outer-container soliloquy-carousel\" data-soliloquy-loaded=\"0\"><div aria-live=\"polite\" id=\"soliloquy-container-5181\" class=\"soliloquy-container soliloquy-transition-horizontal soliloquy-slide-horizontal soliloquy-arrows-active  soliloquy-theme-base\" style=\"max-width:960px;max-height:300px;margin:0 auto 20px;\"><ul id=\"soliloquy-5181\" class=\"soliloquy-slider soliloquy-slides soliloquy-wrap soliloquy-clear\"><li aria-hidden=\"true\" class=\"soliloquy-item soliloquy-item-1 soliloquy-id-5615 soliloquy-image-slide\" draggable=\"false\" style=\"list-style:none;\"><a href=\"https:\/\/hyfac.fr\/lt\/nos-gammes\/hyfac-woman\/eau-micellaire\/\" class=\"soliloquy-link\" title=\"HYFAC WOMAN Valomasis micelinis vanduo, makia\u017eo valiklis\"><img id=\"soliloquy-image-5615\" class=\"soliloquy-image soliloquy-image-1\" src=\"https:\/\/hyfac.fr\/wp-content\/uploads\/2018\/07\/Diapositive19-200x200_c.jpeg\" alt=\"HYFAC WOMAN Valomasis micelinis vanduo, makia\u017eo valiklis\" \/><\/a><div class=\"soliloquy-caption soliloquy-caption-bottom\"><div class=\"soliloquy-caption-inside\"><p>Micelinis vanduo<\/p><br \/>\n<p style=\"font-size:13px\">Valo ir pa\u0161alina makia\u017e\u0105<\/p><\/div><\/div><\/li><li aria-hidden=\"true\" class=\"soliloquy-item soliloquy-item-2 soliloquy-id-5613 soliloquy-image-slide\" draggable=\"false\" style=\"list-style:none;\"><a href=\"https:\/\/hyfac.fr\/lt\/nos-gammes\/hyfac-woman\/soin-global\/\" class=\"soliloquy-link\" title=\"HYFAC WOMAN pasaulinis spuog\u0173 gydymas moterims\"><img id=\"soliloquy-image-5613\" class=\"soliloquy-image soliloquy-image-2\" src=\"https:\/\/hyfac.fr\/wp-content\/uploads\/2018\/07\/Diapositive15-200x200_c.jpeg\" alt=\"HYFAC WOMAN pasaulinis spuog\u0173 gydymas moterims\" \/><\/a><div class=\"soliloquy-caption soliloquy-caption-bottom\"><div class=\"soliloquy-caption-inside\"><p>Visuotin\u0117 prie\u017ei\u016bra<\/p><br \/>\n<p style=\"font-size:13px\">Ma\u017eina d\u0117meles ir dr\u0117kina<\/p><\/div><\/div><\/li><li aria-hidden=\"true\" class=\"soliloquy-item soliloquy-item-3 soliloquy-id-5614 soliloquy-image-slide\" draggable=\"false\" style=\"list-style:none;\"><a href=\"https:\/\/hyfac.fr\/lt\/nos-gammes\/hyfac-woman\/gommage-douceur\/\" class=\"soliloquy-link\" title=\"HYFAC WOMAN \u0161velnus \u0161vei\u010diamasis \u0161veitiklis\"><img id=\"soliloquy-image-5614\" class=\"soliloquy-image soliloquy-image-3\" src=\"https:\/\/hyfac.fr\/wp-content\/uploads\/2018\/07\/Diapositive17-200x200_c.jpeg\" alt=\"HYFAC WOMAN \u0161velnus \u0161vei\u010diamasis \u0161veitiklis\" \/><\/a><div class=\"soliloquy-caption soliloquy-caption-bottom\"><div class=\"soliloquy-caption-inside\"><p>\u0160velnus \u0161veitimas<\/p><br \/>\n<p style=\"font-size:13px\">Valo ir atkuria spindes\u012f<\/p><\/div><\/div><\/li><li aria-hidden=\"true\" class=\"soliloquy-item soliloquy-item-4 soliloquy-id-15334 soliloquy-image-slide\" draggable=\"false\" style=\"list-style:none;\"><a href=\"https:\/\/hyfac.fr\/lt\/nos-gammes\/hyfac-woman\/active-mask\/\" class=\"soliloquy-link\" title=\"HYFAC WOMAN Aktyvi kauk\u0117 suaugusioms moterims nuo spuog\u0173\"><img id=\"soliloquy-image-15334\" class=\"soliloquy-image soliloquy-image-4\" src=\"https:\/\/hyfac.fr\/wp-content\/uploads\/2022\/02\/Sans-titre-61-200x200_c.jpeg\" alt=\"HYFAC WOMAN Aktyvi kauk\u0117 suaugusioms moterims nuo spuog\u0173\" \/><\/a><div class=\"soliloquy-caption soliloquy-caption-bottom\"><div class=\"soliloquy-caption-inside\"><p>Aktyvioji kauk\u0117<\/p><br \/>\n<p style=\"font-size:13px\">Moter\u0173 spuog\u0173 gydymas<\/p><\/div><\/div><\/li><\/ul><\/div><noscript><style type=\"text\/css\" scoped>#soliloquy-container-5181{opacity:1}#soliloquy-container-5181 li > .soliloquy-caption{display:none}#soliloquy-container-5181 li:first-child > .soliloquy-caption{display:block}<\/style><div class=\"soliloquy-no-js\" style=\"display:none;visibility:hidden;height:0;line-height:0;opacity:0;\"><img class=\"soliloquy-image soliloquy-no-js-image\" src=\"https:\/\/hyfac.fr\/wp-content\/uploads\/2018\/07\/Diapositive19.jpeg\" alt=\"HYFAC WOMAN Valomasis micelinis vanduo, makia\u017eo valiklis\" \/><img class=\"soliloquy-image soliloquy-no-js-image\" src=\"https:\/\/hyfac.fr\/wp-content\/uploads\/2018\/07\/Diapositive15.jpeg\" alt=\"HYFAC WOMAN pasaulinis spuog\u0173 gydymas moterims\" \/><img class=\"soliloquy-image soliloquy-no-js-image\" src=\"https:\/\/hyfac.fr\/wp-content\/uploads\/2018\/07\/Diapositive17.jpeg\" alt=\"HYFAC WOMAN \u0161velnus \u0161vei\u010diamasis \u0161veitiklis\" \/><img class=\"soliloquy-image soliloquy-no-js-image\" src=\"https:\/\/hyfac.fr\/wp-content\/uploads\/2022\/02\/Sans-titre-61.jpeg\" alt=\"HYFAC WOMAN Aktyvi kauk\u0117 suaugusioms moterims nuo spuog\u0173\" \/><\/div><\/noscript><\/div>\n<\/div>\n<div id=\"savoir-prd\">\n<div class=\"h2prd\">\n<h2><span style=\"color: #d0006d;\">SKAITYKITE DAUGIAU<\/span><\/h2>\n<\/div>\n<div class=\"csRow\">\n<div class=\"csColumn\" style=\"margin: 0px; padding: 0px; float: left; width: 38.6%;\" data-csstartpoint=\"0\" data-csendpoint=\"370.5\" data-cswidth=\"38.6%\" data-csid=\"beb42ad8-6bfd-a029-8282-bd93ae120b4d\"><a href=\"https:\/\/hyfac.fr\/lt\/sos-dermato\/4321-acne-de-la-femme-adulte\/\" target=\"_blank\" rel=\"noopener\"><img loading=\"lazy\" class=\"aligncenter wp-image-4368 size-thumbnail\" src=\"https:\/\/hyfac.fr\/wp-content\/uploads\/2018\/03\/banniere_carree_site_hyfac_intro_themes_femme-250x250.jpeg\" alt=\"suaugusi\u0173 moter\u0173 spuogai\" width=\"250\" height=\"250\" srcset=\"https:\/\/hyfac.fr\/wp-content\/uploads\/2018\/03\/banniere_carree_site_hyfac_intro_themes_femme-250x250.jpeg 250w, https:\/\/hyfac.fr\/wp-content\/uploads\/2018\/03\/banniere_carree_site_hyfac_intro_themes_femme-300x300.jpeg 300w, https:\/\/hyfac.fr\/wp-content\/uploads\/2018\/03\/banniere_carree_site_hyfac_intro_themes_femme.jpeg 543w\" sizes=\"(max-width: 250px) 100vw, 250px\" \/><\/a><\/div>\n<div class=\"csColumnGap\" style=\"margin: 0px; padding: 0px; float: left; width: 1.56%;\"><img style=\"border: none;\" src=\"https:\/\/hyfac.fr\/wp-content\/plugins\/advanced-wp-columns\/assets\/js\/plugins\/views\/img\/1x1-pixel.png\"><\/div>\n<div class=\"csColumn\" style=\"margin: 0px; padding: 0px; float: left; width: 59.8%;\" data-csstartpoint=\"385.5\" data-csendpoint=\"960\" data-cswidth=\"59.8%\" data-csid=\"56e6cac6-63f3-6945-9ddf-f20a5ec7912c\">Suaugusi\u0173 moter\u0173 spuogai yra pana\u0161\u016bs \u012f paaugli\u0173, nors juos sukeliantys veiksniai skiriasi. Simptomai tie patys: riebi oda, balti ir raudoni spuogai, juodi ta\u0161keliai, komedonai ir mikrocistos.<br \/>\nJuodieji ta\u0161keliai ir mikrokietosios d\u0117m\u0117s susidaro d\u0117l keratino ir riebal\u0173 mi\u0161inio u\u017ekim\u0161t\u0173 odos por\u0173. Spuogai atsiranda d\u0117l u\u017edegimo, kur\u012f sukelia odos riebalin\u0117se liaukose nat\u016braliai gyvenantys mikrobai.<br \/>\nHYFAC WOMAN odos prie\u017ei\u016bros priemon\u0117s, skirtos kovoti su spuog\u0173 po\u017eymiais, sud\u0117tyje yra dviej\u0173 skirting\u0173 r\u016b\u0161i\u0173 vaisi\u0173 r\u016bg\u0161\u010di\u0173 (AHA). J\u0173 nat\u016braliai yra cukranendri\u0173 cukruje (glikolio r\u016bg\u0161tis) ir obuoliuose (obuoli\u0173 r\u016bg\u0161tis).<br \/>\n\u0160i\u0173 veikli\u0173j\u0173 med\u017eiag\u0173 koncentracija veiksmingai kovoja su juodaisiais ink\u0161tirais ir mikrocistomis, nedirgindama ir nesausindama odos, tod\u0117l tai yra geriausias veido kremas moterims, turin\u010dioms \u012f akn\u0119 linkusi\u0105 od\u0105.&nbsp;&nbsp;&nbsp;<\/p>\n<div id=\"savoirplus\"><a href=\"https:\/\/hyfac.fr\/lt\/sos-dermato\/4321-acne-de-la-femme-adulte\/\">Su\u017einokite daugiau apie suaugusi\u0173 moter\u0173 akn\u0119<\/a><\/div>\n<\/div>\n<div style=\"clear: both; float: none; display: block; visibility: hidden; width: 0px; font-size: 0px; line-height: 0;\">&nbsp;<\/div>\n<\/div>\n<\/div>\n<div id=\"compo-prd\">\n<div class=\"h2prd\">\n<h2><span style=\"color: #d0006d;\">SUD\u0116TIS <span style=\"font-size: 14pt;\">\/<\/span> SUDEDAMOSIOS DALYS<\/span><\/h2>\n<\/div>\n<p><span style=\"color: #cebfb6;\">SUD\u0116TIS: AQUA (VANDUO) \/ EAU, CETEARILO ETILHEKSANOATAS, DI C12-13 ALKILO MALATAS, GLIKOLIO R\u016aG\u0160TIS, CIKLOPENTASILOKSANAS, GLICERINAS, STEARETAS-2, STEARETAS-21, NAILONAS 12, CIKLOHEKSASILOKSANAS, CETILO ALKOHOLIS, POLIAKRILAMIDAS, NATRIO HIDROKSIDAS, C13-14 IZOPARAFINAS, DIAZOLIDINILO KARBAMIDAS, DIMETIKONOLIS, PIROKTONO OLAMINAS, PARFUMAS (KVAPIOJI MED\u017dIAGA), LAURITAS-7, KSANTANO DERVA.<\/span><\/p>\n<\/div>","protected":false},"excerpt":{"rendered":"<p>Suma\u017eina netobulumus ir pa\u0161alina ne\u0161varumus.<\/p>","protected":false},"author":1,"featured_media":1796,"parent":47,"menu_order":2,"comment_status":"closed","ping_status":"closed","template":"page\/page-template-newprdwoman.php","meta":{"_mi_skip_tracking":false,"spay_email":""},"_links":{"self":[{"href":"https:\/\/hyfac.fr\/lt\/wp-json\/wp\/v2\/pages\/1432"}],"collection":[{"href":"https:\/\/hyfac.fr\/lt\/wp-json\/wp\/v2\/pages"}],"about":[{"href":"https:\/\/hyfac.fr\/lt\/wp-json\/wp\/v2\/types\/page"}],"author":[{"embeddable":true,"href":"https:\/\/hyfac.fr\/lt\/wp-json\/wp\/v2\/users\/1"}],"replies":[{"embeddable":true,"href":"https:\/\/hyfac.fr\/lt\/wp-json\/wp\/v2\/comments?post=1432"}],"version-history":[{"count":79,"href":"https:\/\/hyfac.fr\/lt\/wp-json\/wp\/v2\/pages\/1432\/revisions"}],"predecessor-version":[{"id":15029,"href":"https:\/\/hyfac.fr\/lt\/wp-json\/wp\/v2\/pages\/1432\/revisions\/15029"}],"up":[{"embeddable":true,"href":"https:\/\/hyfac.fr\/lt\/wp-json\/wp\/v2\/pages\/47"}],"wp:featuredmedia":[{"embeddable":true,"href":"https:\/\/hyfac.fr\/lt\/wp-json\/wp\/v2\/media\/1796"}],"wp:attachment":[{"href":"https:\/\/hyfac.fr\/lt\/wp-json\/wp\/v2\/media?parent=1432"}],"curies":[{"name":"wp","href":"https:\/\/api.w.org\/{rel}","templated":true}]}}