{"id":1433,"date":"2016-05-26T00:48:43","date_gmt":"2016-05-25T22:48:43","guid":{"rendered":"http:\/\/hyfac.fr\/?page_id=1433"},"modified":"2022-02-10T01:57:30","modified_gmt":"2022-02-10T00:57:30","slug":"eau-micellaire","status":"publish","type":"page","link":"https:\/\/hyfac.fr\/lt\/nos-gammes\/hyfac-woman\/eau-micellaire\/","title":{"rendered":"Micelinis vanduo"},"content":{"rendered":"<p>&nbsp;<\/p>\n<div style=\"width: 960px;\">&nbsp;<\/div>\n<div id=\"prd\">\n<div class=\"csRow\">\n<div class=\"csColumn\" style=\"margin: 0px; padding: 0px; float: left; width: 43%;\" data-csstartpoint=\"0\" data-csendpoint=\"430\" data-cswidth=\"43.0%\" data-csid=\"beb42ad8-6bfd-a029-8282-bd93ae120b4d\">\n<style type=\"text\/css\">#soliloquy-container-5297 .soliloquy-pager{bottom: -30px;}<\/style><div class=\"soliloquy-outer-container\" data-soliloquy-loaded=\"0\"><div aria-live=\"polite\" id=\"soliloquy-container-5297\" class=\"soliloquy-container soliloquy-transition-horizontal soliloquy-slide-horizontal soliloquy-controls-active slider-img-prd soliloquy-theme-base\" style=\"max-width:340px;max-height:538px;margin:0 auto 20px;max-width:100%;max-height:none;\"><ul id=\"soliloquy-5297\" class=\"soliloquy-slider soliloquy-slides soliloquy-wrap soliloquy-clear\"><li aria-hidden=\"true\" class=\"soliloquy-item soliloquy-item-1 soliloquy-id-5574 soliloquy-image-slide\" draggable=\"false\" style=\"list-style:none;\"><img id=\"soliloquy-image-5574\" class=\"soliloquy-image soliloquy-image-1\" src=\"https:\/\/hyfac.fr\/wp-content\/uploads\/2018\/09\/Diapositive19-340x538_c.jpeg\" alt=\"Eau micellaire HYFAC WOMAN nettoie et d\u00e9maquille\" \/><\/li><li aria-hidden=\"true\" class=\"soliloquy-item soliloquy-item-2 soliloquy-id-5575 soliloquy-image-slide\" draggable=\"false\" style=\"list-style:none;\"><img id=\"soliloquy-image-5575\" class=\"soliloquy-image soliloquy-image-2 soliloquy-preload\" src=\"https:\/\/hyfac.fr\/wp-content\/plugins\/soliloquy\/assets\/css\/images\/holder.gif\" data-soliloquy-src=\"https:\/\/hyfac.fr\/wp-content\/uploads\/2018\/09\/Diapositive20-340x538_c.jpeg\" alt=\"Eau micellaire HYFAC WOMAN nettoie et d\u00e9maquille\" \/><\/li><\/ul><\/div><noscript><style type=\"text\/css\" scoped>#soliloquy-container-5297{opacity:1}#soliloquy-container-5297 li > .soliloquy-caption{display:none}#soliloquy-container-5297 li:first-child > .soliloquy-caption{display:block}<\/style><div class=\"soliloquy-no-js\" style=\"display:none;visibility:hidden;height:0;line-height:0;opacity:0;\"><img class=\"soliloquy-image soliloquy-no-js-image\" src=\"https:\/\/hyfac.fr\/wp-content\/uploads\/2018\/09\/Diapositive19.jpeg\" alt=\"Eau micellaire HYFAC WOMAN nettoie et d\u00e9maquille\" \/><img class=\"soliloquy-image soliloquy-no-js-image\" src=\"https:\/\/hyfac.fr\/wp-content\/uploads\/2018\/09\/Diapositive20.jpeg\" alt=\"Eau micellaire HYFAC WOMAN nettoie et d\u00e9maquille\" \/><\/div><\/noscript><\/div>\n<\/div>\n<div class=\"csColumnGap\" style=\"margin: 0px; padding: 0px; float: left; width: 7.7%;\"><img style=\"border: none;\" src=\"https:\/\/hyfac.fr\/wp-content\/plugins\/advanced-wp-columns\/assets\/js\/plugins\/views\/img\/1x1-pixel.png\"><\/div>\n<div class=\"csColumn\" style=\"margin: 0px; padding: 0px; float: left; width: 49.3%;\" data-csstartpoint=\"507\" data-csendpoint=\"1000\" data-cswidth=\"49.3%\" data-csid=\"56e6cac6-63f3-6945-9ddf-f20a5ec7912c\">\n<h1><span style=\"color: #d0006d; line-height: 35px;\">EAU MICELLAIRE<\/span><\/h1>\n<p><span style=\"color: #d0006d;\">HYFAC Woman asortimentas<\/span><br \/>\nFlacon de&nbsp;200ml<\/p>\n<p><br \/>\nLotion nettoyante et d\u00e9maquillante sans rin\u00e7age. Elimine les impuret\u00e9s, apaise et r\u00e9duit les rougeurs gr\u00e2ce \u00e0 ses extraits de th\u00e9 blanc.<\/p>\n<ul id=\"ulprd\">\n<li><img class=\"logo-prd\" src=\"\/wp-content\/uploads\/2018\/09\/Nettoie.png\" alt=\"valo\" width=\"50\"><br \/>\nTVARKYKITE<\/li>\n<li><img class=\"logo-prd\" src=\"\/wp-content\/uploads\/2018\/09\/Demaquille.png\" alt=\"demaquille\" width=\"50\"><br \/>\nDEMAQUILLE<\/li>\n<li><img class=\"logo-prd\" src=\"\/wp-content\/uploads\/2018\/09\/Apaise.png\" alt=\"apaise\" width=\"50\"><br \/>\nAPAISE<\/li>\n<li><img class=\"logo-prd\" src=\"\/wp-content\/uploads\/2018\/09\/ANTI_ROUGEURS.png\" alt=\"anti-rougeur\" width=\"50\"><br \/>\nANTI-ROUGEURS<\/li>\n<\/ul>\n<ul id=\"ulprd-link\">\n<li><p class=\"product woocommerce add_to_cart_inline\" style=\"border:4px solid #ccc; padding: 12px;\"><span class=\"woocommerce-Price-amount amount\"><bdi>8,90&nbsp;<span class=\"woocommerce-Price-currencySymbol\">\u20ac<\/span><\/bdi><\/span><a href=\"?add-to-cart=14927\" data-quantity=\"1\" class=\"button product_type_simple add_to_cart_button ajax_add_to_cart\" data-product_id=\"14927\" data-product_sku=\"\" aria-label=\"\u012ed\u0117ti \u012f kre\u0161el\u012f: \u201cWoman - Eau Micellaire\u201d\" rel=\"nofollow\" data-no-translation=\"\" data-trp-gettext=\"\" data-no-translation-aria-label=\"\">\u012e krep\u0161el\u012f<\/a><\/p><\/li>\n<li>&nbsp;<\/li>\n<li><a href=\"https:\/\/hyfac.fr\/lt\/pres-de-chez-vous\/\"><img class=\"img2\" src=\"\/wp-content\/uploads\/2018\/06\/logo-map-e1530138886120.png\" alt=\"loc\">Suraskite pardavimo viet\u0105<\/a><\/li>\n<\/ul>\n<ul id=\"ulprd-link\">\n<li class=\"infotri\"><span class=\"spantri\">Atraskite m\u016bs\u0173 r\u016b\u0161iavimo instrukcijas<\/span><br \/>\n<img class=\"imgtri\" src=\"https:\/\/hyfac.fr\/wp-content\/uploads\/2020\/12\/HYFAC-WOMAN-Eau-micellaire.png\"><\/li>\n<\/ul>\n<\/div>\n<div style=\"clear: both; float: none; display: block; visibility: hidden; width: 0px; font-size: 0px; line-height: 0;\">&nbsp;<\/div>\n<\/div>\n<\/div>\n<div id=\"descript-prd\">L\u2019eau micellaire HYFAC WOMAN <strong>valo<\/strong> ir <strong>d\u00e9maquille<\/strong> en douceur le visage et les yeux. Elle \u00e9limine les impuret\u00e9s et d\u00e9maquille m\u00eame le <strong>maquillage waterproof<\/strong>. Ses extraits de th\u00e9 blanc r\u00e9veillent l\u2019\u00e9clat du teint et <strong>r\u00e9duisent les taches et les rougeurs<\/strong>. Apaisante et sans rin\u00e7age, elle convient parfaitement aux femmes ayant une <strong>peau sensible<\/strong> \u00e0 imperfections. Utilis\u00e9e quotidiennement, elle laisse une peau nette, fra\u00eeche et purifi\u00e9e. Son subtil parfum floral fait de son utilisation un pur moment de bonheur.<\/div>\n<div id=\"menu-prdnew\">\n<ul>\n<li><a id=\"lienmenuconseil\" href=\"#prd\">NAUDOJIMO TARYBA<\/a><\/li>\n<li><a id=\"lienmenuactifs\" href=\"#conseil-prd\">TURTAS<\/a><\/li>\n<li><a id=\"lienmenucmplt\" href=\"#actifs-prd\">PAPILDOMI PRODUKTAI<\/a><\/li>\n<li><a id=\"lienmenusavoir\" href=\"#cmplt-prd\">SKAITYKITE DAUGIAU<\/a><\/li>\n<li><a id=\"lienmenucompo\" href=\"#savoir-prd\">SUD\u0116TIS<\/a><\/li>\n<\/ul>\n<\/div>\n<div id=\"conseil-prd\">\n<div class=\"csRow\">\n<div class=\"csColumn\" style=\"margin: 0px; padding: 0px; float: left; width: 70.8%;\" data-csstartpoint=\"0\" data-csendpoint=\"680\" data-cswidth=\"70.8%\" data-csid=\"7ce9a14c-d45b-a3f2-987b-63fd249cc312\">\n<p><span style=\"color: #d0006d;\">COMMENT UTILISER L&#8217;EAU MICELLAIRE HYFAC WOMAN ?<\/span><\/p>\n<p>Matin et\/ou soir, appliquer sur le visage et les yeux \u00e0 l\u2019aide d\u2019un coton afin de nettoyer et d\u00e9maquiller la peau. R\u00e9p\u00e9ter l\u2019op\u00e9ration jusqu\u2019\u00e0 ce que le coton soit parfaitement propre. S\u00e9cher d\u00e9licatement la peau \u00e0 l\u2019aide d\u2019une serviette propre. Ne se rince pas. Il est ensuite conseill\u00e9 d\u2019appliquer le <a href=\"https:\/\/hyfac.fr\/lt\/nos-gammes\/hyfac-woman\/soin-global\/\">soin global anti-imperfections HYFAC Woman<\/a> sur une peau parfaitement s\u00e8che afin de compl\u00e9ter la routine de soin.<\/p>\n<p><span style=\"color: #d0006d;\">Convient \u00e0 tous les types de peaux (peaux sensibles, peaux \u00e0 tendances acn\u00e9iques).<\/span><\/p>\n<\/div>\n<div class=\"csColumnGap\" style=\"margin: 0px; padding: 0px; float: left; width: 1.56%;\"><img style=\"border: none;\" src=\"https:\/\/hyfac.fr\/wp-content\/plugins\/advanced-wp-columns\/assets\/js\/plugins\/views\/img\/1x1-pixel.png\"><\/div>\n<div class=\"csColumn\" style=\"margin: 0px; padding: 0px; float: left; width: 27.6%;\" data-csstartpoint=\"695\" data-csendpoint=\"960\" data-cswidth=\"27.6%\" data-csid=\"2de6301b-fc0e-6c4c-b16e-671973f34d15\">\n<p><img loading=\"lazy\" class=\"aligncenter wp-image-5140\" src=\"https:\/\/hyfac.fr\/wp-content\/uploads\/2018\/07\/conseil-250x250.png\" alt=\"\" width=\"180\" height=\"181\" srcset=\"https:\/\/hyfac.fr\/wp-content\/uploads\/2018\/07\/conseil-250x250.png 250w, https:\/\/hyfac.fr\/wp-content\/uploads\/2018\/07\/conseil-298x300.png 298w, https:\/\/hyfac.fr\/wp-content\/uploads\/2018\/07\/conseil.png 308w\" sizes=\"(max-width: 180px) 100vw, 180px\" \/><\/p>\n<\/div>\n<div style=\"clear: both; float: none; display: block; visibility: hidden; width: 0px; font-size: 0px; line-height: 0;\">&nbsp;<\/div>\n<\/div>\n<\/div>\n<div id=\"actifs-prd\">\n<div class=\"h2prd\">\n<h2><span style=\"color: #d0006d;\">PAGRINDINIS TURTAS<\/span><\/h2>\n<\/div>\n<p><span style=\"color: #d0006d;\">Cam\u00e9lia Sinensis : Eclaircit le teint<\/span><br \/>\nL\u2019eau micellaire HYFAC WOMAN contient des extraits de Cam\u00e9lia Sinensis (th\u00e9 blanc). Le th\u00e9 blanc \u00e9claircit le teint en diminuant les taches et les rougeurs. La peau retrouve alors tout son \u00e9clat.<\/p>\n<p><span style=\"color: #d0006d;\">Polyph\u00e9nols : Antioxydants<\/span><br \/>\nLes polyph\u00e9nols sont des mol\u00e9cules naturellement produites par les plantes afin de se d\u00e9fendre contre les agressions ext\u00e9rieures. Les substances qu\u2019ils contiennent contribuent \u00e0 la lutte contre la production de radicaux libres, r\u00e9put\u00e9s pour \u00eatre responsables du vieillissement rapide des cellules.<\/p>\n<\/div>\n<div id=\"cmplt-prd\">\n<div class=\"h2prd\">\n<h2><span style=\"color: #d0006d;\">PAPILDOMI PRODUKTAI<\/span><\/h2>\n<\/div>\n<style type=\"text\/css\">#soliloquy-container-5181 .soliloquy-prev{left: -60px;background-color:#d0006d;}#soliloquy-container-5181 .soliloquy-next{right: -60px;background-color:#d0006d;}#soliloquy-container-5181 .soliloquy-image{background: #f3f3f3;border: 1px solid #ddd;padding:3px;}#soliloquy-container-5181 .soliloquy-viewport{height: 260px !important;}#soliloquy-container-5181 .soliloquy-caption-bottom{position: relative;}#soliloquy-container-5181 .soliloquy-caption-inside{color:#CEBFB6; text-shadow:none;background:none;}@media only screen and (max-width: 1000px){#soliloquy-container-5181 .soliloquy-prev{left: 0px;}#soliloquy-container-5181 .soliloquy-next{right: 0px;}#soliloquy-container-5181 .soliloquy-viewport{height: 200px;}}<\/style><div class=\"soliloquy-outer-container soliloquy-carousel\" data-soliloquy-loaded=\"0\"><div aria-live=\"polite\" id=\"soliloquy-container-5181\" class=\"soliloquy-container soliloquy-transition-horizontal soliloquy-slide-horizontal soliloquy-arrows-active  soliloquy-theme-base\" style=\"max-width:960px;max-height:300px;margin:0 auto 20px;\"><ul id=\"soliloquy-5181\" class=\"soliloquy-slider soliloquy-slides soliloquy-wrap soliloquy-clear\"><li aria-hidden=\"true\" class=\"soliloquy-item soliloquy-item-1 soliloquy-id-5615 soliloquy-image-slide\" draggable=\"false\" style=\"list-style:none;\"><a href=\"https:\/\/hyfac.fr\/lt\/nos-gammes\/hyfac-woman\/eau-micellaire\/\" class=\"soliloquy-link\" title=\"HYFAC WOMAN Valomasis micelinis vanduo, makia\u017eo valiklis\"><img id=\"soliloquy-image-5615\" class=\"soliloquy-image soliloquy-image-1\" src=\"https:\/\/hyfac.fr\/wp-content\/uploads\/2018\/07\/Diapositive19-200x200_c.jpeg\" alt=\"HYFAC WOMAN Valomasis micelinis vanduo, makia\u017eo valiklis\" \/><\/a><div class=\"soliloquy-caption soliloquy-caption-bottom\"><div class=\"soliloquy-caption-inside\"><p>Micelinis vanduo<\/p><br \/>\n<p style=\"font-size:13px\">Valo ir pa\u0161alina makia\u017e\u0105<\/p><\/div><\/div><\/li><li aria-hidden=\"true\" class=\"soliloquy-item soliloquy-item-2 soliloquy-id-5613 soliloquy-image-slide\" draggable=\"false\" style=\"list-style:none;\"><a href=\"https:\/\/hyfac.fr\/lt\/nos-gammes\/hyfac-woman\/soin-global\/\" class=\"soliloquy-link\" title=\"HYFAC WOMAN pasaulinis spuog\u0173 gydymas moterims\"><img id=\"soliloquy-image-5613\" class=\"soliloquy-image soliloquy-image-2\" src=\"https:\/\/hyfac.fr\/wp-content\/uploads\/2018\/07\/Diapositive15-200x200_c.jpeg\" alt=\"HYFAC WOMAN pasaulinis spuog\u0173 gydymas moterims\" \/><\/a><div class=\"soliloquy-caption soliloquy-caption-bottom\"><div class=\"soliloquy-caption-inside\"><p>Visuotin\u0117 prie\u017ei\u016bra<\/p><br \/>\n<p style=\"font-size:13px\">Ma\u017eina d\u0117meles ir dr\u0117kina<\/p><\/div><\/div><\/li><li aria-hidden=\"true\" class=\"soliloquy-item soliloquy-item-3 soliloquy-id-5614 soliloquy-image-slide\" draggable=\"false\" style=\"list-style:none;\"><a href=\"https:\/\/hyfac.fr\/lt\/nos-gammes\/hyfac-woman\/gommage-douceur\/\" class=\"soliloquy-link\" title=\"HYFAC WOMAN \u0161velnus \u0161vei\u010diamasis \u0161veitiklis\"><img id=\"soliloquy-image-5614\" class=\"soliloquy-image soliloquy-image-3\" src=\"https:\/\/hyfac.fr\/wp-content\/uploads\/2018\/07\/Diapositive17-200x200_c.jpeg\" alt=\"HYFAC WOMAN \u0161velnus \u0161vei\u010diamasis \u0161veitiklis\" \/><\/a><div class=\"soliloquy-caption soliloquy-caption-bottom\"><div class=\"soliloquy-caption-inside\"><p>\u0160velnus \u0161veitimas<\/p><br \/>\n<p style=\"font-size:13px\">Valo ir atkuria spindes\u012f<\/p><\/div><\/div><\/li><li aria-hidden=\"true\" class=\"soliloquy-item soliloquy-item-4 soliloquy-id-15334 soliloquy-image-slide\" draggable=\"false\" style=\"list-style:none;\"><a href=\"https:\/\/hyfac.fr\/lt\/nos-gammes\/hyfac-woman\/active-mask\/\" class=\"soliloquy-link\" title=\"HYFAC WOMAN Aktyvi kauk\u0117 suaugusioms moterims nuo spuog\u0173\"><img id=\"soliloquy-image-15334\" class=\"soliloquy-image soliloquy-image-4\" src=\"https:\/\/hyfac.fr\/wp-content\/uploads\/2022\/02\/Sans-titre-61-200x200_c.jpeg\" alt=\"HYFAC WOMAN Aktyvi kauk\u0117 suaugusioms moterims nuo spuog\u0173\" \/><\/a><div class=\"soliloquy-caption soliloquy-caption-bottom\"><div class=\"soliloquy-caption-inside\"><p>Aktyvioji kauk\u0117<\/p><br \/>\n<p style=\"font-size:13px\">Moter\u0173 spuog\u0173 gydymas<\/p><\/div><\/div><\/li><\/ul><\/div><noscript><style type=\"text\/css\" scoped>#soliloquy-container-5181{opacity:1}#soliloquy-container-5181 li > .soliloquy-caption{display:none}#soliloquy-container-5181 li:first-child > .soliloquy-caption{display:block}<\/style><div class=\"soliloquy-no-js\" style=\"display:none;visibility:hidden;height:0;line-height:0;opacity:0;\"><img class=\"soliloquy-image soliloquy-no-js-image\" src=\"https:\/\/hyfac.fr\/wp-content\/uploads\/2018\/07\/Diapositive19.jpeg\" alt=\"HYFAC WOMAN Valomasis micelinis vanduo, makia\u017eo valiklis\" \/><img class=\"soliloquy-image soliloquy-no-js-image\" src=\"https:\/\/hyfac.fr\/wp-content\/uploads\/2018\/07\/Diapositive15.jpeg\" alt=\"HYFAC WOMAN pasaulinis spuog\u0173 gydymas moterims\" \/><img class=\"soliloquy-image soliloquy-no-js-image\" src=\"https:\/\/hyfac.fr\/wp-content\/uploads\/2018\/07\/Diapositive17.jpeg\" alt=\"HYFAC WOMAN \u0161velnus \u0161vei\u010diamasis \u0161veitiklis\" \/><img class=\"soliloquy-image soliloquy-no-js-image\" src=\"https:\/\/hyfac.fr\/wp-content\/uploads\/2022\/02\/Sans-titre-61.jpeg\" alt=\"HYFAC WOMAN Aktyvi kauk\u0117 suaugusioms moterims nuo spuog\u0173\" \/><\/div><\/noscript><\/div>\n<\/div>\n<div id=\"savoir-prd\">\n<div class=\"h2prd\">\n<h2><span style=\"color: #d0006d;\">SKAITYKITE DAUGIAU<\/span><\/h2>\n<\/div>\n<div class=\"csRow\">\n<div class=\"csColumn\" style=\"margin: 0px; padding: 0px; float: left; width: 38.6%;\" data-csstartpoint=\"0\" data-csendpoint=\"370.5\" data-cswidth=\"38.6%\" data-csid=\"beb42ad8-6bfd-a029-8282-bd93ae120b4d\"><a href=\"https:\/\/hyfac.fr\/lt\/sos-dermato\/4321-acne-de-la-femme-adulte\/\" target=\"_blank\" rel=\"noopener\"><img loading=\"lazy\" class=\"aligncenter wp-image-4368 size-thumbnail\" src=\"https:\/\/hyfac.fr\/wp-content\/uploads\/2018\/03\/banniere_carree_site_hyfac_intro_themes_femme-250x250.jpeg\" alt=\"suaugusi\u0173 moter\u0173 spuogai\" width=\"250\" height=\"250\" srcset=\"https:\/\/hyfac.fr\/wp-content\/uploads\/2018\/03\/banniere_carree_site_hyfac_intro_themes_femme-250x250.jpeg 250w, https:\/\/hyfac.fr\/wp-content\/uploads\/2018\/03\/banniere_carree_site_hyfac_intro_themes_femme-300x300.jpeg 300w, https:\/\/hyfac.fr\/wp-content\/uploads\/2018\/03\/banniere_carree_site_hyfac_intro_themes_femme.jpeg 543w\" sizes=\"(max-width: 250px) 100vw, 250px\" \/><\/a><\/div>\n<div class=\"csColumnGap\" style=\"margin: 0px; padding: 0px; float: left; width: 1.56%;\"><img style=\"border: none;\" src=\"https:\/\/hyfac.fr\/wp-content\/plugins\/advanced-wp-columns\/assets\/js\/plugins\/views\/img\/1x1-pixel.png\"><\/div>\n<div class=\"csColumn\" style=\"margin: 0px; padding: 0px; float: left; width: 59.8%;\" data-csstartpoint=\"385.5\" data-csendpoint=\"960\" data-cswidth=\"59.8%\" data-csid=\"56e6cac6-63f3-6945-9ddf-f20a5ec7912c\">40% des femmes de plus de 20 ans souffrent d\u2019acn\u00e9 persistante. Boutons inflammatoires, peau grasse ou points noirs, la gamme HYFAC WOMAN a \u00e9t\u00e9 cr\u00e9\u00e9e pour r\u00e9pondre sp\u00e9cifiquement aux probl\u00e8mes de peaux \u00e0 imperfections des femmes adultes.<br \/>\nL\u2019eau micellaire est particuli\u00e8rement recommand\u00e9e pour l\u2019hygi\u00e8ne du visage de la femme. V\u00e9ritable lotion anti-acn\u00e9, elle convient \u00e0 tous les types de peaux, m\u00eame les peaux sensibles, les peaux s\u00e8ches, ou les peaux grasses pr\u00e9sentant des boutons d\u2019acn\u00e9, des points noirs ou des com\u00e9dons ou microkystes blancs. Elle est compatible avec les traitements de l\u2019acn\u00e9 et est adapt\u00e9e aux peaux r\u00e9actives et intol\u00e9rantes.<br \/>\nL\u2019eau micellaire HYFAC WOMAN aux extraits de th\u00e9 blanc a une action \u00e9claircissante sur les taches et les rougeurs. Elle permet d\u2019estomper les petites marques brunes, fr\u00e9quentes apr\u00e8s la disparition des boutons inflammatoires du visage. L\u2019\u00e9clat du teint est raviv\u00e9.<br \/>\nCette lotion anti-boutons s\u2019int\u00e8gre facilement dans toutes les routines de soin. Elle peut \u00eatre utilis\u00e9e une \u00e0 deux fois par jour, \u00e0 condition de rincer et s\u00e9cher la peau avant d\u2019appliquer les soins n\u00e9cessaires \u00e0 la prise en charge de l\u2019acn\u00e9 de la femme adulte.&nbsp;<\/p>\n<div id=\"savoirplus\"><a href=\"https:\/\/hyfac.fr\/lt\/sos-dermato\/4321-acne-de-la-femme-adulte\/\">Su\u017einokite daugiau apie suaugusi\u0173 moter\u0173 akn\u0119<\/a><\/div>\n<\/div>\n<div style=\"clear: both; float: none; display: block; visibility: hidden; width: 0px; font-size: 0px; line-height: 0;\">&nbsp;<\/div>\n<\/div>\n<\/div>\n<div id=\"compo-prd\">\n<div class=\"h2prd\">\n<h2><span style=\"color: #d0006d;\">SUD\u0116TIS <span style=\"font-size: 14pt;\">\/<\/span> SUDEDAMOSIOS DALYS<\/span><\/h2>\n<\/div>\n<p><span style=\"color: #cebfb6;\">INCI : AQUA (WATER), PROPANEDIOL, PEG-6 CAPRYLIC\/CAPRIC GLYCERIDES, PEG-7 GLYCERYL COCOATE, CAPRYLYL\/CAPRYL GLUCOSIDE, CAMELLIA SINENSIS LEAF EXTRACT, CODIUM TOMENTOSUM EXTRACT, BUTYLENE GLYCOL, HYDROXYETHYLCELLULOSE, TETRASODIUM GLUTAMATE DIACETATE, CITRIC ACID, PARFUM (FRAGRANCE), CETRIMONIUM BROMIDE.<\/span><\/p>\n<\/div>","protected":false},"excerpt":{"rendered":"<p>\u0160viesina veido od\u0105, valo ir pa\u0161alina makia\u017e\u0105.<\/p>","protected":false},"author":1,"featured_media":1788,"parent":47,"menu_order":0,"comment_status":"closed","ping_status":"closed","template":"page\/page-template-newprdwoman.php","meta":{"_mi_skip_tracking":false,"spay_email":""},"_links":{"self":[{"href":"https:\/\/hyfac.fr\/lt\/wp-json\/wp\/v2\/pages\/1433"}],"collection":[{"href":"https:\/\/hyfac.fr\/lt\/wp-json\/wp\/v2\/pages"}],"about":[{"href":"https:\/\/hyfac.fr\/lt\/wp-json\/wp\/v2\/types\/page"}],"author":[{"embeddable":true,"href":"https:\/\/hyfac.fr\/lt\/wp-json\/wp\/v2\/users\/1"}],"replies":[{"embeddable":true,"href":"https:\/\/hyfac.fr\/lt\/wp-json\/wp\/v2\/comments?post=1433"}],"version-history":[{"count":77,"href":"https:\/\/hyfac.fr\/lt\/wp-json\/wp\/v2\/pages\/1433\/revisions"}],"predecessor-version":[{"id":15025,"href":"https:\/\/hyfac.fr\/lt\/wp-json\/wp\/v2\/pages\/1433\/revisions\/15025"}],"up":[{"embeddable":true,"href":"https:\/\/hyfac.fr\/lt\/wp-json\/wp\/v2\/pages\/47"}],"wp:featuredmedia":[{"embeddable":true,"href":"https:\/\/hyfac.fr\/lt\/wp-json\/wp\/v2\/media\/1788"}],"wp:attachment":[{"href":"https:\/\/hyfac.fr\/lt\/wp-json\/wp\/v2\/media?parent=1433"}],"curies":[{"name":"wp","href":"https:\/\/api.w.org\/{rel}","templated":true}]}}