{"id":24,"date":"2016-04-20T16:59:46","date_gmt":"2016-04-20T14:59:46","guid":{"rendered":"http:\/\/hyfac.fr\/?page_id=24"},"modified":"2020-12-08T08:54:00","modified_gmt":"2020-12-08T07:54:00","slug":"le-laboratoire","status":"publish","type":"page","link":"https:\/\/hyfac.fr\/lt\/le-laboratoire\/","title":{"rendered":"Laboratorija"},"content":{"rendered":"<h1><img loading=\"lazy\" class=\"alignnone size-full wp-image-1596\" src=\"http:\/\/hyfac.fr\/wp-content\/uploads\/2016\/04\/Le-Laboratoire.png\" alt=\"Laboratorija\" width=\"1776\" height=\"350\" srcset=\"https:\/\/hyfac.fr\/wp-content\/uploads\/2016\/04\/Le-Laboratoire.png 1776w, https:\/\/hyfac.fr\/wp-content\/uploads\/2016\/04\/Le-Laboratoire-300x59.png 300w, https:\/\/hyfac.fr\/wp-content\/uploads\/2016\/04\/Le-Laboratoire-1024x202.png 1024w\" sizes=\"(max-width: 1776px) 100vw, 1776px\" \/><\/h1>\n<h2><span style=\"color: #68153d;\">M\u016aS\u0172 DERMATOLOGAI EKSPERTAI<\/span><\/h2>\n<div class=\"hr-hyfac hr-hyfac-labo\"><\/div>\n<p style=\"text-align: justify;\"><img loading=\"lazy\" class=\"alignleft size-medium wp-image-1660\" src=\"http:\/\/hyfac.fr\/wp-content\/uploads\/2016\/04\/illus_dermato_hyfac-259x300.png\" alt=\"illus_dermato_hyfac\" width=\"259\" height=\"300\" srcset=\"https:\/\/hyfac.fr\/wp-content\/uploads\/2016\/04\/illus_dermato_hyfac-259x300.png 259w, https:\/\/hyfac.fr\/wp-content\/uploads\/2016\/04\/illus_dermato_hyfac-883x1024.png 883w, https:\/\/hyfac.fr\/wp-content\/uploads\/2016\/04\/illus_dermato_hyfac.png 1545w\" sizes=\"(max-width: 259px) 100vw, 259px\" \/><\/p>\n<p style=\"text-align: justify;\">Nuo tada, kai buvo sukurta\u00a0<a href=\"https:\/\/www.moulinroyalcosmetics.com\">Laboratoires Moulin Royal Cosmetics<\/a>Norime u\u017emegzti privilegijuotus santykius su dermatologais. M\u016bs\u0173 elgesio kryptis yra ta pati: patenkinti pacient\u0173 poreikius naudojant saugius, veiksmingus ir gerai toleruojamus produktus. B\u0117gant metams \u0161i partneryst\u0117 pl\u0117t\u0117si ir \u0161iandien mes dirbame kartu su dermatologais. Kartu kuriame naujas dermokosmetines serijas keliose srityse (<a href=\"https:\/\/hyfac.fr\/lt\/nos-gammes\/hyfac-woman\/\">moter\u0173 spuogai<\/a>, <a href=\"https:\/\/hyfac.fr\/lt\/nos-gammes\/hydrafac\/\">dr\u0117kinimas<\/a>ir t. t.).<\/p>\n<p style=\"text-align: justify;\">Kartu su jais taip pat suk\u016br\u0117me \"SOS Dermato\" skyri\u0173, kuriame galime atsakyti \u012f vartotoj\u0173 klausimus apie od\u0105. Kiekvien\u0105 m\u0117nes\u012f m\u016bs\u0173 svetain\u0117je ir socialiniuose tinkluose rasite m\u016bs\u0173 dermatolog\u0173 ekspert\u0173 patarim\u0173 \u012fvairiomis temomis: akn\u0117 ir odos problemos, odos problemos, odos problemos, odos problemos, odos problemos, odos problemos, odos problemos, odos problemos. <a href=\"https:\/\/hyfac.fr\/lt\/conseils-dermato\/1287-lacne-et-lalimentation\/\">maitinimo \u0161altinis<\/a>spuogai &amp; <a href=\"https:\/\/hyfac.fr\/lt\/conseils-dermato\/1289-lacne-et-la-contraception\/\">kontracepcija<\/a>, <a href=\"https:\/\/hyfac.fr\/lt\/sos-dermato\/4326-hydratation-de-la-peau\/\">dr\u0117kinimas<\/a>, <a href=\"https:\/\/hyfac.fr\/lt\/sos-dermato\/4324-le-soleil-et-la-peau\/\">oda ir saul\u0117<\/a>ir dar daugiau.<\/p>\n<p style=\"text-align: justify;\">Galiausiai reguliariai keliaujame po Pranc\u016bzij\u0105, kad su dermatologais aptartume neseniai paskelbtus mokslinius straipsnius. \u0160ie susitikimai vadinami \"mokslin\u0117mis kavin\u0117mis\".<\/p>\n<p>&nbsp;<\/p>\n<h2><span style=\"color: #68153d;\">LA CREATION D&#8217;HYFAC<\/span><\/h2>\n<div class=\"hr-hyfac hr-hyfac-labo\"><\/div>\n<p><img loading=\"lazy\" class=\"alignleft size-medium wp-image-1661\" src=\"http:\/\/hyfac.fr\/wp-content\/uploads\/2016\/04\/labo_hyfac_1-300x200-300x200.jpg\" alt=\"labo_hyfac_1-300x200\" width=\"300\" height=\"200\" \/><\/p>\n<p style=\"text-align: justify;\">Istorija prasideda 1984 m. laboratorijoje. Alisa dirbo chemike ir k\u016br\u0117 \u0161amp\u016bn\u0105. Kelias dienas i\u0161band\u017eiusi \u0161amp\u016bn\u0105, ji suprato, kad kaktos srityje, netoli galvos odos, jos oda atrodo \u0161varesn\u0117 ir ma\u017eiau riebi. Alisa ir jos draugai tyr\u0117jai \u0117m\u0117si darbo, kad i\u0161siai\u0161kint\u0173 \u0161io didingo veiksmo kilm\u0119. Rezultatai parod\u0117, kad piroktono olaminas buvo atsakingas u\u017e \u0161\u012f teigiam\u0105 poveik\u012f odai. Po \u0161io atsitiktinio, bet daug \u017eadan\u010dio atradimo laboratorijoje nuspr\u0119sta kurti originalias piroktono olamino pagrindu sukurtas formuluotes, kurios pad\u0117t\u0173 \u012f akn\u0119 linkusiai odai.<\/p>\n<p style=\"text-align: justify;\">Taip gim\u0117 <span style=\"color: #68153d;\"><strong>HYFAC<\/strong><\/span> <a href=\"https:\/\/hyfac.fr\/lt\/nos-gammes\/hyfac-classique\/\">jaunos odos prie\u017ei\u016bra<\/a>. \u012evairios <span style=\"color: #68153d;\"><strong>paprastas<\/strong>, <strong>veiksminga<\/strong><\/span>su <span style=\"color: #68153d;\"><strong>pripa\u017eintas turtas<\/strong><\/span>.<\/p>\n<p style=\"text-align: justify;\">HYFAC - tai \u017einojimas, kad su spuogais gali b\u016bti sunku gyventi, kad jie atsiranda ma\u017edaug paauglyst\u0117je ir i\u0161nyksta po ilgo laiko. Akn\u0117 yra liga, kuriai reikia <span style=\"color: #68153d;\"><strong>visapusi\u0161ka prie\u017ei\u016bra<\/strong><\/span> su gerais produktais, bet ir su pritaikytu gyvenimo b\u016bdu. Tod\u0117l HYFAC padeda suprasti savo lig\u0105.<\/p>\n<p style=\"text-align: justify;\">Su patyrusia komanda <span style=\"color: #68153d;\"><strong>dermatologai<\/strong><\/span>i\u0161 <span style=\"color: #68153d;\"><strong>vaistininkai<\/strong><\/span> ir jaunimui, Laboratoire Moulin Royal Cosmetics ir toliau kuria naujas dermokosmetikos linijas, pritaikytas kiekvienam poreikiui ir gyvenimo b\u016bdui.<\/p>\n<p>&nbsp;<\/p>\n<h2><span style=\"color: #68153d;\">ELGESIO KODEKSAS<\/span><\/h2>\n<div class=\"hr-hyfac hr-hyfac-labo\"><\/div>\n<p><img loading=\"lazy\" class=\"alignright wp-image-436\" src=\"http:\/\/hyfac.fr\/wp-content\/uploads\/2015\/07\/labo_hyfac_3.jpg\" alt=\"labo_hyfac\" width=\"250\" height=\"375\" \/>Esame \u012fsipareigoj\u0119 laikytis savo \u017evalgybos chartijos ir kosmetikos reikalavim\u0173:<\/p>\n<ul>\n<li style=\"text-align: justify;\">Inovacijos ir <span style=\"color: #68153d;\"><strong>maksimalios kokyb\u0117s paie\u0161ka<\/strong><\/span> turi b\u016bti visais lygmenimis - nuo projektavimo iki platinimo.<\/li>\n<li style=\"text-align: justify;\">M\u016bs\u0173 sudedamosioms dalims ir veikliosioms med\u017eiagoms taikomos<span style=\"color: #68153d;\"><strong>i\u0161sam\u016bs baziniai tyrimai<\/strong><\/span> j\u0173 pl\u0117trai.<\/li>\n<li style=\"text-align: justify;\">M\u016bs\u0173 technin\u0117 kokyb\u0117 <span style=\"color: #68153d;\"><strong>pristatymo sistemos<\/strong><\/span> daugumoje m\u016bs\u0173 gamini\u0173 n\u0117ra s\u0105ly\u010dio su aplinkos oru (beor\u0117s sistemos).<\/li>\n<li style=\"text-align: justify;\">\u012egyvendinimas<span style=\"color: #68153d;\"><strong>klinikiniai tyrimai<\/strong><\/span> planuojama, kad visos m\u016bs\u0173 nuorodos bus pateiktos. J\u012f atlieka dermatologai tyr\u0117jai.<\/li>\n<li style=\"text-align: justify;\">La <a href=\"https:\/\/hyfac.fr\/lt\/pres-de-chez-vous\/\">platinimas<\/a> en <span style=\"color: #68153d;\"><strong>vaistin\u0117 ir parafarmacija<\/strong><\/span> yra m\u016bs\u0173 rinkodaros pasirinkimas.<\/li>\n<li style=\"text-align: justify;\">Galiausiai, m\u016bs\u0173 tikslas pl\u0117toti<span style=\"color: #68153d;\"><strong>tarptautinis<\/strong><\/span> sustiprina m\u016bs\u0173 r\u016bpest\u012f grie\u017eta kokybe.<\/li>\n<\/ul>\n<p>&nbsp;<\/p>\n<h2><span style=\"color: #68153d;\">TARPTAUTINIS DALYVAVIMAS<\/span><\/h2>\n<div class=\"hr-hyfac hr-hyfac-labo\"><\/div>\n<p><img loading=\"lazy\" class=\"aligncenter size-full wp-image-4704\" src=\"https:\/\/hyfac.fr\/wp-content\/uploads\/2018\/05\/carte_monde_vierge_frontiere_pays_continent_hyfac_toutes_gammes.jpg\" alt=\"\" width=\"1839\" height=\"878\" srcset=\"https:\/\/hyfac.fr\/wp-content\/uploads\/2018\/05\/carte_monde_vierge_frontiere_pays_continent_hyfac_toutes_gammes.jpg 1839w, https:\/\/hyfac.fr\/wp-content\/uploads\/2018\/05\/carte_monde_vierge_frontiere_pays_continent_hyfac_toutes_gammes-300x143.jpg 300w, https:\/\/hyfac.fr\/wp-content\/uploads\/2018\/05\/carte_monde_vierge_frontiere_pays_continent_hyfac_toutes_gammes-1024x489.jpg 1024w\" sizes=\"(max-width: 1839px) 100vw, 1839px\" \/><\/p>\n<h2><\/h2>\n<p style=\"text-align: center;\">Daugiau informacijos rasite svetain\u0117je : <a href=\"https:\/\/www.moulinroyalcosmetics.com\">www.moulinroyalcosmetics.com<\/a><\/p>","protected":false},"excerpt":{"rendered":"<p>NOS EXPERTS DERMATOLOGUES D\u00e8s la cr\u00e9ation des\u00a0Laboratoires Moulin Royal Cosmetics, notre souhait a \u00e9t\u00e9 de nouer avec les dermatologues des relations privil\u00e9gi\u00e9es. Nous avons la m\u00eame ligne de conduite\u00a0: r\u00e9pondre aux besoins des patients avec des produits s\u00fbrs, efficaces et bien tol\u00e9r\u00e9s. Au fil des ann\u00e9es, ce partenariat s\u2019amplifia et nous travaillons aujourd\u2019hui main dans\u2026 <a class='lire-suite' href=\"https:\/\/hyfac.fr\/lt\/le-laboratoire\/\">Skaityti daugiau &gt;&gt;&gt;<\/a><\/p>","protected":false},"author":1,"featured_media":0,"parent":0,"menu_order":4,"comment_status":"closed","ping_status":"closed","template":"page\/page-template-defaulthyfac.php","meta":{"_mi_skip_tracking":false,"spay_email":""},"_links":{"self":[{"href":"https:\/\/hyfac.fr\/lt\/wp-json\/wp\/v2\/pages\/24"}],"collection":[{"href":"https:\/\/hyfac.fr\/lt\/wp-json\/wp\/v2\/pages"}],"about":[{"href":"https:\/\/hyfac.fr\/lt\/wp-json\/wp\/v2\/types\/page"}],"author":[{"embeddable":true,"href":"https:\/\/hyfac.fr\/lt\/wp-json\/wp\/v2\/users\/1"}],"replies":[{"embeddable":true,"href":"https:\/\/hyfac.fr\/lt\/wp-json\/wp\/v2\/comments?post=24"}],"version-history":[{"count":48,"href":"https:\/\/hyfac.fr\/lt\/wp-json\/wp\/v2\/pages\/24\/revisions"}],"predecessor-version":[{"id":14760,"href":"https:\/\/hyfac.fr\/lt\/wp-json\/wp\/v2\/pages\/24\/revisions\/14760"}],"wp:attachment":[{"href":"https:\/\/hyfac.fr\/lt\/wp-json\/wp\/v2\/media?parent=24"}],"curies":[{"name":"wp","href":"https:\/\/api.w.org\/{rel}","templated":true}]}}