{"id":2441,"date":"2018-02-14T00:39:05","date_gmt":"2018-02-13T23:39:05","guid":{"rendered":"http:\/\/hyfac.fr\/?page_id=2441"},"modified":"2022-02-10T01:32:37","modified_gmt":"2022-02-10T00:32:37","slug":"creme-legere","status":"publish","type":"page","link":"https:\/\/hyfac.fr\/lt\/nos-gammes\/hydrafac\/creme-legere\/","title":{"rendered":"\u0160viesus kremas"},"content":{"rendered":"<div style=\"width: 960px;\"><\/div>\n<div id=\"prd\">\n<div class=\"csRow\">\n<div class=\"csColumn\" style=\"margin: 0px; padding: 0px; float: left; width: 47%;\" data-csstartpoint=\"0\" data-csendpoint=\"470\" data-cswidth=\"47.0%\" data-csid=\"beb42ad8-6bfd-a029-8282-bd93ae120b4d\">\n<style type=\"text\/css\">#soliloquy-container-5185 .soliloquy-pager{bottom: 10px;}<\/style><div class=\"soliloquy-outer-container\" data-soliloquy-loaded=\"0\"><div aria-live=\"polite\" id=\"soliloquy-container-5308\" class=\"soliloquy-container soliloquy-transition-horizontal soliloquy-slide-horizontal soliloquy-controls-active slider-img-prd soliloquy-theme-base\" style=\"max-width:390px;max-height:600px;margin:0 auto 20px;max-width:100%;max-height:none;\"><ul id=\"soliloquy-5308\" class=\"soliloquy-slider soliloquy-slides soliloquy-wrap soliloquy-clear\"><li aria-hidden=\"true\" class=\"soliloquy-item soliloquy-item-1 soliloquy-id-5552 soliloquy-image-slide\" draggable=\"false\" style=\"list-style:none;\"><img id=\"soliloquy-image-5552\" class=\"soliloquy-image soliloquy-image-1\" src=\"https:\/\/hyfac.fr\/wp-content\/uploads\/2018\/09\/Diapositive23-390x600_c.jpeg\" alt=\"HYDRAFAC riche l\u00e9g\u00e8re hydratante peaux normales \u00e0 mixtes\" \/><\/li><li aria-hidden=\"true\" class=\"soliloquy-item soliloquy-item-2 soliloquy-id-5553 soliloquy-image-slide\" draggable=\"false\" style=\"list-style:none;\"><img id=\"soliloquy-image-5553\" class=\"soliloquy-image soliloquy-image-2 soliloquy-preload\" src=\"https:\/\/hyfac.fr\/wp-content\/plugins\/soliloquy\/assets\/css\/images\/holder.gif\" data-soliloquy-src=\"https:\/\/hyfac.fr\/wp-content\/uploads\/2018\/09\/Diapositive24-390x600_c.jpeg\" alt=\"HYDRAFAC riche l\u00e9g\u00e8re hydratante peaux normales \u00e0 mixtes\" \/><\/li><\/ul><\/div><noscript><style type=\"text\/css\" scoped>#soliloquy-container-5308{opacity:1}#soliloquy-container-5308 li > .soliloquy-caption{display:none}#soliloquy-container-5308 li:first-child > .soliloquy-caption{display:block}<\/style><div class=\"soliloquy-no-js\" style=\"display:none;visibility:hidden;height:0;line-height:0;opacity:0;\"><img class=\"soliloquy-image soliloquy-no-js-image\" src=\"https:\/\/hyfac.fr\/wp-content\/uploads\/2018\/09\/Diapositive23.jpeg\" alt=\"HYDRAFAC riche l\u00e9g\u00e8re hydratante peaux normales \u00e0 mixtes\" \/><img class=\"soliloquy-image soliloquy-no-js-image\" src=\"https:\/\/hyfac.fr\/wp-content\/uploads\/2018\/09\/Diapositive24.jpeg\" alt=\"HYDRAFAC riche l\u00e9g\u00e8re hydratante peaux normales \u00e0 mixtes\" \/><\/div><\/noscript><\/div>\n<\/div>\n<div class=\"csColumnGap\" style=\"margin: 0px; padding: 0px; float: left; width: 3.7%;\"><img style=\"border: none;\" src=\"https:\/\/hyfac.fr\/wp-content\/plugins\/advanced-wp-columns\/assets\/js\/plugins\/views\/img\/1x1-pixel.png\" \/><\/div>\n<div class=\"csColumn\" style=\"margin: 0px; padding: 0px; float: left; width: 49.3%;\" data-csstartpoint=\"507\" data-csendpoint=\"1000\" data-cswidth=\"49.3%\" data-csid=\"56e6cac6-63f3-6945-9ddf-f20a5ec7912c\">\n<h1><span style=\"color: #0075b2; line-height: 35px;\">CR\u00e8ME L\u00e9G\u00e8RE<\/span><\/h1>\n<p><span style=\"color: #0075b2;\">Gamme HYDRAFAC<\/span><br \/>\n40 ml t\u016bbel\u0117<\/p>\n<p><br \/>\nSoin hydratant visage pour peaux normales \u00e0 mixtes. Am\u00e9liore le renouvellement de l&#8217;\u00e9piderme et prot\u00e8ge durablement la peau.<\/p>\n<ul id=\"ulprd\">\n<li><img class=\"logo-prd\" src=\"\/wp-content\/uploads\/2018\/09\/Hydrate.png\" alt=\"Dr\u0117kina\" width=\"50\" \/><br \/>\nHYDRATE<\/li>\n<li><img class=\"logo-prd\" src=\"\/wp-content\/uploads\/2018\/09\/Protege.png\" alt=\"Prot\u00e8ge\" width=\"50\" \/><br \/>\nPROTEGE<\/li>\n<li><img class=\"logo-prd\" src=\"\/wp-content\/uploads\/2018\/08\/lisse.png\" alt=\"Lisse\" width=\"50\" \/><br \/>\nLISSE<\/li>\n<li><img class=\"logo-prd\" src=\"\/wp-content\/uploads\/2018\/09\/Confort.png\" alt=\"Confort\" width=\"50\" \/><br \/>\nCONFORT<\/li>\n<\/ul>\n<ul id=\"ulprd-link\">\n<li><p class=\"product woocommerce add_to_cart_inline\" style=\"border:4px solid #ccc; padding: 12px;\"><span class=\"woocommerce-Price-amount amount\"><bdi>11,50&nbsp;<span class=\"woocommerce-Price-currencySymbol\">\u20ac<\/span><\/bdi><\/span><a href=\"?add-to-cart=14931\" data-quantity=\"1\" class=\"button product_type_simple add_to_cart_button ajax_add_to_cart\" data-product_id=\"14931\" data-product_sku=\"\" aria-label=\"\u012ed\u0117ti \u012f kre\u0161el\u012f: \u201cHydrafac - Cr\u00e8me L\u00e9g\u00e8re\u201d\" rel=\"nofollow\" data-no-translation=\"\" data-trp-gettext=\"\" data-no-translation-aria-label=\"\">\u012e krep\u0161el\u012f<\/a><\/p><\/li>\n<li><\/li>\n<li><a href=\"https:\/\/hyfac.fr\/lt\/pres-de-chez-vous\/\"><img class=\"img2\" src=\"\/wp-content\/uploads\/2018\/06\/logo-map-e1530138886120.png\" alt=\"loc\" \/>Suraskite pardavimo viet\u0105<\/a><\/li>\n<\/ul>\n<ul id=\"ulprd-link\">\n<li class=\"infotri\"><span class=\"spantri\">Atraskite m\u016bs\u0173 r\u016b\u0161iavimo instrukcijas<\/span><br \/>\n<img class=\"imgtri\" src=\"https:\/\/hyfac.fr\/wp-content\/uploads\/2020\/12\/HYDRAFAC-Creme-legere.png\" \/><\/li>\n<\/ul>\n<\/div>\n<div style=\"clear: both; float: none; display: block; visibility: hidden; width: 0px; font-size: 0px; line-height: 0;\"><\/div>\n<\/div>\n<\/div>\n<div id=\"descript-prd\">La cr\u00e8me hydratante visage HYDRAFAC l\u00e9g\u00e8re procure une sensation d&#8217;hydratation imm\u00e9diate et durable de l\u2019\u00e9piderme et \u00ab booste \u00bb la fonction d\u2019hydratation de la peau. Enrichie en <strong>gamyklos turtas<\/strong>, sa formule am\u00e9liore le <strong>renouvellement de l\u2019\u00e9piderme<\/strong> pour maintenir la protection de la barri\u00e8re cutan\u00e9e. Utilis\u00e9e au quotidien, elle lisse le grain de peau et r\u00e9v\u00e8le l\u2019\u00e9clat du teint pour un <strong>effet \u00ab peau neuve \u00bb<\/strong>. Sa texture fondante et non grasse apaise imm\u00e9diatement et apporte une sensation de fra\u00eecheur et de confort \u00e0 la peau. Recommand\u00e9e pour les <strong>peaux normales \u00e0 mixtes<\/strong>, ou durant l\u2019\u00e9t\u00e9, elle est \u00e9galement id\u00e9ale comme base de maquillage.<\/div>\n<div id=\"menu-prdnew\">\n<ul>\n<li><a id=\"lienmenuconseil\" href=\"#prd\">NAUDOJIMO TARYBA<\/a><\/li>\n<li><a id=\"lienmenuactifs\" href=\"#conseil-prd\">TURTAS<\/a><\/li>\n<li><a id=\"lienmenucmplt\" href=\"#actifs-prd\">PAPILDOMI PRODUKTAI<\/a><\/li>\n<li><a id=\"lienmenusavoir\" href=\"#cmplt-prd\">SKAITYKITE DAUGIAU<\/a><\/li>\n<li><a id=\"lienmenucompo\" href=\"#savoir-prd\">SUD\u0116TIS<\/a><\/li>\n<\/ul>\n<\/div>\n<div id=\"conseil-prd\">\n<div class=\"csRow\">\n<div class=\"csColumn\" style=\"margin: 0px; padding: 0px; float: left; width: 70.8%;\" data-csstartpoint=\"0\" data-csendpoint=\"680\" data-cswidth=\"70.8%\" data-csid=\"7ce9a14c-d45b-a3f2-987b-63fd249cc312\">\n<p><span style=\"color: #0075b2;\">COMMENT UTILISER LA CREME HYDRATANTE LEGERE HYDRAFAC ?<\/span><\/p>\n<p>Appliquer matin et\/ou soir sur la peau du visage et du cou parfaitement nettoy\u00e9e avec le <a href=\"https:\/\/hyfac.fr\/lt\/nos-gammes\/hyfac-classique\/gel-nettoyant-purifiant\/\">gel nettoyant purifiant HYFAC Original<\/a>. Id\u00e9al comme base de maquillage.<\/p>\n<p>La cr\u00e8me hydratante visage pour les peaux normales \u00e0 mixtes HYDRAFAC L\u00e9g\u00e8re hydrate et apaise la peau. Sa texture fine et non grasse d\u00e9salt\u00e8re la peau d\u00e8s l&#8217;application et lui procure souplesse, douceur et \u00e9clat. La peau retrouve toute sa fra\u00eecheur. Sans fini gras.<\/p>\n<\/div>\n<div class=\"csColumnGap\" style=\"margin: 0px; padding: 0px; float: left; width: 1.56%;\"><img style=\"border: none;\" src=\"https:\/\/hyfac.fr\/wp-content\/plugins\/advanced-wp-columns\/assets\/js\/plugins\/views\/img\/1x1-pixel.png\" \/><\/div>\n<div class=\"csColumn\" style=\"margin: 0px; padding: 0px; float: left; width: 27.6%;\" data-csstartpoint=\"695\" data-csendpoint=\"960\" data-cswidth=\"27.6%\" data-csid=\"2de6301b-fc0e-6c4c-b16e-671973f34d15\">\n<p><img loading=\"lazy\" class=\"aligncenter wp-image-5140\" src=\"https:\/\/hyfac.fr\/wp-content\/uploads\/2018\/07\/conseil-250x250.png\" alt=\"\" width=\"180\" height=\"181\" srcset=\"https:\/\/hyfac.fr\/wp-content\/uploads\/2018\/07\/conseil-250x250.png 250w, https:\/\/hyfac.fr\/wp-content\/uploads\/2018\/07\/conseil-298x300.png 298w, https:\/\/hyfac.fr\/wp-content\/uploads\/2018\/07\/conseil.png 308w\" sizes=\"(max-width: 180px) 100vw, 180px\" \/><\/p>\n<\/div>\n<div style=\"clear: both; float: none; display: block; visibility: hidden; width: 0px; font-size: 0px; line-height: 0;\"><\/div>\n<\/div>\n<\/div>\n<div id=\"actifs-prd\">\n<div class=\"h2prd\">\n<h2><span style=\"color: #0075b2;\">PAGRINDINIS TURTAS<\/span><\/h2>\n<\/div>\n<p><span style=\"color: #0075b2;\">Extraits d\u2019ajonc<\/span><br \/>\nHydratent imm\u00e9diatement et durablement la peau.<\/p>\n<p><span style=\"color: #0075b2;\">Exopolysaccharides\u00a0<\/span><br \/>\nAm\u00e9liorent le renouvellement naturel de l\u2019\u00e9piderme et renforcent le syst\u00e8me de d\u00e9fense de la peau.<\/p>\n<p><span style=\"color: #0075b2;\">Glyc\u00e9rine<\/span><br \/>\nRestaure la barri\u00e8re cutan\u00e9e et permet \u00e0 la peau de rester hydrat\u00e9e durablement. La glyc\u00e9rine est un puissant agent hydratant pouvant retenir plusieurs fois son poids en eau.<\/p>\n<\/div>\n<div id=\"cmplt-prd\">\n<div class=\"h2prd\">\n<h2><span style=\"color: #0075b2;\">PAPILDOMI PRODUKTAI<\/span><\/h2>\n<\/div>\n<style type=\"text\/css\">#soliloquy-container-5438 .soliloquy-prev{left: -60px;background-color:#0075b2;}#soliloquy-container-5438 .soliloquy-next{right: -60px;background-color:#0075b2;}#soliloquy-container-5438 .soliloquy-image{background: #f3f3f3;border: 1px solid #ddd;padding:3px;}#soliloquy-container-5438 .soliloquy-viewport{height: 260px !important;}#soliloquy-container-5438 .soliloquy-caption-bottom{position: relative;}#soliloquy-container-5438 .soliloquy-caption-inside{color:#CEBFB6; text-shadow:none;background:none;}@media only screen and (max-width: 1000px){#soliloquy-container-5438 .soliloquy-prev{left: 0px;}#soliloquy-container-5438 .soliloquy-next{right: 0px;}#soliloquy-container-5438 .soliloquy-viewport{height: 200px;}}<\/style><div class=\"soliloquy-outer-container soliloquy-carousel\" data-soliloquy-loaded=\"0\"><div aria-live=\"polite\" id=\"soliloquy-container-5438\" class=\"soliloquy-container soliloquy-transition-horizontal soliloquy-slide-horizontal soliloquy-arrows-active Produits-complmentaires-Hyfac soliloquy-theme-base\" style=\"max-width:960px;max-height:300px;margin:0 auto 20px;\"><ul id=\"soliloquy-5438\" class=\"soliloquy-slider soliloquy-slides soliloquy-wrap soliloquy-clear\"><li aria-hidden=\"true\" class=\"soliloquy-item soliloquy-item-1 soliloquy-id-5603 soliloquy-image-slide\" draggable=\"false\" style=\"list-style:none;\"><a href=\"https:\/\/hyfac.fr\/lt\/nos-gammes\/hydrafac\/creme-legere\/\" class=\"soliloquy-link\" title=\"HYDRAFAC cr\u00e8me hydratante l\u00e9g\u00e8re peau normale \u00e0 mixte\"><img id=\"soliloquy-image-5603\" class=\"soliloquy-image soliloquy-image-1\" src=\"https:\/\/hyfac.fr\/wp-content\/uploads\/2018\/09\/Diapositive24-3-200x200_c.jpeg\" alt=\"HYDRAFAC cr\u00e8me hydratante l\u00e9g\u00e8re peau normale \u00e0 mixte\" \/><\/a><div class=\"soliloquy-caption soliloquy-caption-bottom\"><div class=\"soliloquy-caption-inside\"><p>\u0160viesus kremas<\/p><br \/>\n<p style=\"font-size:13px\">Dr\u0117kinamasis kremas normaliai ir mi\u0161riai odai<\/p><\/div><\/div><\/li><li aria-hidden=\"true\" class=\"soliloquy-item soliloquy-item-2 soliloquy-id-5604 soliloquy-image-slide\" draggable=\"false\" style=\"list-style:none;\"><a href=\"https:\/\/hyfac.fr\/lt\/nos-gammes\/hydrafac\/creme-riche\/\" class=\"soliloquy-link\" title=\"HYDRAFAC sodrus dr\u0117kinamasis kremas sausai odai\"><img id=\"soliloquy-image-5604\" class=\"soliloquy-image soliloquy-image-2\" src=\"https:\/\/hyfac.fr\/wp-content\/uploads\/2018\/09\/Diapositive26-4-200x200_c.jpeg\" alt=\"HYDRAFAC sodrus dr\u0117kinamasis kremas sausai odai\" \/><\/a><div class=\"soliloquy-caption soliloquy-caption-bottom\"><div class=\"soliloquy-caption-inside\"><p>Sodrus kremas<\/p><br \/>\n<p style=\"font-size:13px\">Dr\u0117kinamasis kremas sausai odai<\/p><\/div><\/div><\/li><li aria-hidden=\"true\" class=\"soliloquy-item soliloquy-item-3 soliloquy-id-5605 soliloquy-image-slide\" draggable=\"false\" style=\"list-style:none;\"><a href=\"https:\/\/hyfac.fr\/lt\/nos-gammes\/hydrafac\/baume-levres\/\" class=\"soliloquy-link\" title=\"HYDRAFAC baume \u00e0 l\u00e8vres nourrissant hydratant\"><img id=\"soliloquy-image-5605\" class=\"soliloquy-image soliloquy-image-3\" src=\"https:\/\/hyfac.fr\/wp-content\/uploads\/2018\/09\/Diapositive28-2-200x200_c.jpeg\" alt=\"HYDRAFAC baume \u00e0 l\u00e8vres nourrissant hydratant\" \/><\/a><div class=\"soliloquy-caption soliloquy-caption-bottom\"><div class=\"soliloquy-caption-inside\"><p>L\u016bp\u0173 balzamas<\/p><br \/>\n<p style=\"font-size:13px\">Nourrit et prot\u00e8ge<\/p><\/div><\/div><\/li><\/ul><\/div><noscript><style type=\"text\/css\" scoped>#soliloquy-container-5438{opacity:1}#soliloquy-container-5438 li > .soliloquy-caption{display:none}#soliloquy-container-5438 li:first-child > .soliloquy-caption{display:block}<\/style><div class=\"soliloquy-no-js\" style=\"display:none;visibility:hidden;height:0;line-height:0;opacity:0;\"><img class=\"soliloquy-image soliloquy-no-js-image\" src=\"https:\/\/hyfac.fr\/wp-content\/uploads\/2018\/09\/Diapositive24-3.jpeg\" alt=\"HYDRAFAC cr\u00e8me hydratante l\u00e9g\u00e8re peau normale \u00e0 mixte\" \/><img class=\"soliloquy-image soliloquy-no-js-image\" src=\"https:\/\/hyfac.fr\/wp-content\/uploads\/2018\/09\/Diapositive26-4.jpeg\" alt=\"HYDRAFAC sodrus dr\u0117kinamasis kremas sausai odai\" \/><img class=\"soliloquy-image soliloquy-no-js-image\" src=\"https:\/\/hyfac.fr\/wp-content\/uploads\/2018\/09\/Diapositive28-2.jpeg\" alt=\"HYDRAFAC baume \u00e0 l\u00e8vres nourrissant hydratant\" \/><\/div><\/noscript><\/div>\n<\/div>\n<div id=\"savoir-prd\">\n<div class=\"h2prd\">\n<h2><span style=\"color: #0075b2;\">SKAITYKITE DAUGIAU<\/span><\/h2>\n<\/div>\n<div class=\"csRow\">\n<div class=\"csColumn\" style=\"margin: 0px; padding: 0px; float: left; width: 38.6%;\" data-csstartpoint=\"0\" data-csendpoint=\"370.5\" data-cswidth=\"38.6%\" data-csid=\"beb42ad8-6bfd-a029-8282-bd93ae120b4d\"><a href=\"https:\/\/hyfac.fr\/lt\/sos-dermato\/4326-hydratation-de-la-peau\/\" target=\"_blank\" rel=\"noopener\"><img loading=\"lazy\" class=\"aligncenter wp-image-4346 size-thumbnail\" src=\"https:\/\/hyfac.fr\/wp-content\/uploads\/2018\/03\/banniere_carree_site_hyfac_intro_themes6-250x250.jpg\" alt=\"L'hydratation de la peau\" width=\"250\" height=\"250\" srcset=\"https:\/\/hyfac.fr\/wp-content\/uploads\/2018\/03\/banniere_carree_site_hyfac_intro_themes6-250x250.jpg 250w, https:\/\/hyfac.fr\/wp-content\/uploads\/2018\/03\/banniere_carree_site_hyfac_intro_themes6-300x300.jpg 300w, https:\/\/hyfac.fr\/wp-content\/uploads\/2018\/03\/banniere_carree_site_hyfac_intro_themes6.jpg 543w\" sizes=\"(max-width: 250px) 100vw, 250px\" \/><\/a><\/div>\n<div class=\"csColumnGap\" style=\"margin: 0px; padding: 0px; float: left; width: 1.56%;\"><img style=\"border: none;\" src=\"https:\/\/hyfac.fr\/wp-content\/plugins\/advanced-wp-columns\/assets\/js\/plugins\/views\/img\/1x1-pixel.png\" \/><\/div>\n<div class=\"csColumn\" style=\"margin: 0px; padding: 0px; float: left; width: 59.8%;\" data-csstartpoint=\"385.5\" data-csendpoint=\"960\" data-cswidth=\"59.8%\" data-csid=\"56e6cac6-63f3-6945-9ddf-f20a5ec7912c\">Le soleil et la chaleur sont des facteurs de dess\u00e8chement de la peau. La chaleur intensifie l\u2019\u00e9vaporation de l\u2019eau et fragilise la barri\u00e8re cutan\u00e9e : cela se traduit par une s\u00e9cheresse de la peau. Les peaux mixtes \u00e0 grasses ont besoin d\u2019une hydratation plus l\u00e9g\u00e8re que les peaux s\u00e8ches.<br \/>\nLa cr\u00e8me hydratante l\u00e9g\u00e8re HYDRAFAC procure une hydratation imm\u00e9diate de l\u2019\u00e9piderme et \u00ab booste \u00bb la fonction d\u2019hydratation de la peau. Son complexe v\u00e9g\u00e9tal am\u00e9liore le renouvellement de l\u2019\u00e9piderme pour maintenir la protection de la barri\u00e8re cutan\u00e9e. Ses agents hydratants augmentent la pr\u00e9sence d\u2019eau dans le stratum corn\u00e9um (couche superficielle de la peau).<br \/>\nGr\u00e2ce \u00e0 l\u2019action de son complexe hydratant naturel qui assure une diffusion optimale de l\u2019eau dans la peau et limite son \u00e9vaporation, la cr\u00e8me l\u00e9g\u00e8re HYDRAFAC hydrate intens\u00e9ment la peau au quotidien.<\/p>\n<div id=\"savoirplus\"><a href=\"https:\/\/hyfac.fr\/lt\/sos-dermato\/4326-hydratation-de-la-peau\/\">En savoir plus sur l\u2019hydratation de la peau<\/a><\/div>\n<\/div>\n<div style=\"clear: both; float: none; display: block; visibility: hidden; width: 0px; font-size: 0px; line-height: 0;\"><\/div>\n<\/div>\n<\/div>\n<div id=\"compo-prd\">\n<div class=\"h2prd\">\n<h2><span style=\"color: #0075b2;\">SUD\u0116TIS <span style=\"font-size: 14pt;\">\/<\/span> SUDEDAMOSIOS DALYS<\/span><\/h2>\n<\/div>\n<p><span style=\"color: #cebfb6;\">INCI : AQUA (WATER) \/ EAU, ISONONYL ISONONANOATE , PROPANEDIOL , BUTYLENE GLYCOL , SODIUM POLYACRYLATE , PENTYLENE GLYCOL , CHONDRUS CRISPUS EXTRACT , ULEX EUROPAEUS LEAF\/ROOT\/STEM EXTRACT , SACCHARIDE ISOMERATE , GLYCERIN , PARFUM (FRAGRANCE) , XANTHAN GUM , CAPRYLYL GLYCOL , ETHYLHEXYLGLYCERIN , PHENETHYL ALCOHOL , GLUCOSE , CARRAGEENAN , DISODIUM EDTA , CITRIC ACID , SODIUM BENZOATE , CI 42090 (BLUE 1).<\/span><\/p>\n<\/div>","protected":false},"excerpt":{"rendered":"<p>Dr\u0117kinamasis kremas mi\u0161riai odai vasar\u0105 arba kaip makia\u017eo pagrindas. Padidina vandens kiek\u012f raginiame odos sluoksnyje.<\/p>","protected":false},"author":1,"featured_media":2506,"parent":56,"menu_order":0,"comment_status":"closed","ping_status":"closed","template":"page\/page-template-newprdhydrafac.php","meta":{"_mi_skip_tracking":false,"spay_email":""},"_links":{"self":[{"href":"https:\/\/hyfac.fr\/lt\/wp-json\/wp\/v2\/pages\/2441"}],"collection":[{"href":"https:\/\/hyfac.fr\/lt\/wp-json\/wp\/v2\/pages"}],"about":[{"href":"https:\/\/hyfac.fr\/lt\/wp-json\/wp\/v2\/types\/page"}],"author":[{"embeddable":true,"href":"https:\/\/hyfac.fr\/lt\/wp-json\/wp\/v2\/users\/1"}],"replies":[{"embeddable":true,"href":"https:\/\/hyfac.fr\/lt\/wp-json\/wp\/v2\/comments?post=2441"}],"version-history":[{"count":42,"href":"https:\/\/hyfac.fr\/lt\/wp-json\/wp\/v2\/pages\/2441\/revisions"}],"predecessor-version":[{"id":15016,"href":"https:\/\/hyfac.fr\/lt\/wp-json\/wp\/v2\/pages\/2441\/revisions\/15016"}],"up":[{"embeddable":true,"href":"https:\/\/hyfac.fr\/lt\/wp-json\/wp\/v2\/pages\/56"}],"wp:featuredmedia":[{"embeddable":true,"href":"https:\/\/hyfac.fr\/lt\/wp-json\/wp\/v2\/media\/2506"}],"wp:attachment":[{"href":"https:\/\/hyfac.fr\/lt\/wp-json\/wp\/v2\/media?parent=2441"}],"curies":[{"name":"wp","href":"https:\/\/api.w.org\/{rel}","templated":true}]}}