{"id":2599,"date":"2018-02-19T16:48:37","date_gmt":"2018-02-19T15:48:37","guid":{"rendered":"http:\/\/hyfac.fr\/?page_id=2599"},"modified":"2022-02-10T02:06:07","modified_gmt":"2022-02-10T01:06:07","slug":"fotoker-creme-dermatologique","status":"publish","type":"page","link":"https:\/\/hyfac.fr\/lt\/nos-gammes\/fotoker-creme-dermatologique\/","title":{"rendered":"FOTOKER - Saul\u0117s padarytos \u017ealos prevencija ir taisymas"},"content":{"rendered":"<div style=\"width: 960px;\">&nbsp;<\/div>\n<div id=\"prd\">\n<div class=\"csRow\">\n<div class=\"csColumn\" style=\"margin: 0px; padding: 0px; float: left; width: 43%;\" data-csstartpoint=\"0\" data-csendpoint=\"430\" data-cswidth=\"43.0%\" data-csid=\"beb42ad8-6bfd-a029-8282-bd93ae120b4d\">\n<style type=\"text\/css\">#soliloquy-container-5312 .soliloquy-pager{bottom: -30px;}<\/style><div class=\"soliloquy-outer-container\" data-soliloquy-loaded=\"0\"><div aria-live=\"polite\" id=\"soliloquy-container-5312\" class=\"soliloquy-container soliloquy-transition-horizontal soliloquy-slide-horizontal soliloquy-controls-active slider-img-prd soliloquy-theme-base\" style=\"max-width:330px;max-height:600px;margin:0 auto 20px;max-width:100%;max-height:none;\"><ul id=\"soliloquy-5312\" class=\"soliloquy-slider soliloquy-slides soliloquy-wrap soliloquy-clear\"><li aria-hidden=\"true\" class=\"soliloquy-item soliloquy-item-1 soliloquy-id-5589 soliloquy-image-slide\" draggable=\"false\" style=\"list-style:none;\"><img id=\"soliloquy-image-5589\" class=\"soliloquy-image soliloquy-image-1\" src=\"https:\/\/hyfac.fr\/wp-content\/uploads\/2018\/09\/Diapositive32-1-330x600_c.jpeg\" alt=\"FOTOKER dermatologinis kremas su aktininiais pa\u017eeidimais\" \/><\/li><li aria-hidden=\"true\" class=\"soliloquy-item soliloquy-item-2 soliloquy-id-5546 soliloquy-image-slide\" draggable=\"false\" style=\"list-style:none;\"><img id=\"soliloquy-image-5546\" class=\"soliloquy-image soliloquy-image-2 soliloquy-preload\" src=\"https:\/\/hyfac.fr\/wp-content\/plugins\/soliloquy\/assets\/css\/images\/holder.gif\" data-soliloquy-src=\"https:\/\/hyfac.fr\/wp-content\/uploads\/2018\/09\/Diapositive32-330x600_c.jpeg\" alt=\"FOTOKER dermatologinis kremas su aktininiais pa\u017eeidimais\" \/><\/li><\/ul><\/div><noscript><style type=\"text\/css\" scoped>#soliloquy-container-5312{opacity:1}#soliloquy-container-5312 li > .soliloquy-caption{display:none}#soliloquy-container-5312 li:first-child > .soliloquy-caption{display:block}<\/style><div class=\"soliloquy-no-js\" style=\"display:none;visibility:hidden;height:0;line-height:0;opacity:0;\"><img class=\"soliloquy-image soliloquy-no-js-image\" src=\"https:\/\/hyfac.fr\/wp-content\/uploads\/2018\/09\/Diapositive32-1.jpeg\" alt=\"FOTOKER dermatologinis kremas su aktininiais pa\u017eeidimais\" \/><img class=\"soliloquy-image soliloquy-no-js-image\" src=\"https:\/\/hyfac.fr\/wp-content\/uploads\/2018\/09\/Diapositive32.jpeg\" alt=\"FOTOKER dermatologinis kremas su aktininiais pa\u017eeidimais\" \/><\/div><\/noscript><\/div>\n<\/div>\n<div class=\"csColumnGap\" style=\"margin: 0px; padding: 0px; float: left; width: 7.7%;\"><img style=\"border: none;\" src=\"https:\/\/hyfac.fr\/wp-content\/plugins\/advanced-wp-columns\/assets\/js\/plugins\/views\/img\/1x1-pixel.png\"><\/div>\n<div class=\"csColumn\" style=\"margin: 0px; padding: 0px; float: left; width: 49.3%;\" data-csstartpoint=\"507\" data-csendpoint=\"1000\" data-cswidth=\"49.3%\" data-csid=\"56e6cac6-63f3-6945-9ddf-f20a5ec7912c\">\n<h1><span style=\"color: #11568c; line-height: 35px;\">FOTOKER<\/span><\/h1>\n<p><span style=\"color: #11568c;\">FOTOKER asortimentas<\/span><br \/>\n50 ml t\u016bbel\u0117. Medicinos prietaisas.<\/p>\n<p><br \/>\nPr\u00e9vention et r\u00e9paration des dommages caus\u00e9s par le soleil (dommages actiniques).&nbsp;Cr\u00e8me dermatologique.<\/p>\n<ul id=\"ulprd\">\n<li><img class=\"logo-prd\" src=\"\/wp-content\/uploads\/2018\/09\/Repare_ADN.png\" alt=\"Repair_DNA\" width=\"50\"><br \/>\nATNAUJINTI<\/li>\n<li><img class=\"logo-prd\" src=\"\/wp-content\/uploads\/2018\/09\/Protege-des-UV.png\" alt=\"Apsauga nuo UV spinduli\u0173\" width=\"50\"><br \/>\nSPF 50+.<\/li>\n<li><img class=\"logo-prd\" src=\"\/wp-content\/uploads\/2018\/09\/uvb_uva.png\" alt=\"uvb_uva\" width=\"50\"><br \/>\nUVA\/UVB APSAUGA<\/li>\n<li><img class=\"logo-prd\" src=\"\/wp-content\/uploads\/2018\/09\/Hydrate.png\" alt=\"Dr\u0117kina\" width=\"50\"><br \/>\nHYDRATE<\/li>\n<\/ul>\n<ul id=\"ulprd-link\">\n<li><a href=\"https:\/\/fotoker.fr\/produit\/fotoker-creme-dermatologique\/\"><img class=\"img1\" src=\"\/wp-content\/uploads\/2018\/11\/caddie-copy.png\" alt=\"pirkti\">U\u017esisakykite internetu<\/a><\/li>\n<li><a href=\"https:\/\/hyfac.fr\/lt\/pres-de-chez-vous\/\"><img class=\"img2\" src=\"\/wp-content\/uploads\/2018\/06\/logo-map-e1530138886120.png\" alt=\"loc\">Suraskite pardavimo viet\u0105<\/a><\/li>\n<\/ul>\n<ul id=\"ulprd-link\">\n<li class=\"infotri\"><span class=\"spantri\">Atraskite m\u016bs\u0173 r\u016b\u0161iavimo instrukcijas<\/span><br \/>\n<img class=\"imgtri\" src=\"https:\/\/hyfac.fr\/wp-content\/uploads\/2020\/12\/FOTOKER.png\"><\/li>\n<\/ul>\n<\/div>\n<div style=\"clear: both; float: none; display: block; visibility: hidden; width: 0px; font-size: 0px; line-height: 0;\">&nbsp;<\/div>\n<\/div>\n<\/div>\n<div id=\"descript-prd\">La&nbsp;cr\u00e8me dermatologique FOTOKER apporte une <strong>dvigubas prevencinis veiksmas<\/strong> ant odos. Jis sudaro apsaugin\u0119 pl\u0117vel\u0119 ant odos ir apsaugo nuo UVA ir UVB spinduli\u0173. Tod\u0117l jis riboja UV spinduli\u0173 skvarb\u0105 ir taiso UV spinduli\u0173 sukeltus l\u0105steli\u0173 pakitimus, kurie ne\u012fveik\u0117 \u0161io pirmojo barjero (fotoliaz\u0117). FOTOKER sujungia ferment\u0105, ferment\u0105 <strong>fotoliaz\u0117<\/strong> \u012f <strong>plataus spektro apsaugos nuo saul\u0117s priemon\u0117s<\/strong> (apsauginis kremas nuo saul\u0117s 50+). Fotoliaz\u0117 geba akimirksniu atkurti kai kuriuos saul\u0117s UV spinduli\u0173 sukeltus DNR pa\u017eeidimus m\u016bs\u0173 l\u0105stel\u0117se. Jos <strong>dr\u0117kinanti tekst\u016bra<\/strong> ir apr\u0117ptis u\u017etikrina malon\u0173 naudojim\u0105 ir optimal\u0173 atitikim\u0105 reikalavimams.<\/div>\n<div id=\"menu-prdnew\">\n<ul>\n<li><a id=\"lienmenuconseil\" href=\"#prd\">NAUDOJIMO TARYBA<\/a><\/li>\n<li><a id=\"lienmenuactifs\" href=\"#conseil-prd\">TURTAS<\/a><\/li>\n<li><a id=\"lienmenucmplt\" href=\"#actifs-prd\">PAPILDOMI PRODUKTAI<\/a><\/li>\n<li><a id=\"lienmenusavoir\" href=\"#cmplt-prd\">SKAITYKITE DAUGIAU<\/a><\/li>\n<li><a id=\"lienmenucompo\" href=\"#savoir-prd\">SUD\u0116TIS<\/a><\/li>\n<\/ul>\n<\/div>\n<div id=\"conseil-prd\">\n<div class=\"csRow\">\n<div class=\"csColumn\" style=\"margin: 0px; padding: 0px; float: left; width: 70.8%;\" data-csstartpoint=\"0\" data-csendpoint=\"680\" data-cswidth=\"70.8%\" data-csid=\"7ce9a14c-d45b-a3f2-987b-63fd249cc312\">\n<p><span style=\"color: #11568c;\">KAIP NAUDOTI FOTOKER DERMATOLOGIN\u012e KREM\u0104?<\/span><\/p>\n<p>FOTOKER yra medicinos prietaisas, rekomenduojamas aktinini\u0173 keratozi\u0173 profilaktikai. Rekomenduojama \u017emon\u0117ms, kurie nuolat b\u016bna lauke, siekiant i\u0161vengti saul\u0117s padarytos \u017ealos.<\/p>\n<p>Tepkite atviras veido, kaukol\u0117s, kaklo, rank\u0173 vietas (ryte apie 10 val. ir po piet\u0173 apie 14 val.) bent du kartus per dien\u0105 (ryte apie 10 val. ir po piet\u0173 apie 14 val.). Vis\u0173 pirma, kai od\u0105 pa\u017eeid\u017eia aktinin\u0117s keratoz\u0117s, pirmiausia reikia tepti j\u0173 pa\u017eeistus odos plotus.<\/p>\n<p>Svarbu j\u012f naudoti visus metus (visais met\u0173 laikais), o ne tik vasar\u0105 ar esant saul\u0117tam orui.<\/p>\n<\/div>\n<div class=\"csColumnGap\" style=\"margin: 0px; padding: 0px; float: left; width: 1.56%;\"><img style=\"border: none;\" src=\"https:\/\/hyfac.fr\/wp-content\/plugins\/advanced-wp-columns\/assets\/js\/plugins\/views\/img\/1x1-pixel.png\"><\/div>\n<div class=\"csColumn\" style=\"margin: 0px; padding: 0px; float: left; width: 27.6%;\" data-csstartpoint=\"695\" data-csendpoint=\"960\" data-cswidth=\"27.6%\" data-csid=\"2de6301b-fc0e-6c4c-b16e-671973f34d15\">&nbsp;<br \/>\n&nbsp;<br \/>\n&nbsp;<br \/>\n<img loading=\"lazy\" class=\"aligncenter wp-image-5140\" src=\"https:\/\/hyfac.fr\/wp-content\/uploads\/2018\/07\/conseil-250x250.png\" alt=\"\" width=\"180\" height=\"181\" srcset=\"https:\/\/hyfac.fr\/wp-content\/uploads\/2018\/07\/conseil-250x250.png 250w, https:\/\/hyfac.fr\/wp-content\/uploads\/2018\/07\/conseil-298x300.png 298w, https:\/\/hyfac.fr\/wp-content\/uploads\/2018\/07\/conseil.png 308w\" sizes=\"(max-width: 180px) 100vw, 180px\" \/>&nbsp;<\/p>\n<\/div>\n<div style=\"clear: both; float: none; display: block; visibility: hidden; width: 0px; font-size: 0px; line-height: 0;\">&nbsp;<\/div>\n<p><span style=\"color: #11568c;\">K\u0105 FOTOKER daro, kad i\u0161vengtum\u0117te aktinini\u0173 keratozi\u0173?<\/span><br \/>\nApsauginis kremas nuo saul\u0117s, net ir labai plataus spektro, n\u0117ra visi\u0161ka apsauga. FOTOKER yra daugiau nei tik apsaugin\u0117 priemon\u0117 nuo saul\u0117s, nes jo sud\u0117tyje yra fermento, galin\u010dio akimirksniu i\u0161taisyti kai kuriuos odos l\u0105steli\u0173 DNR pa\u017eeidimus. \u0160is fermentas yra <strong>fotoliaz\u0117.<\/strong> \u017dmon\u0117ms jo nat\u016braliai n\u0117ra, ta\u010diau yra daugelyje augal\u0173 ir gyv\u016bn\u0173 r\u016b\u0161i\u0173. FOTOKER sujungia fotoliaz\u0119 ir plataus spektro 50+ apsaugos nuo saul\u0117s priemones.<\/p>\n<\/div>\n<\/div>\n<div id=\"actifs-prd\">\n<div class=\"h2prd\">\n<h2><span style=\"color: #11568c;\">PAGRINDINIS TURTAS<\/span><\/h2>\n<\/div>\n<p><span style=\"color: #11568c;\">Fotoliaz\u0117 (planktono ekstraktas)<\/span><br \/>\nFotoliaz\u0117 yra fermentas, kuris akimirksniu i\u0161taiso UV spinduli\u0173 padaryt\u0105 \u017eal\u0105 epidermio l\u0105steli\u0173 DNR. \u0160io fermento nat\u016braliai neturi \u017emon\u0117s, ta\u010diau jo yra daugelyje augal\u0173 ir gyv\u016bn\u0173 r\u016b\u0161i\u0173.<\/p>\n<p><span style=\"color: #11568c;\">Apsauginis kremas nuo saul\u0117s 50+, plataus spektro, be mineralini\u0173 apsaug\u0173<\/span><br \/>\nPlataus spektro apsauginiai kremai nuo saul\u0117s suteikia auk\u0161t\u0105 apsaug\u0105 nuo UVA ir UVB spinduli\u0173.<\/p>\n<\/div>\n<div id=\"cmplt-prd\">\n<div class=\"h2prd\">\n<h2><span style=\"color: #11568c;\">PAPILDOMI PRODUKTAI<\/span><\/h2>\n<\/div>\n<style type=\"text\/css\">#soliloquy-container-5444 .soliloquy-prev{left: -60px;background-color:#11568C;}#soliloquy-container-5444 .soliloquy-next{right: -60px;background-color:#11568C;}#soliloquy-container-5444 .soliloquy-image{background: #f3f3f3;border: 1px solid #ddd;padding:3px;}#soliloquy-container-5444 .soliloquy-viewport{height: 260px !important;}#soliloquy-container-5444 .soliloquy-caption-bottom{position: relative;}#soliloquy-container-5444 .soliloquy-caption-inside{color:#CEBFB6; text-shadow:none;background:none;}@media only screen and (max-width: 1000px){#soliloquy-container-5444 .soliloquy-prev{left: 0px;}#soliloquy-container-5444 .soliloquy-next{right: 0px;}#soliloquy-container-5444 .soliloquy-viewport{height: 200px;}}<\/style><div class=\"soliloquy-outer-container soliloquy-carousel\" data-soliloquy-loaded=\"0\"><div aria-live=\"polite\" id=\"soliloquy-container-5444\" class=\"soliloquy-container soliloquy-transition-horizontal soliloquy-slide-horizontal soliloquy-arrows-active Produits-complmentaires-Hyfac soliloquy-theme-base\" style=\"max-width:960px;max-height:300px;margin:0 auto 20px;\"><ul id=\"soliloquy-5444\" class=\"soliloquy-slider soliloquy-slides soliloquy-wrap soliloquy-clear\"><li aria-hidden=\"true\" class=\"soliloquy-item soliloquy-item-1 soliloquy-id-5591 soliloquy-image-slide\" draggable=\"false\" style=\"list-style:none;\"><a href=\"https:\/\/hyfac.fr\/lt\/nos-gammes\/hydrafac\/creme-legere\/\" class=\"soliloquy-link\" title=\"HYDRAFAC lengvas dr\u0117kinamasis kremas mi\u0161riai odai\"><img id=\"soliloquy-image-5591\" class=\"soliloquy-image soliloquy-image-1\" src=\"https:\/\/hyfac.fr\/wp-content\/uploads\/2018\/09\/Diapositive24-1-200x200_c.jpeg\" alt=\"HYDRAFAC lengvas dr\u0117kinamasis kremas mi\u0161riai odai\" \/><\/a><div class=\"soliloquy-caption soliloquy-caption-bottom\"><div class=\"soliloquy-caption-inside\"><p>\u0160viesus kremas<\/p><br \/>\n<p style=\"font-size:13px\">Dr\u0117kinamasis kremas normaliai ir mi\u0161riai odai<\/p><\/div><\/div><\/li><li aria-hidden=\"true\" class=\"soliloquy-item soliloquy-item-2 soliloquy-id-5592 soliloquy-image-slide\" draggable=\"false\" style=\"list-style:none;\"><a href=\"https:\/\/hyfac.fr\/lt\/nos-gammes\/hydrafac\/creme-riche\/\" class=\"soliloquy-link\" title=\"HYDRAFAC sodrus dr\u0117kinamasis kremas sausai odai\"><img id=\"soliloquy-image-5592\" class=\"soliloquy-image soliloquy-image-2\" src=\"https:\/\/hyfac.fr\/wp-content\/uploads\/2018\/09\/Diapositive26-1-200x200_c.jpeg\" alt=\"HYDRAFAC sodrus dr\u0117kinamasis kremas sausai odai\" \/><\/a><div class=\"soliloquy-caption soliloquy-caption-bottom\"><div class=\"soliloquy-caption-inside\"><p>Sodrus kremas<\/p><br \/>\n<p style=\"font-size:13px\">Dr\u0117kinamasis kremas sausai odai<\/p><\/div><\/div><\/li><li aria-hidden=\"true\" class=\"soliloquy-item soliloquy-item-3 soliloquy-id-5593 soliloquy-image-slide\" draggable=\"false\" style=\"list-style:none;\"><a href=\"https:\/\/hyfac.fr\/lt\/nos-gammes\/hydrafac\/baume-levres\/\" class=\"soliloquy-link\" title=\"HYDRAFAC dr\u0117kinamasis l\u016bp\u0173 balzamas\"><img id=\"soliloquy-image-5593\" class=\"soliloquy-image soliloquy-image-3\" src=\"https:\/\/hyfac.fr\/wp-content\/uploads\/2018\/09\/Diapositive28-200x200_c.jpeg\" alt=\"HYDRAFAC dr\u0117kinamasis l\u016bp\u0173 balzamas\" \/><\/a><div class=\"soliloquy-caption soliloquy-caption-bottom\"><div class=\"soliloquy-caption-inside\"><p>L\u016bp\u0173 balzamas<\/p><br \/>\n<p style=\"font-size:13px\">Maitina ir dr\u0117kina<\/p><\/div><\/div><\/li><li aria-hidden=\"true\" class=\"soliloquy-item soliloquy-item-4 soliloquy-id-5594 soliloquy-image-slide\" draggable=\"false\" style=\"list-style:none;\"><a href=\"https:\/\/hyfac.fr\/lt\/nos-gammes\/clarifac-soin-anti-taches\/\" class=\"soliloquy-link\" title=\"CLARIFAC nuo d\u0117mi\u0173 \u0161viesinimo prie\u017ei\u016bra\"><img id=\"soliloquy-image-5594\" class=\"soliloquy-image soliloquy-image-4\" src=\"https:\/\/hyfac.fr\/wp-content\/uploads\/2018\/09\/Diapositive30-1-200x200_c.jpeg\" alt=\"CLARIFAC nuo d\u0117mi\u0173 \u0161viesinimo prie\u017ei\u016bra\" \/><\/a><div class=\"soliloquy-caption soliloquy-caption-bottom\"><div class=\"soliloquy-caption-inside\"><p>Prie\u017ei\u016bra nuo d\u0117mi\u0173<\/p><br \/>\n<p style=\"font-size:13px\">Lygina ir skaistina veido spalv\u0105<\/p><\/div><\/div><\/li><\/ul><\/div><noscript><style type=\"text\/css\" scoped>#soliloquy-container-5444{opacity:1}#soliloquy-container-5444 li > .soliloquy-caption{display:none}#soliloquy-container-5444 li:first-child > .soliloquy-caption{display:block}<\/style><div class=\"soliloquy-no-js\" style=\"display:none;visibility:hidden;height:0;line-height:0;opacity:0;\"><img class=\"soliloquy-image soliloquy-no-js-image\" src=\"https:\/\/hyfac.fr\/wp-content\/uploads\/2018\/09\/Diapositive24-1.jpeg\" alt=\"HYDRAFAC lengvas dr\u0117kinamasis kremas mi\u0161riai odai\" \/><img class=\"soliloquy-image soliloquy-no-js-image\" src=\"https:\/\/hyfac.fr\/wp-content\/uploads\/2018\/09\/Diapositive26-1.jpeg\" alt=\"HYDRAFAC sodrus dr\u0117kinamasis kremas sausai odai\" \/><img class=\"soliloquy-image soliloquy-no-js-image\" src=\"https:\/\/hyfac.fr\/wp-content\/uploads\/2018\/09\/Diapositive28.jpeg\" alt=\"HYDRAFAC dr\u0117kinamasis l\u016bp\u0173 balzamas\" \/><img class=\"soliloquy-image soliloquy-no-js-image\" src=\"https:\/\/hyfac.fr\/wp-content\/uploads\/2018\/09\/Diapositive30-1.jpeg\" alt=\"CLARIFAC nuo d\u0117mi\u0173 \u0161viesinimo prie\u017ei\u016bra\" \/><\/div><\/noscript><\/div>\n<\/div>\n<div id=\"savoir-prd\">\n<div class=\"h2prd\">\n<h2><span style=\"color: #11568c;\">SKAITYKITE DAUGIAU<\/span><\/h2>\n<\/div>\n<div class=\"csRow\">\n<div class=\"csColumn\" style=\"margin: 0px; padding: 0px; float: left; width: 38.6%;\" data-csstartpoint=\"0\" data-csendpoint=\"370.5\" data-cswidth=\"38.6%\" data-csid=\"beb42ad8-6bfd-a029-8282-bd93ae120b4d\"><a href=\"https:\/\/hyfac.fr\/lt\/sos-dermato\/4322-keratoses-actiniques-prevention\/\" target=\"_blank\" rel=\"noopener\"><img loading=\"lazy\" class=\"aligncenter wp-image-4342 size-thumbnail\" src=\"https:\/\/hyfac.fr\/wp-content\/uploads\/2018\/03\/banniere_carree_site_hyfac_intro_themes2-250x250.jpg\" alt=\"Aktinin\u0117s keratoz\u0117s ir prevencija\" width=\"250\" height=\"250\" srcset=\"https:\/\/hyfac.fr\/wp-content\/uploads\/2018\/03\/banniere_carree_site_hyfac_intro_themes2-250x250.jpg 250w, https:\/\/hyfac.fr\/wp-content\/uploads\/2018\/03\/banniere_carree_site_hyfac_intro_themes2-300x300.jpg 300w, https:\/\/hyfac.fr\/wp-content\/uploads\/2018\/03\/banniere_carree_site_hyfac_intro_themes2.jpg 543w\" sizes=\"(max-width: 250px) 100vw, 250px\" \/><\/a><\/div>\n<div class=\"csColumnGap\" style=\"margin: 0px; padding: 0px; float: left; width: 1.56%;\"><img style=\"border: none;\" src=\"https:\/\/hyfac.fr\/wp-content\/plugins\/advanced-wp-columns\/assets\/js\/plugins\/views\/img\/1x1-pixel.png\"><\/div>\n<div class=\"csColumn\" style=\"margin: 0px; padding: 0px; float: left; width: 59.8%;\" data-csstartpoint=\"385.5\" data-csendpoint=\"960\" data-cswidth=\"59.8%\" data-csid=\"56e6cac6-63f3-6945-9ddf-f20a5ec7912c\"><span style=\"color: #11568c;\">Kas yra aktinin\u0117s keratoz\u0117s?<\/span><br \/>\nTai ma\u017eai \u017einomas vienos i\u0161 labiausiai paplitusi\u0173 odos problem\u0173 pavadinimas!<br \/>\nAktinin\u0117s keratoz\u0117s, dar vadinamos saul\u0117s keratoz\u0117mis, yra ikiv\u0117\u017einiai odos pa\u017eeidimai. Tai tam tikros odos v\u0117\u017eio formos pirmtakai. Aktinin\u0117s keratoz\u0117s yra susijusios su l\u0117tiniu ar daugkartiniu saul\u0117s poveikiu darbe (j\u016breiviai, \u016bkininkai, sportininkai, statybininkai ir t. t.) arba laisvalaikiu (darbas sode, vaik\u0161\u010diojimas saul\u0117je, va\u017ein\u0117jimas dvira\u010diu ir t. t.). Daugiausia j\u0173 atsiranda atvirose vietose (ant veido, plikos galvos, kaklo, koj\u0173, i\u0161kirpt\u0117s ir rank\u0173).<br \/>\nAktinin\u0117s keratoz\u0117s yra nedideli l\u0117tiniai pa\u017eeidimai, rausvos arba rudos spalvos, \u017evynuoti arba su pluta, plok\u0161ti arba \u0161iek tiek i\u0161kil\u0119, labai da\u017enai \u0161iurk\u0161t\u016bs lie\u010diant. Tai itin da\u017ena dermatolog\u0173 konsultacij\u0173 prie\u017eastis.<br \/>\nNegydoma saul\u0117s keratoz\u0117 gali i\u0161likti, i\u0161nykti savaime arba i\u0161sivystyti \u012f plok\u0161\u010dial\u0105stelin\u0119 karcinom\u0105 (odos v\u0117\u017e\u012f). Apskai\u010diuota, kad asmeniui, turin\u010diam daugiau kaip 10 aktinini\u0173 keratozi\u0173, tikimyb\u0117 per 10 met\u0173 susirgti plok\u0161\u010dial\u0105steline karcinoma yra 10%. Aktinini\u0173 keratozi\u0173 atsiradimas tiesiogiai susij\u0119s su saul\u0117s spinduli\u0173 poveikiu, tod\u0117l labai svarbu u\u017ekirsti keli\u0105 joms (drabu\u017eiai, plataus spektro apsauginiai kremai nuo saul\u0117s ant atvir\u0173 viet\u0173).&nbsp;<\/p>\n<div id=\"savoirplus\"><a href=\"https:\/\/hyfac.fr\/lt\/sos-dermato\/4322-keratoses-actiniques-prevention\/\">Su\u017einokite daugiau apie aktinines keratozes ir prevencij\u0105<\/a><\/div>\n<\/div>\n<div style=\"clear: both; float: none; display: block; visibility: hidden; width: 0px; font-size: 0px; line-height: 0;\">&nbsp;<\/div>\n<\/div>\n<\/div>\n<div id=\"compo-prd\">\n<div class=\"h2prd\">\n<h2><span style=\"color: #11568c;\">SUD\u0116TIS <span style=\"font-size: 14pt;\">\/<\/span> SUDEDAMOSIOS DALYS<\/span><\/h2>\n<\/div>\n<p><span style=\"color: #cebfb6;\">INCI : VANDUO, METILENO BIS-BENZOTRIAZOLIL-TETRAMETILBUTILFENOLIS [NANO], ETILHEKSILO METOKSICINNAMATAS, BIS-ETILHEKSILOKSIFENOLMETOKSIFENIL TRIAZINAS, DIKAPRILIO ETERIS, OKTOKRILENAS, CETEARILO ETILHEKSANOATAS, CIKLOPENTESILOKSANAS, BUTILMETOKSIDIBENZOILMETANAS, GLICERINAS, CETEARILO ALKOHOLIS, GLICERILO STEARATAS, PROPILENGLIKOLIS, DECILO GLIUKOZIDAS, TRIACONTANILO PVP, AMONIO AKRILOILDIMETILTAURATO\/VP KOPOLIMERAS, KALIO PALMITOILO HIDROLIZUOTAS KVIE\u010cI\u0172 BALTYMAS, FENETILO ALKOHOLIS, KAPRILO GLIKOLIS, TOKOFERILACETATAS, PLANKTONO EKSTRAKTAS, DIAMINOPROPIONOILTRIPEPTIDAS-33, PARFUMAS, CITRINOS R\u016aG\u0160TIS, LECITINAS, KSANTANO DERVA, TOKOFEROLIS, ASKORBILO PALMITATAS.<\/span><\/p>\n<\/div>","protected":false},"excerpt":{"rendered":"<p>Dispositif m\u00e9dical.<\/p>","protected":false},"author":1,"featured_media":4698,"parent":22,"menu_order":4,"comment_status":"closed","ping_status":"closed","template":"page\/page-template-newprdfotoker.php","meta":{"_mi_skip_tracking":false,"spay_email":""},"_links":{"self":[{"href":"https:\/\/hyfac.fr\/lt\/wp-json\/wp\/v2\/pages\/2599"}],"collection":[{"href":"https:\/\/hyfac.fr\/lt\/wp-json\/wp\/v2\/pages"}],"about":[{"href":"https:\/\/hyfac.fr\/lt\/wp-json\/wp\/v2\/types\/page"}],"author":[{"embeddable":true,"href":"https:\/\/hyfac.fr\/lt\/wp-json\/wp\/v2\/users\/1"}],"replies":[{"embeddable":true,"href":"https:\/\/hyfac.fr\/lt\/wp-json\/wp\/v2\/comments?post=2599"}],"version-history":[{"count":59,"href":"https:\/\/hyfac.fr\/lt\/wp-json\/wp\/v2\/pages\/2599\/revisions"}],"predecessor-version":[{"id":15033,"href":"https:\/\/hyfac.fr\/lt\/wp-json\/wp\/v2\/pages\/2599\/revisions\/15033"}],"up":[{"embeddable":true,"href":"https:\/\/hyfac.fr\/lt\/wp-json\/wp\/v2\/pages\/22"}],"wp:featuredmedia":[{"embeddable":true,"href":"https:\/\/hyfac.fr\/lt\/wp-json\/wp\/v2\/media\/4698"}],"wp:attachment":[{"href":"https:\/\/hyfac.fr\/lt\/wp-json\/wp\/v2\/media?parent=2599"}],"curies":[{"name":"wp","href":"https:\/\/api.w.org\/{rel}","templated":true}]}}