{"id":2606,"date":"2016-05-26T00:50:46","date_gmt":"2016-05-25T22:50:46","guid":{"rendered":"http:\/\/hyfac.fr\/?page_id=2606"},"modified":"2025-10-31T14:22:36","modified_gmt":"2025-10-31T13:22:36","slug":"active-mask","status":"publish","type":"page","link":"https:\/\/hyfac.fr\/lt\/nos-gammes\/hyfac-woman\/active-mask\/","title":{"rendered":"Aktyvioji kauk\u0117"},"content":{"rendered":"<div style=\"width: 960px;\"><\/div>\n<div id=\"prd\">\n<div class=\"csRow\">\n<div class=\"csColumn\" style=\"margin: 0px; padding: 0px; float: left; width: 43%;\" data-csstartpoint=\"0\" data-csendpoint=\"430\" data-cswidth=\"43.0%\" data-csid=\"beb42ad8-6bfd-a029-8282-bd93ae120b4d\">\n<style type=\"text\/css\">#soliloquy-container-5298 .soliloquy-pager{bottom: -30px;}<\/style><div class=\"soliloquy-outer-container\" data-soliloquy-loaded=\"0\"><div aria-live=\"polite\" id=\"soliloquy-container-5298\" class=\"soliloquy-container soliloquy-transition-horizontal soliloquy-slide-horizontal soliloquy-controls-active slider-img-prd soliloquy-theme-base\" style=\"max-width:400px;max-height:500px;margin:0 auto 20px;max-width:100%;max-height:none;\"><ul id=\"soliloquy-5298\" class=\"soliloquy-slider soliloquy-slides soliloquy-wrap soliloquy-clear\"><li aria-hidden=\"true\" class=\"soliloquy-item soliloquy-item-1 soliloquy-id-15334 soliloquy-image-slide\" draggable=\"false\" style=\"list-style:none;\"><a href=\"https:\/\/hyfac.fr\/wp-content\/uploads\/2022\/02\/Sans-titre-61.jpeg\" class=\"soliloquy-link\" title=\"Aktyvioji kauk\u0117\" rel=\"soliloquybox5298\" data-thumbnail=\"https:\/\/hyfac.fr\/wp-content\/uploads\/2022\/02\/Sans-titre-61-75x75_c.jpeg\"><img id=\"soliloquy-image-15334\" class=\"soliloquy-image soliloquy-image-1\" src=\"https:\/\/hyfac.fr\/wp-content\/uploads\/2022\/02\/Sans-titre-61-400x500_c.jpeg\" alt=\"Aktyvioji kauk\u0117\" \/><\/a><\/li><li aria-hidden=\"true\" class=\"soliloquy-item soliloquy-item-2 soliloquy-id-5573 soliloquy-image-slide\" draggable=\"false\" style=\"list-style:none;\"><img id=\"soliloquy-image-5573\" class=\"soliloquy-image soliloquy-image-2 soliloquy-preload\" src=\"https:\/\/hyfac.fr\/wp-content\/plugins\/soliloquy\/assets\/css\/images\/holder.gif\" data-soliloquy-src=\"https:\/\/hyfac.fr\/wp-content\/uploads\/2018\/09\/Diapositive22-400x500_c.jpeg\" alt=\"HYFAC WOMAN Active Mask acn\u00e9 femme\" \/><\/li><li aria-hidden=\"true\" class=\"soliloquy-item soliloquy-item-3 soliloquy-id-5585 soliloquy-image-slide\" draggable=\"false\" style=\"list-style:none;\"><img id=\"soliloquy-image-5585\" class=\"soliloquy-image soliloquy-image-3 soliloquy-preload\" src=\"https:\/\/hyfac.fr\/wp-content\/plugins\/soliloquy\/assets\/css\/images\/holder.gif\" data-soliloquy-src=\"https:\/\/hyfac.fr\/wp-content\/uploads\/2018\/09\/Diapositive23-2-400x500_c.jpeg\" alt=\"HYFAC WOMAN Active Mask acn\u00e9 femme\" \/><\/li><\/ul><\/div><noscript><style type=\"text\/css\" scoped>#soliloquy-container-5298{opacity:1}#soliloquy-container-5298 li > .soliloquy-caption{display:none}#soliloquy-container-5298 li:first-child > .soliloquy-caption{display:block}<\/style><div class=\"soliloquy-no-js\" style=\"display:none;visibility:hidden;height:0;line-height:0;opacity:0;\"><img class=\"soliloquy-image soliloquy-no-js-image\" src=\"https:\/\/hyfac.fr\/wp-content\/uploads\/2022\/02\/Sans-titre-61.jpeg\" alt=\"Aktyvioji kauk\u0117\" \/><img class=\"soliloquy-image soliloquy-no-js-image\" src=\"https:\/\/hyfac.fr\/wp-content\/uploads\/2018\/09\/Diapositive22.jpeg\" alt=\"HYFAC WOMAN Active Mask acn\u00e9 femme\" \/><img class=\"soliloquy-image soliloquy-no-js-image\" src=\"https:\/\/hyfac.fr\/wp-content\/uploads\/2018\/09\/Diapositive23-2.jpeg\" alt=\"HYFAC WOMAN Active Mask acn\u00e9 femme\" \/><\/div><\/noscript><\/div>\n<\/div>\n<div class=\"csColumnGap\" style=\"margin: 0px; padding: 0px; float: left; width: 7.7%;\"><img style=\"border: none;\" src=\"https:\/\/hyfac.fr\/wp-content\/plugins\/advanced-wp-columns\/assets\/js\/plugins\/views\/img\/1x1-pixel.png\" \/><\/div>\n<div class=\"csColumn\" style=\"margin: 0px; padding: 0px; float: left; width: 49.3%;\" data-csstartpoint=\"507\" data-csendpoint=\"1000\" data-cswidth=\"49.3%\" data-csid=\"56e6cac6-63f3-6945-9ddf-f20a5ec7912c\">\n<h1><span style=\"color: #d0006d; line-height: 35px;\">ACTIVE MASK<\/span><\/h1>\n<p><span style=\"color: #d0006d;\">HYFAC Woman asortimentas<\/span><br \/>\nBoite 15 sachets.<\/p>\n<p><br \/>\nMasque peel-off pour l&#8217;acn\u00e9 de la femme adulte cibl\u00e9 sur la glande s\u00e9bac\u00e9e. Diminue la s\u00e9cr\u00e9tion de s\u00e9bum et les l\u00e9sions r\u00e9tentionnelles.<\/p>\n<ul id=\"ulprd\">\n<li><img class=\"logo-prd\" src=\"\/wp-content\/uploads\/2018\/10\/ANTI_BOUTONS_WOMAN.png\" alt=\"anti_acne\" width=\"50\" \/><br \/>\nANTI ACNE<\/li>\n<li><img class=\"logo-prd\" src=\"\/wp-content\/uploads\/2018\/10\/Desincruste.png\" alt=\"d\u00e9sincruste\" width=\"50\" \/><br \/>\nDESINCRUSTE<\/li>\n<li><img class=\"logo-prd\" src=\"\/wp-content\/uploads\/2018\/10\/Matifie.png\" alt=\"matifie\" width=\"50\" \/><br \/>\nMATIFIE<\/li>\n<\/ul>\n<ul id=\"ulprd-link\">\n<li><p class=\"product woocommerce add_to_cart_inline\" style=\"border:4px solid #ccc; padding: 12px;\"><span class=\"woocommerce-Price-amount amount\"><bdi>24,90&nbsp;<span class=\"woocommerce-Price-currencySymbol\">\u20ac<\/span><\/bdi><\/span><a href=\"?add-to-cart=14928\" data-quantity=\"1\" class=\"button product_type_simple add_to_cart_button ajax_add_to_cart\" data-product_id=\"14928\" data-product_sku=\"\" aria-label=\"\u012ed\u0117ti \u012f kre\u0161el\u012f: \u201cWoman - Active Mask\u201d\" rel=\"nofollow\" data-no-translation=\"\" data-trp-gettext=\"\" data-no-translation-aria-label=\"\">\u012e krep\u0161el\u012f<\/a><\/p><\/li>\n<li><\/li>\n<li><a href=\"https:\/\/hyfac.fr\/lt\/pres-de-chez-vous\/\"><img class=\"img2\" src=\"\/wp-content\/uploads\/2018\/06\/logo-map-e1530138886120.png\" alt=\"loc\" \/>Suraskite pardavimo viet\u0105<\/a><\/li>\n<\/ul>\n<ul id=\"ulprd-link\">\n<li class=\"infotri\"><span class=\"spantri\">Atraskite m\u016bs\u0173 r\u016b\u0161iavimo instrukcijas<\/span><br \/>\n<img class=\"imgtri\" src=\"https:\/\/hyfac.fr\/wp-content\/uploads\/2020\/12\/HYFAC-WOMAN-Active-Mask.png\" \/><\/li>\n<\/ul>\n<\/div>\n<div style=\"clear: both; float: none; display: block; visibility: hidden; width: 0px; font-size: 0px; line-height: 0;\"><\/div>\n<\/div>\n<\/div>\n<div id=\"descript-prd\">HYFAC WOMAN ACTIVE MASK est une <strong>solution<\/strong> innovante de l\u2019acn\u00e9 de la femme adulte. Il agit localement et directement \u00e0 l\u2019origine de l\u2019apparition des boutons, com\u00e9dons et microkystes. Ses actifs agissent au sein de la <strong>glande s\u00e9bac\u00e9e<\/strong> en diminuant la pr\u00e9sence des <strong>hormones m\u00e2les<\/strong> et en favorisant le m\u00e9canisme d\u2019auto-\u00e9limination des d\u00e9chets au sein des cellules de la peau. Une <strong>\u00e9tude clinique<\/strong> r\u00e9alis\u00e9e sur 40 femmes d\u00e9montre l\u2019efficacit\u00e9 du masque contre l\u2019acn\u00e9 ainsi que sa haute tol\u00e9rance.<\/div>\n<div id=\"menu-prdnew\">\n<ul>\n<li><a id=\"lienmenuconseil\" href=\"#prd\">NAUDOJIMO TARYBA<\/a><\/li>\n<li><a id=\"lienmenuactifs\" href=\"#conseil-prd\">TURTAS<\/a><\/li>\n<li><a id=\"lienmenucmplt\" href=\"#actifs-prd\">PAPILDOMI PRODUKTAI<\/a><\/li>\n<li><a id=\"lienmenusavoir\" href=\"#cmplt-prd\">SKAITYKITE DAUGIAU<\/a><\/li>\n<li><a id=\"lienmenucompo\" href=\"#savoir-prd\">SUD\u0116TIS<\/a><\/li>\n<\/ul>\n<\/div>\n<div id=\"conseil-prd\">\n<div class=\"csRow\">\n<div class=\"csColumn\" style=\"margin: 0px; padding: 0px; float: left; width: 70.8%;\" data-csstartpoint=\"0\" data-csendpoint=\"680\" data-cswidth=\"70.8%\" data-csid=\"7ce9a14c-d45b-a3f2-987b-63fd249cc312\">\n<p><span style=\"color: #d0006d;\">COMMENT UTILISER HYFAC WOMAN ACTIVE MASK ?<\/span><\/p>\n<p>Le soir, apr\u00e8s avoir bien nettoy\u00e9 et s\u00e9ch\u00e9 la peau, appliquer le contenu d\u2019un sachet de gel sur le visage, en particulier sur les zones les plus concern\u00e9es. \u00c9viter le contact avec les yeux et la bouche. Laisser agir toute la nuit et d\u00e9coller le masque le lendemain matin.<\/p>\n<p>Le gel s\u00e8che en 1h et se transforme en masque peel-off (d\u00e9collable). Le masque peel-off permet la p\u00e9n\u00e9tration des actifs en profondeur par occlusion. Une pose de 4 heures minimum est requise.<\/p>\n<p>Appliquer le masque 3 fois par semaine pendant 2 mois. A la fin, il est conseill\u00e9 de faire un masque par semaine pour entretenir sa peau.<\/p>\n<p><span style=\"color: #d0006d;\">Une bo\u00eete d\u2019Active Mask contient 15 sachets de 5ml (un mois d&#8217;utilisation). Un sachet est \u00e0 usage unique et correspond \u00e0 une application.<\/span><\/p>\n<\/div>\n<div class=\"csColumnGap\" style=\"margin: 0px; padding: 0px; float: left; width: 1.56%;\"><img style=\"border: none;\" src=\"https:\/\/hyfac.fr\/wp-content\/plugins\/advanced-wp-columns\/assets\/js\/plugins\/views\/img\/1x1-pixel.png\" \/><\/div>\n<div class=\"csColumn\" style=\"margin: 0px; padding: 0px; float: left; width: 27.6%;\" data-csstartpoint=\"695\" data-csendpoint=\"960\" data-cswidth=\"27.6%\" data-csid=\"2de6301b-fc0e-6c4c-b16e-671973f34d15\">\n<p><img loading=\"lazy\" class=\"aligncenter wp-image-5140\" src=\"https:\/\/hyfac.fr\/wp-content\/uploads\/2018\/07\/conseil-250x250.png\" alt=\"\" width=\"180\" height=\"181\" srcset=\"https:\/\/hyfac.fr\/wp-content\/uploads\/2018\/07\/conseil-250x250.png 250w, https:\/\/hyfac.fr\/wp-content\/uploads\/2018\/07\/conseil-298x300.png 298w, https:\/\/hyfac.fr\/wp-content\/uploads\/2018\/07\/conseil.png 308w\" sizes=\"(max-width: 180px) 100vw, 180px\" \/><\/p>\n<\/div>\n<div style=\"clear: both; float: none; display: block; visibility: hidden; width: 0px; font-size: 0px; line-height: 0;\"><\/div>\n<\/div>\n<\/div>\n<div id=\"actifs-prd\">\n<div class=\"h2prd\">\n<h2><span style=\"color: #d0006d;\">PAGRINDINIS TURTAS<\/span><\/h2>\n<\/div>\n<p><span style=\"color: #d0006d;\">Myo-Inositol 1%<\/span><br \/>\nDiminue la concentration d\u2019hormones m\u00e2les (responsables de l&#8217;apparition de l&#8217;acn\u00e9 de la femme) au sein de la glande s\u00e9bac\u00e9e.\u00a0Diminue la s\u00e9cr\u00e9tion de s\u00e9bum.<\/p>\n<p><span style=\"color: #d0006d;\">Extremosio\u00ae 4%<\/span><br \/>\nFavorise le m\u00e9canisme d\u2019autophagie au niveau des k\u00e9ratinocytes. Les cellules dig\u00e8rent leurs propres d\u00e9chets, les pores sont donc moins obstru\u00e9s.\u00a0Diminue les l\u00e9sions r\u00e9tentionnelles.<\/p>\n<\/div>\n<div id=\"cmplt-prd\">\n<div class=\"h2prd\">\n<h2><span style=\"color: #d0006d;\">PAPILDOMI PRODUKTAI<\/span><\/h2>\n<\/div>\n<style type=\"text\/css\">#soliloquy-container-5181 .soliloquy-prev{left: -60px;background-color:#d0006d;}#soliloquy-container-5181 .soliloquy-next{right: -60px;background-color:#d0006d;}#soliloquy-container-5181 .soliloquy-image{background: #f3f3f3;border: 1px solid #ddd;padding:3px;}#soliloquy-container-5181 .soliloquy-viewport{height: 260px !important;}#soliloquy-container-5181 .soliloquy-caption-bottom{position: relative;}#soliloquy-container-5181 .soliloquy-caption-inside{color:#CEBFB6; text-shadow:none;background:none;}@media only screen and (max-width: 1000px){#soliloquy-container-5181 .soliloquy-prev{left: 0px;}#soliloquy-container-5181 .soliloquy-next{right: 0px;}#soliloquy-container-5181 .soliloquy-viewport{height: 200px;}}<\/style><div class=\"soliloquy-outer-container soliloquy-carousel\" data-soliloquy-loaded=\"0\"><div aria-live=\"polite\" id=\"soliloquy-container-5181\" class=\"soliloquy-container soliloquy-transition-horizontal soliloquy-slide-horizontal soliloquy-arrows-active  soliloquy-theme-base\" style=\"max-width:960px;max-height:300px;margin:0 auto 20px;\"><ul id=\"soliloquy-5181\" class=\"soliloquy-slider soliloquy-slides soliloquy-wrap soliloquy-clear\"><li aria-hidden=\"true\" class=\"soliloquy-item soliloquy-item-1 soliloquy-id-5615 soliloquy-image-slide\" draggable=\"false\" style=\"list-style:none;\"><a href=\"https:\/\/hyfac.fr\/lt\/nos-gammes\/hyfac-woman\/eau-micellaire\/\" class=\"soliloquy-link\" title=\"HYFAC WOMAN Valomasis micelinis vanduo, makia\u017eo valiklis\"><img id=\"soliloquy-image-5615\" class=\"soliloquy-image soliloquy-image-1\" src=\"https:\/\/hyfac.fr\/wp-content\/uploads\/2018\/07\/Diapositive19-200x200_c.jpeg\" alt=\"HYFAC WOMAN Valomasis micelinis vanduo, makia\u017eo valiklis\" \/><\/a><div class=\"soliloquy-caption soliloquy-caption-bottom\"><div class=\"soliloquy-caption-inside\"><p>Micelinis vanduo<\/p><br \/>\n<p style=\"font-size:13px\">Valo ir pa\u0161alina makia\u017e\u0105<\/p><\/div><\/div><\/li><li aria-hidden=\"true\" class=\"soliloquy-item soliloquy-item-2 soliloquy-id-5613 soliloquy-image-slide\" draggable=\"false\" style=\"list-style:none;\"><a href=\"https:\/\/hyfac.fr\/lt\/nos-gammes\/hyfac-woman\/soin-global\/\" class=\"soliloquy-link\" title=\"HYFAC WOMAN pasaulinis spuog\u0173 gydymas moterims\"><img id=\"soliloquy-image-5613\" class=\"soliloquy-image soliloquy-image-2\" src=\"https:\/\/hyfac.fr\/wp-content\/uploads\/2018\/07\/Diapositive15-200x200_c.jpeg\" alt=\"HYFAC WOMAN pasaulinis spuog\u0173 gydymas moterims\" \/><\/a><div class=\"soliloquy-caption soliloquy-caption-bottom\"><div class=\"soliloquy-caption-inside\"><p>Visuotin\u0117 prie\u017ei\u016bra<\/p><br \/>\n<p style=\"font-size:13px\">Ma\u017eina d\u0117meles ir dr\u0117kina<\/p><\/div><\/div><\/li><li aria-hidden=\"true\" class=\"soliloquy-item soliloquy-item-3 soliloquy-id-5614 soliloquy-image-slide\" draggable=\"false\" style=\"list-style:none;\"><a href=\"https:\/\/hyfac.fr\/lt\/nos-gammes\/hyfac-woman\/gommage-douceur\/\" class=\"soliloquy-link\" title=\"HYFAC WOMAN \u0161velnus \u0161vei\u010diamasis \u0161veitiklis\"><img id=\"soliloquy-image-5614\" class=\"soliloquy-image soliloquy-image-3\" src=\"https:\/\/hyfac.fr\/wp-content\/uploads\/2018\/07\/Diapositive17-200x200_c.jpeg\" alt=\"HYFAC WOMAN \u0161velnus \u0161vei\u010diamasis \u0161veitiklis\" \/><\/a><div class=\"soliloquy-caption soliloquy-caption-bottom\"><div class=\"soliloquy-caption-inside\"><p>\u0160velnus \u0161veitimas<\/p><br \/>\n<p style=\"font-size:13px\">Valo ir atkuria spindes\u012f<\/p><\/div><\/div><\/li><li aria-hidden=\"true\" class=\"soliloquy-item soliloquy-item-4 soliloquy-id-15334 soliloquy-image-slide\" draggable=\"false\" style=\"list-style:none;\"><a href=\"https:\/\/hyfac.fr\/lt\/nos-gammes\/hyfac-woman\/active-mask\/\" class=\"soliloquy-link\" title=\"HYFAC WOMAN Aktyvi kauk\u0117 suaugusioms moterims nuo spuog\u0173\"><img id=\"soliloquy-image-15334\" class=\"soliloquy-image soliloquy-image-4\" src=\"https:\/\/hyfac.fr\/wp-content\/uploads\/2022\/02\/Sans-titre-61-200x200_c.jpeg\" alt=\"HYFAC WOMAN Aktyvi kauk\u0117 suaugusioms moterims nuo spuog\u0173\" \/><\/a><div class=\"soliloquy-caption soliloquy-caption-bottom\"><div class=\"soliloquy-caption-inside\"><p>Aktyvioji kauk\u0117<\/p><br \/>\n<p style=\"font-size:13px\">Moter\u0173 spuog\u0173 gydymas<\/p><\/div><\/div><\/li><\/ul><\/div><noscript><style type=\"text\/css\" scoped>#soliloquy-container-5181{opacity:1}#soliloquy-container-5181 li > .soliloquy-caption{display:none}#soliloquy-container-5181 li:first-child > .soliloquy-caption{display:block}<\/style><div class=\"soliloquy-no-js\" style=\"display:none;visibility:hidden;height:0;line-height:0;opacity:0;\"><img class=\"soliloquy-image soliloquy-no-js-image\" src=\"https:\/\/hyfac.fr\/wp-content\/uploads\/2018\/07\/Diapositive19.jpeg\" alt=\"HYFAC WOMAN Valomasis micelinis vanduo, makia\u017eo valiklis\" \/><img class=\"soliloquy-image soliloquy-no-js-image\" src=\"https:\/\/hyfac.fr\/wp-content\/uploads\/2018\/07\/Diapositive15.jpeg\" alt=\"HYFAC WOMAN pasaulinis spuog\u0173 gydymas moterims\" \/><img class=\"soliloquy-image soliloquy-no-js-image\" src=\"https:\/\/hyfac.fr\/wp-content\/uploads\/2018\/07\/Diapositive17.jpeg\" alt=\"HYFAC WOMAN \u0161velnus \u0161vei\u010diamasis \u0161veitiklis\" \/><img class=\"soliloquy-image soliloquy-no-js-image\" src=\"https:\/\/hyfac.fr\/wp-content\/uploads\/2022\/02\/Sans-titre-61.jpeg\" alt=\"HYFAC WOMAN Aktyvi kauk\u0117 suaugusioms moterims nuo spuog\u0173\" \/><\/div><\/noscript><\/div>\n<\/div>\n<div id=\"savoir-prd\">\n<div class=\"h2prd\">\n<h2><span style=\"color: #d0006d;\">SKAITYKITE DAUGIAU<\/span><\/h2>\n<\/div>\n<div class=\"csRow\">\n<div class=\"csColumn\" style=\"margin: 0px; padding: 0px; float: left; width: 38.6%;\" data-csstartpoint=\"0\" data-csendpoint=\"370.5\" data-cswidth=\"38.6%\" data-csid=\"beb42ad8-6bfd-a029-8282-bd93ae120b4d\"><a href=\"https:\/\/hyfac.fr\/lt\/sos-dermato\/4321-acne-de-la-femme-adulte\/\" target=\"_blank\" rel=\"noopener\"><img loading=\"lazy\" class=\"aligncenter wp-image-4368 size-thumbnail\" src=\"https:\/\/hyfac.fr\/wp-content\/uploads\/2018\/03\/banniere_carree_site_hyfac_intro_themes_femme-250x250.jpeg\" alt=\"suaugusi\u0173 moter\u0173 spuogai\" width=\"250\" height=\"250\" srcset=\"https:\/\/hyfac.fr\/wp-content\/uploads\/2018\/03\/banniere_carree_site_hyfac_intro_themes_femme-250x250.jpeg 250w, https:\/\/hyfac.fr\/wp-content\/uploads\/2018\/03\/banniere_carree_site_hyfac_intro_themes_femme-300x300.jpeg 300w, https:\/\/hyfac.fr\/wp-content\/uploads\/2018\/03\/banniere_carree_site_hyfac_intro_themes_femme.jpeg 543w\" sizes=\"(max-width: 250px) 100vw, 250px\" \/><\/a><\/div>\n<div class=\"csColumnGap\" style=\"margin: 0px; padding: 0px; float: left; width: 1.56%;\"><img style=\"border: none;\" src=\"https:\/\/hyfac.fr\/wp-content\/plugins\/advanced-wp-columns\/assets\/js\/plugins\/views\/img\/1x1-pixel.png\" \/><\/div>\n<div class=\"csColumn\" style=\"margin: 0px; padding: 0px; float: left; width: 59.8%;\" data-csstartpoint=\"385.5\" data-csendpoint=\"960\" data-cswidth=\"59.8%\" data-csid=\"56e6cac6-63f3-6945-9ddf-f20a5ec7912c\">L\u2019acn\u00e9 de la femme adulte est en forte augmentation ces derni\u00e8res ann\u00e9es : on estime que pr\u00e8s de 40% des femmes de plus de 20 ans se plaignent de souffrir d\u2019acn\u00e9. Ce type d\u2019acn\u00e9 particulier si\u00e8ge principalement sur le visage, et notamment \u00e0 la base des joues et du menton. Elle peut prendre la m\u00eame forme que celle de l\u2019acn\u00e9 de l\u2019adolescent, m\u00ealant boutons inflammatoires, com\u00e9dons (points noirs) et microkystes blancs du visage.\u00a0L\u2019acn\u00e9 est g\u00e9n\u00e9ralement tr\u00e8s mal v\u00e9cue par les femmes. La difficult\u00e9 du traitement de l\u2019acn\u00e9 de la femme adulte, la d\u00e9pendance au maquillage pour cacher ses imperfections, le sentiment de revenir \u00e0 l\u2019adolescence, sont autant de raisons qui alt\u00e8rent la qualit\u00e9 de vie. Une \u00e9tude r\u00e9cente montre en particulier une alt\u00e9ration importante de la confiance en soi chez les femmes adultes souffrant d\u2019acn\u00e9.L\u2019application d\u2019un masque anti-acn\u00e9 permet une p\u00e9n\u00e9tration optimale des actifs, par effet occlusif. Active Mask se pr\u00e9sente sous forme de gel. Celui-ci, apr\u00e8s application, s\u00e8che sur la peau en une heure, et devient un masque tr\u00e8s facile \u00e0 d\u00e9coller. Il est pr\u00e9conis\u00e9 de laisser agir le masque sur le visage durant toute la nuit. La fr\u00e9quence d\u2019application est de 3 fois par semaine pour une dur\u00e9e totale de traitement de 2 mois.<br \/>\nUne \u00e9tude pilote publi\u00e9e (\u00e9tude clinique : application du produit pendant 60 jours sur 40 patientes) montre une am\u00e9lioration significative des boutons inflammatoires, des com\u00e9dons et de microkystes du visage apr\u00e8s deux mois d\u2019utilisation.<\/p>\n<div id=\"savoirplus\"><a href=\"https:\/\/hyfac.fr\/lt\/sos-dermato\/4321-acne-de-la-femme-adulte\/\">Su\u017einokite daugiau apie suaugusi\u0173 moter\u0173 akn\u0119<\/a><\/div>\n<\/div>\n<div style=\"clear: both; float: none; display: block; visibility: hidden; width: 0px; font-size: 0px; line-height: 0;\"><\/div>\n<\/div>\n<\/div>\n<div id=\"compo-prd\">\n<div class=\"h2prd\">\n<h2><span style=\"color: #d0006d;\">SUD\u0116TIS <span style=\"font-size: 14pt;\">\/<\/span> SUDEDAMOSIOS DALYS<\/span><\/h2>\n<\/div>\n<p><span style=\"color: #cebfb6;\">INCI : POLYVINYL ALCOHOL (PVA), PROPANEDIOL, RHAMNOSE, GLUCOSE, GLUCURONIC ACID, LIPOSOMES WITH TREHALOSE, MYO-INOSITOL, ETHYLIC ALCOHOL, VEGETAL GLYCERIN, XANTHAN GUM, CITRIC ACID, SILVER, DEHYDROACETATE SODIUM, CHLORPHENESIN, WATER.<\/span><\/p>\n<\/div>","protected":false},"excerpt":{"rendered":"<p>Traitement de l&#8217;acn\u00e9 de la femme.<\/p>","protected":false},"author":1,"featured_media":15334,"parent":47,"menu_order":1,"comment_status":"closed","ping_status":"closed","template":"page\/page-template-newprdwoman.php","meta":{"_mi_skip_tracking":false,"spay_email":""},"_links":{"self":[{"href":"https:\/\/hyfac.fr\/lt\/wp-json\/wp\/v2\/pages\/2606"}],"collection":[{"href":"https:\/\/hyfac.fr\/lt\/wp-json\/wp\/v2\/pages"}],"about":[{"href":"https:\/\/hyfac.fr\/lt\/wp-json\/wp\/v2\/types\/page"}],"author":[{"embeddable":true,"href":"https:\/\/hyfac.fr\/lt\/wp-json\/wp\/v2\/users\/1"}],"replies":[{"embeddable":true,"href":"https:\/\/hyfac.fr\/lt\/wp-json\/wp\/v2\/comments?post=2606"}],"version-history":[{"count":41,"href":"https:\/\/hyfac.fr\/lt\/wp-json\/wp\/v2\/pages\/2606\/revisions"}],"predecessor-version":[{"id":15889,"href":"https:\/\/hyfac.fr\/lt\/wp-json\/wp\/v2\/pages\/2606\/revisions\/15889"}],"up":[{"embeddable":true,"href":"https:\/\/hyfac.fr\/lt\/wp-json\/wp\/v2\/pages\/47"}],"wp:featuredmedia":[{"embeddable":true,"href":"https:\/\/hyfac.fr\/lt\/wp-json\/wp\/v2\/media\/15334"}],"wp:attachment":[{"href":"https:\/\/hyfac.fr\/lt\/wp-json\/wp\/v2\/media?parent=2606"}],"curies":[{"name":"wp","href":"https:\/\/api.w.org\/{rel}","templated":true}]}}