{"id":2823,"date":"2018-02-21T01:24:54","date_gmt":"2018-02-21T00:24:54","guid":{"rendered":"http:\/\/hyfac.fr\/?page_id=2823"},"modified":"2022-02-10T02:05:06","modified_gmt":"2022-02-10T01:05:06","slug":"clarifac-soin-anti-taches","status":"publish","type":"page","link":"https:\/\/hyfac.fr\/lt\/nos-gammes\/clarifac-soin-anti-taches\/","title":{"rendered":"CLARIFAC - Pigmentacijos sutrikimai"},"content":{"rendered":"<p>&nbsp;<\/p>\n<div style=\"width: 960px;\">&nbsp;<\/div>\n<div id=\"prd\">\n<div class=\"csRow\">\n<div class=\"csColumn\" style=\"margin: 0px; padding: 0px; float: left; width: 43%;\" data-csstartpoint=\"0\" data-csendpoint=\"430\" data-cswidth=\"43.0%\" data-csid=\"beb42ad8-6bfd-a029-8282-bd93ae120b4d\">\n<style type=\"text\/css\">#soliloquy-container-5311 .soliloquy-pager{bottom: -30px;}<\/style><div class=\"soliloquy-outer-container\" data-soliloquy-loaded=\"0\"><div aria-live=\"polite\" id=\"soliloquy-container-5311\" class=\"soliloquy-container soliloquy-transition-horizontal soliloquy-slide-horizontal soliloquy-controls-active slider-img-prd soliloquy-theme-base\" style=\"max-width:340px;max-height:538px;margin:0 auto 20px;max-width:100%;max-height:none;\"><ul id=\"soliloquy-5311\" class=\"soliloquy-slider soliloquy-slides soliloquy-wrap soliloquy-clear\"><li aria-hidden=\"true\" class=\"soliloquy-item soliloquy-item-1 soliloquy-id-5547 soliloquy-image-slide\" draggable=\"false\" style=\"list-style:none;\"><img id=\"soliloquy-image-5547\" class=\"soliloquy-image soliloquy-image-1\" src=\"https:\/\/hyfac.fr\/wp-content\/uploads\/2018\/09\/Diapositive29-340x538_c.jpeg\" alt=\"CLARIFAC nuo d\u0117mi\u0173 \u0161viesinimo prie\u017ei\u016bra\" \/><\/li><li aria-hidden=\"true\" class=\"soliloquy-item soliloquy-item-2 soliloquy-id-5548 soliloquy-image-slide\" draggable=\"false\" style=\"list-style:none;\"><img id=\"soliloquy-image-5548\" class=\"soliloquy-image soliloquy-image-2 soliloquy-preload\" src=\"https:\/\/hyfac.fr\/wp-content\/plugins\/soliloquy\/assets\/css\/images\/holder.gif\" data-soliloquy-src=\"https:\/\/hyfac.fr\/wp-content\/uploads\/2018\/09\/Diapositive30-340x538_c.jpeg\" alt=\"CLARIFAC nuo d\u0117mi\u0173 \u0161viesinimo prie\u017ei\u016bra\" \/><\/li><\/ul><\/div><noscript><style type=\"text\/css\" scoped>#soliloquy-container-5311{opacity:1}#soliloquy-container-5311 li > .soliloquy-caption{display:none}#soliloquy-container-5311 li:first-child > .soliloquy-caption{display:block}<\/style><div class=\"soliloquy-no-js\" style=\"display:none;visibility:hidden;height:0;line-height:0;opacity:0;\"><img class=\"soliloquy-image soliloquy-no-js-image\" src=\"https:\/\/hyfac.fr\/wp-content\/uploads\/2018\/09\/Diapositive29.jpeg\" alt=\"CLARIFAC nuo d\u0117mi\u0173 \u0161viesinimo prie\u017ei\u016bra\" \/><img class=\"soliloquy-image soliloquy-no-js-image\" src=\"https:\/\/hyfac.fr\/wp-content\/uploads\/2018\/09\/Diapositive30.jpeg\" alt=\"CLARIFAC nuo d\u0117mi\u0173 \u0161viesinimo prie\u017ei\u016bra\" \/><\/div><\/noscript><\/div>\n<\/div>\n<div class=\"csColumnGap\" style=\"margin: 0px; padding: 0px; float: left; width: 7.7%;\"><img style=\"border: none;\" src=\"https:\/\/hyfac.fr\/wp-content\/plugins\/advanced-wp-columns\/assets\/js\/plugins\/views\/img\/1x1-pixel.png\"><\/div>\n<div class=\"csColumn\" style=\"margin: 0px; padding: 0px; float: left; width: 49.3%;\" data-csstartpoint=\"507\" data-csendpoint=\"1000\" data-cswidth=\"49.3%\" data-csid=\"56e6cac6-63f3-6945-9ddf-f20a5ec7912c\">\n<h1><span style=\"color: #5e2f24; line-height: 35px;\">gydymas nuo d\u0117mi\u0173<\/span><\/h1>\n<p><span style=\"color: #5e2f24;\">CLARIFAC asortimentas<\/span><br \/>\n40 ml t\u016bbel\u0117<\/p>\n<p><br \/>\n\u0160viesinantis suvienodinantis kremas SPF30. Augalinis kompleksas ma\u017eina melanino gamyb\u0105 ir \u0161viesina veido od\u0105.<\/p>\n<ul id=\"ulprd\">\n<li><img class=\"logo-prd\" src=\"\/wp-content\/uploads\/2018\/09\/ESTOMPE.png\" alt=\"ESTOMPE\" width=\"50\"><br \/>\nESTOMPE<\/li>\n<li><img class=\"logo-prd\" src=\"\/wp-content\/uploads\/2018\/09\/Unifie.png\" alt=\"Suvienija\" width=\"50\"><br \/>\nUNIFIED<\/li>\n<li><img class=\"logo-prd\" src=\"\/wp-content\/uploads\/2018\/09\/Hydrate.png\" alt=\"Dr\u0117kina\" width=\"50\"><br \/>\nHYDRATE<\/li>\n<li><img class=\"logo-prd\" src=\"\/wp-content\/uploads\/2018\/09\/Protege-des-UV.png\" alt=\"Apsauga nuo UV spinduli\u0173\" width=\"50\"><br \/>\nSPF 30<\/li>\n<\/ul>\n<ul id=\"ulprd-link\">\n<li><p class=\"product woocommerce add_to_cart_inline\" style=\"border:4px solid #ccc; padding: 12px;\"><span class=\"woocommerce-Price-amount amount\"><bdi>13,90&nbsp;<span class=\"woocommerce-Price-currencySymbol\">\u20ac<\/span><\/bdi><\/span><a href=\"?add-to-cart=14935\" data-quantity=\"1\" class=\"button product_type_simple add_to_cart_button ajax_add_to_cart\" data-product_id=\"14935\" data-product_sku=\"\" aria-label=\"\u012ed\u0117ti \u012f kre\u0161el\u012f: \u201cClarifac - Troubles de la Pigmentation\u201d\" rel=\"nofollow\" data-no-translation=\"\" data-trp-gettext=\"\" data-no-translation-aria-label=\"\">\u012e krep\u0161el\u012f<\/a><\/p><\/li>\n<li>&nbsp;<\/li>\n<li><a href=\"https:\/\/hyfac.fr\/lt\/pres-de-chez-vous\/\"><img class=\"img2\" src=\"\/wp-content\/uploads\/2018\/06\/logo-map-e1530138886120.png\" alt=\"loc\">Suraskite pardavimo viet\u0105<\/a><\/li>\n<\/ul>\n<ul id=\"ulprd-link\">\n<li class=\"infotri\"><span class=\"spantri\">Atraskite m\u016bs\u0173 r\u016b\u0161iavimo instrukcijas<\/span><br \/>\n<img class=\"imgtri\" src=\"https:\/\/hyfac.fr\/wp-content\/uploads\/2020\/12\/CLARIFAC.png\"><\/li>\n<\/ul>\n<\/div>\n<div style=\"clear: both; float: none; display: block; visibility: hidden; width: 0px; font-size: 0px; line-height: 0;\">&nbsp;<\/div>\n<\/div>\n<\/div>\n<div id=\"descript-prd\">CLARIFAC priemon\u0117 nuo d\u0117mi\u0173 \u0161viesina, <strong>suvienija<\/strong> ir atkuria nat\u016bral\u0173 odos spindes\u012f. Jos <strong>gamyklos turtas<\/strong> veikia odos centre ir reguliuoja melanino, kuris sukelia pigmentacijos sutrikimus, gamyb\u0105. Kartu su <strong>apsauga nuo saul\u0117s SPF30<\/strong>\"CLARIFAC\" \u0161viesinanti prie\u017ei\u016bra padeda i\u0161nykti rudoms d\u0117m\u0117ms (lentigo, melasmai, randams), suvienodina ir pa\u0161viesina veido spalv\u0105. Po keli\u0173 savai\u010di\u0173 d\u0117mi\u0173 dydis ir intensyvumas akivaizd\u017eiai suma\u017e\u0117ja iki 75%*.<\/div>\n<div id=\"menu-prdnew\">\n<ul>\n<li><a id=\"lienmenuconseil\" href=\"#prd\">NAUDOJIMO TARYBA<\/a><\/li>\n<li><a id=\"lienmenuactifs\" href=\"#conseil-prd\">TURTAS<\/a><\/li>\n<li><a id=\"lienmenucmplt\" href=\"#actifs-prd\">PAPILDOMI PRODUKTAI<\/a><\/li>\n<li><a id=\"lienmenusavoir\" href=\"#cmplt-prd\">SKAITYKITE DAUGIAU<\/a><\/li>\n<li><a id=\"lienmenucompo\" href=\"#savoir-prd\">SUD\u0116TIS<\/a><\/li>\n<\/ul>\n<\/div>\n<div id=\"conseil-prd\">\n<div class=\"csRow\">\n<div class=\"csColumn\" style=\"margin: 0px; padding: 0px; float: left; width: 70.8%;\" data-csstartpoint=\"0\" data-csendpoint=\"680\" data-cswidth=\"70.8%\" data-csid=\"7ce9a14c-d45b-a3f2-987b-63fd249cc312\">\n<p><span style=\"color: #5e2f24;\">KAIP NAUDOTI \"CLARIFAC\" NUO D\u0116MI\u0172 \u0160VIESINIMO PRIEMON\u0118?<\/span><\/p>\n<p>Po valymo ir nusausinimo tepkite veid\u0105 ir kakl\u0105 CLARIFAC priemone nuo d\u0117mi\u0173. Naudokite du kartus per dien\u0105, geriausia ryte ir vidurdien\u012f, vengdami aki\u0173 srities.<\/p>\n<p>CLARIFAC \u0161viesinan\u010dio kremo sud\u0117tyje yra augal\u0173 komplekso, kuris veikia d\u0117mi\u0173 centre, kad suma\u017eint\u0173 j\u0173 dyd\u012f ir intensyvum\u0105. SPF 30 apsaugo od\u0105 nuo UV spinduli\u0173 ir neleid\u017eia atsirasti naujoms pigmentin\u0117ms d\u0117m\u0117ms.<\/p>\n<\/div>\n<div class=\"csColumnGap\" style=\"margin: 0px; padding: 0px; float: left; width: 1.56%;\"><img style=\"border: none;\" src=\"https:\/\/hyfac.fr\/wp-content\/plugins\/advanced-wp-columns\/assets\/js\/plugins\/views\/img\/1x1-pixel.png\"><\/div>\n<div class=\"csColumn\" style=\"margin: 0px; padding: 0px; float: left; width: 27.6%;\" data-csstartpoint=\"695\" data-csendpoint=\"960\" data-cswidth=\"27.6%\" data-csid=\"2de6301b-fc0e-6c4c-b16e-671973f34d15\">\n<p><img loading=\"lazy\" class=\"aligncenter wp-image-5140\" src=\"https:\/\/hyfac.fr\/wp-content\/uploads\/2018\/07\/conseil-250x250.png\" alt=\"\" width=\"180\" height=\"181\" srcset=\"https:\/\/hyfac.fr\/wp-content\/uploads\/2018\/07\/conseil-250x250.png 250w, https:\/\/hyfac.fr\/wp-content\/uploads\/2018\/07\/conseil-298x300.png 298w, https:\/\/hyfac.fr\/wp-content\/uploads\/2018\/07\/conseil.png 308w\" sizes=\"(max-width: 180px) 100vw, 180px\" \/><\/p>\n<\/div>\n<div style=\"clear: both; float: none; display: block; visibility: hidden; width: 0px; font-size: 0px; line-height: 0;\">&nbsp;<\/div>\n<\/div>\n<\/div>\n<div id=\"actifs-prd\">\n<div class=\"h2prd\">\n<h2><span style=\"color: #5e2f24;\">PAGRINDINIS TURTAS<\/span><\/h2>\n<\/div>\n<p><span style=\"color: #5e2f24;\">Dictyopteris membranacea<\/span><br \/>\nSuma\u017eina melanino gamyb\u0105 ir \u0161viesina veido spalv\u0105.<br \/>\nDictyopteris membranacea yra j\u016brinis dumblis, veikiantis tris pagrindinius odos pigmentacijos mechanizmo etapus: melanogenez\u0119.<\/p>\n<ol>\n<li>Slopina melanogenez\u0119: slopina endotelino i\u0161siskyrim\u0105.<\/li>\n<li>Melanino sintez\u0117: slopina 2 genus, susijusius su melanozom\u0173 brendimu.<\/li>\n<li>Migracija ir melanino perne\u0161imas: slopina melanino perne\u0161imo genus.<\/li>\n<\/ol>\n<\/div>\n<div id=\"cmplt-prd\">\n<div class=\"h2prd\">\n<h2><span style=\"color: #5e2f24;\">PAPILDOMI PRODUKTAI<\/span><\/h2>\n<\/div>\n<style type=\"text\/css\">#soliloquy-container-5442 .soliloquy-prev{left: -60px;background-color:#5E2F24;}#soliloquy-container-5442 .soliloquy-next{right: -60px;background-color:#5E2F24;}#soliloquy-container-5442 .soliloquy-image{background: #f3f3f3;border: 1px solid #ddd;padding:3px;}#soliloquy-container-5442 .soliloquy-viewport{height: 260px !important;}#soliloquy-container-5442 .soliloquy-caption-bottom{position: relative;}#soliloquy-container-5442 .soliloquy-caption-inside{color:#CEBFB6; text-shadow:none;background:none;}@media only screen and (max-width: 1000px){#soliloquy-container-5442 .soliloquy-prev{left: 0px;}#soliloquy-container-5442 .soliloquy-next{right: 0px;}#soliloquy-container-5442 .soliloquy-viewport{height: 200px;}}<\/style><div class=\"soliloquy-outer-container soliloquy-carousel\" data-soliloquy-loaded=\"0\"><div aria-live=\"polite\" id=\"soliloquy-container-5442\" class=\"soliloquy-container soliloquy-transition-horizontal soliloquy-slide-horizontal soliloquy-arrows-active Produits-complmentaires-Hyfac soliloquy-theme-base\" style=\"max-width:960px;max-height:300px;margin:0 auto 20px;\"><ul id=\"soliloquy-5442\" class=\"soliloquy-slider soliloquy-slides soliloquy-wrap soliloquy-clear\"><li aria-hidden=\"true\" class=\"soliloquy-item soliloquy-item-1 soliloquy-id-5598 soliloquy-image-slide\" draggable=\"false\" style=\"list-style:none;\"><a href=\"https:\/\/hyfac.fr\/lt\/nos-gammes\/hydrafac\/creme-legere\/\" class=\"soliloquy-link\" title=\"HYDRAFAC lengvas dr\u0117kinamasis kremas normaliai ir mi\u0161riai odai\"><img id=\"soliloquy-image-5598\" class=\"soliloquy-image soliloquy-image-1\" src=\"https:\/\/hyfac.fr\/wp-content\/uploads\/2018\/09\/Diapositive24-2-200x200_c.jpeg\" alt=\"HYDRAFAC lengvas dr\u0117kinamasis kremas normaliai ir mi\u0161riai odai\" \/><\/a><div class=\"soliloquy-caption soliloquy-caption-bottom\"><div class=\"soliloquy-caption-inside\"><p>\u0160viesus kremas<\/p><br \/>\n<p style=\"font-size:13px\">Dr\u0117kinamasis kremas normaliai ir mi\u0161riai odai<\/p><\/div><\/div><\/li><li aria-hidden=\"true\" class=\"soliloquy-item soliloquy-item-2 soliloquy-id-5600 soliloquy-image-slide\" draggable=\"false\" style=\"list-style:none;\"><a href=\"https:\/\/hyfac.fr\/lt\/nos-gammes\/hydrafac\/creme-riche\/\" class=\"soliloquy-link\" title=\"HYDRAFAC sodrus dr\u0117kinamasis kremas sausai odai\"><img id=\"soliloquy-image-5600\" class=\"soliloquy-image soliloquy-image-2\" src=\"https:\/\/hyfac.fr\/wp-content\/uploads\/2018\/09\/Diapositive26-3-200x200_c.jpeg\" alt=\"HYDRAFAC sodrus dr\u0117kinamasis kremas sausai odai\" \/><\/a><div class=\"soliloquy-caption soliloquy-caption-bottom\"><div class=\"soliloquy-caption-inside\"><p>Sodrus kremas<\/p><br \/>\n<p style=\"font-size:13px\">Dr\u0117kinamasis kremas sausai odai<\/p><\/div><\/div><\/li><li aria-hidden=\"true\" class=\"soliloquy-item soliloquy-item-3 soliloquy-id-5601 soliloquy-image-slide\" draggable=\"false\" style=\"list-style:none;\"><a href=\"https:\/\/hyfac.fr\/lt\/nos-gammes\/hydrafac\/baume-levres\/\" class=\"soliloquy-link\" title=\"HYDRAFAC dr\u0117kinamasis l\u016bp\u0173 balzamas\"><img id=\"soliloquy-image-5601\" class=\"soliloquy-image soliloquy-image-3\" src=\"https:\/\/hyfac.fr\/wp-content\/uploads\/2018\/09\/Diapositive28-1-200x200_c.jpeg\" alt=\"HYDRAFAC dr\u0117kinamasis l\u016bp\u0173 balzamas\" \/><\/a><div class=\"soliloquy-caption soliloquy-caption-bottom\"><div class=\"soliloquy-caption-inside\"><p>L\u016bp\u0173 balzamas<\/p><br \/>\n<p style=\"font-size:13px\">Maitina ir dr\u0117kina<\/p><\/div><\/div><\/li><li aria-hidden=\"true\" class=\"soliloquy-item soliloquy-item-4 soliloquy-id-5595 soliloquy-image-slide\" draggable=\"false\" style=\"list-style:none;\"><a href=\"https:\/\/hyfac.fr\/lt\/nos-gammes\/hyfac-woman\/soin-global\/\" class=\"soliloquy-link\" title=\"HYFAC WOMAN pasaulin\u0117 kovos su spuogais prie\u017ei\u016bra moterims, sergan\u010dioms akne\"><img id=\"soliloquy-image-5595\" class=\"soliloquy-image soliloquy-image-4\" src=\"https:\/\/hyfac.fr\/wp-content\/uploads\/2018\/09\/Diapositive15-1-200x200_c.jpeg\" alt=\"HYFAC WOMAN pasaulin\u0117 kovos su spuogais prie\u017ei\u016bra moterims, sergan\u010dioms akne\" \/><\/a><div class=\"soliloquy-caption soliloquy-caption-bottom\"><div class=\"soliloquy-caption-inside\"><p>Visuotin\u0117 prie\u017ei\u016bra<\/p><br \/>\n<p style=\"font-size:13px\">Ma\u017eina d\u0117meles ir dr\u0117kina<\/p><\/div><\/div><\/li><li aria-hidden=\"true\" class=\"soliloquy-item soliloquy-item-5 soliloquy-id-5596 soliloquy-image-slide\" draggable=\"false\" style=\"list-style:none;\"><a href=\"https:\/\/hyfac.fr\/lt\/nos-gammes\/hyfac-woman\/gommage-douceur\/\" class=\"soliloquy-link\" title=\"HYFAC WOMAN \u0161velnus \u0161veitiklis valo\"><img id=\"soliloquy-image-5596\" class=\"soliloquy-image soliloquy-image-5\" src=\"https:\/\/hyfac.fr\/wp-content\/uploads\/2018\/09\/Diapositive17-200x200_c.jpeg\" alt=\"HYFAC WOMAN \u0161velnus \u0161veitiklis valo\" \/><\/a><div class=\"soliloquy-caption soliloquy-caption-bottom\"><div class=\"soliloquy-caption-inside\"><p>\u0160velnus \u0161veitimas<\/p><br \/>\n<p style=\"font-size:13px\">I\u0161valo ir atkuria spindes\u012f<\/p><\/div><\/div><\/li><li aria-hidden=\"true\" class=\"soliloquy-item soliloquy-item-6 soliloquy-id-5597 soliloquy-image-slide\" draggable=\"false\" style=\"list-style:none;\"><a href=\"https:\/\/hyfac.fr\/lt\/nos-gammes\/hyfac-woman\/eau-micellaire\/\" class=\"soliloquy-link\" title=\"HYFAC WOMAN Micelinis vanduo valo ir pa\u0161alina makia\u017e\u0105\"><img id=\"soliloquy-image-5597\" class=\"soliloquy-image soliloquy-image-6\" src=\"https:\/\/hyfac.fr\/wp-content\/uploads\/2018\/09\/Diapositive19-1-200x200_c.jpeg\" alt=\"HYFAC WOMAN Micelinis vanduo valo ir pa\u0161alina makia\u017e\u0105\" \/><\/a><div class=\"soliloquy-caption soliloquy-caption-bottom\"><div class=\"soliloquy-caption-inside\"><p>Micelinis vanduo<\/p><br \/>\n<p style=\"font-size:13px\">Valo ir pa\u0161alina makia\u017e\u0105<\/p><\/div><\/div><\/li><li aria-hidden=\"true\" class=\"soliloquy-item soliloquy-item-7 soliloquy-id-15334 soliloquy-image-slide\" draggable=\"false\" style=\"list-style:none;\"><a href=\"https:\/\/hyfac.fr\/lt\/nos-gammes\/hyfac-woman\/active-mask\/\" class=\"soliloquy-link\" title=\"HYFAC WOMAN Aktyvi kauk\u0117 moterims nuo spuog\u0173\"><img id=\"soliloquy-image-15334\" class=\"soliloquy-image soliloquy-image-7\" src=\"https:\/\/hyfac.fr\/wp-content\/uploads\/2022\/02\/Sans-titre-61-200x200_c.jpeg\" alt=\"HYFAC WOMAN Aktyvi kauk\u0117 moterims nuo spuog\u0173\" \/><\/a><div class=\"soliloquy-caption soliloquy-caption-bottom\"><div class=\"soliloquy-caption-inside\"><p>Aktyvioji kauk\u0117<\/p><br \/>\n<p style=\"font-size:13px\">Suaugusi\u0173 moter\u0173 spuog\u0173 gydymas<\/p><\/div><\/div><\/li><\/ul><\/div><noscript><style type=\"text\/css\" scoped>#soliloquy-container-5442{opacity:1}#soliloquy-container-5442 li > .soliloquy-caption{display:none}#soliloquy-container-5442 li:first-child > .soliloquy-caption{display:block}<\/style><div class=\"soliloquy-no-js\" style=\"display:none;visibility:hidden;height:0;line-height:0;opacity:0;\"><img class=\"soliloquy-image soliloquy-no-js-image\" src=\"https:\/\/hyfac.fr\/wp-content\/uploads\/2018\/09\/Diapositive24-2.jpeg\" alt=\"HYDRAFAC lengvas dr\u0117kinamasis kremas normaliai ir mi\u0161riai odai\" \/><img class=\"soliloquy-image soliloquy-no-js-image\" src=\"https:\/\/hyfac.fr\/wp-content\/uploads\/2018\/09\/Diapositive26-3.jpeg\" alt=\"HYDRAFAC sodrus dr\u0117kinamasis kremas sausai odai\" \/><img class=\"soliloquy-image soliloquy-no-js-image\" src=\"https:\/\/hyfac.fr\/wp-content\/uploads\/2018\/09\/Diapositive28-1.jpeg\" alt=\"HYDRAFAC dr\u0117kinamasis l\u016bp\u0173 balzamas\" \/><img class=\"soliloquy-image soliloquy-no-js-image\" src=\"https:\/\/hyfac.fr\/wp-content\/uploads\/2018\/09\/Diapositive15-1.jpeg\" alt=\"HYFAC WOMAN pasaulin\u0117 kovos su spuogais prie\u017ei\u016bra moterims, sergan\u010dioms akne\" \/><img class=\"soliloquy-image soliloquy-no-js-image\" src=\"https:\/\/hyfac.fr\/wp-content\/uploads\/2018\/09\/Diapositive17.jpeg\" alt=\"HYFAC WOMAN \u0161velnus \u0161veitiklis valo\" \/><img class=\"soliloquy-image soliloquy-no-js-image\" src=\"https:\/\/hyfac.fr\/wp-content\/uploads\/2018\/09\/Diapositive19-1.jpeg\" alt=\"HYFAC WOMAN Micelinis vanduo valo ir pa\u0161alina makia\u017e\u0105\" \/><img class=\"soliloquy-image soliloquy-no-js-image\" src=\"https:\/\/hyfac.fr\/wp-content\/uploads\/2022\/02\/Sans-titre-61.jpeg\" alt=\"HYFAC WOMAN Aktyvi kauk\u0117 moterims nuo spuog\u0173\" \/><\/div><\/noscript><\/div>\n<\/div>\n<div id=\"savoir-prd\">\n<div class=\"h2prd\">\n<h2><span style=\"color: #5e2f24;\">SKAITYKITE DAUGIAU<\/span><\/h2>\n<\/div>\n<div class=\"csRow\">\n<div class=\"csColumn\" style=\"margin: 0px; padding: 0px; float: left; width: 38.6%;\" data-csstartpoint=\"0\" data-csendpoint=\"370.5\" data-cswidth=\"38.6%\" data-csid=\"beb42ad8-6bfd-a029-8282-bd93ae120b4d\"><a href=\"https:\/\/hyfac.fr\/lt\/sos-dermato\/4328-hyperpigmentation-taches-cutanees\/\" target=\"_blank\" rel=\"noopener\"><img loading=\"lazy\" class=\"aligncenter wp-image-4348 size-thumbnail\" src=\"https:\/\/hyfac.fr\/wp-content\/uploads\/2018\/03\/banniere_carree_site_hyfac_intro_themes8-250x250.jpg\" alt=\"Hiperpigmentacija\" width=\"250\" height=\"250\" srcset=\"https:\/\/hyfac.fr\/wp-content\/uploads\/2018\/03\/banniere_carree_site_hyfac_intro_themes8-250x250.jpg 250w, https:\/\/hyfac.fr\/wp-content\/uploads\/2018\/03\/banniere_carree_site_hyfac_intro_themes8-300x300.jpg 300w, https:\/\/hyfac.fr\/wp-content\/uploads\/2018\/03\/banniere_carree_site_hyfac_intro_themes8.jpg 543w\" sizes=\"(max-width: 250px) 100vw, 250px\" \/><\/a><\/div>\n<div class=\"csColumnGap\" style=\"margin: 0px; padding: 0px; float: left; width: 1.56%;\"><img style=\"border: none;\" src=\"https:\/\/hyfac.fr\/wp-content\/plugins\/advanced-wp-columns\/assets\/js\/plugins\/views\/img\/1x1-pixel.png\"><\/div>\n<div class=\"csColumn\" style=\"margin: 0px; padding: 0px; float: left; width: 59.8%;\" data-csstartpoint=\"385.5\" data-csendpoint=\"960\" data-cswidth=\"59.8%\" data-csid=\"56e6cac6-63f3-6945-9ddf-f20a5ec7912c\"><span style=\"color: #5e2f24;\">Kam skirtas \"Clarifac\"?<\/span><br \/>\nCLARIFAC priemon\u0117 nuo d\u0117mi\u0173 rekomenduojama odai su rudomis d\u0117m\u0117mis. \u0160ias d\u0117mes, da\u017eniausiai atsirandan\u010dias ant atvir\u0173 k\u016bno viet\u0173 (veido, i\u0161kirpt\u0117s, rank\u0173), sukelia arba i\u0161ry\u0161kina saul\u0117.<br \/>\nDa\u017eniausiai pasitaikan\u010dios yra saul\u0117s lentigo. Tai nedidel\u0117s tamsiai rudos d\u0117m\u0117s, da\u017eniau pasitaikan\u010dios saul\u0117s veikiamose vietose. \u0160ios saul\u0117s d\u0117m\u0117s yra pagrindinis CLARIFAC tikslas.<br \/>\nCLARIFAC taip pat skirtas pou\u017edegiminei hiperpigmentacijai. Tai rudos d\u0117m\u0117s, atsiradusios d\u0117l odos u\u017edegimo: jos gali atsirasti po odos infekcijos, odos alergijos, reakcijos \u012f saul\u0119 arba saul\u0117s veikiamos odos su\u017ealojimo. Po spuog\u0173 taip pat gali likti rand\u0173, t. y. rud\u0173 d\u0117mi\u0173.<br \/>\nMelasma yra pigmentacija, kuri\u0105 sunku pa\u0161alinti. Jis da\u017eniausiai atsiranda n\u0117\u0161tumo metu arba hormoninio gydymo (tablet\u0117s) metu, kai kartu su saule. Tai rudos d\u0117m\u0117s netaisyklingais kra\u0161tais, nuo \u0161viesiai rudos iki labai tamsiai rudos spalvos. Paprastai ji simetri\u0161kai i\u0161sid\u0117sto ant kaktos, skruost\u0173 ir kartais ant vir\u0161utin\u0117s l\u016bpos. Naudojant CLARIFAC galima suma\u017einti tik epidermyje esant\u012f pigment\u0105. Joks kosmetinis kremas negali pad\u0117ti i\u0161nykti dermoje esan\u010diam pigmentui.&nbsp;<\/p>\n<div id=\"savoirplus\"><a href=\"https:\/\/hyfac.fr\/lt\/sos-dermato\/4328-hyperpigmentation-taches-cutanees\/\">Su\u017einokite daugiau apie hiperpigmentacij\u0105<\/a><\/div>\n<\/div>\n<div style=\"clear: both; float: none; display: block; visibility: hidden; width: 0px; font-size: 0px; line-height: 0;\">&nbsp;<\/div>\n<\/div>\n<\/div>\n<div id=\"compo-prd\">\n<div class=\"h2prd\">\n<h2><span style=\"color: #5e2f24;\">SUD\u0116TIS <span style=\"font-size: 14pt;\">\/<\/span> SUDEDAMOSIOS DALYS<\/span><\/h2>\n<\/div>\n<p><span style=\"color: #cebfb6;\">INCI : AQUA (VANDUO) \/ EAU, OKTOKRILENAS, DIKAPRILIO KARBONATAS, GLICERINAS, METILENO BIS-BENZOTRIAZOLIO TETRAMETILBUTILFENOLIS [NANO], CIKLOPENTASILOKSANAS, PENTILENGLIKOLIS, BIS-ETILHEKSILOKSIFENOLMETOKSIFENIL TRIAZINAS, OLEILO ERUKATAS, CETEARILO ALKOHOLIS, CI 77891 (TITANO DIOKSIDAS), KOKO GLIUKOZIDAS, MARIS AQUA (J\u016aROS VANDUO) \/ EAU DE MER, IZOPROPILO IZOSTEARATAS, DECILO GLIUKOZIDAS, PARFUM (KVAPIOJI MED\u017dIAGA), DIFENIL DIMETIKONAS, HIDROKSIETIL AKRILATO \/ NATRIO AKRILOILDIMETIL TAURATO KOPOLIMERAS, TOKOFERIL ACETATAS, BUTYROSPERMUM PARKII (SHEA) BUTYROSPERMUM, SQUALANE, XANTHAN GUM, DIMETHICONE, TETRASODIUM GLUTAMATE DIACETATE, SODIUM BENZOATE, STEARIC ACID, CITRIC ACID, SILICA, o-CYMEN-5-OL, POLYHYDROXYSTEARIC ACID, POLISORBATAS 60, ALIUMINIO OKSIDAS, ASKORBILO TETRAIZOPALMITATAS, DUMBLI\u0172 EKSTRAKTAS, PROPILENGLIKOLIS, LILIUM CANDIDUM \u017dIED\u0172 EKSTRAKTAS, SORBITANO IZOSTEARATAS, PRUNUS CERASUS (KAR\u010cIOSIOS VY\u0160NIOS) \u017dIED\u0172 EKSTRAKTAS, TOKOFEROLIS, KALIO SORBATAS.<\/span><\/p>\n<\/div>","protected":false},"excerpt":{"rendered":"<p>Estompe les taches pigment\u00e9es, donne de l\u2019\u00e9clat.<\/p>","protected":false},"author":1,"featured_media":2824,"parent":22,"menu_order":5,"comment_status":"closed","ping_status":"closed","template":"page\/page-template-newprdclarifac.php","meta":{"_mi_skip_tracking":false,"spay_email":""},"_links":{"self":[{"href":"https:\/\/hyfac.fr\/lt\/wp-json\/wp\/v2\/pages\/2823"}],"collection":[{"href":"https:\/\/hyfac.fr\/lt\/wp-json\/wp\/v2\/pages"}],"about":[{"href":"https:\/\/hyfac.fr\/lt\/wp-json\/wp\/v2\/types\/page"}],"author":[{"embeddable":true,"href":"https:\/\/hyfac.fr\/lt\/wp-json\/wp\/v2\/users\/1"}],"replies":[{"embeddable":true,"href":"https:\/\/hyfac.fr\/lt\/wp-json\/wp\/v2\/comments?post=2823"}],"version-history":[{"count":37,"href":"https:\/\/hyfac.fr\/lt\/wp-json\/wp\/v2\/pages\/2823\/revisions"}],"predecessor-version":[{"id":15032,"href":"https:\/\/hyfac.fr\/lt\/wp-json\/wp\/v2\/pages\/2823\/revisions\/15032"}],"up":[{"embeddable":true,"href":"https:\/\/hyfac.fr\/lt\/wp-json\/wp\/v2\/pages\/22"}],"wp:featuredmedia":[{"embeddable":true,"href":"https:\/\/hyfac.fr\/lt\/wp-json\/wp\/v2\/media\/2824"}],"wp:attachment":[{"href":"https:\/\/hyfac.fr\/lt\/wp-json\/wp\/v2\/media?parent=2823"}],"curies":[{"name":"wp","href":"https:\/\/api.w.org\/{rel}","templated":true}]}}