{"id":47,"date":"2016-04-25T15:47:42","date_gmt":"2016-04-25T13:47:42","guid":{"rendered":"http:\/\/hyfac.fr\/?page_id=47"},"modified":"2018-06-20T11:35:22","modified_gmt":"2018-06-20T09:35:22","slug":"hyfac-woman","status":"publish","type":"page","link":"https:\/\/hyfac.fr\/lt\/nos-gammes\/hyfac-woman\/","title":{"rendered":"HYFAC WOMAN - Suaugusi\u0173j\u0173 oda su tr\u016bkumais"},"content":{"rendered":"<p><img loading=\"lazy\" class=\"alignleft wp-image-93\" src=\"http:\/\/hyfac.fr\/wp-content\/uploads\/2016\/04\/logo_HW.png\" alt=\"hyfac moters logotipas\" width=\"260\" height=\"216\" srcset=\"https:\/\/hyfac.fr\/wp-content\/uploads\/2016\/04\/logo_HW.png 1092w, https:\/\/hyfac.fr\/wp-content\/uploads\/2016\/04\/logo_HW-300x249.png 300w, https:\/\/hyfac.fr\/wp-content\/uploads\/2016\/04\/logo_HW-1024x851.png 1024w\" sizes=\"(max-width: 260px) 100vw, 260px\" \/><\/p>\n<h1 class=\"entry-title\">HYFAC WOMAN - Suaugusi\u0173j\u0173 oda su tr\u016bkumais<\/h1>\n<p style=\"text-align: justify;\"><span style=\"color: #7f6f65;\">Akn\u0117 kamuoja kas antr\u0105 suaugusi\u0105 moter\u012f. Nesvarbu, ar tai b\u016bt\u0173 negra\u017e\u016bs spuogai, ar visi\u0161ki spuogai, \u0161i b\u016bkl\u0117 \u0161ioms u\u017eimtoms moterims da\u017enai b\u016bna labai sunki.<\/span><\/p>\n<p style=\"text-align: justify;\"><span style=\"color: #7f6f65;\">\"HYFAC WOMAN\" yra viena i\u0161 nedaugelio linij\u0173, si\u016blan\u010di\u0173 adaptuot\u0105 prie\u017ei\u016br\u0105 moterims, turin\u010dioms odos d\u0117mi\u0173. Prie\u017ei\u016bros produktus, pritaikytus prie j\u0173 konkre\u010di\u0173 poreiki\u0173.<\/span><\/p>\n<p>&nbsp;<\/p>\n<h2 style=\"text-align: center;\">Visi m\u016bs\u0173 suaugusi\u0173j\u0173 odai skirti produktai nuo spuog\u0173:<\/h2>\n<p>&nbsp;<\/p>","protected":false},"excerpt":{"rendered":"<p>HYFAC WOMAN \u2013 Peaux adultes \u00e0 imperfections L\u2019acn\u00e9 touche une femme adulte sur deux. Que ce soit des petits boutons disgracieux ou une v\u00e9ritable acn\u00e9, cette pathologie est souvent tr\u00e8s difficile \u00e0 vivre pour ces femmes actives. HYFAC WOMAN est\u00a0 l\u2019une des seules gammes qui propose une prise en charge adapt\u00e9e aux femmes ayant une\u2026 <a class='lire-suite' href=\"https:\/\/hyfac.fr\/lt\/nos-gammes\/hyfac-woman\/\">Skaityti daugiau &gt;&gt;&gt;<\/a><\/p>","protected":false},"author":1,"featured_media":0,"parent":22,"menu_order":1,"comment_status":"closed","ping_status":"closed","template":"page\/page-template-hyfacwoman.php","meta":{"_mi_skip_tracking":false,"spay_email":""},"_links":{"self":[{"href":"https:\/\/hyfac.fr\/lt\/wp-json\/wp\/v2\/pages\/47"}],"collection":[{"href":"https:\/\/hyfac.fr\/lt\/wp-json\/wp\/v2\/pages"}],"about":[{"href":"https:\/\/hyfac.fr\/lt\/wp-json\/wp\/v2\/types\/page"}],"author":[{"embeddable":true,"href":"https:\/\/hyfac.fr\/lt\/wp-json\/wp\/v2\/users\/1"}],"replies":[{"embeddable":true,"href":"https:\/\/hyfac.fr\/lt\/wp-json\/wp\/v2\/comments?post=47"}],"version-history":[{"count":33,"href":"https:\/\/hyfac.fr\/lt\/wp-json\/wp\/v2\/pages\/47\/revisions"}],"predecessor-version":[{"id":4807,"href":"https:\/\/hyfac.fr\/lt\/wp-json\/wp\/v2\/pages\/47\/revisions\/4807"}],"up":[{"embeddable":true,"href":"https:\/\/hyfac.fr\/lt\/wp-json\/wp\/v2\/pages\/22"}],"wp:attachment":[{"href":"https:\/\/hyfac.fr\/lt\/wp-json\/wp\/v2\/media?parent=47"}],"curies":[{"name":"wp","href":"https:\/\/api.w.org\/{rel}","templated":true}]}}