{"id":4907,"date":"2018-06-26T12:45:16","date_gmt":"2018-06-26T10:45:16","guid":{"rendered":"https:\/\/hyfac.fr\/?page_id=4907"},"modified":"2018-06-26T13:03:17","modified_gmt":"2018-06-26T11:03:17","slug":"plan-du-site","status":"publish","type":"page","link":"https:\/\/hyfac.fr\/lt\/plan-du-site\/","title":{"rendered":"Svetain\u0117s \u017eem\u0117lapis"},"content":{"rendered":"<p><strong><div class=\"wsp-container\"><h2 class=\"wsp-pages-title\" data-no-translation=\"\" data-trp-gettext=\"\">Pages<\/h2>\n<ul class=\"wsp-pages-list\">\n<li class=\"page_item page-item-2\"><a href=\"https:\/\/hyfac.fr\/lt\/\">Pagrindinis<\/a><\/li>\n<li class=\"page_item page-item-14911\"><a href=\"https:\/\/hyfac.fr\/lt\/boutique\/\">Boutique<\/a><\/li>\n<li class=\"page_item page-item-14998\"><a href=\"https:\/\/hyfac.fr\/lt\/cgv\/\">GTC<\/a><\/li>\n<li class=\"page_item page-item-14914\"><a href=\"https:\/\/hyfac.fr\/lt\/mon-compte\/\">Mano paskyra<\/a><\/li>\n<li class=\"page_item page-item-14912\"><a href=\"https:\/\/hyfac.fr\/lt\/panier\/\">Krep\u0161elis<\/a><\/li>\n<li class=\"page_item page-item-14913\"><a href=\"https:\/\/hyfac.fr\/lt\/commander\/\">Validation de la commande<\/a><\/li>\n<li class=\"page_item page-item-22 page_item_has_children\"><a href=\"https:\/\/hyfac.fr\/lt\/nos-gammes\/\">M\u016bs\u0173 asortimentas<\/a>\n<ul class='children'>\n\t<li class=\"page_item page-item-54 page_item_has_children\"><a href=\"https:\/\/hyfac.fr\/lt\/nos-gammes\/hyfac-classique\/\">HYFAC ORIGINAL - Jauna oda su tr\u016bkumais<\/a>\n\t<ul class='children'>\n\t\t<li class=\"page_item page-item-1396\"><a href=\"https:\/\/hyfac.fr\/lt\/nos-gammes\/hyfac-classique\/gel-nettoyant-purifiant\/\">Valomasis valomasis gelis<\/a><\/li>\n\t\t<li class=\"page_item page-item-1415\"><a href=\"https:\/\/hyfac.fr\/lt\/nos-gammes\/hyfac-classique\/mousse-nettoyante-exfoliante\/\">\u0160vei\u010diamosios valomosios putos<\/a><\/li>\n\t\t<li class=\"page_item page-item-1416\"><a href=\"https:\/\/hyfac.fr\/lt\/nos-gammes\/hyfac-classique\/pain-nettoyant-purifiant\/\">Valomasis valomasis baton\u0117lis<\/a><\/li>\n\t\t<li class=\"page_item page-item-1419\"><a href=\"https:\/\/hyfac.fr\/lt\/nos-gammes\/hyfac-classique\/soin-global\/\">Visuotin\u0117 prie\u017ei\u016bra<\/a><\/li>\n\t\t<li class=\"page_item page-item-1422\"><a href=\"https:\/\/hyfac.fr\/lt\/nos-gammes\/hyfac-classique\/patchs-anti-imperfections\/\">Pleistrai nuo defekt\u0173<\/a><\/li>\n\t<\/ul>\n<\/li>\n\t<li class=\"page_item page-item-47 page_item_has_children\"><a href=\"https:\/\/hyfac.fr\/lt\/nos-gammes\/hyfac-woman\/\">HYFAC WOMAN - Suaugusi\u0173j\u0173 oda su tr\u016bkumais<\/a>\n\t<ul class='children'>\n\t\t<li class=\"page_item page-item-1433\"><a href=\"https:\/\/hyfac.fr\/lt\/nos-gammes\/hyfac-woman\/eau-micellaire\/\">Micelinis vanduo<\/a><\/li>\n\t\t<li class=\"page_item page-item-2606\"><a href=\"https:\/\/hyfac.fr\/lt\/nos-gammes\/hyfac-woman\/active-mask\/\">Aktyvioji kauk\u0117<\/a><\/li>\n\t\t<li class=\"page_item page-item-1432\"><a href=\"https:\/\/hyfac.fr\/lt\/nos-gammes\/hyfac-woman\/soin-global\/\">Visuotin\u0117 prie\u017ei\u016bra<\/a><\/li>\n\t<\/ul>\n<\/li>\n\t<li class=\"page_item page-item-56 page_item_has_children\"><a href=\"https:\/\/hyfac.fr\/lt\/nos-gammes\/hydrafac\/\">HYDRAFAC - kasdienis dr\u0117kinimas<\/a>\n\t<ul class='children'>\n\t\t<li class=\"page_item page-item-2441\"><a href=\"https:\/\/hyfac.fr\/lt\/nos-gammes\/hydrafac\/creme-legere\/\">\u0160viesus kremas<\/a><\/li>\n\t<\/ul>\n<\/li>\n\t<li class=\"page_item page-item-2592 page_item_has_children\"><a href=\"https:\/\/hyfac.fr\/lt\/nos-gammes\/hyfac-sun\/\">HYFAC SUN - apsauga nuo saul\u0117s<\/a>\n\t<ul class='children'>\n\t\t<li class=\"page_item page-item-2596\"><a href=\"https:\/\/hyfac.fr\/lt\/nos-gammes\/hyfac-sun\/protection-solaire-invisible\/\">Nematoma apsauga nuo saul\u0117s<\/a><\/li>\n\t\t<li class=\"page_item page-item-2597\"><a href=\"https:\/\/hyfac.fr\/lt\/nos-gammes\/hyfac-sun\/protection-solaire-teintee\/\">Tamsinta apsauga nuo saul\u0117s<\/a><\/li>\n\t<\/ul>\n<\/li>\n\t<li class=\"page_item page-item-2599\"><a href=\"https:\/\/hyfac.fr\/lt\/nos-gammes\/fotoker-creme-dermatologique\/\">FOTOKER - Saul\u0117s padarytos \u017ealos prevencija ir taisymas<\/a><\/li>\n\t<li class=\"page_item page-item-2823\"><a href=\"https:\/\/hyfac.fr\/lt\/nos-gammes\/clarifac-soin-anti-taches\/\">CLARIFAC - Pigmentacijos sutrikimai<\/a><\/li>\n<\/ul>\n<\/li>\n<li class=\"page_item page-item-4319\"><a href=\"https:\/\/hyfac.fr\/lt\/sos-dermato\/\">SOS Dermato<\/a><\/li>\n<li class=\"page_item page-item-15\"><a href=\"https:\/\/hyfac.fr\/lt\/evenements\/\">Renginiai<\/a><\/li>\n<li class=\"page_item page-item-24\"><a href=\"https:\/\/hyfac.fr\/lt\/le-laboratoire\/\">Laboratorija<\/a><\/li>\n<li class=\"page_item page-item-74\"><a href=\"https:\/\/hyfac.fr\/lt\/pres-de-chez-vous\/\">Netoli j\u016bs\u0173<\/a><\/li>\n<li class=\"page_item page-item-72\"><a href=\"https:\/\/hyfac.fr\/lt\/sur-internet\/\">Internete<\/a><\/li>\n<li class=\"page_item page-item-20\"><a href=\"https:\/\/hyfac.fr\/lt\/informations\/\">Susisiekite su<\/a><\/li>\n<li class=\"page_item page-item-4307\"><a href=\"https:\/\/hyfac.fr\/lt\/vie-privee-mentions-legales\/\">Privatumo ir teisin\u0117 informacija<\/a><\/li>\n<li class=\"page_item page-item-4907\"><a href=\"https:\/\/hyfac.fr\/lt\/plan-du-site\/\">Svetain\u0117s \u017eem\u0117lapis<\/a><\/li>\n<\/ul>\n<\/div><\/strong><\/p>","protected":false},"excerpt":{"rendered":"","protected":false},"author":1,"featured_media":0,"parent":0,"menu_order":10,"comment_status":"closed","ping_status":"closed","template":"","meta":{"_mi_skip_tracking":false,"spay_email":""},"_links":{"self":[{"href":"https:\/\/hyfac.fr\/lt\/wp-json\/wp\/v2\/pages\/4907"}],"collection":[{"href":"https:\/\/hyfac.fr\/lt\/wp-json\/wp\/v2\/pages"}],"about":[{"href":"https:\/\/hyfac.fr\/lt\/wp-json\/wp\/v2\/types\/page"}],"author":[{"embeddable":true,"href":"https:\/\/hyfac.fr\/lt\/wp-json\/wp\/v2\/users\/1"}],"replies":[{"embeddable":true,"href":"https:\/\/hyfac.fr\/lt\/wp-json\/wp\/v2\/comments?post=4907"}],"version-history":[{"count":6,"href":"https:\/\/hyfac.fr\/lt\/wp-json\/wp\/v2\/pages\/4907\/revisions"}],"predecessor-version":[{"id":4913,"href":"https:\/\/hyfac.fr\/lt\/wp-json\/wp\/v2\/pages\/4907\/revisions\/4913"}],"wp:attachment":[{"href":"https:\/\/hyfac.fr\/lt\/wp-json\/wp\/v2\/media?parent=4907"}],"curies":[{"name":"wp","href":"https:\/\/api.w.org\/{rel}","templated":true}]}}