{"id":54,"date":"2016-04-26T06:04:35","date_gmt":"2016-04-26T04:04:35","guid":{"rendered":"http:\/\/hyfac.fr\/?page_id=54"},"modified":"2018-06-26T08:44:04","modified_gmt":"2018-06-26T06:44:04","slug":"hyfac-classique","status":"publish","type":"page","link":"https:\/\/hyfac.fr\/lt\/nos-gammes\/hyfac-classique\/","title":{"rendered":"HYFAC ORIGINAL - Jauna oda su tr\u016bkumais"},"content":{"rendered":"<p><img loading=\"lazy\" class=\"alignleft wp-image-96\" src=\"http:\/\/hyfac.fr\/wp-content\/uploads\/2016\/04\/Logo-hyfac-ok-300x202.png\" alt=\"Klasikinis &quot;Hyfac&quot; logotipas\" width=\"260\" height=\"175\" srcset=\"https:\/\/hyfac.fr\/wp-content\/uploads\/2016\/04\/Logo-hyfac-ok-300x202.png 300w, https:\/\/hyfac.fr\/wp-content\/uploads\/2016\/04\/Logo-hyfac-ok-1024x688.png 1024w, https:\/\/hyfac.fr\/wp-content\/uploads\/2016\/04\/Logo-hyfac-ok.png 1772w\" sizes=\"(max-width: 260px) 100vw, 260px\" \/><\/p>\n<h1 class=\"entry-title\">HYFAC ORIGINAL - Jauna oda su tr\u016bkumais<\/h1>\n<p style=\"text-align: justify;\"><span style=\"color: #32a3c8;\">Paauglyst\u0117je akn\u0117 pasirei\u0161kia 75% jaun\u0173 \u017emoni\u0173. Nelengva su juo gyventi, nelengva jo atsikratyti.<\/span><\/p>\n<p style=\"text-align: justify;\"><span style=\"color: #32a3c8;\">HYFAC yra viena pirm\u0173j\u0173 \u012f akn\u0119 linkusiai odai skirt\u0173 priemoni\u0173. Jos veiksmingumas \u012frodytas jau daugiau nei 30 met\u0173 ir tapo m\u0117gstamiausia dermatolog\u0173 linija. I\u0161bandyti - tai priimti.<\/span><\/p>\n<p>&nbsp;<\/p>\n<h2 style=\"text-align: center;\">Atraskite visas m\u016bs\u0173 paaugliams skirtas antiimperfekcines proced\u016bras<\/h2>\n<p>&nbsp;<\/p>","protected":false},"excerpt":{"rendered":"<p>HYFAC ORIGINAL \u2013 Peaux jeunes \u00e0 imperfections L\u2019acn\u00e9 touche 75% des jeunes durant l\u2019adolescence. Pas facile de vivre avec, pas facile de s\u2019en d\u00e9barrasser. HYFAC est l\u2019une des premi\u00e8res gammes cr\u00e9\u00e9e pour les peaux \u00e0 tendances acn\u00e9ique.\u00a0Elle a prouv\u00e9 son efficacit\u00e9 depuis plus de 30 ans et est ainsi devenue la gamme chouchoute des dermatologues.\u2026 <a class='lire-suite' href=\"https:\/\/hyfac.fr\/lt\/nos-gammes\/hyfac-classique\/\">Skaityti daugiau &gt;&gt;&gt;<\/a><\/p>","protected":false},"author":1,"featured_media":0,"parent":22,"menu_order":0,"comment_status":"closed","ping_status":"closed","template":"page\/page-template-hyfaclassique.php","meta":{"_mi_skip_tracking":false,"spay_email":""},"_links":{"self":[{"href":"https:\/\/hyfac.fr\/lt\/wp-json\/wp\/v2\/pages\/54"}],"collection":[{"href":"https:\/\/hyfac.fr\/lt\/wp-json\/wp\/v2\/pages"}],"about":[{"href":"https:\/\/hyfac.fr\/lt\/wp-json\/wp\/v2\/types\/page"}],"author":[{"embeddable":true,"href":"https:\/\/hyfac.fr\/lt\/wp-json\/wp\/v2\/users\/1"}],"replies":[{"embeddable":true,"href":"https:\/\/hyfac.fr\/lt\/wp-json\/wp\/v2\/comments?post=54"}],"version-history":[{"count":29,"href":"https:\/\/hyfac.fr\/lt\/wp-json\/wp\/v2\/pages\/54\/revisions"}],"predecessor-version":[{"id":4905,"href":"https:\/\/hyfac.fr\/lt\/wp-json\/wp\/v2\/pages\/54\/revisions\/4905"}],"up":[{"embeddable":true,"href":"https:\/\/hyfac.fr\/lt\/wp-json\/wp\/v2\/pages\/22"}],"wp:attachment":[{"href":"https:\/\/hyfac.fr\/lt\/wp-json\/wp\/v2\/media?parent=54"}],"curies":[{"name":"wp","href":"https:\/\/api.w.org\/{rel}","templated":true}]}}