{"id":56,"date":"2016-04-26T06:05:09","date_gmt":"2016-04-26T04:05:09","guid":{"rendered":"http:\/\/hyfac.fr\/?page_id=56"},"modified":"2018-06-20T11:48:03","modified_gmt":"2018-06-20T09:48:03","slug":"hydrafac","status":"publish","type":"page","link":"https:\/\/hyfac.fr\/lt\/nos-gammes\/hydrafac\/","title":{"rendered":"HYDRAFAC - kasdienis dr\u0117kinimas"},"content":{"rendered":"<p><img loading=\"lazy\" class=\"alignleft wp-image-2463\" src=\"http:\/\/hyfac.fr\/wp-content\/uploads\/2018\/02\/logo_hyfac_hydrafac.png\" alt=\"Logotipas Hydrafac\" width=\"260\" height=\"220\" srcset=\"https:\/\/hyfac.fr\/wp-content\/uploads\/2018\/02\/logo_hyfac_hydrafac.png 1674w, https:\/\/hyfac.fr\/wp-content\/uploads\/2018\/02\/logo_hyfac_hydrafac-300x253.png 300w, https:\/\/hyfac.fr\/wp-content\/uploads\/2018\/02\/logo_hyfac_hydrafac-1024x865.png 1024w\" sizes=\"(max-width: 260px) 100vw, 260px\" \/><\/p>\n<h1 class=\"entry-title\">\"Hydrafac\" - kasdienis dr\u0117kinimas vis\u0173 tip\u0173 odai<\/h1>\n<p style=\"text-align: justify;\">Dr\u0117kinimas - kasdienis veiksmas, padedantis i\u0161saugoti ger\u0105 odos pusiausvyr\u0105. Gerai sudr\u0117kinta oda yra apsaugota ir sveika.<\/p>\n<p style=\"text-align: justify;\">HYDRAFAC - tai linija, kurios tikslas - kasdien dr\u0117kinti vis\u0173 tip\u0173 od\u0105 bet kokiomis aplinkyb\u0117mis. Dvi alternatyvos, pritaikytos kiekvieno poreikiams:<\/p>\n<ul>\n<li style=\"text-align: justify;\">A <a href=\"https:\/\/hyfac.fr\/lt\/nos-gammes\/hydrafac\/creme-legere\/\">\u0161viesos formul\u0117<\/a> mi\u0161riai odai, vasar\u0105 arba kaip makia\u017eo pagrindas.<\/li>\n<li style=\"text-align: justify;\">A <a href=\"https:\/\/hyfac.fr\/lt\/nos-gammes\/hydrafac\/creme-riche\/\">turtinga formul\u0117<\/a> sausai odai, \u017eiem\u0105 arba kaip naktinis kremas.<\/li>\n<li style=\"text-align: justify;\">Ta\u010diau taip pat <a href=\"https:\/\/hyfac.fr\/lt\/nos-gammes\/hydrafac\/baume-levres\/\">l\u016bp\u0173 balzamas<\/a> 100% nat\u016bralus.<\/li>\n<\/ul>\n<h2><\/h2>\n<p>&nbsp;<\/p>\n<p>&nbsp;<\/p>\n<p>&nbsp;<\/p>\n<h2 style=\"text-align: center;\">Visi m\u016bs\u0173 odos prie\u017ei\u016bros produktai dr\u0117kina od\u0105:<\/h2>\n<p>&nbsp;<\/p>","protected":false},"excerpt":{"rendered":"<p>Hydrafac &#8211; Hydratation de toutes les peaux au quotidien L\u2019hydratation est le geste quotidien pour pr\u00e9server un bon \u00e9quilibre de la peau. Une peau bien hydrat\u00e9e est prot\u00e9g\u00e9e et en bonne sant\u00e9. HYDRAFAC est la gamme dont l\u2019objectif est d\u2019hydrater au quotidien toutes les peaux en toutes circonstances. Deux alternatives adapt\u00e9es aux besoins de chacun\u00a0:\u2026 <a class='lire-suite' href=\"https:\/\/hyfac.fr\/lt\/nos-gammes\/hydrafac\/\">Skaityti daugiau &gt;&gt;&gt;<\/a><\/p>","protected":false},"author":1,"featured_media":0,"parent":22,"menu_order":2,"comment_status":"closed","ping_status":"closed","template":"page\/page-template-hydrafac.php","meta":{"_mi_skip_tracking":false,"spay_email":""},"_links":{"self":[{"href":"https:\/\/hyfac.fr\/lt\/wp-json\/wp\/v2\/pages\/56"}],"collection":[{"href":"https:\/\/hyfac.fr\/lt\/wp-json\/wp\/v2\/pages"}],"about":[{"href":"https:\/\/hyfac.fr\/lt\/wp-json\/wp\/v2\/types\/page"}],"author":[{"embeddable":true,"href":"https:\/\/hyfac.fr\/lt\/wp-json\/wp\/v2\/users\/1"}],"replies":[{"embeddable":true,"href":"https:\/\/hyfac.fr\/lt\/wp-json\/wp\/v2\/comments?post=56"}],"version-history":[{"count":29,"href":"https:\/\/hyfac.fr\/lt\/wp-json\/wp\/v2\/pages\/56\/revisions"}],"predecessor-version":[{"id":4886,"href":"https:\/\/hyfac.fr\/lt\/wp-json\/wp\/v2\/pages\/56\/revisions\/4886"}],"up":[{"embeddable":true,"href":"https:\/\/hyfac.fr\/lt\/wp-json\/wp\/v2\/pages\/22"}],"wp:attachment":[{"href":"https:\/\/hyfac.fr\/lt\/wp-json\/wp\/v2\/media?parent=56"}],"curies":[{"name":"wp","href":"https:\/\/api.w.org\/{rel}","templated":true}]}}