{"id":74,"date":"2016-04-27T02:38:09","date_gmt":"2016-04-27T00:38:09","guid":{"rendered":"http:\/\/hyfac.fr\/?page_id=74"},"modified":"2018-06-26T12:59:31","modified_gmt":"2018-06-26T10:59:31","slug":"pres-de-chez-vous","status":"publish","type":"page","link":"https:\/\/hyfac.fr\/lt\/pres-de-chez-vous\/","title":{"rendered":"Netoli j\u016bs\u0173"},"content":{"rendered":"<p><img loading=\"lazy\" class=\"aligncenter size-full wp-image-4289\" src=\"https:\/\/hyfac.fr\/wp-content\/uploads\/2018\/03\/acheter-hyfac-pharmacie-parapharmacie-1.jpg\" alt=\"\" width=\"1500\" height=\"295\" srcset=\"https:\/\/hyfac.fr\/wp-content\/uploads\/2018\/03\/acheter-hyfac-pharmacie-parapharmacie-1.jpg 1500w, https:\/\/hyfac.fr\/wp-content\/uploads\/2018\/03\/acheter-hyfac-pharmacie-parapharmacie-1-300x59.jpg 300w, https:\/\/hyfac.fr\/wp-content\/uploads\/2018\/03\/acheter-hyfac-pharmacie-parapharmacie-1-1024x201.jpg 1024w\" sizes=\"(max-width: 1500px) 100vw, 1500px\" \/><\/p>\n<style>\r\n\t#wpsl-stores .wpsl-store-thumb {height:45px !important; width:45px !important;}\r\n\t#wpsl-stores, #wpsl-direction-details, #wpsl-gmap {height:350px !important;}\r\n\t#wpsl-gmap .wpsl-info-window {max-width:225px !important;}\r\n\t.wpsl-input label, #wpsl-radius label, #wpsl-category label {width:95px;}\r\n\t#wpsl-search-input ,#wpsl-category .wpsl-dropdown {width:179px;}\r\n<\/style>\r\n<div id=\"wpsl-wrap\">\r\n\t<div class=\"wpsl-search wpsl-clearfix wpsl-filter\">\r\n\t\t<div id=\"wpsl-search-wrap\">\r\n\t\t\t<form autocomplete=\"off\" action=\"\">\r\n\t\t\t<div class=\"wpsl-input\">\r\n\t\t\t\t<div><label for=\"wpsl-search-input\">J\u016bs\u0173 pa\u0161to indeksas<\/label><\/div>\r\n\t\t\t\t<input id=\"wpsl-search-input\" type=\"text\" value=\"\" name=\"wpsl-search-input\" placeholder=\"\" aria-required=\"true\" \/>\r\n\t\t\t<\/div>\r\n\t\t\t<div class=\"wpsl-select-wrap\">\r\n\t\t\t\t<div id=\"wpsl-radius\">\r\n\t\t\t\t\t<label for=\"wpsl-radius-dropdown\">Rajonas<\/label>\r\n\t\t\t\t\t<select id=\"wpsl-radius-dropdown\" class=\"wpsl-dropdown\" name=\"wpsl-radius\">\r\n\t\t\t\t\t\t<option value=\"10\">10 km<\/option><option value=\"25\">25 km<\/option><option selected=\"selected\" value=\"50\">50 km<\/option><option value=\"100\">100 km<\/option><option value=\"200\">200 km<\/option><option value=\"500\">500 km<\/option>\r\n\t\t\t\t\t<\/select>\r\n\t\t\t\t<\/div>\r\n\t\t\t\t<div id=\"wpsl-results\">\r\n\t\t\t\t\t<label for=\"wpsl-results-dropdown\">Rezultatai<\/label>\r\n\t\t\t\t\t<select id=\"wpsl-results-dropdown\" class=\"wpsl-dropdown\" name=\"wpsl-results\">\r\n\t\t\t\t\t\t<option selected=\"selected\" value=\"25\">25<\/option><option value=\"50\">50<\/option><option value=\"75\">75<\/option><option value=\"100\">100<\/option>\r\n\t\t\t\t\t<\/select>\r\n\t\t\t\t<\/div>\r\n\t\t\t<\/div>\r\n<div id=\"wpsl-category\">\r\n<label for=\"wpsl-category-list\">Diapazonas<\/label>\r\n<select  name='wpsl-category' id='wpsl-category-list' class='wpsl-dropdown' >\n\t<option value='0'>Visi<\/option>\n\t<option class=\"level-0\" value=\"84\">FOTOKER<\/option>\n\t<option class=\"level-0\" value=\"85\">HYFAC<\/option>\n<\/select>\n<\/div>\r\n\t\t\t\t<div class=\"wpsl-search-btn-wrap\"><input id=\"wpsl-search-btn\" type=\"submit\" value=\"Paie\u0161ka\"><\/div>\r\n\t\t<input type=\"hidden\" name=\"trp-form-language\" value=\"lt\"\/><\/form>\r\n\t\t<\/div>\r\n\t<\/div>\r\n\t<div id=\"wpsl-gmap\" class=\"wpsl-gmap-canvas\"><\/div>\r\n\t<div id=\"wpsl-result-list\">\r\n\t\t<div id=\"wpsl-stores\" >\r\n\t\t\t<ul><\/ul>\r\n\t\t<\/div>\r\n\t\t<div id=\"wpsl-direction-details\">\r\n\t\t\t<ul><\/ul>\r\n\t\t<\/div>\r\n\t<\/div>\r\n<\/div>","protected":false},"excerpt":{"rendered":"","protected":false},"author":1,"featured_media":0,"parent":0,"menu_order":5,"comment_status":"closed","ping_status":"closed","template":"page\/page-template-defaulthyfac.php","meta":{"_mi_skip_tracking":false,"spay_email":""},"_links":{"self":[{"href":"https:\/\/hyfac.fr\/lt\/wp-json\/wp\/v2\/pages\/74"}],"collection":[{"href":"https:\/\/hyfac.fr\/lt\/wp-json\/wp\/v2\/pages"}],"about":[{"href":"https:\/\/hyfac.fr\/lt\/wp-json\/wp\/v2\/types\/page"}],"author":[{"embeddable":true,"href":"https:\/\/hyfac.fr\/lt\/wp-json\/wp\/v2\/users\/1"}],"replies":[{"embeddable":true,"href":"https:\/\/hyfac.fr\/lt\/wp-json\/wp\/v2\/comments?post=74"}],"version-history":[{"count":12,"href":"https:\/\/hyfac.fr\/lt\/wp-json\/wp\/v2\/pages\/74\/revisions"}],"predecessor-version":[{"id":4290,"href":"https:\/\/hyfac.fr\/lt\/wp-json\/wp\/v2\/pages\/74\/revisions\/4290"}],"wp:attachment":[{"href":"https:\/\/hyfac.fr\/lt\/wp-json\/wp\/v2\/media?parent=74"}],"curies":[{"name":"wp","href":"https:\/\/api.w.org\/{rel}","templated":true}]}}