{"id":1415,"date":"2016-05-25T23:41:21","date_gmt":"2016-05-25T21:41:21","guid":{"rendered":"http:\/\/hyfac.fr\/?page_id=1415"},"modified":"2022-02-10T01:50:26","modified_gmt":"2022-02-10T00:50:26","slug":"mousse-nettoyante-exfoliante","status":"publish","type":"page","link":"https:\/\/hyfac.fr\/pl\/nos-gammes\/hyfac-classique\/mousse-nettoyante-exfoliante\/","title":{"rendered":"Z\u0142uszczaj\u0105ca pianka oczyszczaj\u0105ca"},"content":{"rendered":"<div style=\"width: 960px;\"><\/div>\n<div id=\"prd\">\n<div class=\"csRow\">\n<div class=\"csColumn\" style=\"margin: 0px; padding: 0px; float: left; width: 43%;\" data-csstartpoint=\"0\" data-csendpoint=\"430\" data-cswidth=\"43.0%\" data-csid=\"beb42ad8-6bfd-a029-8282-bd93ae120b4d\">\n<style type=\"text\/css\">#soliloquy-container-5302 .soliloquy-pager{bottom: -30px;}<\/style><div class=\"soliloquy-outer-container\" data-soliloquy-loaded=\"0\"><div aria-live=\"polite\" id=\"soliloquy-container-5302\" class=\"soliloquy-container soliloquy-transition-horizontal soliloquy-slide-horizontal soliloquy-controls-active slider-img-prd soliloquy-theme-base\" style=\"max-width:340px;max-height:538px;margin:0 auto 20px;max-width:100%;max-height:none;\"><ul id=\"soliloquy-5302\" class=\"soliloquy-slider soliloquy-slides soliloquy-wrap soliloquy-clear\"><li aria-hidden=\"true\" class=\"soliloquy-item soliloquy-item-1 soliloquy-id-5566 soliloquy-image-slide\" draggable=\"false\" style=\"list-style:none;\"><img id=\"soliloquy-image-5566\" class=\"soliloquy-image soliloquy-image-1\" src=\"https:\/\/hyfac.fr\/wp-content\/uploads\/2018\/09\/Diapositive03-340x538_c.jpeg\" alt=\"HYFAC Anti-Imperfection Acne Exfoliating Cleansing Foam\" \/><\/li><li aria-hidden=\"true\" class=\"soliloquy-item soliloquy-item-2 soliloquy-id-5567 soliloquy-image-slide\" draggable=\"false\" style=\"list-style:none;\"><img id=\"soliloquy-image-5567\" class=\"soliloquy-image soliloquy-image-2 soliloquy-preload\" src=\"https:\/\/hyfac.fr\/wp-content\/plugins\/soliloquy\/assets\/css\/images\/holder.gif\" data-soliloquy-src=\"https:\/\/hyfac.fr\/wp-content\/uploads\/2018\/09\/Diapositive04-340x538_c.jpeg\" alt=\"HYFAC Anti-Imperfection Acne Exfoliating Cleansing Foam\" \/><\/li><\/ul><\/div><noscript><style type=\"text\/css\" scoped>#soliloquy-container-5302{opacity:1}#soliloquy-container-5302 li > .soliloquy-caption{display:none}#soliloquy-container-5302 li:first-child > .soliloquy-caption{display:block}<\/style><div class=\"soliloquy-no-js\" style=\"display:none;visibility:hidden;height:0;line-height:0;opacity:0;\"><img class=\"soliloquy-image soliloquy-no-js-image\" src=\"https:\/\/hyfac.fr\/wp-content\/uploads\/2018\/09\/Diapositive03.jpeg\" alt=\"HYFAC Anti-Imperfection Acne Exfoliating Cleansing Foam\" \/><img class=\"soliloquy-image soliloquy-no-js-image\" src=\"https:\/\/hyfac.fr\/wp-content\/uploads\/2018\/09\/Diapositive04.jpeg\" alt=\"HYFAC Anti-Imperfection Acne Exfoliating Cleansing Foam\" \/><\/div><\/noscript><\/div>\n<\/div>\n<div class=\"csColumnGap\" style=\"margin: 0px; padding: 0px; float: left; width: 7.7%;\"><img style=\"border: none;\" src=\"https:\/\/hyfac.fr\/wp-content\/plugins\/advanced-wp-columns\/assets\/js\/plugins\/views\/img\/1x1-pixel.png\" \/><\/div>\n<div class=\"csColumn\" style=\"margin: 0px; padding: 0px; float: left; width: 49.3%;\" data-csstartpoint=\"507\" data-csendpoint=\"1000\" data-cswidth=\"49.3%\" data-csid=\"56e6cac6-63f3-6945-9ddf-f20a5ec7912c\">\n<h1><span style=\"color: #df6c2e; line-height: 35px;\">Z\u0141USZCZAJ\u0104CA PIANKA OCZYSZCZAJ\u0104CA<\/span><\/h1>\n<p><span style=\"color: #df6c2e;\">HYFAC Oryginalny asortyment<\/span><br \/>\nButelka z pompk\u0105 150ml<\/p>\n<p><br \/>\nZ\u0142uszczaj\u0105ca pianka oczyszczaj\u0105ca do sk\u00f3ry t\u0142ustej, tr\u0105dzikowej. Delikatnie myje, oczyszcza i usuwa zanieczyszczenia.<\/p>\n<ul id=\"ulprd\">\n<li><img class=\"logo-prd\" src=\"\/wp-content\/uploads\/2018\/09\/Nettoie.png\" alt=\"Oczyszcza\" width=\"50\" \/><br \/>\nSPRZ\u0104TANIE<\/li>\n<li><img class=\"logo-prd\" src=\"\/wp-content\/uploads\/2018\/09\/Desincruste.png\" alt=\"Od\u0142\u0105cza si\u0119\" width=\"50\" \/><br \/>\nDESINCRUSTE<\/li>\n<li><img class=\"logo-prd\" src=\"\/wp-content\/uploads\/2018\/08\/doux.png\" alt=\"mi\u0119kki\" width=\"50\" \/><br \/>\nDOUX<\/li>\n<li><img class=\"logo-prd\" src=\"\/wp-content\/uploads\/2018\/09\/Mousse-aerienne.png\" alt=\"Piana unosz\u0105ca si\u0119 w powietrzu\" width=\"50\" \/><br \/>\nPIANKA POWIETRZNA<\/li>\n<\/ul>\n<ul id=\"ulprd-link\">\n<li><p class=\"product woocommerce add_to_cart_inline\" style=\"border:4px solid #ccc; padding: 12px;\"><span class=\"woocommerce-Price-amount amount\"><bdi>12,50&nbsp;<span class=\"woocommerce-Price-currencySymbol\">\u20ac<\/span><\/bdi><\/span><a href=\"?add-to-cart=14922\" data-quantity=\"1\" class=\"button product_type_simple add_to_cart_button ajax_add_to_cart\" data-product_id=\"14922\" data-product_sku=\"\" aria-label=\"Dodaj \u201eClassic - Mousse Nettoyante Exfoliante\u201d do koszyka\" rel=\"nofollow\" data-no-translation=\"\" data-trp-gettext=\"\" data-no-translation-aria-label=\"\">Dodaj do koszyka<\/a><\/p><\/li>\n<li><a href=\"https:\/\/hyfac.fr\/pl\/pres-de-chez-vous\/\"><img class=\"img2\" src=\"\/wp-content\/uploads\/2018\/06\/logo-map-e1530138886120.png\" alt=\"loc\" \/>Znajd\u017a punkt sprzeda\u017cy<\/a><\/li>\n<\/ul>\n<ul id=\"ulprd-link\">\n<li class=\"infotri\"><span class=\"spantri\">Odkryj nasze instrukcje sortowania<\/span><br \/>\n<img class=\"imgtri\" src=\"https:\/\/hyfac.fr\/wp-content\/uploads\/2020\/12\/HYFAC-ORIGINAL-Mousse-nettoyante.png\" \/><\/li>\n<\/ul>\n<\/div>\n<div style=\"clear: both; float: none; display: block; visibility: hidden; width: 0px; font-size: 0px; line-height: 0;\"><\/div>\n<\/div>\n<\/div>\n<div id=\"descript-prd\">Z\u0142uszczaj\u0105ca pianka oczyszczaj\u0105ca HYFAC <strong>czy\u015bci<\/strong> i oczyszcza sk\u00f3r\u0119 z niedoskona\u0142o\u015bci. Jego przewiewna i bardzo mi\u0119kka konsystencja sprawia, \u017ce jest przyjemny w codziennym u\u017cyciu do g\u0142\u0119bokiego oczyszczania. To <strong>oczyszcza<\/strong> delikatnie eliminuje zanieczyszczenia z m\u0142odej, tr\u0105dzikowej sk\u00f3ry dzi\u0119ki zawarto\u015bci <strong>dzia\u0142anie z\u0142uszczaj\u0105ce<\/strong>. Strona <strong>aktywa owocowe<\/strong> (AHA) zapobiegaj\u0105 powstawaniu pryszczy i pomagaj\u0105 wyeliminowa\u0107 zask\u00f3rniki i w\u0105gry, aby przywr\u00f3ci\u0107 czyst\u0105 i zdrow\u0105 sk\u00f3r\u0119.<\/div>\n<div id=\"menu-prdnew\">\n<ul>\n<li><a id=\"lienmenuconseil\" href=\"#prd\">RADA U\u017bYTKOWANIA<\/a><\/li>\n<li><a id=\"lienmenuactifs\" href=\"#conseil-prd\">AKTYWA<\/a><\/li>\n<li><a id=\"lienmenucmplt\" href=\"#actifs-prd\">PRODUKTY KOMPLEMENTARNE<\/a><\/li>\n<li><a id=\"lienmenusavoir\" href=\"#cmplt-prd\">CZYTAJ WI\u0118CEJ<\/a><\/li>\n<li><a id=\"lienmenucompo\" href=\"#savoir-prd\">SK\u0141AD<\/a><\/li>\n<\/ul>\n<\/div>\n<div id=\"conseil-prd\">\n<div class=\"csRow\">\n<div class=\"csColumn\" style=\"margin: 0px; padding: 0px; float: left; width: 70.8%;\" data-csstartpoint=\"0\" data-csendpoint=\"680\" data-cswidth=\"70.8%\" data-csid=\"7ce9a14c-d45b-a3f2-987b-63fd249cc312\">\n<p><span style=\"color: #df6c2e;\">JAK STOSOWA\u0106 Z\u0141USZCZAJ\u0104C\u0104 PIANK\u0118 OCZYSZCZAJ\u0104C\u0104 HYFAC?<\/span><\/p>\n<p>Rano i\/lub wieczorem na\u0142\u00f3\u017c 2 pompki pianki na d\u0142o\u0144. Nanie\u015b\u0107 na zwil\u017con\u0105 sk\u00f3r\u0119 i delikatnie masowa\u0107 ca\u0142\u0105 twarz. Dok\u0142adnie sp\u0142uka\u0107 czyst\u0105 wod\u0105, a nast\u0119pnie osuszy\u0107 czystym r\u0119cznikiem. Nast\u0119pnie zaleca si\u0119 zastosowanie <a href=\"https:\/\/hyfac.fr\/pl\/nos-gammes\/hyfac-classique\/soin-global\/\">HYFAC kompleksowa opieka<\/a> na idealnie such\u0105 sk\u00f3r\u0119.<\/p>\n<p>W przypadku sk\u00f3ry bardzo wra\u017cliwej zaleca si\u0119 stosowanie pianki z\u0142uszczaj\u0105cej co drugi dzie\u0144, dodatkowo do <a href=\"https:\/\/hyfac.fr\/pl\/nos-gammes\/hyfac-classique\/gel-nettoyant-purifiant\/\">HYFAC oczyszczaj\u0105cy \u017cel oczyszczaj\u0105cy<\/a>.<\/p>\n<p>Z\u0142uszczaj\u0105ca pianka do mycia usuwa zanieczyszczenia z por\u00f3w sk\u00f3ry i oczyszcza j\u0105, nie podra\u017cniaj\u0105c jej, w przeciwie\u0144stwie do niekt\u00f3rych peeling\u00f3w czy scrub\u00f3w do twarzy.<\/p>\n<\/div>\n<div class=\"csColumnGap\" style=\"margin: 0px; padding: 0px; float: left; width: 1.56%;\"><img style=\"border: none;\" src=\"https:\/\/hyfac.fr\/wp-content\/plugins\/advanced-wp-columns\/assets\/js\/plugins\/views\/img\/1x1-pixel.png\" \/><\/div>\n<div class=\"csColumn\" style=\"margin: 0px; padding: 0px; float: left; width: 27.6%;\" data-csstartpoint=\"695\" data-csendpoint=\"960\" data-cswidth=\"27.6%\" data-csid=\"2de6301b-fc0e-6c4c-b16e-671973f34d15\">\n<p><img loading=\"lazy\" class=\"aligncenter wp-image-5140\" src=\"https:\/\/hyfac.fr\/wp-content\/uploads\/2018\/07\/conseil-250x250.png\" alt=\"\" width=\"180\" height=\"181\" srcset=\"https:\/\/hyfac.fr\/wp-content\/uploads\/2018\/07\/conseil-250x250.png 250w, https:\/\/hyfac.fr\/wp-content\/uploads\/2018\/07\/conseil-298x300.png 298w, https:\/\/hyfac.fr\/wp-content\/uploads\/2018\/07\/conseil.png 308w\" sizes=\"(max-width: 180px) 100vw, 180px\" \/><\/p>\n<\/div>\n<div style=\"clear: both; float: none; display: block; visibility: hidden; width: 0px; font-size: 0px; line-height: 0;\"><\/div>\n<\/div>\n<\/div>\n<div id=\"actifs-prd\">\n<div class=\"h2prd\">\n<h2><span style=\"color: #df6c2e;\">G\u0141\u00d3WNE AKTYWA<\/span><\/h2>\n<\/div>\n<p><span style=\"color: #df6c2e;\">Kwas jab\u0142kowy: sk\u0142adnik aktywny o dzia\u0142aniu keratolitycznym i nawil\u017caj\u0105cym<\/span><br \/>\nKwas jab\u0142kowy jest kwasem owocowym (AHA) pozyskiwanym z jab\u0142ek i winogron. Dzia\u0142a z\u0142uszczaj\u0105co na martwe kom\u00f3rki, kt\u00f3re blokuj\u0105 kana\u0142y wydalnicze i nawil\u017ca sk\u00f3r\u0119. \u0141\u00f3j jest wtedy prawid\u0142owo odprowadzany, a zask\u00f3rniki stopniowo znikaj\u0105.<\/p>\n<p><span style=\"color: #df6c2e;\">Piroctone Olamine: \u015brodek antybakteryjny i konserwuj\u0105cy<\/span><br \/>\nPiroctone Olamine jest znany ze swoich w\u0142a\u015bciwo\u015bci antybakteryjnych, szczeg\u00f3lnie w stosunku do P.acnes i Malassezia, mikroorganizm\u00f3w odpowiedzialnych za tr\u0105dzik. Dzia\u0142a r\u00f3wnie\u017c jako \u015brodek konserwuj\u0105cy. Obecno\u015b\u0107 Piroctone Olamine w z\u0142uszczaj\u0105cej piance oczyszczaj\u0105cej HYFAC oznacza, \u017ce nie dodano do niej konserwant\u00f3w takich jak parabeny.<\/p>\n<\/div>\n<div id=\"cmplt-prd\">\n<div class=\"h2prd\">\n<h2><span style=\"color: #df6c2e;\">PRODUKTY KOMPLEMENTARNE<\/span><\/h2>\n<\/div>\n<style type=\"text\/css\">#soliloquy-container-5364 .soliloquy-prev{left: -60px;background-color:#df6c2e;}#soliloquy-container-5364 .soliloquy-next{right: -60px;background-color:#df6c2e;}#soliloquy-container-5364 .soliloquy-image{background: #f3f3f3;border: 1px solid #ddd;padding:3px;}#soliloquy-container-5364 .soliloquy-viewport{height: 260px !important;}#soliloquy-container-5364 .soliloquy-caption-bottom{position: relative;}#soliloquy-container-5364 .soliloquy-caption-inside{color:#CEBFB6; text-shadow:none;background:none;}@media only screen and (max-width: 1000px){#soliloquy-container-5364 .soliloquy-prev{left: 0px;}#soliloquy-container-5364 .soliloquy-next{right: 0px;}#soliloquy-container-5364 .soliloquy-viewport{height: 200px;}}<\/style><div class=\"soliloquy-outer-container soliloquy-carousel\" data-soliloquy-loaded=\"0\"><div aria-live=\"polite\" id=\"soliloquy-container-5364\" class=\"soliloquy-container soliloquy-transition-horizontal soliloquy-slide-horizontal soliloquy-arrows-active Produits-complmentaires-Hyfac soliloquy-theme-base\" style=\"max-width:960px;max-height:300px;margin:0 auto 20px;\"><ul id=\"soliloquy-5364\" class=\"soliloquy-slider soliloquy-slides soliloquy-wrap soliloquy-clear\"><li aria-hidden=\"true\" class=\"soliloquy-item soliloquy-item-1 soliloquy-id-5625 soliloquy-image-slide\" draggable=\"false\" style=\"list-style:none;\"><a href=\"https:\/\/hyfac.fr\/pl\/nos-gammes\/hyfac-classique\/gel-nettoyant-purifiant\/\" class=\"soliloquy-link\" title=\"HYFAC Oczyszczaj\u0105cy \u017cel oczyszczaj\u0105cy na tr\u0105dzik\"><img id=\"soliloquy-image-5625\" class=\"soliloquy-image soliloquy-image-1\" src=\"https:\/\/hyfac.fr\/wp-content\/uploads\/2018\/09\/Diapositive01-1-200x200_c.jpeg\" alt=\"HYFAC Oczyszczaj\u0105cy \u017cel oczyszczaj\u0105cy na tr\u0105dzik\" \/><\/a><div class=\"soliloquy-caption soliloquy-caption-bottom\"><div class=\"soliloquy-caption-inside\"><p>Oczyszczaj\u0105cy \u017cel oczyszczaj\u0105cy<\/p><br \/>\n<p style=\"font-size:13px\">Oczyszcza i piel\u0119gnuje<\/p><\/div><\/div><\/li><li aria-hidden=\"true\" class=\"soliloquy-item soliloquy-item-2 soliloquy-id-5626 soliloquy-image-slide\" draggable=\"false\" style=\"list-style:none;\"><a href=\"https:\/\/hyfac.fr\/pl\/nos-gammes\/hyfac-classique\/mousse-nettoyante-exfoliante\/\" class=\"soliloquy-link\" title=\"HYFAC Anti-Imperfection Acne Exfoliating Cleansing Foam\"><img id=\"soliloquy-image-5626\" class=\"soliloquy-image soliloquy-image-2\" src=\"https:\/\/hyfac.fr\/wp-content\/uploads\/2018\/09\/Diapositive03-1-200x200_c.jpeg\" alt=\"HYFAC Anti-Imperfection Acne Exfoliating Cleansing Foam\" \/><\/a><div class=\"soliloquy-caption soliloquy-caption-bottom\"><div class=\"soliloquy-caption-inside\"><p>Z\u0142uszczaj\u0105ca pianka oczyszczaj\u0105ca<\/p><br \/>\n<p style=\"font-size:13px\">Czy\u015bci i usuwa zanieczyszczenia<\/p><\/div><\/div><\/li><li aria-hidden=\"true\" class=\"soliloquy-item soliloquy-item-3 soliloquy-id-5627 soliloquy-image-slide\" draggable=\"false\" style=\"list-style:none;\"><a href=\"https:\/\/hyfac.fr\/pl\/nos-gammes\/hyfac-classique\/pain-nettoyant-purifiant\/\" class=\"soliloquy-link\" title=\"HYFAC Acne Purifying Cleansing Bar\"><img id=\"soliloquy-image-5627\" class=\"soliloquy-image soliloquy-image-3\" src=\"https:\/\/hyfac.fr\/wp-content\/uploads\/2018\/09\/Diapositive05-1-200x200_c.jpeg\" alt=\"HYFAC Acne Purifying Cleansing Bar\" \/><\/a><div class=\"soliloquy-caption soliloquy-caption-bottom\"><div class=\"soliloquy-caption-inside\"><p>Oczyszczaj\u0105cy kostka oczyszczaj\u0105ca<\/p><br \/>\n<p style=\"font-size:13px\">Oczyszcza i piel\u0119gnuje<\/p><\/div><\/div><\/li><li aria-hidden=\"true\" class=\"soliloquy-item soliloquy-item-4 soliloquy-id-5628 soliloquy-image-slide\" draggable=\"false\" style=\"list-style:none;\"><a href=\"https:\/\/hyfac.fr\/pl\/nos-gammes\/hyfac-classique\/soin-global\/\" class=\"soliloquy-link\" title=\"HYFAC Globalna Piel\u0119gnacja Przeciwtr\u0105dzikowa\"><img id=\"soliloquy-image-5628\" class=\"soliloquy-image soliloquy-image-4\" src=\"https:\/\/hyfac.fr\/wp-content\/uploads\/2018\/09\/Diapositive07-1-200x200_c.jpeg\" alt=\"HYFAC Globalna Piel\u0119gnacja Przeciwtr\u0105dzikowa\" \/><\/a><div class=\"soliloquy-caption soliloquy-caption-bottom\"><div class=\"soliloquy-caption-inside\"><p>Opieka globalna<\/p><br \/>\n<p style=\"font-size:13px\">Redukuje przebarwienia i nawil\u017ca<\/p><\/div><\/div><\/li><li aria-hidden=\"true\" class=\"soliloquy-item soliloquy-item-5 soliloquy-id-5629 soliloquy-image-slide\" draggable=\"false\" style=\"list-style:none;\"><a href=\"https:\/\/hyfac.fr\/pl\/nos-gammes\/hyfac-classique\/emulsion-fluide\/\" class=\"soliloquy-link\" title=\"HYFAC \u0141agodz\u0105ca emulsja nawil\u017caj\u0105ca do sk\u00f3ry tr\u0105dzikowej\"><img id=\"soliloquy-image-5629\" class=\"soliloquy-image soliloquy-image-5\" src=\"https:\/\/hyfac.fr\/wp-content\/uploads\/2018\/09\/Diapositive09-1-200x200_c.jpeg\" alt=\"HYFAC \u0141agodz\u0105ca emulsja nawil\u017caj\u0105ca do sk\u00f3ry tr\u0105dzikowej\" \/><\/a><div class=\"soliloquy-caption soliloquy-caption-bottom\"><div class=\"soliloquy-caption-inside\"><p>Emulsja p\u0142ynna<\/p><br \/>\n<p style=\"font-size:13px\">Nawil\u017ca i matuje<\/p><\/div><\/div><\/li><li aria-hidden=\"true\" class=\"soliloquy-item soliloquy-item-6 soliloquy-id-11232 soliloquy-image-slide\" draggable=\"false\" style=\"list-style:none;\"><a href=\"https:\/\/hyfac.fr\/pl\/nos-gammes\/hyfac-classique\/mousse-a-raser\/\" class=\"soliloquy-link\" title=\"HYFAC \u0141agodz\u0105ca pianka do golenia dla sk\u00f3ry wra\u017cliwej\"><img id=\"soliloquy-image-11232\" class=\"soliloquy-image soliloquy-image-6\" src=\"https:\/\/hyfac.fr\/wp-content\/uploads\/2018\/09\/Diapositive11-1-200x200_c.png\" alt=\"HYFAC \u0141agodz\u0105ca pianka do golenia dla sk\u00f3ry wra\u017cliwej\" \/><\/a><div class=\"soliloquy-caption soliloquy-caption-bottom\"><div class=\"soliloquy-caption-inside\"><p>Pianka do golenia<\/p><br \/>\n<p style=\"font-size:13px\">\u0141agodzi oparzenia po goleniu<\/p><\/div><\/div><\/li><li aria-hidden=\"true\" class=\"soliloquy-item soliloquy-item-7 soliloquy-id-5632 soliloquy-image-slide\" draggable=\"false\" style=\"list-style:none;\"><a href=\"https:\/\/hyfac.fr\/pl\/nos-gammes\/hyfac-classique\/patchs-anti-imperfections\/\" class=\"soliloquy-link\" title=\"HYFAC Plaster przeciwtr\u0105dzikowy wysusza wypryski\"><img id=\"soliloquy-image-5632\" class=\"soliloquy-image soliloquy-image-7\" src=\"https:\/\/hyfac.fr\/wp-content\/uploads\/2018\/09\/Diapositive13-200x200_c.jpeg\" alt=\"HYFAC Plaster przeciwtr\u0105dzikowy wysusza wypryski\" \/><\/a><div class=\"soliloquy-caption soliloquy-caption-bottom\"><div class=\"soliloquy-caption-inside\"><p>Plaster przeciw niedoskona\u0142o\u015bciom<\/p><br \/>\n<p style=\"font-size:13px\">Wysusza i zmniejsza pryszcz<\/p><\/div><\/div><\/li><\/ul><\/div><noscript><style type=\"text\/css\" scoped>#soliloquy-container-5364{opacity:1}#soliloquy-container-5364 li > .soliloquy-caption{display:none}#soliloquy-container-5364 li:first-child > .soliloquy-caption{display:block}<\/style><div class=\"soliloquy-no-js\" style=\"display:none;visibility:hidden;height:0;line-height:0;opacity:0;\"><img class=\"soliloquy-image soliloquy-no-js-image\" src=\"https:\/\/hyfac.fr\/wp-content\/uploads\/2018\/09\/Diapositive01-1.jpeg\" alt=\"HYFAC Oczyszczaj\u0105cy \u017cel oczyszczaj\u0105cy na tr\u0105dzik\" \/><img class=\"soliloquy-image soliloquy-no-js-image\" src=\"https:\/\/hyfac.fr\/wp-content\/uploads\/2018\/09\/Diapositive03-1.jpeg\" alt=\"HYFAC Anti-Imperfection Acne Exfoliating Cleansing Foam\" \/><img class=\"soliloquy-image soliloquy-no-js-image\" src=\"https:\/\/hyfac.fr\/wp-content\/uploads\/2018\/09\/Diapositive05-1.jpeg\" alt=\"HYFAC Acne Purifying Cleansing Bar\" \/><img class=\"soliloquy-image soliloquy-no-js-image\" src=\"https:\/\/hyfac.fr\/wp-content\/uploads\/2018\/09\/Diapositive07-1.jpeg\" alt=\"HYFAC Globalna Piel\u0119gnacja Przeciwtr\u0105dzikowa\" \/><img class=\"soliloquy-image soliloquy-no-js-image\" src=\"https:\/\/hyfac.fr\/wp-content\/uploads\/2018\/09\/Diapositive09-1.jpeg\" alt=\"HYFAC \u0141agodz\u0105ca emulsja nawil\u017caj\u0105ca do sk\u00f3ry tr\u0105dzikowej\" \/><img class=\"soliloquy-image soliloquy-no-js-image\" src=\"https:\/\/hyfac.fr\/wp-content\/uploads\/2018\/09\/Diapositive11-1.png\" alt=\"HYFAC \u0141agodz\u0105ca pianka do golenia dla sk\u00f3ry wra\u017cliwej\" \/><img class=\"soliloquy-image soliloquy-no-js-image\" src=\"https:\/\/hyfac.fr\/wp-content\/uploads\/2018\/09\/Diapositive13.jpeg\" alt=\"HYFAC Plaster przeciwtr\u0105dzikowy wysusza wypryski\" \/><\/div><\/noscript><\/div>\n<\/div>\n<div id=\"savoir-prd\">\n<div class=\"h2prd\">\n<h2><span style=\"color: #df6c2e;\">CZYTAJ WI\u0118CEJ<\/span><\/h2>\n<\/div>\n<div class=\"csRow\">\n<div class=\"csColumn\" style=\"margin: 0px; padding: 0px; float: left; width: 38.6%;\" data-csstartpoint=\"0\" data-csendpoint=\"370.5\" data-cswidth=\"38.6%\" data-csid=\"beb42ad8-6bfd-a029-8282-bd93ae120b4d\"><a href=\"https:\/\/hyfac.fr\/pl\/sos-dermato\/4329-acne-de-l-adolescent\/\" target=\"_blank\" rel=\"noopener\"><img loading=\"lazy\" class=\"aligncenter wp-image-4345 size-thumbnail\" src=\"https:\/\/hyfac.fr\/wp-content\/uploads\/2018\/03\/banniere_carree_site_hyfac_intro_themes5-250x250.jpg\" alt=\"Tr\u0105dzik u nastolatk\u00f3w\" width=\"250\" height=\"250\" srcset=\"https:\/\/hyfac.fr\/wp-content\/uploads\/2018\/03\/banniere_carree_site_hyfac_intro_themes5-250x250.jpg 250w, https:\/\/hyfac.fr\/wp-content\/uploads\/2018\/03\/banniere_carree_site_hyfac_intro_themes5-300x300.jpg 300w, https:\/\/hyfac.fr\/wp-content\/uploads\/2018\/03\/banniere_carree_site_hyfac_intro_themes5.jpg 543w\" sizes=\"(max-width: 250px) 100vw, 250px\" \/><\/a><\/div>\n<div class=\"csColumnGap\" style=\"margin: 0px; padding: 0px; float: left; width: 1.56%;\"><img style=\"border: none;\" src=\"https:\/\/hyfac.fr\/wp-content\/plugins\/advanced-wp-columns\/assets\/js\/plugins\/views\/img\/1x1-pixel.png\" \/><\/div>\n<div class=\"csColumn\" style=\"margin: 0px; padding: 0px; float: left; width: 59.8%;\" data-csstartpoint=\"385.5\" data-csendpoint=\"960\" data-cswidth=\"59.8%\" data-csid=\"56e6cac6-63f3-6945-9ddf-f20a5ec7912c\">Tr\u0105dzik mikrocystyczny twarzy jest powszechny. Objawia si\u0119 w postaci bia\u0142ych mikrocyst na twarzy i jest cz\u0119sto zwi\u0105zany z zask\u00f3rnikami (w\u0105gry) i pryszczami. Ten rodzaj tr\u0105dziku jest wynikiem zablokowania por\u00f3w sk\u00f3ry przez sebum i keratyn\u0119.<br \/>\nDlatego sk\u00f3r\u0119 nale\u017cy oczy\u015bci\u0107 odpowiednim preparatem. Zastosowanie produktu oczyszczaj\u0105cego i z\u0142uszczaj\u0105cego pozwala na usuni\u0119cie tych zrogowacia\u0142ych kork\u00f3w, bez podra\u017cniania sk\u00f3ry twarzy. Z\u0142uszczaj\u0105ca pianka oczyszczaj\u0105ca HYFAC zosta\u0142a specjalnie opracowana, aby szanowa\u0107 r\u00f3wnowag\u0119 m\u0142odej sk\u00f3ry z niedoskona\u0142o\u015bciami, w przeciwie\u0144stwie do niekt\u00f3rych zbyt agresywnych peeling\u00f3w lub maseczek przeciw zask\u00f3rnikom, kt\u00f3re s\u0105 naprawd\u0119 traumatyczne dla sk\u00f3ry.<\/p>\n<div id=\"savoirplus\"><a href=\"https:\/\/hyfac.fr\/pl\/sos-dermato\/4329-acne-de-l-adolescent\/\">En savoir plus sur l&#8217;acn\u00e9 de l&#8217;adolescent<\/a><\/div>\n<\/div>\n<div style=\"clear: both; float: none; display: block; visibility: hidden; width: 0px; font-size: 0px; line-height: 0;\"><\/div>\n<\/div>\n<\/div>\n<div id=\"compo-prd\">\n<div class=\"h2prd\">\n<h2><span style=\"color: #df6c2e;\">SK\u0141ADNIKI <span style=\"font-size: 14pt;\">\/<\/span> SK\u0141ADNIKI<\/span><\/h2>\n<\/div>\n<p><span style=\"color: #cebfb6;\">INCI : AQUA (WODA), GLUKOZYD DECYLOWY, KWAS JAB\u0141KOWY, GLICERYNA, WODOROTLENEK SODU, KOKOAMFOOCTAN SODU, GLICYNA, GLUKOZYD KOKOSOWY, OLEINIAN GLICEROLU, OLAMINA PIROKTONU, HYDANTOINA DMDM, PARFUM (ZAPACH), KWAS CYTRYNOWY, CI 42090 (NIEBIESKI 1), TOKOFEROL, CYTRYNIAN UWODORNIONYCH GLICERYD\u00d3W PALMOWYCH<\/span><\/p>\n<\/div>","protected":false},"excerpt":{"rendered":"<p>Oczyszcza i usuwa martwe kom\u00f3rki<\/p>","protected":false},"author":1,"featured_media":1760,"parent":54,"menu_order":1,"comment_status":"closed","ping_status":"closed","template":"page\/page-template-newprdoriginal.php","meta":{"_mi_skip_tracking":false,"spay_email":""},"_links":{"self":[{"href":"https:\/\/hyfac.fr\/pl\/wp-json\/wp\/v2\/pages\/1415"}],"collection":[{"href":"https:\/\/hyfac.fr\/pl\/wp-json\/wp\/v2\/pages"}],"about":[{"href":"https:\/\/hyfac.fr\/pl\/wp-json\/wp\/v2\/types\/page"}],"author":[{"embeddable":true,"href":"https:\/\/hyfac.fr\/pl\/wp-json\/wp\/v2\/users\/1"}],"replies":[{"embeddable":true,"href":"https:\/\/hyfac.fr\/pl\/wp-json\/wp\/v2\/comments?post=1415"}],"version-history":[{"count":53,"href":"https:\/\/hyfac.fr\/pl\/wp-json\/wp\/v2\/pages\/1415\/revisions"}],"predecessor-version":[{"id":15019,"href":"https:\/\/hyfac.fr\/pl\/wp-json\/wp\/v2\/pages\/1415\/revisions\/15019"}],"up":[{"embeddable":true,"href":"https:\/\/hyfac.fr\/pl\/wp-json\/wp\/v2\/pages\/54"}],"wp:featuredmedia":[{"embeddable":true,"href":"https:\/\/hyfac.fr\/pl\/wp-json\/wp\/v2\/media\/1760"}],"wp:attachment":[{"href":"https:\/\/hyfac.fr\/pl\/wp-json\/wp\/v2\/media?parent=1415"}],"curies":[{"name":"wp","href":"https:\/\/api.w.org\/{rel}","templated":true}]}}