{"id":1432,"date":"2016-05-26T00:51:32","date_gmt":"2016-05-25T22:51:32","guid":{"rendered":"http:\/\/hyfac.fr\/?page_id=1432"},"modified":"2022-02-10T02:01:19","modified_gmt":"2022-02-10T01:01:19","slug":"soin-global","status":"publish","type":"page","link":"https:\/\/hyfac.fr\/pl\/nos-gammes\/hyfac-woman\/soin-global\/","title":{"rendered":"Opieka globalna"},"content":{"rendered":"<p>&nbsp;<\/p>\n<div style=\"width: 960px;\">&nbsp;<\/div>\n<div id=\"prd\">\n<div class=\"csRow\">\n<div class=\"csColumn\" style=\"margin: 0px; padding: 0px; float: left; width: 43%;\" data-csstartpoint=\"0\" data-csendpoint=\"430\" data-cswidth=\"43.0%\" data-csid=\"beb42ad8-6bfd-a029-8282-bd93ae120b4d\">\n<style type=\"text\/css\">#soliloquy-container-5299 .soliloquy-pager{bottom: -30px;}<\/style><div class=\"soliloquy-outer-container\" data-soliloquy-loaded=\"0\"><div aria-live=\"polite\" id=\"soliloquy-container-5299\" class=\"soliloquy-container soliloquy-transition-horizontal soliloquy-slide-horizontal soliloquy-controls-active slider-img-prd soliloquy-theme-base\" style=\"max-width:340px;max-height:538px;margin:0 auto 20px;max-width:100%;max-height:none;\"><ul id=\"soliloquy-5299\" class=\"soliloquy-slider soliloquy-slides soliloquy-wrap soliloquy-clear\"><li aria-hidden=\"true\" class=\"soliloquy-item soliloquy-item-1 soliloquy-id-5570 soliloquy-image-slide\" draggable=\"false\" style=\"list-style:none;\"><img id=\"soliloquy-image-5570\" class=\"soliloquy-image soliloquy-image-1\" src=\"https:\/\/hyfac.fr\/wp-content\/uploads\/2018\/09\/Diapositive15-340x538_c.jpeg\" alt=\"Soin global HYFAC WOMAN anti-imperfections acn\u00e9 femme\" \/><\/li><li aria-hidden=\"true\" class=\"soliloquy-item soliloquy-item-2 soliloquy-id-5571 soliloquy-image-slide\" draggable=\"false\" style=\"list-style:none;\"><img id=\"soliloquy-image-5571\" class=\"soliloquy-image soliloquy-image-2 soliloquy-preload\" src=\"https:\/\/hyfac.fr\/wp-content\/plugins\/soliloquy\/assets\/css\/images\/holder.gif\" data-soliloquy-src=\"https:\/\/hyfac.fr\/wp-content\/uploads\/2018\/09\/Diapositive16-340x538_c.jpeg\" alt=\"Soin global HYFAC WOMAN anti-imperfections acn\u00e9 femme\" \/><\/li><\/ul><\/div><noscript><style type=\"text\/css\" scoped>#soliloquy-container-5299{opacity:1}#soliloquy-container-5299 li > .soliloquy-caption{display:none}#soliloquy-container-5299 li:first-child > .soliloquy-caption{display:block}<\/style><div class=\"soliloquy-no-js\" style=\"display:none;visibility:hidden;height:0;line-height:0;opacity:0;\"><img class=\"soliloquy-image soliloquy-no-js-image\" src=\"https:\/\/hyfac.fr\/wp-content\/uploads\/2018\/09\/Diapositive15.jpeg\" alt=\"Soin global HYFAC WOMAN anti-imperfections acn\u00e9 femme\" \/><img class=\"soliloquy-image soliloquy-no-js-image\" src=\"https:\/\/hyfac.fr\/wp-content\/uploads\/2018\/09\/Diapositive16.jpeg\" alt=\"Soin global HYFAC WOMAN anti-imperfections acn\u00e9 femme\" \/><\/div><\/noscript><\/div>\n<\/div>\n<div class=\"csColumnGap\" style=\"margin: 0px; padding: 0px; float: left; width: 7.7%;\"><img style=\"border: none;\" src=\"https:\/\/hyfac.fr\/wp-content\/plugins\/advanced-wp-columns\/assets\/js\/plugins\/views\/img\/1x1-pixel.png\"><\/div>\n<div class=\"csColumn\" style=\"margin: 0px; padding: 0px; float: left; width: 49.3%;\" data-csstartpoint=\"507\" data-csendpoint=\"1000\" data-cswidth=\"49.3%\" data-csid=\"56e6cac6-63f3-6945-9ddf-f20a5ec7912c\">\n<h1><span style=\"color: #d0006d; line-height: 35px;\">SOIN GLOBAL<\/span><\/h1>\n<p><span style=\"color: #d0006d;\">Gamme HYFAC Woman<\/span><br \/>\nTube de 40ml<\/p>\n<p><br \/>\nSoin 4 en 1 pour les peaux \u00e0 imperfections. Lutte contre les boutons inflammatoires et les com\u00e9dons, matifie et hydrate.<\/p>\n<ul id=\"ulprd\">\n<li><img class=\"logo-prd\" src=\"\/wp-content\/uploads\/2018\/09\/ANTI_BOUTONS_WOMAN.png\" alt=\"ANTI_BOUTONS_WOMAN\" width=\"50\"><br \/>\nANTI-BUTTER<\/li>\n<li><img class=\"logo-prd\" src=\"\/wp-content\/uploads\/2018\/09\/Desincruste.png\" alt=\"Od\u0142\u0105cza si\u0119\" width=\"50\"><br \/>\nDESINCRUSTE<\/li>\n<li><img class=\"logo-prd\" src=\"\/wp-content\/uploads\/2018\/09\/Matifie.png\" alt=\"Matifie\" width=\"50\"><br \/>\nMATIFIE<\/li>\n<li><img class=\"logo-prd\" src=\"\/wp-content\/uploads\/2018\/09\/Hydrate.png\" alt=\"Nawil\u017ca\" width=\"50\"><br \/>\nHYDRATE<\/li>\n<\/ul>\n<ul id=\"ulprd-link\">\n<li><p class=\"product woocommerce add_to_cart_inline\" style=\"border:4px solid #ccc; padding: 12px;\"><span class=\"woocommerce-Price-amount amount\"><bdi>11,90&nbsp;<span class=\"woocommerce-Price-currencySymbol\">\u20ac<\/span><\/bdi><\/span><a href=\"https:\/\/hyfac.fr\/pl\/produkt\/woman-soin-global\/\" data-quantity=\"1\" class=\"button product_type_simple\" data-product_id=\"14929\" data-product_sku=\"\" aria-label=\"Przeczytaj wi\u0119cej o \u201eWoman - Soin Global\u201d\" rel=\"nofollow\" data-no-translation=\"\" data-trp-gettext=\"\" data-no-translation-aria-label=\"\">Czytaj dalej<\/a><\/p><\/li>\n<li>&nbsp;<\/li>\n<li><a href=\"https:\/\/hyfac.fr\/pl\/pres-de-chez-vous\/\"><img class=\"img2\" src=\"\/wp-content\/uploads\/2018\/06\/logo-map-e1530138886120.png\" alt=\"loc\">Znajd\u017a punkt sprzeda\u017cy<\/a><\/li>\n<\/ul>\n<ul id=\"ulprd-link\">\n<li class=\"infotri\"><span class=\"spantri\">Odkryj nasze instrukcje sortowania<\/span><br \/>\n<img class=\"imgtri\" src=\"https:\/\/hyfac.fr\/wp-content\/uploads\/2020\/12\/Infotri-flacon-et-etui.png\"><\/li>\n<\/ul>\n<\/div>\n<div style=\"clear: both; float: none; display: block; visibility: hidden; width: 0px; font-size: 0px; line-height: 0;\">&nbsp;<\/div>\n<\/div>\n<\/div>\n<div id=\"descript-prd\">Soin du visage complet destin\u00e9 aux femmes ayant une peau \u00e0 imperfections. Sa formule \u00e0 base de Piroctone Olamine anti-bact\u00e9rienne permet de <strong>limiter la formation des boutons inflammatoires<\/strong> et lutte contre l\u2019acn\u00e9 de la femme adulte. Il <strong>ujednolica<\/strong> oraz <strong>illumine le teint<\/strong> en d\u00e9sincrustant les pores et \u00e9liminant les impuret\u00e9s. Ses agents matifiants r\u00e9gulent et <strong>absorbent l\u2019exc\u00e8s de s\u00e9bum<\/strong>. Sa formule au parfum frais et discret en fait une excellente cr\u00e8me hydratante, id\u00e9ale comme base de maquillage. La peau est plus nette, purifi\u00e9e, hydrat\u00e9e et matifi\u00e9e.<\/div>\n<div id=\"menu-prdnew\">\n<ul>\n<li><a id=\"lienmenuconseil\" href=\"#prd\">RADA U\u017bYTKOWANIA<\/a><\/li>\n<li><a id=\"lienmenuactifs\" href=\"#conseil-prd\">AKTYWA<\/a><\/li>\n<li><a id=\"lienmenucmplt\" href=\"#actifs-prd\">PRODUKTY KOMPLEMENTARNE<\/a><\/li>\n<li><a id=\"lienmenusavoir\" href=\"#cmplt-prd\">CZYTAJ WI\u0118CEJ<\/a><\/li>\n<li><a id=\"lienmenucompo\" href=\"#savoir-prd\">SK\u0141AD<\/a><\/li>\n<\/ul>\n<\/div>\n<div id=\"conseil-prd\">\n<div class=\"csRow\">\n<div class=\"csColumn\" style=\"margin: 0px; padding: 0px; float: left; width: 70.8%;\" data-csstartpoint=\"0\" data-csendpoint=\"680\" data-cswidth=\"70.8%\" data-csid=\"7ce9a14c-d45b-a3f2-987b-63fd249cc312\">\n<p><span style=\"color: #d0006d;\">COMMENT UTILISER LE SOIN GLOBAL HYFAC WOMAN ?<\/span><\/p>\n<p>Une \u00e0 deux fois par jour, appliquer le soin global sur le visage pr\u00e9alablement nettoy\u00e9 et d\u00e9maquill\u00e9 avec l\u2019<a href=\"https:\/\/hyfac.fr\/pl\/nos-gammes\/hyfac-woman\/eau-micellaire\/\">eau micellaire HYFAC Woman<\/a> et parfaitement s\u00e9ch\u00e9. Excellente base de maquillage.<\/p>\n<p>Le soin global HYFAC Woman peut \u00eatre utilis\u00e9 en monoth\u00e9rapie ou en compl\u00e9tement de tous les types de traitement contre l\u2019acn\u00e9. Utilis\u00e9 seul, il est recommand\u00e9 pour le soin de la peau \u00e0 tendance acn\u00e9ique de la femme, contribuant \u00e0 diminuer les com\u00e9dons (points noirs), les microkystes du visage, et les boutons d\u2019acn\u00e9.<\/p>\n<\/div>\n<div class=\"csColumnGap\" style=\"margin: 0px; padding: 0px; float: left; width: 1.56%;\"><img style=\"border: none;\" src=\"https:\/\/hyfac.fr\/wp-content\/plugins\/advanced-wp-columns\/assets\/js\/plugins\/views\/img\/1x1-pixel.png\"><\/div>\n<div class=\"csColumn\" style=\"margin: 0px; padding: 0px; float: left; width: 27.6%;\" data-csstartpoint=\"695\" data-csendpoint=\"960\" data-cswidth=\"27.6%\" data-csid=\"2de6301b-fc0e-6c4c-b16e-671973f34d15\">\n<p><img loading=\"lazy\" class=\"aligncenter wp-image-5140\" src=\"https:\/\/hyfac.fr\/wp-content\/uploads\/2018\/07\/conseil-250x250.png\" alt=\"\" width=\"180\" height=\"181\" srcset=\"https:\/\/hyfac.fr\/wp-content\/uploads\/2018\/07\/conseil-250x250.png 250w, https:\/\/hyfac.fr\/wp-content\/uploads\/2018\/07\/conseil-298x300.png 298w, https:\/\/hyfac.fr\/wp-content\/uploads\/2018\/07\/conseil.png 308w\" sizes=\"(max-width: 180px) 100vw, 180px\" \/><\/p>\n<\/div>\n<div style=\"clear: both; float: none; display: block; visibility: hidden; width: 0px; font-size: 0px; line-height: 0;\">&nbsp;<\/div>\n<\/div>\n<\/div>\n<div id=\"actifs-prd\">\n<div class=\"h2prd\">\n<h2><span style=\"color: #d0006d;\">G\u0141\u00d3WNE AKTYWA<\/span><\/h2>\n<\/div>\n<p><span style=\"color: #d0006d;\">Acide glycolique : Actif k\u00e9ratolytique (anti points noirs)<\/span><br \/>\nL\u2019acide glycolique est un acide de fruit (AHA) \u00e0 chaine courte. Il est naturellement extrait de la canne \u00e0 sucre. Son action imm\u00e9diate exfolie la peau pour la d\u00e9barrasser des cellules mortes qui bouchent les canaux excr\u00e9teurs. Le s\u00e9bum s\u2019\u00e9coule alors correctement et les points noirs disparaissent progressivement.<\/p>\n<p><span style=\"color: #d0006d;\">Esther d\u2019alkyl malate : Actif k\u00e9ratolytique et hydratant<\/span><br \/>\nL\u2019alkyl malate est un acide de fruit (AHA) \u00e0 chaine longue qui permet une action d\u2019exfoliation sur la dur\u00e9e et donc en douceur. Il est \u00e9galement connu pour ses vertus d\u2019hydratation. Il est naturellement extrait de la pomme.&nbsp;La combinaison de ces deux actifs donne au soin global une efficacit\u00e9 sur le long terme, doubl\u00e9e d\u2019une grande tol\u00e9rance.<\/p>\n<p><span style=\"color: #d0006d;\">Piroctone Olamine: \u015brodek antybakteryjny i konserwuj\u0105cy<\/span><br \/>\nLa Piroctone Olamine est reconnue pour ses propri\u00e9t\u00e9s antimicrobiennes. Elle agit notamment sur les microorganismes responsables de l\u2019acn\u00e9 en limitant la formation des boutons inflammatoires. Elle joue \u00e9galement un r\u00f4le de conservateur permettant de ne pas ajouter de conservateurs tel que les parabens.<\/p>\n<\/div>\n<div id=\"cmplt-prd\">\n<div class=\"h2prd\">\n<h2><span style=\"color: #d0006d;\">PRODUKTY KOMPLEMENTARNE<\/span><\/h2>\n<\/div>\n<style type=\"text\/css\">#soliloquy-container-5181 .soliloquy-prev{left: -60px;background-color:#d0006d;}#soliloquy-container-5181 .soliloquy-next{right: -60px;background-color:#d0006d;}#soliloquy-container-5181 .soliloquy-image{background: #f3f3f3;border: 1px solid #ddd;padding:3px;}#soliloquy-container-5181 .soliloquy-viewport{height: 260px !important;}#soliloquy-container-5181 .soliloquy-caption-bottom{position: relative;}#soliloquy-container-5181 .soliloquy-caption-inside{color:#CEBFB6; text-shadow:none;background:none;}@media only screen and (max-width: 1000px){#soliloquy-container-5181 .soliloquy-prev{left: 0px;}#soliloquy-container-5181 .soliloquy-next{right: 0px;}#soliloquy-container-5181 .soliloquy-viewport{height: 200px;}}<\/style><div class=\"soliloquy-outer-container soliloquy-carousel\" data-soliloquy-loaded=\"0\"><div aria-live=\"polite\" id=\"soliloquy-container-5181\" class=\"soliloquy-container soliloquy-transition-horizontal soliloquy-slide-horizontal soliloquy-arrows-active  soliloquy-theme-base\" style=\"max-width:960px;max-height:300px;margin:0 auto 20px;\"><ul id=\"soliloquy-5181\" class=\"soliloquy-slider soliloquy-slides soliloquy-wrap soliloquy-clear\"><li aria-hidden=\"true\" class=\"soliloquy-item soliloquy-item-1 soliloquy-id-5615 soliloquy-image-slide\" draggable=\"false\" style=\"list-style:none;\"><a href=\"https:\/\/hyfac.fr\/pl\/nos-gammes\/hyfac-woman\/eau-micellaire\/\" class=\"soliloquy-link\" title=\"HYFAC WOMAN Eau micellaire nettoyante d\u00e9maquillante\"><img id=\"soliloquy-image-5615\" class=\"soliloquy-image soliloquy-image-1\" src=\"https:\/\/hyfac.fr\/wp-content\/uploads\/2018\/07\/Diapositive19-200x200_c.jpeg\" alt=\"HYFAC WOMAN Eau micellaire nettoyante d\u00e9maquillante\" \/><\/a><div class=\"soliloquy-caption soliloquy-caption-bottom\"><div class=\"soliloquy-caption-inside\"><p>Woda micelarna<\/p><br \/>\n<p style=\"font-size:13px\">Oczyszcza i usuwa makija\u017c<\/p><\/div><\/div><\/li><li aria-hidden=\"true\" class=\"soliloquy-item soliloquy-item-2 soliloquy-id-5613 soliloquy-image-slide\" draggable=\"false\" style=\"list-style:none;\"><a href=\"https:\/\/hyfac.fr\/pl\/nos-gammes\/hyfac-woman\/soin-global\/\" class=\"soliloquy-link\" title=\"HYFAC WOMAN soin global anti-imperfections acn\u00e9 femme\"><img id=\"soliloquy-image-5613\" class=\"soliloquy-image soliloquy-image-2\" src=\"https:\/\/hyfac.fr\/wp-content\/uploads\/2018\/07\/Diapositive15-200x200_c.jpeg\" alt=\"HYFAC WOMAN soin global anti-imperfections acn\u00e9 femme\" \/><\/a><div class=\"soliloquy-caption soliloquy-caption-bottom\"><div class=\"soliloquy-caption-inside\"><p>Opieka globalna<\/p><br \/>\n<p style=\"font-size:13px\">Redukuje przebarwienia i nawil\u017ca<\/p><\/div><\/div><\/li><li aria-hidden=\"true\" class=\"soliloquy-item soliloquy-item-3 soliloquy-id-5614 soliloquy-image-slide\" draggable=\"false\" style=\"list-style:none;\"><a href=\"https:\/\/hyfac.fr\/pl\/nos-gammes\/hyfac-woman\/gommage-douceur\/\" class=\"soliloquy-link\" title=\"HYFAC WOMAN gommage douceur exfoliant\"><img id=\"soliloquy-image-5614\" class=\"soliloquy-image soliloquy-image-3\" src=\"https:\/\/hyfac.fr\/wp-content\/uploads\/2018\/07\/Diapositive17-200x200_c.jpeg\" alt=\"HYFAC WOMAN gommage douceur exfoliant\" \/><\/a><div class=\"soliloquy-caption soliloquy-caption-bottom\"><div class=\"soliloquy-caption-inside\"><p>Gentle Scrub<\/p><br \/>\n<p style=\"font-size:13px\">D\u00e9sincruste et redonne de l\u2019\u00e9clat<\/p><\/div><\/div><\/li><li aria-hidden=\"true\" class=\"soliloquy-item soliloquy-item-4 soliloquy-id-15334 soliloquy-image-slide\" draggable=\"false\" style=\"list-style:none;\"><a href=\"https:\/\/hyfac.fr\/pl\/nos-gammes\/hyfac-woman\/active-mask\/\" class=\"soliloquy-link\" title=\"HYFAC WOMAN Active Mask traitement acn\u00e9 femme adulte\"><img id=\"soliloquy-image-15334\" class=\"soliloquy-image soliloquy-image-4\" src=\"https:\/\/hyfac.fr\/wp-content\/uploads\/2022\/02\/Sans-titre-61-200x200_c.jpeg\" alt=\"HYFAC WOMAN Active Mask traitement acn\u00e9 femme adulte\" \/><\/a><div class=\"soliloquy-caption soliloquy-caption-bottom\"><div class=\"soliloquy-caption-inside\"><p>Aktywna maska<\/p><br \/>\n<p style=\"font-size:13px\">Traitement de l\u2019acn\u00e9 de la femme<\/p><\/div><\/div><\/li><\/ul><\/div><noscript><style type=\"text\/css\" scoped>#soliloquy-container-5181{opacity:1}#soliloquy-container-5181 li > .soliloquy-caption{display:none}#soliloquy-container-5181 li:first-child > .soliloquy-caption{display:block}<\/style><div class=\"soliloquy-no-js\" style=\"display:none;visibility:hidden;height:0;line-height:0;opacity:0;\"><img class=\"soliloquy-image soliloquy-no-js-image\" src=\"https:\/\/hyfac.fr\/wp-content\/uploads\/2018\/07\/Diapositive19.jpeg\" alt=\"HYFAC WOMAN Eau micellaire nettoyante d\u00e9maquillante\" \/><img class=\"soliloquy-image soliloquy-no-js-image\" src=\"https:\/\/hyfac.fr\/wp-content\/uploads\/2018\/07\/Diapositive15.jpeg\" alt=\"HYFAC WOMAN soin global anti-imperfections acn\u00e9 femme\" \/><img class=\"soliloquy-image soliloquy-no-js-image\" src=\"https:\/\/hyfac.fr\/wp-content\/uploads\/2018\/07\/Diapositive17.jpeg\" alt=\"HYFAC WOMAN gommage douceur exfoliant\" \/><img class=\"soliloquy-image soliloquy-no-js-image\" src=\"https:\/\/hyfac.fr\/wp-content\/uploads\/2022\/02\/Sans-titre-61.jpeg\" alt=\"HYFAC WOMAN Active Mask traitement acn\u00e9 femme adulte\" \/><\/div><\/noscript><\/div>\n<\/div>\n<div id=\"savoir-prd\">\n<div class=\"h2prd\">\n<h2><span style=\"color: #d0006d;\">CZYTAJ WI\u0118CEJ<\/span><\/h2>\n<\/div>\n<div class=\"csRow\">\n<div class=\"csColumn\" style=\"margin: 0px; padding: 0px; float: left; width: 38.6%;\" data-csstartpoint=\"0\" data-csendpoint=\"370.5\" data-cswidth=\"38.6%\" data-csid=\"beb42ad8-6bfd-a029-8282-bd93ae120b4d\"><a href=\"https:\/\/hyfac.fr\/pl\/sos-dermato\/4321-acne-de-la-femme-adulte\/\" target=\"_blank\" rel=\"noopener\"><img loading=\"lazy\" class=\"aligncenter wp-image-4368 size-thumbnail\" src=\"https:\/\/hyfac.fr\/wp-content\/uploads\/2018\/03\/banniere_carree_site_hyfac_intro_themes_femme-250x250.jpeg\" alt=\"tr\u0105dzik u doros\u0142ych kobiet\" width=\"250\" height=\"250\" srcset=\"https:\/\/hyfac.fr\/wp-content\/uploads\/2018\/03\/banniere_carree_site_hyfac_intro_themes_femme-250x250.jpeg 250w, https:\/\/hyfac.fr\/wp-content\/uploads\/2018\/03\/banniere_carree_site_hyfac_intro_themes_femme-300x300.jpeg 300w, https:\/\/hyfac.fr\/wp-content\/uploads\/2018\/03\/banniere_carree_site_hyfac_intro_themes_femme.jpeg 543w\" sizes=\"(max-width: 250px) 100vw, 250px\" \/><\/a><\/div>\n<div class=\"csColumnGap\" style=\"margin: 0px; padding: 0px; float: left; width: 1.56%;\"><img style=\"border: none;\" src=\"https:\/\/hyfac.fr\/wp-content\/plugins\/advanced-wp-columns\/assets\/js\/plugins\/views\/img\/1x1-pixel.png\"><\/div>\n<div class=\"csColumn\" style=\"margin: 0px; padding: 0px; float: left; width: 59.8%;\" data-csstartpoint=\"385.5\" data-csendpoint=\"960\" data-cswidth=\"59.8%\" data-csid=\"56e6cac6-63f3-6945-9ddf-f20a5ec7912c\">L\u2019acn\u00e9 de la femme adulte est similaire \u00e0 celle de l\u2019adolescent, bien qu\u2019il existe des facteurs favorisants diff\u00e9rents. Les sympt\u00f4mes sont communs : peau grasse, apparition de boutons blancs et rouges, points noirs, com\u00e9dons et microkystes.<br \/>\nLes com\u00e9dons et les microkystes sont le r\u00e9sultat de l\u2019obturation des pores de la peau par un m\u00e9lange de k\u00e9ratine et de s\u00e9bum. Les boutons d\u2019acn\u00e9 sont dus \u00e0 une inflammation provoqu\u00e9e par des microbes vivant \u00e0 l\u2019\u00e9tat naturel dans les glandes s\u00e9bac\u00e9es de la peau.<br \/>\nPour lutter contre les signes de l\u2019acn\u00e9, le soin global HYFAC WOMAN contient notamment deux types d\u2019acides de fruits (AHA) diff\u00e9rents. Ils existent naturellement dans le sucre de canne (acide glycolique) et dans les pommes (acide malique).<br \/>\nLa concentration de ces actifs dans le soin global permet de lutter efficacement contre les com\u00e9dons et les microkystes, sans irriter ni ass\u00e9cher la peau et en fait la meilleure cr\u00e8me visage pour les femmes ayant une peau \u00e0 tendance acn\u00e9ique.&nbsp;&nbsp;&nbsp;<\/p>\n<div id=\"savoirplus\"><a href=\"https:\/\/hyfac.fr\/pl\/sos-dermato\/4321-acne-de-la-femme-adulte\/\">En savoir plus sur l&#8217;acn\u00e9 de la femme adulte<\/a><\/div>\n<\/div>\n<div style=\"clear: both; float: none; display: block; visibility: hidden; width: 0px; font-size: 0px; line-height: 0;\">&nbsp;<\/div>\n<\/div>\n<\/div>\n<div id=\"compo-prd\">\n<div class=\"h2prd\">\n<h2><span style=\"color: #d0006d;\">SK\u0141ADNIKI <span style=\"font-size: 14pt;\">\/<\/span> SK\u0141ADNIKI<\/span><\/h2>\n<\/div>\n<p><span style=\"color: #cebfb6;\">INCI : AQUA (WATER) \/ EAU, CETEARYL ETHYLHEXANOATE, DI C12-13 ALKYL MALATE, GLYCOLIC ACID, CYCLOPENTASILOXANE, GLYCERIN, STEARETH-2, STEARETH-21, NYLON 12, CYCLOHEXASILOXANE, CETYL ALCOHOL, POLYACRYLAMIDE, SODIUM HYDROXIDE, C13-14 ISOPARAFFIN, DIAZOLIDINYL UREA, DIMETHICONOL, PIROCTONE OLAMINE, PARFUM (FRAGRANCE), LAURETH-7, XANTHAN GUM.<\/span><\/p>\n<\/div>","protected":false},"excerpt":{"rendered":"<p>Redukuje niedoskona\u0142o\u015bci i usuwa zanieczyszczenia.<\/p>","protected":false},"author":1,"featured_media":1796,"parent":47,"menu_order":2,"comment_status":"closed","ping_status":"closed","template":"page\/page-template-newprdwoman.php","meta":{"_mi_skip_tracking":false,"spay_email":""},"_links":{"self":[{"href":"https:\/\/hyfac.fr\/pl\/wp-json\/wp\/v2\/pages\/1432"}],"collection":[{"href":"https:\/\/hyfac.fr\/pl\/wp-json\/wp\/v2\/pages"}],"about":[{"href":"https:\/\/hyfac.fr\/pl\/wp-json\/wp\/v2\/types\/page"}],"author":[{"embeddable":true,"href":"https:\/\/hyfac.fr\/pl\/wp-json\/wp\/v2\/users\/1"}],"replies":[{"embeddable":true,"href":"https:\/\/hyfac.fr\/pl\/wp-json\/wp\/v2\/comments?post=1432"}],"version-history":[{"count":79,"href":"https:\/\/hyfac.fr\/pl\/wp-json\/wp\/v2\/pages\/1432\/revisions"}],"predecessor-version":[{"id":15029,"href":"https:\/\/hyfac.fr\/pl\/wp-json\/wp\/v2\/pages\/1432\/revisions\/15029"}],"up":[{"embeddable":true,"href":"https:\/\/hyfac.fr\/pl\/wp-json\/wp\/v2\/pages\/47"}],"wp:featuredmedia":[{"embeddable":true,"href":"https:\/\/hyfac.fr\/pl\/wp-json\/wp\/v2\/media\/1796"}],"wp:attachment":[{"href":"https:\/\/hyfac.fr\/pl\/wp-json\/wp\/v2\/media?parent=1432"}],"curies":[{"name":"wp","href":"https:\/\/api.w.org\/{rel}","templated":true}]}}