{"id":24,"date":"2016-04-20T16:59:46","date_gmt":"2016-04-20T14:59:46","guid":{"rendered":"http:\/\/hyfac.fr\/?page_id=24"},"modified":"2020-12-08T08:54:00","modified_gmt":"2020-12-08T07:54:00","slug":"le-laboratoire","status":"publish","type":"page","link":"https:\/\/hyfac.fr\/pl\/le-laboratoire\/","title":{"rendered":"Laboratorium"},"content":{"rendered":"<h1><img loading=\"lazy\" class=\"alignnone size-full wp-image-1596\" src=\"http:\/\/hyfac.fr\/wp-content\/uploads\/2016\/04\/Le-Laboratoire.png\" alt=\"Laboratorium\" width=\"1776\" height=\"350\" srcset=\"https:\/\/hyfac.fr\/wp-content\/uploads\/2016\/04\/Le-Laboratoire.png 1776w, https:\/\/hyfac.fr\/wp-content\/uploads\/2016\/04\/Le-Laboratoire-300x59.png 300w, https:\/\/hyfac.fr\/wp-content\/uploads\/2016\/04\/Le-Laboratoire-1024x202.png 1024w\" sizes=\"(max-width: 1776px) 100vw, 1776px\" \/><\/h1>\n<h2><span style=\"color: #68153d;\">NASI EKSPERCI DERMATOLODZY<\/span><\/h2>\n<div class=\"hr-hyfac hr-hyfac-labo\"><\/div>\n<p style=\"text-align: justify;\"><img loading=\"lazy\" class=\"alignleft size-medium wp-image-1660\" src=\"http:\/\/hyfac.fr\/wp-content\/uploads\/2016\/04\/illus_dermato_hyfac-259x300.png\" alt=\"ilus_dermato_hyfac\" width=\"259\" height=\"300\" srcset=\"https:\/\/hyfac.fr\/wp-content\/uploads\/2016\/04\/illus_dermato_hyfac-259x300.png 259w, https:\/\/hyfac.fr\/wp-content\/uploads\/2016\/04\/illus_dermato_hyfac-883x1024.png 883w, https:\/\/hyfac.fr\/wp-content\/uploads\/2016\/04\/illus_dermato_hyfac.png 1545w\" sizes=\"(max-width: 259px) 100vw, 259px\" \/><\/p>\n<p style=\"text-align: justify;\">Od czasu utworzenia\u00a0<a href=\"https:\/\/www.moulinroyalcosmetics.com\">Kosmetyki Laboratoires Moulin Royal<\/a>Naszym pragnieniem by\u0142o nawi\u0105zanie uprzywilejowanych relacji z dermatologami. Mamy t\u0119 sam\u0105 lini\u0119 post\u0119powania: zaspokaja\u0107 potrzeby pacjent\u00f3w za pomoc\u0105 bezpiecznych, skutecznych i dobrze tolerowanych produkt\u00f3w. Z biegiem lat ta wsp\u00f3\u0142praca rozwija\u0142a si\u0119 i dzi\u015b pracujemy rami\u0119 w rami\u0119 z naszymi dermatologami. Wsp\u00f3lnie opracowujemy nowe zakresy dermo-kosmetyczne w kilku obszarach (<a href=\"https:\/\/hyfac.fr\/pl\/nos-gammes\/hyfac-woman\/\">tr\u0105dzik u kobiet<\/a>, <a href=\"https:\/\/hyfac.fr\/pl\/nos-gammes\/hydrafac\/\">nawil\u017canie<\/a>itd.).<\/p>\n<p style=\"text-align: justify;\">Wsp\u00f3lnie z nimi stworzyli\u015bmy r\u00f3wnie\u017c sekcj\u0119 \"SOS Dermato\", dzi\u0119ki kt\u00f3rej mo\u017cemy odpowiada\u0107 na pytania konsument\u00f3w dotycz\u0105ce sk\u00f3ry. Co miesi\u0105c na naszej stronie internetowej oraz w serwisach spo\u0142eczno\u015bciowych znajdziecie Pa\u0144stwo porady naszych ekspert\u00f3w dermatolog\u00f3w na r\u00f3\u017cne tematy: tr\u0105dzik &amp; problemy sk\u00f3rne, problemy sk\u00f3rne, problemy sk\u00f3rne, problemy sk\u00f3rne, problemy sk\u00f3rne. <a href=\"https:\/\/hyfac.fr\/pl\/conseils-dermato\/1287-lacne-et-lalimentation\/\">zasilanie<\/a>tr\u0105dzik &amp; <a href=\"https:\/\/hyfac.fr\/pl\/conseils-dermato\/1289-lacne-et-la-contraception\/\">antykoncepcja<\/a>, <a href=\"https:\/\/hyfac.fr\/pl\/sos-dermato\/4326-hydratation-de-la-peau\/\">nawil\u017canie<\/a>, <a href=\"https:\/\/hyfac.fr\/pl\/sos-dermato\/4324-le-soleil-et-la-peau\/\">sk\u00f3ra i s\u0142o\u0144ce<\/a>i wiele innych.<\/p>\n<p style=\"text-align: justify;\">Wreszcie, regularnie podr\u00f3\u017cujemy po Francji, aby dyskutowa\u0107 z dermatologami na temat ostatnio opublikowanych artyku\u0142\u00f3w naukowych. Spotkania te nazywane s\u0105 \"Kawiarniami Naukowymi\".<\/p>\n<p>&nbsp;<\/p>\n<h2><span style=\"color: #68153d;\">LA CREATION D&#8217;HYFAC<\/span><\/h2>\n<div class=\"hr-hyfac hr-hyfac-labo\"><\/div>\n<p><img loading=\"lazy\" class=\"alignleft size-medium wp-image-1661\" src=\"http:\/\/hyfac.fr\/wp-content\/uploads\/2016\/04\/labo_hyfac_1-300x200-300x200.jpg\" alt=\"labo_hyfac_1-300x200\" width=\"300\" height=\"200\" \/><\/p>\n<p style=\"text-align: justify;\">Historia rozpoczyna si\u0119 w 1984 roku w laboratorium. Alice pracowa\u0142a jako chemik nad stworzeniem szamponu. Po kilku dniach testowania szamponu, zauwa\u017cy\u0142a, \u017ce na czole, w obszarze blisko sk\u00f3ry g\u0142owy, jej sk\u00f3ra wydaje si\u0119 bardziej czysta i mniej t\u0142usta. Alice i jej przyjaciele badacze rozpocz\u0119li prac\u0119, aby ustali\u0107 pochodzenie tej wznios\u0142ej akcji. Wyniki bada\u0144 wykaza\u0142y, \u017ce Piroctone Olamine by\u0142 odpowiedzialny za to korzystne dzia\u0142anie na sk\u00f3r\u0119. Po tym przypadkowym, ale obiecuj\u0105cym odkryciu, laboratorium postanowi\u0142o opracowa\u0107 oryginalne formu\u0142y oparte na Piroctone Olamine, aby pom\u00f3c sk\u00f3rze tr\u0105dzikowej.<\/p>\n<p style=\"text-align: justify;\">W ten spos\u00f3b narodzi\u0142 si\u0119 nast\u0119puj\u0105cy tekst <span style=\"color: #68153d;\"><strong>HYFAC<\/strong><\/span> <a href=\"https:\/\/hyfac.fr\/pl\/nos-gammes\/hyfac-classique\/\">piel\u0119gnacja m\u0142odej sk\u00f3ry<\/a>. Zakres <span style=\"color: #68153d;\"><strong>prosta<\/strong>, <strong>skuteczny<\/strong><\/span>z <span style=\"color: #68153d;\"><strong>rozpoznane aktywa<\/strong><\/span>.<\/p>\n<p style=\"text-align: justify;\">HYFAC to \u015bwiadomo\u015b\u0107, \u017ce z tr\u0105dzikiem trudno jest \u017cy\u0107, \u017ce pojawia si\u0119 on w okresie dojrzewania i d\u0142ugo si\u0119 z nim rozstaje. Tr\u0105dzik jest chorob\u0105, kt\u00f3ra wymaga <span style=\"color: #68153d;\"><strong>kompleksowa opieka<\/strong><\/span> z dobrymi produktami, ale tak\u017ce z dostosowanym stylem \u017cycia. Dlatego w\u0142a\u015bnie HYFAC pomaga Ci zrozumie\u0107 swoj\u0105 chorob\u0119.<\/p>\n<p style=\"text-align: justify;\">Z do\u015bwiadczonym zespo\u0142em <span style=\"color: #68153d;\"><strong>dermatolodzy<\/strong><\/span>z <span style=\"color: #68153d;\"><strong>farmaceuci<\/strong><\/span> i m\u0142odzie\u017cy, Laboratoire Moulin Royal Cosmetics kontynuuje prace nad nowymi gamami dermo-kosmetycznymi, dostosowanymi do ka\u017cdej potrzeby i ka\u017cdego stylu \u017cycia.<\/p>\n<p>&nbsp;<\/p>\n<h2><span style=\"color: #68153d;\">KODEKS POST\u0118POWANIA<\/span><\/h2>\n<div class=\"hr-hyfac hr-hyfac-labo\"><\/div>\n<p><img loading=\"lazy\" class=\"alignright wp-image-436\" src=\"http:\/\/hyfac.fr\/wp-content\/uploads\/2015\/07\/labo_hyfac_3.jpg\" alt=\"labo_hyfac\" width=\"250\" height=\"375\" \/>Jeste\u015bmy zobowi\u0105zani do przestrzegania naszej karty wywiadu i wymaga\u0144 kosmetycznych:<\/p>\n<ul>\n<li style=\"text-align: justify;\">Innowacje i <span style=\"color: #68153d;\"><strong>poszukiwanie maksymalnej jako\u015bci<\/strong><\/span> musz\u0105 by\u0107 obecne na wszystkich poziomach, od projektu do dystrybucji.<\/li>\n<li style=\"text-align: justify;\">Nasze sk\u0142adniki i substancje czynne podlegaj\u0105<span style=\"color: #68153d;\"><strong>szeroko zakrojone badania podstawowe<\/strong><\/span> dla ich rozwoju.<\/li>\n<li style=\"text-align: justify;\">Jako\u015b\u0107 techniczna naszych <span style=\"color: #68153d;\"><strong>systemy dostaw<\/strong><\/span> umo\u017cliwia brak kontaktu z otaczaj\u0105cym powietrzem (systemy airless) w wi\u0119kszo\u015bci naszych produkt\u00f3w.<\/li>\n<li style=\"text-align: justify;\">Realizacja<span style=\"color: #68153d;\"><strong>badania kliniczne<\/strong><\/span> jest przewidziany dla wszystkich naszych referencji. Przeprowadzaj\u0105 je lekarze dermatolodzy prowadz\u0105cy badania.<\/li>\n<li style=\"text-align: justify;\">Strona <a href=\"https:\/\/hyfac.fr\/pl\/pres-de-chez-vous\/\">dystrybucja<\/a> w <span style=\"color: #68153d;\"><strong>apteka i parafarmacja<\/strong><\/span> jest naszym marketingowym wyborem.<\/li>\n<li style=\"text-align: justify;\">Wreszcie, naszym celem jest rozw\u00f3j w<span style=\"color: #68153d;\"><strong>mi\u0119dzynarodowy<\/strong><\/span> wzmacnia nasz\u0105 trosk\u0119 o rygorystyczn\u0105 jako\u015b\u0107.<\/li>\n<\/ul>\n<p>&nbsp;<\/p>\n<h2><span style=\"color: #68153d;\">OBECNO\u015a\u0106 NA ARENIE MI\u0118DZYNARODOWEJ<\/span><\/h2>\n<div class=\"hr-hyfac hr-hyfac-labo\"><\/div>\n<p><img loading=\"lazy\" class=\"aligncenter size-full wp-image-4704\" src=\"https:\/\/hyfac.fr\/wp-content\/uploads\/2018\/05\/carte_monde_vierge_frontiere_pays_continent_hyfac_toutes_gammes.jpg\" alt=\"\" width=\"1839\" height=\"878\" srcset=\"https:\/\/hyfac.fr\/wp-content\/uploads\/2018\/05\/carte_monde_vierge_frontiere_pays_continent_hyfac_toutes_gammes.jpg 1839w, https:\/\/hyfac.fr\/wp-content\/uploads\/2018\/05\/carte_monde_vierge_frontiere_pays_continent_hyfac_toutes_gammes-300x143.jpg 300w, https:\/\/hyfac.fr\/wp-content\/uploads\/2018\/05\/carte_monde_vierge_frontiere_pays_continent_hyfac_toutes_gammes-1024x489.jpg 1024w\" sizes=\"(max-width: 1839px) 100vw, 1839px\" \/><\/p>\n<h2><\/h2>\n<p style=\"text-align: center;\">Wi\u0119cej informacji mo\u017cna znale\u017a\u0107 na stronie : <a href=\"https:\/\/www.moulinroyalcosmetics.com\">www.moulinroyalcosmetics.com<\/a><\/p>","protected":false},"excerpt":{"rendered":"<p>NOS EXPERTS DERMATOLOGUES D\u00e8s la cr\u00e9ation des\u00a0Laboratoires Moulin Royal Cosmetics, notre souhait a \u00e9t\u00e9 de nouer avec les dermatologues des relations privil\u00e9gi\u00e9es. Nous avons la m\u00eame ligne de conduite\u00a0: r\u00e9pondre aux besoins des patients avec des produits s\u00fbrs, efficaces et bien tol\u00e9r\u00e9s. Au fil des ann\u00e9es, ce partenariat s\u2019amplifia et nous travaillons aujourd\u2019hui main dans\u2026 <a class='lire-suite' href=\"https:\/\/hyfac.fr\/pl\/le-laboratoire\/\">Czytaj wi\u0119cej &gt;&gt;&gt;<\/a><\/p>","protected":false},"author":1,"featured_media":0,"parent":0,"menu_order":4,"comment_status":"closed","ping_status":"closed","template":"page\/page-template-defaulthyfac.php","meta":{"_mi_skip_tracking":false,"spay_email":""},"_links":{"self":[{"href":"https:\/\/hyfac.fr\/pl\/wp-json\/wp\/v2\/pages\/24"}],"collection":[{"href":"https:\/\/hyfac.fr\/pl\/wp-json\/wp\/v2\/pages"}],"about":[{"href":"https:\/\/hyfac.fr\/pl\/wp-json\/wp\/v2\/types\/page"}],"author":[{"embeddable":true,"href":"https:\/\/hyfac.fr\/pl\/wp-json\/wp\/v2\/users\/1"}],"replies":[{"embeddable":true,"href":"https:\/\/hyfac.fr\/pl\/wp-json\/wp\/v2\/comments?post=24"}],"version-history":[{"count":48,"href":"https:\/\/hyfac.fr\/pl\/wp-json\/wp\/v2\/pages\/24\/revisions"}],"predecessor-version":[{"id":14760,"href":"https:\/\/hyfac.fr\/pl\/wp-json\/wp\/v2\/pages\/24\/revisions\/14760"}],"wp:attachment":[{"href":"https:\/\/hyfac.fr\/pl\/wp-json\/wp\/v2\/media?parent=24"}],"curies":[{"name":"wp","href":"https:\/\/api.w.org\/{rel}","templated":true}]}}