{"id":2823,"date":"2018-02-21T01:24:54","date_gmt":"2018-02-21T00:24:54","guid":{"rendered":"http:\/\/hyfac.fr\/?page_id=2823"},"modified":"2022-02-10T02:05:06","modified_gmt":"2022-02-10T01:05:06","slug":"clarifac-soin-anti-taches","status":"publish","type":"page","link":"https:\/\/hyfac.fr\/pl\/nos-gammes\/clarifac-soin-anti-taches\/","title":{"rendered":"CLARIFAC - Zaburzenia pigmentacji"},"content":{"rendered":"<p>&nbsp;<\/p>\n<div style=\"width: 960px;\">&nbsp;<\/div>\n<div id=\"prd\">\n<div class=\"csRow\">\n<div class=\"csColumn\" style=\"margin: 0px; padding: 0px; float: left; width: 43%;\" data-csstartpoint=\"0\" data-csendpoint=\"430\" data-cswidth=\"43.0%\" data-csid=\"beb42ad8-6bfd-a029-8282-bd93ae120b4d\">\n<style type=\"text\/css\">#soliloquy-container-5311 .soliloquy-pager{bottom: -30px;}<\/style><div class=\"soliloquy-outer-container\" data-soliloquy-loaded=\"0\"><div aria-live=\"polite\" id=\"soliloquy-container-5311\" class=\"soliloquy-container soliloquy-transition-horizontal soliloquy-slide-horizontal soliloquy-controls-active slider-img-prd soliloquy-theme-base\" style=\"max-width:340px;max-height:538px;margin:0 auto 20px;max-width:100%;max-height:none;\"><ul id=\"soliloquy-5311\" class=\"soliloquy-slider soliloquy-slides soliloquy-wrap soliloquy-clear\"><li aria-hidden=\"true\" class=\"soliloquy-item soliloquy-item-1 soliloquy-id-5547 soliloquy-image-slide\" draggable=\"false\" style=\"list-style:none;\"><img id=\"soliloquy-image-5547\" class=\"soliloquy-image soliloquy-image-1\" src=\"https:\/\/hyfac.fr\/wp-content\/uploads\/2018\/09\/Diapositive29-340x538_c.jpeg\" alt=\"CLARIFAC piel\u0119gnacja rozja\u015bniaj\u0105ca przeciw plamom\" \/><\/li><li aria-hidden=\"true\" class=\"soliloquy-item soliloquy-item-2 soliloquy-id-5548 soliloquy-image-slide\" draggable=\"false\" style=\"list-style:none;\"><img id=\"soliloquy-image-5548\" class=\"soliloquy-image soliloquy-image-2 soliloquy-preload\" src=\"https:\/\/hyfac.fr\/wp-content\/plugins\/soliloquy\/assets\/css\/images\/holder.gif\" data-soliloquy-src=\"https:\/\/hyfac.fr\/wp-content\/uploads\/2018\/09\/Diapositive30-340x538_c.jpeg\" alt=\"CLARIFAC piel\u0119gnacja rozja\u015bniaj\u0105ca przeciw plamom\" \/><\/li><\/ul><\/div><noscript><style type=\"text\/css\" scoped>#soliloquy-container-5311{opacity:1}#soliloquy-container-5311 li > .soliloquy-caption{display:none}#soliloquy-container-5311 li:first-child > .soliloquy-caption{display:block}<\/style><div class=\"soliloquy-no-js\" style=\"display:none;visibility:hidden;height:0;line-height:0;opacity:0;\"><img class=\"soliloquy-image soliloquy-no-js-image\" src=\"https:\/\/hyfac.fr\/wp-content\/uploads\/2018\/09\/Diapositive29.jpeg\" alt=\"CLARIFAC piel\u0119gnacja rozja\u015bniaj\u0105ca przeciw plamom\" \/><img class=\"soliloquy-image soliloquy-no-js-image\" src=\"https:\/\/hyfac.fr\/wp-content\/uploads\/2018\/09\/Diapositive30.jpeg\" alt=\"CLARIFAC piel\u0119gnacja rozja\u015bniaj\u0105ca przeciw plamom\" \/><\/div><\/noscript><\/div>\n<\/div>\n<div class=\"csColumnGap\" style=\"margin: 0px; padding: 0px; float: left; width: 7.7%;\"><img style=\"border: none;\" src=\"https:\/\/hyfac.fr\/wp-content\/plugins\/advanced-wp-columns\/assets\/js\/plugins\/views\/img\/1x1-pixel.png\"><\/div>\n<div class=\"csColumn\" style=\"margin: 0px; padding: 0px; float: left; width: 49.3%;\" data-csstartpoint=\"507\" data-csendpoint=\"1000\" data-cswidth=\"49.3%\" data-csid=\"56e6cac6-63f3-6945-9ddf-f20a5ec7912c\">\n<h1><span style=\"color: #5e2f24; line-height: 35px;\">Rozja\u015bniaj\u0105ca kuracja przeciw plamom<\/span><\/h1>\n<p><span style=\"color: #5e2f24;\">Zakres CLARIFAC<\/span><br \/>\nTubka 40 ml<\/p>\n<p><br \/>\nRozja\u015bniaj\u0105cy krem ujednolicaj\u0105cy SPF30. Zmniejsza produkcj\u0119 melaniny i rozja\u015bnia cer\u0119 dzi\u0119ki kompleksowi ro\u015blinnemu.<\/p>\n<ul id=\"ulprd\">\n<li><img class=\"logo-prd\" src=\"\/wp-content\/uploads\/2018\/09\/ESTOMPE.png\" alt=\"ESTOMPE\" width=\"50\"><br \/>\nESTOMPE<\/li>\n<li><img class=\"logo-prd\" src=\"\/wp-content\/uploads\/2018\/09\/Unifie.png\" alt=\"Ujednolica\" width=\"50\"><br \/>\nUNIFIED<\/li>\n<li><img class=\"logo-prd\" src=\"\/wp-content\/uploads\/2018\/09\/Hydrate.png\" alt=\"Nawil\u017ca\" width=\"50\"><br \/>\nHYDRATE<\/li>\n<li><img class=\"logo-prd\" src=\"\/wp-content\/uploads\/2018\/09\/Protege-des-UV.png\" alt=\"Ochrona UV\" width=\"50\"><br \/>\nSPF 30<\/li>\n<\/ul>\n<ul id=\"ulprd-link\">\n<li><p class=\"product woocommerce add_to_cart_inline\" style=\"border:4px solid #ccc; padding: 12px;\"><span class=\"woocommerce-Price-amount amount\"><bdi>13,90&nbsp;<span class=\"woocommerce-Price-currencySymbol\">\u20ac<\/span><\/bdi><\/span><a href=\"?add-to-cart=14935\" data-quantity=\"1\" class=\"button product_type_simple add_to_cart_button ajax_add_to_cart\" data-product_id=\"14935\" data-product_sku=\"\" aria-label=\"Dodaj \u201eClarifac - Troubles de la Pigmentation\u201d do koszyka\" rel=\"nofollow\" data-no-translation=\"\" data-trp-gettext=\"\" data-no-translation-aria-label=\"\">Dodaj do koszyka<\/a><\/p><\/li>\n<li>&nbsp;<\/li>\n<li><a href=\"https:\/\/hyfac.fr\/pl\/pres-de-chez-vous\/\"><img class=\"img2\" src=\"\/wp-content\/uploads\/2018\/06\/logo-map-e1530138886120.png\" alt=\"loc\">Znajd\u017a punkt sprzeda\u017cy<\/a><\/li>\n<\/ul>\n<ul id=\"ulprd-link\">\n<li class=\"infotri\"><span class=\"spantri\">Odkryj nasze instrukcje sortowania<\/span><br \/>\n<img class=\"imgtri\" src=\"https:\/\/hyfac.fr\/wp-content\/uploads\/2020\/12\/CLARIFAC.png\"><\/li>\n<\/ul>\n<\/div>\n<div style=\"clear: both; float: none; display: block; visibility: hidden; width: 0px; font-size: 0px; line-height: 0;\">&nbsp;<\/div>\n<\/div>\n<\/div>\n<div id=\"descript-prd\">Kuracja przeciw plamom CLARIFAC rozja\u015bnia, <strong>ujednolica<\/strong> i przywraca sk\u00f3rze naturalny blask. Jego <strong>ro\u015blinne sk\u0142adniki aktywne<\/strong> dzia\u0142aj\u0105 w samym sercu sk\u00f3ry, reguluj\u0105c produkcj\u0119 melaniny odpowiedzialnej za zaburzenia pigmentacji. W po\u0142\u0105czeniu z <strong>Ochrona przeciws\u0142oneczna SPF30<\/strong>Rozja\u015bniaj\u0105ca piel\u0119gnacja sk\u00f3ry CLARIFAC pomaga znikn\u0105\u0107 br\u0105zowym plamom (lentigo, melasma, blizny), wyr\u00f3wnuj\u0105c i rozja\u015bniaj\u0105c cer\u0119. W ci\u0105gu zaledwie kilku tygodni plamy s\u0105 widocznie zmniejszone pod wzgl\u0119dem wielko\u015bci i intensywno\u015bci nawet o 75%*.<\/div>\n<div id=\"menu-prdnew\">\n<ul>\n<li><a id=\"lienmenuconseil\" href=\"#prd\">RADA U\u017bYTKOWANIA<\/a><\/li>\n<li><a id=\"lienmenuactifs\" href=\"#conseil-prd\">AKTYWA<\/a><\/li>\n<li><a id=\"lienmenucmplt\" href=\"#actifs-prd\">PRODUKTY KOMPLEMENTARNE<\/a><\/li>\n<li><a id=\"lienmenusavoir\" href=\"#cmplt-prd\">CZYTAJ WI\u0118CEJ<\/a><\/li>\n<li><a id=\"lienmenucompo\" href=\"#savoir-prd\">SK\u0141AD<\/a><\/li>\n<\/ul>\n<\/div>\n<div id=\"conseil-prd\">\n<div class=\"csRow\">\n<div class=\"csColumn\" style=\"margin: 0px; padding: 0px; float: left; width: 70.8%;\" data-csstartpoint=\"0\" data-csendpoint=\"680\" data-cswidth=\"70.8%\" data-csid=\"7ce9a14c-d45b-a3f2-987b-63fd249cc312\">\n<p><span style=\"color: #5e2f24;\">JAK STOSOWA\u0106 KURACJ\u0118 ROZJA\u015aNIAJ\u0104C\u0104 CLARIFAC ANTI-SPOT?<\/span><\/p>\n<p>Na\u0142o\u017cy\u0107 CLARIFAC Anti-Spot Care na czyst\u0105, such\u0105 sk\u00f3r\u0119 twarzy i szyi. Stosowa\u0107 dwa razy dziennie, najlepiej rano i w po\u0142udnie, omijaj\u0105c okolice oczu.<\/p>\n<p>CLARIFAC Lightening Cream zawiera kompleks ro\u015blinny, kt\u00f3ry dzia\u0142a w samym sercu ciemnych plam, zmniejszaj\u0105c ich rozmiar i intensywno\u015b\u0107. Filtr SPF 30 chroni sk\u00f3r\u0119 przed promieniami UV i zapobiega powstawaniu nowych plam pigmentacyjnych.<\/p>\n<\/div>\n<div class=\"csColumnGap\" style=\"margin: 0px; padding: 0px; float: left; width: 1.56%;\"><img style=\"border: none;\" src=\"https:\/\/hyfac.fr\/wp-content\/plugins\/advanced-wp-columns\/assets\/js\/plugins\/views\/img\/1x1-pixel.png\"><\/div>\n<div class=\"csColumn\" style=\"margin: 0px; padding: 0px; float: left; width: 27.6%;\" data-csstartpoint=\"695\" data-csendpoint=\"960\" data-cswidth=\"27.6%\" data-csid=\"2de6301b-fc0e-6c4c-b16e-671973f34d15\">\n<p><img loading=\"lazy\" class=\"aligncenter wp-image-5140\" src=\"https:\/\/hyfac.fr\/wp-content\/uploads\/2018\/07\/conseil-250x250.png\" alt=\"\" width=\"180\" height=\"181\" srcset=\"https:\/\/hyfac.fr\/wp-content\/uploads\/2018\/07\/conseil-250x250.png 250w, https:\/\/hyfac.fr\/wp-content\/uploads\/2018\/07\/conseil-298x300.png 298w, https:\/\/hyfac.fr\/wp-content\/uploads\/2018\/07\/conseil.png 308w\" sizes=\"(max-width: 180px) 100vw, 180px\" \/><\/p>\n<\/div>\n<div style=\"clear: both; float: none; display: block; visibility: hidden; width: 0px; font-size: 0px; line-height: 0;\">&nbsp;<\/div>\n<\/div>\n<\/div>\n<div id=\"actifs-prd\">\n<div class=\"h2prd\">\n<h2><span style=\"color: #5e2f24;\">G\u0141\u00d3WNE AKTYWA<\/span><\/h2>\n<\/div>\n<p><span style=\"color: #5e2f24;\">Dictyopteris membranacea<\/span><br \/>\nZmniejsza produkcj\u0119 melaniny i rozja\u015bnia cer\u0119.<br \/>\nDictyopteris membranacea to wodorost, kt\u00f3ry dzia\u0142a na 3 kluczowe etapy mechanizmu pigmentacji sk\u00f3ry: melanogenez\u0119.<\/p>\n<ol>\n<li>Hamowanie melanogenezy: Hamuje uwalnianie endoteliny.<\/li>\n<li>Synteza melaniny: hamuje 2 geny zaanga\u017cowane w dojrzewanie melanosom\u00f3w.<\/li>\n<li>Migracja, a nast\u0119pnie transfer melaniny: hamuje geny zaanga\u017cowane w transport melaniny.<\/li>\n<\/ol>\n<\/div>\n<div id=\"cmplt-prd\">\n<div class=\"h2prd\">\n<h2><span style=\"color: #5e2f24;\">PRODUKTY KOMPLEMENTARNE<\/span><\/h2>\n<\/div>\n<style type=\"text\/css\">#soliloquy-container-5442 .soliloquy-prev{left: -60px;background-color:#5E2F24;}#soliloquy-container-5442 .soliloquy-next{right: -60px;background-color:#5E2F24;}#soliloquy-container-5442 .soliloquy-image{background: #f3f3f3;border: 1px solid #ddd;padding:3px;}#soliloquy-container-5442 .soliloquy-viewport{height: 260px !important;}#soliloquy-container-5442 .soliloquy-caption-bottom{position: relative;}#soliloquy-container-5442 .soliloquy-caption-inside{color:#CEBFB6; text-shadow:none;background:none;}@media only screen and (max-width: 1000px){#soliloquy-container-5442 .soliloquy-prev{left: 0px;}#soliloquy-container-5442 .soliloquy-next{right: 0px;}#soliloquy-container-5442 .soliloquy-viewport{height: 200px;}}<\/style><div class=\"soliloquy-outer-container soliloquy-carousel\" data-soliloquy-loaded=\"0\"><div aria-live=\"polite\" id=\"soliloquy-container-5442\" class=\"soliloquy-container soliloquy-transition-horizontal soliloquy-slide-horizontal soliloquy-arrows-active Produits-complmentaires-Hyfac soliloquy-theme-base\" style=\"max-width:960px;max-height:300px;margin:0 auto 20px;\"><ul id=\"soliloquy-5442\" class=\"soliloquy-slider soliloquy-slides soliloquy-wrap soliloquy-clear\"><li aria-hidden=\"true\" class=\"soliloquy-item soliloquy-item-1 soliloquy-id-5598 soliloquy-image-slide\" draggable=\"false\" style=\"list-style:none;\"><a href=\"https:\/\/hyfac.fr\/pl\/nos-gammes\/hydrafac\/creme-legere\/\" class=\"soliloquy-link\" title=\"HYDRAFAC lekki krem nawil\u017caj\u0105cy do sk\u00f3ry normalnej\/mieszanej\"><img id=\"soliloquy-image-5598\" class=\"soliloquy-image soliloquy-image-1\" src=\"https:\/\/hyfac.fr\/wp-content\/uploads\/2018\/09\/Diapositive24-2-200x200_c.jpeg\" alt=\"HYDRAFAC lekki krem nawil\u017caj\u0105cy do sk\u00f3ry normalnej\/mieszanej\" \/><\/a><div class=\"soliloquy-caption soliloquy-caption-bottom\"><div class=\"soliloquy-caption-inside\"><p>Jasny krem<\/p><br \/>\n<p style=\"font-size:13px\">Krem nawil\u017caj\u0105cy do sk\u00f3ry normalnej i mieszanej<\/p><\/div><\/div><\/li><li aria-hidden=\"true\" class=\"soliloquy-item soliloquy-item-2 soliloquy-id-5600 soliloquy-image-slide\" draggable=\"false\" style=\"list-style:none;\"><a href=\"https:\/\/hyfac.fr\/pl\/nos-gammes\/hydrafac\/creme-riche\/\" class=\"soliloquy-link\" title=\"HYDRAFAC bogaty krem nawil\u017caj\u0105cy do sk\u00f3ry suchej\"><img id=\"soliloquy-image-5600\" class=\"soliloquy-image soliloquy-image-2\" src=\"https:\/\/hyfac.fr\/wp-content\/uploads\/2018\/09\/Diapositive26-3-200x200_c.jpeg\" alt=\"HYDRAFAC bogaty krem nawil\u017caj\u0105cy do sk\u00f3ry suchej\" \/><\/a><div class=\"soliloquy-caption soliloquy-caption-bottom\"><div class=\"soliloquy-caption-inside\"><p>Bogaty krem<\/p><br \/>\n<p style=\"font-size:13px\">Krem nawil\u017caj\u0105cy do sk\u00f3ry suchej<\/p><\/div><\/div><\/li><li aria-hidden=\"true\" class=\"soliloquy-item soliloquy-item-3 soliloquy-id-5601 soliloquy-image-slide\" draggable=\"false\" style=\"list-style:none;\"><a href=\"https:\/\/hyfac.fr\/pl\/nos-gammes\/hydrafac\/baume-levres\/\" class=\"soliloquy-link\" title=\"HYDRAFAC Od\u017cywczy balsam nawil\u017caj\u0105cy do ust\"><img id=\"soliloquy-image-5601\" class=\"soliloquy-image soliloquy-image-3\" src=\"https:\/\/hyfac.fr\/wp-content\/uploads\/2018\/09\/Diapositive28-1-200x200_c.jpeg\" alt=\"HYDRAFAC Od\u017cywczy balsam nawil\u017caj\u0105cy do ust\" \/><\/a><div class=\"soliloquy-caption soliloquy-caption-bottom\"><div class=\"soliloquy-caption-inside\"><p>Balsam do ust<\/p><br \/>\n<p style=\"font-size:13px\">Od\u017cywia i nawil\u017ca<\/p><\/div><\/div><\/li><li aria-hidden=\"true\" class=\"soliloquy-item soliloquy-item-4 soliloquy-id-5595 soliloquy-image-slide\" draggable=\"false\" style=\"list-style:none;\"><a href=\"https:\/\/hyfac.fr\/pl\/nos-gammes\/hyfac-woman\/soin-global\/\" class=\"soliloquy-link\" title=\"HYFAC WOMAN globalna piel\u0119gnacja przeciw niedoskona\u0142o\u015bciom dla kobiet z tr\u0105dzikiem\"><img id=\"soliloquy-image-5595\" class=\"soliloquy-image soliloquy-image-4\" src=\"https:\/\/hyfac.fr\/wp-content\/uploads\/2018\/09\/Diapositive15-1-200x200_c.jpeg\" alt=\"HYFAC WOMAN globalna piel\u0119gnacja przeciw niedoskona\u0142o\u015bciom dla kobiet z tr\u0105dzikiem\" \/><\/a><div class=\"soliloquy-caption soliloquy-caption-bottom\"><div class=\"soliloquy-caption-inside\"><p>Opieka globalna<\/p><br \/>\n<p style=\"font-size:13px\">Redukuje przebarwienia i nawil\u017ca<\/p><\/div><\/div><\/li><li aria-hidden=\"true\" class=\"soliloquy-item soliloquy-item-5 soliloquy-id-5596 soliloquy-image-slide\" draggable=\"false\" style=\"list-style:none;\"><a href=\"https:\/\/hyfac.fr\/pl\/nos-gammes\/hyfac-woman\/gommage-douceur\/\" class=\"soliloquy-link\" title=\"HYFAC WOMAN delikatny peeling z\u0142uszczaj\u0105cy usuwa zanieczyszczenia\"><img id=\"soliloquy-image-5596\" class=\"soliloquy-image soliloquy-image-5\" src=\"https:\/\/hyfac.fr\/wp-content\/uploads\/2018\/09\/Diapositive17-200x200_c.jpeg\" alt=\"HYFAC WOMAN delikatny peeling z\u0142uszczaj\u0105cy usuwa zanieczyszczenia\" \/><\/a><div class=\"soliloquy-caption soliloquy-caption-bottom\"><div class=\"soliloquy-caption-inside\"><p>Gentle Scrub<\/p><br \/>\n<p style=\"font-size:13px\">Oczyszcza i przywraca blask<\/p><\/div><\/div><\/li><li aria-hidden=\"true\" class=\"soliloquy-item soliloquy-item-6 soliloquy-id-5597 soliloquy-image-slide\" draggable=\"false\" style=\"list-style:none;\"><a href=\"https:\/\/hyfac.fr\/pl\/nos-gammes\/hyfac-woman\/eau-micellaire\/\" class=\"soliloquy-link\" title=\"HYFAC WOMAN Woda micelarna oczyszcza i usuwa makija\u017c\"><img id=\"soliloquy-image-5597\" class=\"soliloquy-image soliloquy-image-6\" src=\"https:\/\/hyfac.fr\/wp-content\/uploads\/2018\/09\/Diapositive19-1-200x200_c.jpeg\" alt=\"HYFAC WOMAN Woda micelarna oczyszcza i usuwa makija\u017c\" \/><\/a><div class=\"soliloquy-caption soliloquy-caption-bottom\"><div class=\"soliloquy-caption-inside\"><p>Woda micelarna<\/p><br \/>\n<p style=\"font-size:13px\">Oczyszcza i usuwa makija\u017c<\/p><\/div><\/div><\/li><li aria-hidden=\"true\" class=\"soliloquy-item soliloquy-item-7 soliloquy-id-15334 soliloquy-image-slide\" draggable=\"false\" style=\"list-style:none;\"><a href=\"https:\/\/hyfac.fr\/pl\/nos-gammes\/hyfac-woman\/active-mask\/\" class=\"soliloquy-link\" title=\"HYFAC WOMAN Active Mask kuracja przeciwtr\u0105dzikowa dla kobiet\"><img id=\"soliloquy-image-15334\" class=\"soliloquy-image soliloquy-image-7\" src=\"https:\/\/hyfac.fr\/wp-content\/uploads\/2022\/02\/Sans-titre-61-200x200_c.jpeg\" alt=\"HYFAC WOMAN Active Mask kuracja przeciwtr\u0105dzikowa dla kobiet\" \/><\/a><div class=\"soliloquy-caption soliloquy-caption-bottom\"><div class=\"soliloquy-caption-inside\"><p>Aktywna maska<\/p><br \/>\n<p style=\"font-size:13px\">Leczenie tr\u0105dziku u doros\u0142ych kobiet<\/p><\/div><\/div><\/li><\/ul><\/div><noscript><style type=\"text\/css\" scoped>#soliloquy-container-5442{opacity:1}#soliloquy-container-5442 li > .soliloquy-caption{display:none}#soliloquy-container-5442 li:first-child > .soliloquy-caption{display:block}<\/style><div class=\"soliloquy-no-js\" style=\"display:none;visibility:hidden;height:0;line-height:0;opacity:0;\"><img class=\"soliloquy-image soliloquy-no-js-image\" src=\"https:\/\/hyfac.fr\/wp-content\/uploads\/2018\/09\/Diapositive24-2.jpeg\" alt=\"HYDRAFAC lekki krem nawil\u017caj\u0105cy do sk\u00f3ry normalnej\/mieszanej\" \/><img class=\"soliloquy-image soliloquy-no-js-image\" src=\"https:\/\/hyfac.fr\/wp-content\/uploads\/2018\/09\/Diapositive26-3.jpeg\" alt=\"HYDRAFAC bogaty krem nawil\u017caj\u0105cy do sk\u00f3ry suchej\" \/><img class=\"soliloquy-image soliloquy-no-js-image\" src=\"https:\/\/hyfac.fr\/wp-content\/uploads\/2018\/09\/Diapositive28-1.jpeg\" alt=\"HYDRAFAC Od\u017cywczy balsam nawil\u017caj\u0105cy do ust\" \/><img class=\"soliloquy-image soliloquy-no-js-image\" src=\"https:\/\/hyfac.fr\/wp-content\/uploads\/2018\/09\/Diapositive15-1.jpeg\" alt=\"HYFAC WOMAN globalna piel\u0119gnacja przeciw niedoskona\u0142o\u015bciom dla kobiet z tr\u0105dzikiem\" \/><img class=\"soliloquy-image soliloquy-no-js-image\" src=\"https:\/\/hyfac.fr\/wp-content\/uploads\/2018\/09\/Diapositive17.jpeg\" alt=\"HYFAC WOMAN delikatny peeling z\u0142uszczaj\u0105cy usuwa zanieczyszczenia\" \/><img class=\"soliloquy-image soliloquy-no-js-image\" src=\"https:\/\/hyfac.fr\/wp-content\/uploads\/2018\/09\/Diapositive19-1.jpeg\" alt=\"HYFAC WOMAN Woda micelarna oczyszcza i usuwa makija\u017c\" \/><img class=\"soliloquy-image soliloquy-no-js-image\" src=\"https:\/\/hyfac.fr\/wp-content\/uploads\/2022\/02\/Sans-titre-61.jpeg\" alt=\"HYFAC WOMAN Active Mask kuracja przeciwtr\u0105dzikowa dla kobiet\" \/><\/div><\/noscript><\/div>\n<\/div>\n<div id=\"savoir-prd\">\n<div class=\"h2prd\">\n<h2><span style=\"color: #5e2f24;\">CZYTAJ WI\u0118CEJ<\/span><\/h2>\n<\/div>\n<div class=\"csRow\">\n<div class=\"csColumn\" style=\"margin: 0px; padding: 0px; float: left; width: 38.6%;\" data-csstartpoint=\"0\" data-csendpoint=\"370.5\" data-cswidth=\"38.6%\" data-csid=\"beb42ad8-6bfd-a029-8282-bd93ae120b4d\"><a href=\"https:\/\/hyfac.fr\/pl\/sos-dermato\/4328-hyperpigmentation-taches-cutanees\/\" target=\"_blank\" rel=\"noopener\"><img loading=\"lazy\" class=\"aligncenter wp-image-4348 size-thumbnail\" src=\"https:\/\/hyfac.fr\/wp-content\/uploads\/2018\/03\/banniere_carree_site_hyfac_intro_themes8-250x250.jpg\" alt=\"Hiperpigmentacja\" width=\"250\" height=\"250\" srcset=\"https:\/\/hyfac.fr\/wp-content\/uploads\/2018\/03\/banniere_carree_site_hyfac_intro_themes8-250x250.jpg 250w, https:\/\/hyfac.fr\/wp-content\/uploads\/2018\/03\/banniere_carree_site_hyfac_intro_themes8-300x300.jpg 300w, https:\/\/hyfac.fr\/wp-content\/uploads\/2018\/03\/banniere_carree_site_hyfac_intro_themes8.jpg 543w\" sizes=\"(max-width: 250px) 100vw, 250px\" \/><\/a><\/div>\n<div class=\"csColumnGap\" style=\"margin: 0px; padding: 0px; float: left; width: 1.56%;\"><img style=\"border: none;\" src=\"https:\/\/hyfac.fr\/wp-content\/plugins\/advanced-wp-columns\/assets\/js\/plugins\/views\/img\/1x1-pixel.png\"><\/div>\n<div class=\"csColumn\" style=\"margin: 0px; padding: 0px; float: left; width: 59.8%;\" data-csstartpoint=\"385.5\" data-csendpoint=\"960\" data-cswidth=\"59.8%\" data-csid=\"56e6cac6-63f3-6945-9ddf-f20a5ec7912c\"><span style=\"color: #5e2f24;\">Do kogo skierowany jest Clarifac?<\/span><br \/>\nKuracja CLARIFAC przeciw plamom jest zalecana dla sk\u00f3ry z br\u0105zowymi plamami. Plamy te wyst\u0119puj\u0105 g\u0142\u00f3wnie na ods\u0142oni\u0119tych cz\u0119\u015bciach cia\u0142a (twarz, dekolt, d\u0142onie) i s\u0105 spowodowane lub uwydatnione przez s\u0142o\u0144ce.<br \/>\nNajcz\u0119stsz\u0105 z nich jest plama soczewicowata s\u0142oneczna. S\u0105 to ma\u0142e, ciemnobr\u0105zowe plamki, kt\u00f3re wyst\u0119puj\u0105 cz\u0119\u015bciej na obszarach wystawionych na dzia\u0142anie promieni s\u0142onecznych. Te plamy s\u0142oneczne s\u0105 g\u0142\u00f3wnym celem CLARIFAC.<br \/>\nCLARIFAC zwalcza r\u00f3wnie\u017c przebarwienia pozapalne. S\u0105 to br\u0105zowe plamy wynikaj\u0105ce ze stanu zapalnego sk\u00f3ry: mog\u0105 wyst\u0105pi\u0107 po infekcji sk\u00f3ry, alergii sk\u00f3rnej, reakcji na s\u0142o\u0144ce lub urazie sk\u00f3ry nara\u017conej na dzia\u0142anie promieni s\u0142onecznych. Wypryski tr\u0105dzikowe mog\u0105 r\u00f3wnie\u017c pozostawia\u0107 blizny potr\u0105dzikowe w postaci br\u0105zowych plam.<br \/>\nMelasma jest form\u0105 pigmentacji, kt\u00f3rej trudno si\u0119 pozby\u0107. Pojawia si\u0119 g\u0142\u00f3wnie w czasie ci\u0105\u017cy lub gdy leczenie hormonalne (pigu\u0142ki) jest po\u0142\u0105czone z ekspozycj\u0105 na s\u0142o\u0144ce. S\u0105 to br\u0105zowe plamy o nieregularnych kraw\u0119dziach, od jasnobr\u0105zowych do bardzo ciemnobr\u0105zowych. Zazwyczaj s\u0105 one rozmieszczone symetrycznie na czole, policzkach i czasami na g\u00f3rnej wardze. Tylko pigment obecny w nask\u00f3rku mo\u017ce zosta\u0107 zredukowany przez zastosowanie CLARIFAC. \u017baden krem kosmetyczny nie mo\u017ce sprawi\u0107, \u017ce pigment w sk\u00f3rze w\u0142a\u015bciwej zniknie.&nbsp;<\/p>\n<div id=\"savoirplus\"><a href=\"https:\/\/hyfac.fr\/pl\/sos-dermato\/4328-hyperpigmentation-taches-cutanees\/\">Dowiedz si\u0119 wi\u0119cej o przebarwieniach<\/a><\/div>\n<\/div>\n<div style=\"clear: both; float: none; display: block; visibility: hidden; width: 0px; font-size: 0px; line-height: 0;\">&nbsp;<\/div>\n<\/div>\n<\/div>\n<div id=\"compo-prd\">\n<div class=\"h2prd\">\n<h2><span style=\"color: #5e2f24;\">SK\u0141ADNIKI <span style=\"font-size: 14pt;\">\/<\/span> SK\u0141ADNIKI<\/span><\/h2>\n<\/div>\n<p><span style=\"color: #cebfb6;\">INCI : AQUA (WODA) \/ EAU, OCTOCRYLENE, DICAPRYLYL CARBONATE, GLYCERIN, METHYLENE BIS-BENZOTRIAZOLYL TETRAMETHYLBUTYLPHENOL [NANO], CYCLOPENTASILOXANE, PENTYLENE GLYCOL, BIS-ETHYLHEXYLOXYPHENOL METHOXYPHENYL TRIAZINE, OLEYL ERUCATE, CETEARYL ALCOHOL, CI 77891 (DWUTLENEK TYTANU), GLUKOZYD KOKOSOWY, MARIS AQUA (WODA MORSKA) \/ EAU DE MER, IZOSTEARYNIAN IZOPROPYLU, GLUKOZYD DECYLOWY, PARFUM (KOMPOZYCJA ZAPACHOWA), DIMETIKON DIFENYLOWY, KOPOLIMER AKRYLANU HYDROKSYETYLU\/AKRYLOILODIMETYLO TAURYNIANU SODU, TOCOPHERYL ACETATE, BUTYROSPERMUM PARKII (SHEA) BUTTER, SQUALANE, XANTHAN GUM, DIMETHICONE, TETRASODIUM GLUTAMATE DIACETATE, SODIUM BENZOATE, STEARIC ACID, CITRIC ACID, SILICA, o-CYMEN-5-OL, POLYHYDROXYSTEARIC ACID, POLISORBAT 60, TLENEK GLINU, TETRAIZOPALMITYNIAN ASKORBYLU, EKSTRAKT Z ALG, GLIKOL PROPYLENOWY, EKSTRAKT Z KWIAT\u00d3W LILIUM CANDIDUM, IZOSTEARYNIAN SORBITANU, EKSTRAKT Z KWIAT\u00d3W PRUNUS CERASUS (GORZKIEJ WI\u015aNI), TOKOFEROL, SORBINIAN POTASU.<\/span><\/p>\n<\/div>","protected":false},"excerpt":{"rendered":"<p>Estompe les taches pigment\u00e9es, donne de l\u2019\u00e9clat.<\/p>","protected":false},"author":1,"featured_media":2824,"parent":22,"menu_order":5,"comment_status":"closed","ping_status":"closed","template":"page\/page-template-newprdclarifac.php","meta":{"_mi_skip_tracking":false,"spay_email":""},"_links":{"self":[{"href":"https:\/\/hyfac.fr\/pl\/wp-json\/wp\/v2\/pages\/2823"}],"collection":[{"href":"https:\/\/hyfac.fr\/pl\/wp-json\/wp\/v2\/pages"}],"about":[{"href":"https:\/\/hyfac.fr\/pl\/wp-json\/wp\/v2\/types\/page"}],"author":[{"embeddable":true,"href":"https:\/\/hyfac.fr\/pl\/wp-json\/wp\/v2\/users\/1"}],"replies":[{"embeddable":true,"href":"https:\/\/hyfac.fr\/pl\/wp-json\/wp\/v2\/comments?post=2823"}],"version-history":[{"count":37,"href":"https:\/\/hyfac.fr\/pl\/wp-json\/wp\/v2\/pages\/2823\/revisions"}],"predecessor-version":[{"id":15032,"href":"https:\/\/hyfac.fr\/pl\/wp-json\/wp\/v2\/pages\/2823\/revisions\/15032"}],"up":[{"embeddable":true,"href":"https:\/\/hyfac.fr\/pl\/wp-json\/wp\/v2\/pages\/22"}],"wp:featuredmedia":[{"embeddable":true,"href":"https:\/\/hyfac.fr\/pl\/wp-json\/wp\/v2\/media\/2824"}],"wp:attachment":[{"href":"https:\/\/hyfac.fr\/pl\/wp-json\/wp\/v2\/media?parent=2823"}],"curies":[{"name":"wp","href":"https:\/\/api.w.org\/{rel}","templated":true}]}}