{"id":4907,"date":"2018-06-26T12:45:16","date_gmt":"2018-06-26T10:45:16","guid":{"rendered":"https:\/\/hyfac.fr\/?page_id=4907"},"modified":"2018-06-26T13:03:17","modified_gmt":"2018-06-26T11:03:17","slug":"plan-du-site","status":"publish","type":"page","link":"https:\/\/hyfac.fr\/pl\/plan-du-site\/","title":{"rendered":"Mapa strony"},"content":{"rendered":"<p><strong><div class=\"wsp-container\"><h2 class=\"wsp-pages-title\" data-no-translation=\"\" data-trp-gettext=\"\">Pages<\/h2>\n<ul class=\"wsp-pages-list\">\n<li class=\"page_item page-item-2\"><a href=\"https:\/\/hyfac.fr\/pl\/\">Strona g\u0142\u00f3wna<\/a><\/li>\n<li class=\"page_item page-item-14911\"><a href=\"https:\/\/hyfac.fr\/pl\/boutique\/\">Boutique<\/a><\/li>\n<li class=\"page_item page-item-14998\"><a href=\"https:\/\/hyfac.fr\/pl\/cgv\/\">WARUNKI OG\u00d3LNE<\/a><\/li>\n<li class=\"page_item page-item-14914\"><a href=\"https:\/\/hyfac.fr\/pl\/mon-compte\/\">Moje konto<\/a><\/li>\n<li class=\"page_item page-item-14912\"><a href=\"https:\/\/hyfac.fr\/pl\/panier\/\">Kosz<\/a><\/li>\n<li class=\"page_item page-item-14913\"><a href=\"https:\/\/hyfac.fr\/pl\/commander\/\">Validation de la commande<\/a><\/li>\n<li class=\"page_item page-item-22 page_item_has_children\"><a href=\"https:\/\/hyfac.fr\/pl\/nos-gammes\/\">Nasze asortymenty<\/a>\n<ul class='children'>\n\t<li class=\"page_item page-item-54 page_item_has_children\"><a href=\"https:\/\/hyfac.fr\/pl\/nos-gammes\/hyfac-classique\/\">HYFAC ORIGINAL - M\u0142oda sk\u00f3ra z niedoskona\u0142o\u015bciami<\/a>\n\t<ul class='children'>\n\t\t<li class=\"page_item page-item-1396\"><a href=\"https:\/\/hyfac.fr\/pl\/nos-gammes\/hyfac-classique\/gel-nettoyant-purifiant\/\">Oczyszczaj\u0105cy \u017cel oczyszczaj\u0105cy<\/a><\/li>\n\t\t<li class=\"page_item page-item-1415\"><a href=\"https:\/\/hyfac.fr\/pl\/nos-gammes\/hyfac-classique\/mousse-nettoyante-exfoliante\/\">Z\u0142uszczaj\u0105ca pianka oczyszczaj\u0105ca<\/a><\/li>\n\t\t<li class=\"page_item page-item-1416\"><a href=\"https:\/\/hyfac.fr\/pl\/nos-gammes\/hyfac-classique\/pain-nettoyant-purifiant\/\">Oczyszczaj\u0105cy kostka oczyszczaj\u0105ca<\/a><\/li>\n\t\t<li class=\"page_item page-item-1419\"><a href=\"https:\/\/hyfac.fr\/pl\/nos-gammes\/hyfac-classique\/soin-global\/\">Opieka globalna<\/a><\/li>\n\t\t<li class=\"page_item page-item-1422\"><a href=\"https:\/\/hyfac.fr\/pl\/nos-gammes\/hyfac-classique\/patchs-anti-imperfections\/\">Plastry przeciw niedoskona\u0142o\u015bciom<\/a><\/li>\n\t<\/ul>\n<\/li>\n\t<li class=\"page_item page-item-47 page_item_has_children\"><a href=\"https:\/\/hyfac.fr\/pl\/nos-gammes\/hyfac-woman\/\">HYFAC WOMAN - sk\u00f3ra dojrza\u0142a z niedoskona\u0142o\u015bciami<\/a>\n\t<ul class='children'>\n\t\t<li class=\"page_item page-item-1433\"><a href=\"https:\/\/hyfac.fr\/pl\/nos-gammes\/hyfac-woman\/eau-micellaire\/\">Woda micelarna<\/a><\/li>\n\t\t<li class=\"page_item page-item-2606\"><a href=\"https:\/\/hyfac.fr\/pl\/nos-gammes\/hyfac-woman\/active-mask\/\">Aktywna maska<\/a><\/li>\n\t\t<li class=\"page_item page-item-1432\"><a href=\"https:\/\/hyfac.fr\/pl\/nos-gammes\/hyfac-woman\/soin-global\/\">Opieka globalna<\/a><\/li>\n\t<\/ul>\n<\/li>\n\t<li class=\"page_item page-item-56 page_item_has_children\"><a href=\"https:\/\/hyfac.fr\/pl\/nos-gammes\/hydrafac\/\">HYDRAFAC - Codzienne nawil\u017canie<\/a>\n\t<ul class='children'>\n\t\t<li class=\"page_item page-item-2441\"><a href=\"https:\/\/hyfac.fr\/pl\/nos-gammes\/hydrafac\/creme-legere\/\">Jasny krem<\/a><\/li>\n\t<\/ul>\n<\/li>\n\t<li class=\"page_item page-item-2592 page_item_has_children\"><a href=\"https:\/\/hyfac.fr\/pl\/nos-gammes\/hyfac-sun\/\">HYFAC SUN &#8211; Protection solaire<\/a>\n\t<ul class='children'>\n\t\t<li class=\"page_item page-item-2596\"><a href=\"https:\/\/hyfac.fr\/pl\/nos-gammes\/hyfac-sun\/protection-solaire-invisible\/\">Niewidoczna ochrona przeciws\u0142oneczna<\/a><\/li>\n\t\t<li class=\"page_item page-item-2597\"><a href=\"https:\/\/hyfac.fr\/pl\/nos-gammes\/hyfac-sun\/protection-solaire-teintee\/\">Barwiona ochrona przeciws\u0142oneczna<\/a><\/li>\n\t<\/ul>\n<\/li>\n\t<li class=\"page_item page-item-2599\"><a href=\"https:\/\/hyfac.fr\/pl\/nos-gammes\/fotoker-creme-dermatologique\/\">FOTOKER - Zapobieganie i naprawa uszkodze\u0144 s\u0142onecznych<\/a><\/li>\n\t<li class=\"page_item page-item-2823\"><a href=\"https:\/\/hyfac.fr\/pl\/nos-gammes\/clarifac-soin-anti-taches\/\">CLARIFAC - Zaburzenia pigmentacji<\/a><\/li>\n<\/ul>\n<\/li>\n<li class=\"page_item page-item-4319\"><a href=\"https:\/\/hyfac.fr\/pl\/sos-dermato\/\">SOS Dermato<\/a><\/li>\n<li class=\"page_item page-item-15\"><a href=\"https:\/\/hyfac.fr\/pl\/evenements\/\">Wydarzenia<\/a><\/li>\n<li class=\"page_item page-item-24\"><a href=\"https:\/\/hyfac.fr\/pl\/le-laboratoire\/\">Laboratorium<\/a><\/li>\n<li class=\"page_item page-item-74\"><a href=\"https:\/\/hyfac.fr\/pl\/pres-de-chez-vous\/\">Blisko Ciebie<\/a><\/li>\n<li class=\"page_item page-item-72\"><a href=\"https:\/\/hyfac.fr\/pl\/sur-internet\/\">W Internecie<\/a><\/li>\n<li class=\"page_item page-item-20\"><a href=\"https:\/\/hyfac.fr\/pl\/informations\/\">Kontakt<\/a><\/li>\n<li class=\"page_item page-item-4307\"><a href=\"https:\/\/hyfac.fr\/pl\/vie-privee-mentions-legales\/\">Ochrona prywatno\u015bci i informacje prawne<\/a><\/li>\n<li class=\"page_item page-item-4907\"><a href=\"https:\/\/hyfac.fr\/pl\/plan-du-site\/\">Mapa strony<\/a><\/li>\n<\/ul>\n<\/div><\/strong><\/p>","protected":false},"excerpt":{"rendered":"","protected":false},"author":1,"featured_media":0,"parent":0,"menu_order":10,"comment_status":"closed","ping_status":"closed","template":"","meta":{"_mi_skip_tracking":false,"spay_email":""},"_links":{"self":[{"href":"https:\/\/hyfac.fr\/pl\/wp-json\/wp\/v2\/pages\/4907"}],"collection":[{"href":"https:\/\/hyfac.fr\/pl\/wp-json\/wp\/v2\/pages"}],"about":[{"href":"https:\/\/hyfac.fr\/pl\/wp-json\/wp\/v2\/types\/page"}],"author":[{"embeddable":true,"href":"https:\/\/hyfac.fr\/pl\/wp-json\/wp\/v2\/users\/1"}],"replies":[{"embeddable":true,"href":"https:\/\/hyfac.fr\/pl\/wp-json\/wp\/v2\/comments?post=4907"}],"version-history":[{"count":6,"href":"https:\/\/hyfac.fr\/pl\/wp-json\/wp\/v2\/pages\/4907\/revisions"}],"predecessor-version":[{"id":4913,"href":"https:\/\/hyfac.fr\/pl\/wp-json\/wp\/v2\/pages\/4907\/revisions\/4913"}],"wp:attachment":[{"href":"https:\/\/hyfac.fr\/pl\/wp-json\/wp\/v2\/media?parent=4907"}],"curies":[{"name":"wp","href":"https:\/\/api.w.org\/{rel}","templated":true}]}}