{"id":24,"date":"2016-04-20T16:59:46","date_gmt":"2016-04-20T14:59:46","guid":{"rendered":"http:\/\/hyfac.fr\/?page_id=24"},"modified":"2020-12-08T08:54:00","modified_gmt":"2020-12-08T07:54:00","slug":"le-laboratoire","status":"publish","type":"page","link":"https:\/\/hyfac.fr\/ru\/le-laboratoire\/","title":{"rendered":"\u041e \u043b\u0430\u0431\u043e\u0440\u0430\u0442\u043e\u0440\u0438\u0438"},"content":{"rendered":"<h1><img loading=\"lazy\" class=\"alignnone size-full wp-image-1596\" src=\"http:\/\/hyfac.fr\/wp-content\/uploads\/2016\/04\/Le-Laboratoire.png\" alt=\"\u041b\u0430\u0431\u043e\u0440\u0430\u0442\u043e\u0440\u0438\u044f\" width=\"1776\" height=\"350\" srcset=\"https:\/\/hyfac.fr\/wp-content\/uploads\/2016\/04\/Le-Laboratoire.png 1776w, https:\/\/hyfac.fr\/wp-content\/uploads\/2016\/04\/Le-Laboratoire-300x59.png 300w, https:\/\/hyfac.fr\/wp-content\/uploads\/2016\/04\/Le-Laboratoire-1024x202.png 1024w\" sizes=\"(max-width: 1776px) 100vw, 1776px\" \/><\/h1>\n<h2><span style=\"color: #68153d;\">\u041d\u0410\u0428\u0418 \u0421\u041f\u0415\u0426\u0418\u0410\u041b\u0418\u0421\u0422\u042b-\u0414\u0415\u0420\u041c\u0410\u0422\u041e\u041b\u041e\u0413\u0418<\/span><\/h2>\n<div class=\"hr-hyfac hr-hyfac-labo\"><\/div>\n<p style=\"text-align: justify;\"><img loading=\"lazy\" class=\"alignleft size-medium wp-image-1660\" src=\"http:\/\/hyfac.fr\/wp-content\/uploads\/2016\/04\/illus_dermato_hyfac-259x300.png\" alt=\"illus_dermato_hyfac\" width=\"259\" height=\"300\" srcset=\"https:\/\/hyfac.fr\/wp-content\/uploads\/2016\/04\/illus_dermato_hyfac-259x300.png 259w, https:\/\/hyfac.fr\/wp-content\/uploads\/2016\/04\/illus_dermato_hyfac-883x1024.png 883w, https:\/\/hyfac.fr\/wp-content\/uploads\/2016\/04\/illus_dermato_hyfac.png 1545w\" sizes=\"(max-width: 259px) 100vw, 259px\" \/><\/p>\n<p style=\"text-align: justify;\">\u0421 \u043c\u043e\u043c\u0435\u043d\u0442\u0430 \u0441\u043e\u0437\u0434\u0430\u043d\u0438\u044f\u00a0<a href=\"https:\/\/www.moulinroyalcosmetics.com\">\u041b\u0430\u0431\u043e\u0440\u0430\u0442\u043e\u0440\u0438\u0438 \u041c\u0443\u043b\u0435\u043d \u041a\u043e\u0440\u043e\u043b\u0435\u0432\u0441\u043a\u0430\u044f \u043a\u043e\u0441\u043c\u0435\u0442\u0438\u043a\u0430<\/a>\u041d\u0430\u0448\u0438\u043c \u0436\u0435\u043b\u0430\u043d\u0438\u0435\u043c \u0431\u044b\u043b\u043e \u0443\u0441\u0442\u0430\u043d\u043e\u0432\u0438\u0442\u044c \u043f\u0440\u0438\u0432\u0438\u043b\u0435\u0433\u0438\u0440\u043e\u0432\u0430\u043d\u043d\u044b\u0435 \u043e\u0442\u043d\u043e\u0448\u0435\u043d\u0438\u044f \u0441 \u0434\u0435\u0440\u043c\u0430\u0442\u043e\u043b\u043e\u0433\u0430\u043c\u0438. \u041c\u044b \u043f\u0440\u0438\u0434\u0435\u0440\u0436\u0438\u0432\u0430\u0435\u043c\u0441\u044f \u0442\u043e\u0439 \u0436\u0435 \u043b\u0438\u043d\u0438\u0438 \u043f\u043e\u0432\u0435\u0434\u0435\u043d\u0438\u044f: \u0443\u0434\u043e\u0432\u043b\u0435\u0442\u0432\u043e\u0440\u044f\u0442\u044c \u043f\u043e\u0442\u0440\u0435\u0431\u043d\u043e\u0441\u0442\u0438 \u043f\u0430\u0446\u0438\u0435\u043d\u0442\u043e\u0432 \u0431\u0435\u0437\u043e\u043f\u0430\u0441\u043d\u044b\u043c\u0438, \u044d\u0444\u0444\u0435\u043a\u0442\u0438\u0432\u043d\u044b\u043c\u0438 \u0438 \u0445\u043e\u0440\u043e\u0448\u043e \u043e\u0442\u0440\u0435\u0433\u0443\u043b\u0438\u0440\u043e\u0432\u0430\u043d\u043d\u044b\u043c\u0438 \u043f\u0440\u043e\u0434\u0443\u043a\u0442\u0430\u043c\u0438. \u0421 \u0433\u043e\u0434\u0430\u043c\u0438 \u044d\u0442\u043e \u043f\u0430\u0440\u0442\u043d\u0435\u0440\u0441\u0442\u0432\u043e \u0440\u0430\u0437\u0432\u0438\u0432\u0430\u043b\u043e\u0441\u044c, \u0438 \u0441\u0435\u0433\u043e\u0434\u043d\u044f \u043c\u044b \u0440\u0430\u0431\u043e\u0442\u0430\u0435\u043c \u0440\u0443\u043a\u0430 \u043e\u0431 \u0440\u0443\u043a\u0443 \u0441 \u043d\u0430\u0448\u0438\u043c\u0438 \u0434\u0435\u0440\u043c\u0430\u0442\u043e\u043b\u043e\u0433\u0430\u043c\u0438. \u0412\u043c\u0435\u0441\u0442\u0435 \u043c\u044b \u0440\u0430\u0437\u0440\u0430\u0431\u0430\u0442\u044b\u0432\u0430\u0435\u043c \u043d\u043e\u0432\u044b\u0435 \u0434\u0435\u0440\u043c\u043e-\u043a\u043e\u0441\u043c\u0435\u0442\u0438\u0447\u0435\u0441\u043a\u0438\u0435 \u0434\u0438\u0430\u043f\u0430\u0437\u043e\u043d\u044b \u0432 \u043d\u0435\u0441\u043a\u043e\u043b\u044c\u043a\u0438\u0445 \u043e\u0431\u043b\u0430\u0441\u0442\u044f\u0445 (<a href=\"https:\/\/hyfac.fr\/ru\/nos-gammes\/hyfac-woman\/\">\u043f\u0440\u044b\u0449\u0438 \u0443 \u0436\u0435\u043d\u0449\u0438\u043d<\/a>, <a href=\"https:\/\/hyfac.fr\/ru\/nos-gammes\/hydrafac\/\">\u0433\u0438\u0434\u0440\u0430\u0442\u0430\u0446\u0438\u044f<\/a>\u0438 \u0442\u043e\u043c\u0443 \u043f\u043e\u0434\u043e\u0431\u043d\u043e\u0435).<\/p>\n<p style=\"text-align: justify;\">\u0412\u043c\u0435\u0441\u0442\u0435 \u0441 \u043d\u0438\u043c\u0438 \u043c\u044b \u0441\u043e\u0437\u0434\u0430\u043b\u0438 \u0440\u0430\u0437\u0434\u0435\u043b \"SOS Dermato\", \u043f\u043e\u0437\u0432\u043e\u043b\u044f\u044e\u0449\u0438\u0439 \u043e\u0442\u0432\u0435\u0442\u0438\u0442\u044c \u043d\u0430 \u0432\u043e\u043f\u0440\u043e\u0441\u044b \u043f\u043e\u0442\u0440\u0435\u0431\u0438\u0442\u0435\u043b\u0435\u0439 \u043e \u043a\u043e\u0436\u0435. \u0415\u0436\u0435\u043c\u0435\u0441\u044f\u0447\u043d\u043e \u043d\u0430 \u043d\u0430\u0448\u0435\u043c \u0441\u0430\u0439\u0442\u0435 \u0438 \u0432 \u043d\u0430\u0448\u0438\u0445 \u0441\u043e\u0446\u0438\u0430\u043b\u044c\u043d\u044b\u0445 \u0441\u0435\u0442\u044f\u0445 \u0412\u044b \u043d\u0430\u0439\u0434\u0435\u0442\u0435 \u0441\u043e\u0432\u0435\u0442\u044b \u043d\u0430\u0448\u0438\u0445 \u0441\u043f\u0435\u0446\u0438\u0430\u043b\u0438\u0441\u0442\u043e\u0432-\u0434\u0435\u0440\u043c\u0430\u0442\u043e\u043b\u043e\u0433\u043e\u0432 \u043f\u043e \u0440\u0430\u0437\u043b\u0438\u0447\u043d\u044b\u043c \u0442\u0435\u043c\u0430\u043c: \u0443\u0433\u0440\u0435\u0432\u0430\u044f \u0441\u044b\u043f\u044c \u0438 \u043f\u0440\u043e\u0431\u043b\u0435\u043c\u044b \u043a\u043e\u0436\u0438, \u043f\u0440\u043e\u0431\u043b\u0435\u043c\u044b \u043a\u043e\u0436\u0438, \u043f\u0440\u043e\u0431\u043b\u0435\u043c\u044b \u043a\u043e\u0436\u0438, \u043f\u0440\u043e\u0431\u043b\u0435\u043c\u044b \u043a\u043e\u0436\u0438. <a href=\"https:\/\/hyfac.fr\/ru\/conseils-dermato\/1287-lacne-et-lalimentation\/\">\u043f\u0440\u043e\u0434\u0443\u043a\u0442\u0430\u0445 \u043f\u0438\u0442\u0430\u043d\u0438\u044f<\/a>\u043f\u0440\u044b\u0449\u0438 \u0438 <a href=\"https:\/\/hyfac.fr\/ru\/conseils-dermato\/1289-lacne-et-la-contraception\/\">\u043a\u043e\u043d\u0442\u0440\u0430\u0446\u0435\u043f\u0446\u0438\u0438<\/a>, <a href=\"https:\/\/hyfac.fr\/ru\/sos-dermato\/4326-hydratation-de-la-peau\/\">\u0433\u0438\u0434\u0440\u0430\u0442\u0430\u0446\u0438\u044f<\/a>, <a href=\"https:\/\/hyfac.fr\/ru\/sos-dermato\/4324-le-soleil-et-la-peau\/\">\u043a\u043e\u0436\u0430 \u0438 \u0441\u043e\u043b\u043d\u0446\u0435<\/a>\u0438 \u043c\u043d\u043e\u0433\u043e\u0435 \u0434\u0440\u0443\u0433\u043e\u0435.<\/p>\n<p style=\"text-align: justify;\">\u041d\u0430\u043a\u043e\u043d\u0435\u0446, \u043c\u044b \u0440\u0435\u0433\u0443\u043b\u044f\u0440\u043d\u043e \u0435\u0437\u0434\u0438\u043c \u043f\u043e \u0424\u0440\u0430\u043d\u0446\u0438\u0438, \u0447\u0442\u043e\u0431\u044b \u043e\u0431\u0441\u0443\u0434\u0438\u0442\u044c \u043d\u0435\u0434\u0430\u0432\u043d\u043e \u043e\u043f\u0443\u0431\u043b\u0438\u043a\u043e\u0432\u0430\u043d\u043d\u044b\u0435 \u043d\u0430\u0443\u0447\u043d\u044b\u0435 \u0441\u0442\u0430\u0442\u044c\u0438 \u0441 \u0434\u0435\u0440\u043c\u0430\u0442\u043e\u043b\u043e\u0433\u0430\u043c\u0438. \u042d\u0442\u0438 \u0432\u0441\u0442\u0440\u0435\u0447\u0438 \u043d\u0430\u0437\u044b\u0432\u0430\u044e\u0442\u0441\u044f \"\u041d\u0430\u0443\u0447\u043d\u044b\u0435 \u043a\u0430\u0444\u0435\".<\/p>\n<p>&nbsp;<\/p>\n<h2><span style=\"color: #68153d;\">LA CREATION D&#8217;HYFAC<\/span><\/h2>\n<div class=\"hr-hyfac hr-hyfac-labo\"><\/div>\n<p><img loading=\"lazy\" class=\"alignleft size-medium wp-image-1661\" src=\"http:\/\/hyfac.fr\/wp-content\/uploads\/2016\/04\/labo_hyfac_1-300x200-300x200.jpg\" alt=\"labo_hyfac_1-300x200\" width=\"300\" height=\"200\" \/><\/p>\n<p style=\"text-align: justify;\">\u0418\u0441\u0442\u043e\u0440\u0438\u044f \u043d\u0430\u0447\u0438\u043d\u0430\u0435\u0442\u0441\u044f \u0432 1984 \u0433\u043e\u0434\u0443 \u0432 \u043b\u0430\u0431\u043e\u0440\u0430\u0442\u043e\u0440\u0438\u0438. \u042d\u043b\u0438\u0441 \u0440\u0430\u0431\u043e\u0442\u0430\u043b\u0430 \u0445\u0438\u043c\u0438\u043a\u043e\u043c \u043d\u0430\u0434 \u0441\u043e\u0437\u0434\u0430\u043d\u0438\u0435\u043c \u0448\u0430\u043c\u043f\u0443\u043d\u044f. \u041f\u043e\u0441\u043b\u0435 \u0442\u0435\u0441\u0442\u0438\u0440\u043e\u0432\u0430\u043d\u0438\u044f \u0448\u0430\u043c\u043f\u0443\u043d\u044f \u0432 \u0442\u0435\u0447\u0435\u043d\u0438\u0435 \u043d\u0435\u0441\u043a\u043e\u043b\u044c\u043a\u0438\u0445 \u0434\u043d\u0435\u0439 \u043e\u043d\u0430 \u043f\u043e\u043d\u044f\u043b\u0430, \u0447\u0442\u043e \u043d\u0430 \u043b\u0431\u0443, \u0432 \u043e\u0431\u043b\u0430\u0441\u0442\u0438, \u0431\u043b\u0438\u0437\u043a\u043e\u0439 \u043a \u043a\u043e\u0436\u0435 \u0433\u043e\u043b\u043e\u0432\u044b, \u043a\u043e\u0436\u0430 \u0432\u044b\u0433\u043b\u044f\u0434\u0435\u043b\u0430 \u0431\u043e\u043b\u0435\u0435 \u0447\u0438\u0441\u0442\u043e\u0439 \u0438 \u043c\u0435\u043d\u0435\u0435 \u0436\u0438\u0440\u043d\u043e\u0439. \u042d\u043b\u0438\u0441 \u0438 \u0435\u0435 \u0434\u0440\u0443\u0437\u044c\u044f \u043f\u043e \u0438\u0441\u0441\u043b\u0435\u0434\u043e\u0432\u0430\u043d\u0438\u044f\u043c \u043f\u0440\u0438\u0441\u0442\u0443\u043f\u0438\u043b\u0438 \u043a \u0440\u0430\u0431\u043e\u0442\u0435, \u0447\u0442\u043e\u0431\u044b \u043e\u043f\u0440\u0435\u0434\u0435\u043b\u0438\u0442\u044c \u043f\u0440\u043e\u0438\u0441\u0445\u043e\u0436\u0434\u0435\u043d\u0438\u0435 \u044d\u0442\u043e\u0433\u043e \u0432\u043e\u0437\u0432\u044b\u0448\u0435\u043d\u043d\u043e\u0433\u043e \u0434\u0435\u0439\u0441\u0442\u0432\u0438\u044f. \u0420\u0435\u0437\u0443\u043b\u044c\u0442\u0430\u0442\u044b \u043f\u043e\u043a\u0430\u0437\u0430\u043b\u0438, \u0447\u0442\u043e \u041f\u0438\u0440\u043e\u043a\u0442\u043e\u043d \u041e\u043b\u0430\u043c\u0438\u043d \u043e\u0442\u0432\u0435\u0442\u0441\u0442\u0432\u0435\u043d\u0435\u043d \u0437\u0430 \u044d\u0442\u043e \u0431\u043b\u0430\u0433\u043e\u0442\u0432\u043e\u0440\u043d\u043e\u0435 \u0432\u043e\u0437\u0434\u0435\u0439\u0441\u0442\u0432\u0438\u0435 \u043d\u0430 \u043a\u043e\u0436\u0443. \u041f\u043e\u0441\u043b\u0435 \u044d\u0442\u043e\u0433\u043e \u0443\u0434\u0430\u0447\u043d\u043e\u0433\u043e, \u043d\u043e \u043c\u043d\u043e\u0433\u043e\u043e\u0431\u0435\u0449\u0430\u044e\u0449\u0435\u0433\u043e \u043e\u0442\u043a\u0440\u044b\u0442\u0438\u044f \u043b\u0430\u0431\u043e\u0440\u0430\u0442\u043e\u0440\u0438\u044f \u0440\u0435\u0448\u0438\u043b\u0430 \u0440\u0430\u0437\u0440\u0430\u0431\u043e\u0442\u0430\u0442\u044c \u043e\u0440\u0438\u0433\u0438\u043d\u0430\u043b\u044c\u043d\u044b\u0435 \u0440\u0435\u0446\u0435\u043f\u0442\u0443\u0440\u044b \u043d\u0430 \u043e\u0441\u043d\u043e\u0432\u0435 Piroctone Olamine, \u0447\u0442\u043e\u0431\u044b \u043f\u043e\u043c\u043e\u0447\u044c \u0441\u043a\u043b\u043e\u043d\u043d\u043e\u0439 \u043a \u0430\u043a\u043d\u0435 \u043a\u043e\u0436\u0435.<\/p>\n<p style=\"text-align: justify;\">\u0422\u0430\u043a \u0440\u043e\u0434\u0438\u043b\u043e\u0441\u044c \u0441\u043b\u0435\u0434\u0443\u044e\u0449\u0435\u0435 <span style=\"color: #68153d;\"><strong>HYFAC<\/strong><\/span> <a href=\"https:\/\/hyfac.fr\/ru\/nos-gammes\/hyfac-classique\/\">\u0443\u0445\u043e\u0434 \u0437\u0430 \u043c\u043e\u043b\u043e\u0434\u043e\u0439 \u043a\u043e\u0436\u0435\u0439<\/a>. \u0420\u044f\u0434 <span style=\"color: #68153d;\"><strong>\u043f\u0440\u043e\u0441\u0442\u043e\u0439<\/strong>, <strong>\u0434\u0435\u0439\u0441\u0442\u0432\u0443\u044e\u0449\u0438\u0439 \u0441\u0430\u0439\u0442<\/strong><\/span>\u0441 <span style=\"color: #68153d;\"><strong>\u043f\u0440\u0438\u0437\u043d\u0430\u043d\u043d\u044b\u0435 \u0430\u043a\u0442\u0438\u0432\u044b<\/strong><\/span>.<\/p>\n<p style=\"text-align: justify;\">HYFAC - \u044d\u0442\u043e \u043e\u0441\u043e\u0437\u043d\u0430\u043d\u0438\u0435 \u0442\u043e\u0433\u043e, \u0447\u0442\u043e \u0441 \u043f\u0440\u044b\u0449\u0430\u043c\u0438 \u0431\u044b\u0432\u0430\u0435\u0442 \u0442\u0440\u0443\u0434\u043d\u043e \u0436\u0438\u0442\u044c, \u0447\u0442\u043e \u043e\u043d\u0438 \u0432\u043e\u0437\u043d\u0438\u043a\u0430\u044e\u0442 \u0432 \u043f\u043e\u0434\u0440\u043e\u0441\u0442\u043a\u043e\u0432\u043e\u043c \u0432\u043e\u0437\u0440\u0430\u0441\u0442\u0435 \u0438 \u0443\u0445\u043e\u0434\u044f\u0442 \u043d\u0430\u0434\u043e\u043b\u0433\u043e. \u0410\u043a\u043d\u0435 - \u044d\u0442\u043e \u0437\u0430\u0431\u043e\u043b\u0435\u0432\u0430\u043d\u0438\u0435, \u043a\u043e\u0442\u043e\u0440\u043e\u0435 \u0442\u0440\u0435\u0431\u0443\u0435\u0442 <span style=\"color: #68153d;\"><strong>\u0432\u0441\u0435\u0441\u0442\u043e\u0440\u043e\u043d\u043d\u044f\u044f \u0437\u0430\u0431\u043e\u0442\u0430<\/strong><\/span> \u0441 \u0445\u043e\u0440\u043e\u0448\u0438\u043c\u0438 \u043f\u0440\u043e\u0434\u0443\u043a\u0442\u0430\u043c\u0438, \u043d\u043e \u0442\u0430\u043a\u0436\u0435 \u0438 \u0441 \u0430\u0434\u0430\u043f\u0442\u0438\u0440\u043e\u0432\u0430\u043d\u043d\u044b\u043c \u043e\u0431\u0440\u0430\u0437\u043e\u043c \u0436\u0438\u0437\u043d\u0438. \u0412\u043e\u0442 \u043f\u043e\u0447\u0435\u043c\u0443 HYFAC \u043f\u043e\u043c\u043e\u0433\u0430\u0435\u0442 \u0432\u0430\u043c \u043f\u043e\u043d\u044f\u0442\u044c \u0432\u0430\u0448\u0443 \u0431\u043e\u043b\u0435\u0437\u043d\u044c.<\/p>\n<p style=\"text-align: justify;\">\u0421 \u043e\u043f\u044b\u0442\u043d\u043e\u0439 \u043a\u043e\u043c\u0430\u043d\u0434\u043e\u0439 <span style=\"color: #68153d;\"><strong>\u0434\u0435\u0440\u043c\u0430\u0442\u043e\u043b\u043e\u0433\u0438<\/strong><\/span>\u043e\u0442 <span style=\"color: #68153d;\"><strong>\u0430\u043f\u0442\u0435\u043a\u0430\u0440\u0438<\/strong><\/span> \u0438 \u043c\u043e\u043b\u043e\u0434\u0435\u0436\u044c, Laboratoire Moulin Royal Cosmetics \u043f\u0440\u043e\u0434\u043e\u043b\u0436\u0430\u0435\u0442 \u0440\u0430\u0437\u0440\u0430\u0431\u0430\u0442\u044b\u0432\u0430\u0442\u044c \u043d\u043e\u0432\u044b\u0435 \u0434\u0435\u0440\u043c\u043e-\u043a\u043e\u0441\u043c\u0435\u0442\u0438\u0447\u0435\u0441\u043a\u0438\u0435 \u0434\u0438\u0430\u043f\u0430\u0437\u043e\u043d\u044b, \u0430\u0434\u0430\u043f\u0442\u0438\u0440\u043e\u0432\u0430\u043d\u043d\u044b\u0435 \u043a \u043a\u0430\u0436\u0434\u043e\u0439 \u043f\u043e\u0442\u0440\u0435\u0431\u043d\u043e\u0441\u0442\u0438 \u0438 \u043a\u0430\u0436\u0434\u043e\u043c\u0443 \u043e\u0431\u0440\u0430\u0437\u0443 \u0436\u0438\u0437\u043d\u0438.<\/p>\n<p>&nbsp;<\/p>\n<h2><span style=\"color: #68153d;\">\u042d\u0422\u0418\u0427\u0415\u0421\u041a\u0418\u0419 \u041a\u041e\u0414\u0415\u041a\u0421<\/span><\/h2>\n<div class=\"hr-hyfac hr-hyfac-labo\"><\/div>\n<p><img loading=\"lazy\" class=\"alignright wp-image-436\" src=\"http:\/\/hyfac.fr\/wp-content\/uploads\/2015\/07\/labo_hyfac_3.jpg\" alt=\"labo_hyfac\" width=\"250\" height=\"375\" \/>\u041c\u044b \u043e\u0431\u044f\u0437\u0443\u0435\u043c\u0441\u044f \u0441\u043e\u0431\u043b\u044e\u0434\u0430\u0442\u044c \u043d\u0430\u0448\u0443 \u0445\u0430\u0440\u0442\u0438\u044e \u0438\u043d\u0442\u0435\u043b\u043b\u0435\u043a\u0442\u0430 \u0438 \u043a\u043e\u0441\u043c\u0435\u0442\u0438\u0447\u0435\u0441\u043a\u0438\u0445 \u0442\u0440\u0435\u0431\u043e\u0432\u0430\u043d\u0438\u0439:<\/p>\n<ul>\n<li style=\"text-align: justify;\">\u0418\u043d\u043d\u043e\u0432\u0430\u0446\u0438\u0438 \u0438 <span style=\"color: #68153d;\"><strong>\u043f\u043e\u0438\u0441\u043a \u043c\u0430\u043a\u0441\u0438\u043c\u0430\u043b\u044c\u043d\u043e\u0433\u043e \u043a\u0430\u0447\u0435\u0441\u0442\u0432\u0430<\/strong><\/span> \u0434\u043e\u043b\u0436\u043d\u044b \u043f\u0440\u0438\u0441\u0443\u0442\u0441\u0442\u0432\u043e\u0432\u0430\u0442\u044c \u043d\u0430 \u0432\u0441\u0435\u0445 \u0443\u0440\u043e\u0432\u043d\u044f\u0445, \u043e\u0442 \u043f\u0440\u043e\u0435\u043a\u0442\u0438\u0440\u043e\u0432\u0430\u043d\u0438\u044f \u0434\u043e \u0440\u0430\u0441\u043f\u0440\u0435\u0434\u0435\u043b\u0435\u043d\u0438\u044f.<\/li>\n<li style=\"text-align: justify;\">\u041d\u0430\u0448\u0438 \u0438\u043d\u0433\u0440\u0435\u0434\u0438\u0435\u043d\u0442\u044b \u0438 \u0430\u043a\u0442\u0438\u0432\u044b \u0437\u0430\u0432\u0438\u0441\u044f\u0442 \u043e\u0442<span style=\"color: #68153d;\"><strong>\u043e\u0431\u0448\u0438\u0440\u043d\u044b\u0435 \u0444\u0443\u043d\u0434\u0430\u043c\u0435\u043d\u0442\u0430\u043b\u044c\u043d\u044b\u0435 \u0438\u0441\u0441\u043b\u0435\u0434\u043e\u0432\u0430\u043d\u0438\u044f<\/strong><\/span> \u0434\u043b\u044f \u0438\u0445 \u0440\u0430\u0437\u0432\u0438\u0442\u0438\u044f.<\/li>\n<li style=\"text-align: justify;\">\u0422\u0435\u0445\u043d\u0438\u0447\u0435\u0441\u043a\u043e\u0435 \u043a\u0430\u0447\u0435\u0441\u0442\u0432\u043e \u043d\u0430\u0448\u0438\u0445 <span style=\"color: #68153d;\"><strong>\u0441\u0438\u0441\u0442\u0435\u043c\u044b \u043f\u043e\u0434\u0430\u0447\u0438<\/strong><\/span> \u0434\u043e\u043f\u0443\u0441\u043a\u0430\u0435\u0442 \u043e\u0442\u0441\u0443\u0442\u0441\u0442\u0432\u0438\u0435 \u043a\u043e\u043d\u0442\u0430\u043a\u0442\u0430 \u0441 \u043e\u043a\u0440\u0443\u0436\u0430\u044e\u0449\u0438\u043c \u0432\u043e\u0437\u0434\u0443\u0445\u043e\u043c (\u0431\u0435\u0437\u0432\u043e\u0437\u0434\u0443\u0448\u043d\u044b\u0435 \u0441\u0438\u0441\u0442\u0435\u043c\u044b) \u0432 \u0431\u043e\u043b\u044c\u0448\u0438\u043d\u0441\u0442\u0432\u0435 \u043d\u0430\u0448\u0438\u0445 \u043f\u0440\u043e\u0434\u0443\u043a\u0442\u043e\u0432.<\/li>\n<li style=\"text-align: justify;\">\u0440\u0435\u0430\u043b\u0438\u0437\u0430\u0446\u0438\u044f<span style=\"color: #68153d;\"><strong>\u043a\u043b\u0438\u043d\u0438\u0447\u0435\u0441\u043a\u0438\u0435 \u0438\u0441\u043f\u044b\u0442\u0430\u043d\u0438\u044f<\/strong><\/span> \u0437\u0430\u043f\u043b\u0430\u043d\u0438\u0440\u043e\u0432\u0430\u043d \u0434\u043b\u044f \u0432\u0441\u0435\u0445 \u043d\u0430\u0448\u0438\u0445 \u0440\u0435\u043a\u043e\u043c\u0435\u043d\u0434\u0430\u0446\u0438\u0439. \u041e\u043d\u0430 \u043f\u0440\u043e\u0432\u043e\u0434\u0438\u0442\u0441\u044f \u0434\u0435\u0440\u043c\u0430\u0442\u043e\u043b\u043e\u0433\u0430\u043c\u0438-\u0438\u0441\u0441\u043b\u0435\u0434\u043e\u0432\u0430\u0442\u0435\u043b\u044f\u043c\u0438.<\/li>\n<li style=\"text-align: justify;\">\u042d\u0442\u043e <a href=\"https:\/\/hyfac.fr\/ru\/pres-de-chez-vous\/\">\u0440\u0430\u0441\u0441\u044b\u043b\u043a\u0430<\/a> \u043d\u0430 \u0441\u0430\u0439\u0442\u0435 <span style=\"color: #68153d;\"><strong>\u0430\u043f\u0442\u0435\u043a\u0430 \u0438 \u043f\u0430\u0440\u0430\u0444\u0430\u0440\u043c\u0430\u0446\u0435\u0432\u0442\u0438\u043a\u0430<\/strong><\/span> \u044d\u0442\u043e \u043d\u0430\u0448 \u043c\u0430\u0440\u043a\u0435\u0442\u0438\u043d\u0433\u043e\u0432\u044b\u0439 \u0432\u044b\u0431\u043e\u0440.<\/li>\n<li style=\"text-align: justify;\">\u041d\u0430\u043a\u043e\u043d\u0435\u0446, \u043d\u0430\u0448\u0430 \u0446\u0435\u043b\u044c - \u0440\u0430\u0437\u0432\u0438\u0442\u0438\u0435 \u0432<span style=\"color: #68153d;\"><strong>\u043c\u0435\u0436\u0434\u0443\u043d\u0430\u0440\u043e\u0434\u043d\u044b\u0439<\/strong><\/span> \u0443\u0441\u0438\u043b\u0438\u0432\u0430\u0435\u0442 \u043d\u0430\u0448\u0443 \u0437\u0430\u0431\u043e\u0442\u0443 \u043e \u0441\u0442\u0440\u043e\u0433\u043e\u043c \u043a\u0430\u0447\u0435\u0441\u0442\u0432\u0435.<\/li>\n<\/ul>\n<p>&nbsp;<\/p>\n<h2><span style=\"color: #68153d;\">\u041c\u0415\u0416\u0414\u0423\u041d\u0410\u0420\u041e\u0414\u041d\u041e\u0415 \u041f\u0420\u0418\u0421\u0423\u0422\u0421\u0422\u0412\u0418\u0415<\/span><\/h2>\n<div class=\"hr-hyfac hr-hyfac-labo\"><\/div>\n<p><img loading=\"lazy\" class=\"aligncenter size-full wp-image-4704\" src=\"https:\/\/hyfac.fr\/wp-content\/uploads\/2018\/05\/carte_monde_vierge_frontiere_pays_continent_hyfac_toutes_gammes.jpg\" alt=\"\" width=\"1839\" height=\"878\" srcset=\"https:\/\/hyfac.fr\/wp-content\/uploads\/2018\/05\/carte_monde_vierge_frontiere_pays_continent_hyfac_toutes_gammes.jpg 1839w, https:\/\/hyfac.fr\/wp-content\/uploads\/2018\/05\/carte_monde_vierge_frontiere_pays_continent_hyfac_toutes_gammes-300x143.jpg 300w, https:\/\/hyfac.fr\/wp-content\/uploads\/2018\/05\/carte_monde_vierge_frontiere_pays_continent_hyfac_toutes_gammes-1024x489.jpg 1024w\" sizes=\"(max-width: 1839px) 100vw, 1839px\" \/><\/p>\n<h2><\/h2>\n<p style=\"text-align: center;\">\u0414\u043b\u044f \u043f\u043e\u043b\u0443\u0447\u0435\u043d\u0438\u044f \u0431\u043e\u043b\u0435\u0435 \u043f\u043e\u0434\u0440\u043e\u0431\u043d\u043e\u0439 \u0438\u043d\u0444\u043e\u0440\u043c\u0430\u0446\u0438\u0438, \u043f\u043e\u0436\u0430\u043b\u0443\u0439\u0441\u0442\u0430, \u043f\u043e\u0441\u0435\u0442\u0438\u0442\u0435 : <a href=\"https:\/\/www.moulinroyalcosmetics.com\">www.moulinroyalcosmetics.com<\/a><\/p>","protected":false},"excerpt":{"rendered":"<p>NOS EXPERTS DERMATOLOGUES D\u00e8s la cr\u00e9ation des\u00a0Laboratoires Moulin Royal Cosmetics, notre souhait a \u00e9t\u00e9 de nouer avec les dermatologues des relations privil\u00e9gi\u00e9es. Nous avons la m\u00eame ligne de conduite\u00a0: r\u00e9pondre aux besoins des patients avec des produits s\u00fbrs, efficaces et bien tol\u00e9r\u00e9s. Au fil des ann\u00e9es, ce partenariat s\u2019amplifia et nous travaillons aujourd\u2019hui main dans\u2026 <a class='lire-suite' href=\"https:\/\/hyfac.fr\/ru\/le-laboratoire\/\">\u0427\u0438\u0442\u0430\u0442\u044c \u0434\u0430\u043b\u044c\u0448\u0435<\/a><\/p>","protected":false},"author":1,"featured_media":0,"parent":0,"menu_order":4,"comment_status":"closed","ping_status":"closed","template":"page\/page-template-defaulthyfac.php","meta":{"_mi_skip_tracking":false,"spay_email":""},"_links":{"self":[{"href":"https:\/\/hyfac.fr\/ru\/wp-json\/wp\/v2\/pages\/24"}],"collection":[{"href":"https:\/\/hyfac.fr\/ru\/wp-json\/wp\/v2\/pages"}],"about":[{"href":"https:\/\/hyfac.fr\/ru\/wp-json\/wp\/v2\/types\/page"}],"author":[{"embeddable":true,"href":"https:\/\/hyfac.fr\/ru\/wp-json\/wp\/v2\/users\/1"}],"replies":[{"embeddable":true,"href":"https:\/\/hyfac.fr\/ru\/wp-json\/wp\/v2\/comments?post=24"}],"version-history":[{"count":48,"href":"https:\/\/hyfac.fr\/ru\/wp-json\/wp\/v2\/pages\/24\/revisions"}],"predecessor-version":[{"id":14760,"href":"https:\/\/hyfac.fr\/ru\/wp-json\/wp\/v2\/pages\/24\/revisions\/14760"}],"wp:attachment":[{"href":"https:\/\/hyfac.fr\/ru\/wp-json\/wp\/v2\/media?parent=24"}],"curies":[{"name":"wp","href":"https:\/\/api.w.org\/{rel}","templated":true}]}}