{"id":2592,"date":"2018-02-19T16:32:52","date_gmt":"2018-02-19T15:32:52","guid":{"rendered":"http:\/\/hyfac.fr\/?page_id=2592"},"modified":"2019-01-19T17:32:13","modified_gmt":"2019-01-19T16:32:13","slug":"hyfac-sun","status":"publish","type":"page","link":"https:\/\/hyfac.fr\/ru\/nos-gammes\/hyfac-sun\/","title":{"rendered":"HYFAC \u0421\u0410\u041d - \u0437\u0430\u0449\u0438\u0442\u0430 \u043e\u0442 \u0441\u043e\u043b\u043d\u0446\u0430"},"content":{"rendered":"<p><img loading=\"lazy\" class=\"alignleft wp-image-2621\" src=\"http:\/\/hyfac.fr\/wp-content\/uploads\/2018\/02\/logo_hyfac_sun.jpg\" alt=\"\u0441\u043e\u043b\u043d\u0435\u0447\u043d\u044b\u0439 \u043b\u043e\u0433\u043e\u0442\u0438\u043f hyfac\" width=\"260\" height=\"220\" srcset=\"https:\/\/hyfac.fr\/wp-content\/uploads\/2018\/02\/logo_hyfac_sun.jpg 1674w, https:\/\/hyfac.fr\/wp-content\/uploads\/2018\/02\/logo_hyfac_sun-300x253.jpg 300w, https:\/\/hyfac.fr\/wp-content\/uploads\/2018\/02\/logo_hyfac_sun-1024x865.jpg 1024w\" sizes=\"(max-width: 260px) 100vw, 260px\" \/><\/p>\n<h1 class=\"entry-title\">HYFAC \u0421\u0410\u041d - \u0437\u0430\u0449\u0438\u0442\u0430 \u043e\u0442 \u0441\u043e\u043b\u043d\u0446\u0430<\/h1>\n<p style=\"text-align: justify;\">\u041b\u0435\u0442\u043e\u043c, \u043a\u0430\u043a \u0438 \u0437\u0438\u043c\u043e\u0439, \u043a\u043e\u0436\u0430 \u043f\u043e\u0434\u0432\u0435\u0440\u0433\u0430\u0435\u0442\u0441\u044f \u0432\u043e\u0437\u0434\u0435\u0439\u0441\u0442\u0432\u0438\u044e \u0441\u043e\u043b\u043d\u0435\u0447\u043d\u044b\u0445 \u043b\u0443\u0447\u0435\u0439, \u043e\u0441\u043e\u0431\u0435\u043d\u043d\u043e UVA \u0438 UVB.<\/p>\n<p style=\"text-align: justify;\">UVB \u044f\u0432\u043b\u044f\u0435\u0442\u0441\u044f \u043d\u0430\u0438\u0431\u043e\u043b\u0435\u0435 \u0430\u0433\u0440\u0435\u0441\u0441\u0438\u0432\u043d\u044b\u043c, \u043e\u0442\u0432\u0435\u0442\u0441\u0442\u0432\u0435\u043d\u043d\u044b\u043c \u0437\u0430 \u0441\u043e\u043b\u043d\u0435\u0447\u043d\u044b\u0439 \u043e\u0436\u043e\u0433 \u0438, \u0432 \u0434\u043e\u043b\u0433\u043e\u0441\u0440\u043e\u0447\u043d\u043e\u0439 \u043f\u0435\u0440\u0441\u043f\u0435\u043a\u0442\u0438\u0432\u0435, \u0440\u0430\u043a \u043a\u043e\u0436\u0438. \u0417\u0430\u0449\u0438\u0442\u0430 \u043e\u0442 UVB \u0438\u0437\u043c\u0435\u0440\u044f\u0435\u0442\u0441\u044f SPF.<\/p>\n<p style=\"text-align: justify;\">\u0423\u0424-\u043b\u0443\u0447\u0438 \u044f\u0432\u043b\u044f\u044e\u0442\u0441\u044f \u043d\u0430\u0438\u043c\u0435\u043d\u0435\u0435 \u044d\u043d\u0435\u0440\u0433\u0435\u0442\u0438\u0447\u0435\u0441\u043a\u0438\u043c\u0438, \u043d\u043e \u043d\u0430\u0438\u0431\u043e\u043b\u0435\u0435 \u043c\u043d\u043e\u0433\u043e\u0447\u0438\u0441\u043b\u0435\u043d\u043d\u044b\u043c\u0438 (95% \u0441\u043e\u043b\u043d\u0435\u0447\u043d\u043e\u0433\u043e \u0441\u0432\u0435\u0442\u0430). \u041e\u043d\u0438 \u0433\u043b\u0443\u0431\u043e\u043a\u043e \u043f\u0440\u043e\u043d\u0438\u043a\u0430\u044e\u0442 \u0432 \u0434\u0435\u0440\u043c\u0443 \u0438 \u0432 \u0434\u043e\u043b\u0433\u043e\u0441\u0440\u043e\u0447\u043d\u043e\u0439 \u043f\u0435\u0440\u0441\u043f\u0435\u043a\u0442\u0438\u0432\u0435 \u0432\u044b\u0437\u044b\u0432\u0430\u044e\u0442 \u0441\u0442\u0430\u0440\u0435\u043d\u0438\u0435 \u043a\u043e\u0436\u0438 (\u043c\u043e\u0440\u0449\u0438\u043d\u044b, \u043f\u044f\u0442\u043d\u0430). \u042d\u0442\u043e \u043f\u0440\u0435\u0436\u0434\u0435\u0432\u0440\u0435\u043c\u0435\u043d\u043d\u043e\u0435 \u0441\u0442\u0430\u0440\u0435\u043d\u0438\u0435 \u043a\u043e\u0436\u0438 \u0442\u0430\u043a\u0436\u0435 \u043c\u043e\u0436\u0435\u0442 \u0431\u044b\u0442\u044c \u0443\u0441\u043a\u043e\u0440\u0435\u043d\u043e \u0432\u043e\u0437\u0434\u0435\u0439\u0441\u0442\u0432\u0438\u0435\u043c \u043f\u0440\u0438\u0441\u0443\u0442\u0441\u0442\u0432\u0443\u044e\u0449\u0438\u0445 \u0432 \u043e\u043a\u0440\u0443\u0436\u0430\u044e\u0449\u0435\u0439 \u0441\u0440\u0435\u0434\u0435 \u0437\u0430\u0433\u0440\u044f\u0437\u043d\u044f\u044e\u0449\u0438\u0445 \u0447\u0430\u0441\u0442\u0438\u0446 (\u0434\u044b\u043c, \u0441\u0442\u0440\u0435\u0441\u0441, \u0432\u0435\u0442\u0435\u0440...).<\/p>\n<p>\u0423\u0445\u043e\u0434 \u0437\u0430 \u0437\u0430\u0449\u0438\u0442\u043e\u0439 \u043e\u0442 \u0441\u043e\u043b\u043d\u0446\u0430 <strong>HYFAC SUN - \u043b\u0435\u0442\u043d\u044f\u044f \u043b\u0438\u043d\u0435\u0439\u043a\u0430<\/strong>\u00a0\u0432\u044b\u0438\u0433\u0440\u0430\u0442\u044c \u043e\u0442 \u0434\u0432\u043e\u0439\u043d\u043e\u0439 \u044d\u0444\u0444\u0435\u043a\u0442\u0438\u0432\u043d\u043e\u0441\u0442\u0438, <strong>\u0444\u0438\u043b\u044c\u0442\u0440\u0430\u0446\u0438\u044f<\/strong> \u043a\u0430\u043a UVB, \u0442\u0430\u043a \u0438 UVA \u0438\u0437\u043b\u0443\u0447\u0435\u043d\u0438\u0435, \u0432 \u0442\u043e \u0432\u0440\u0435\u043c\u044f \u043a\u0430\u043a <strong>\u0437\u0430\u0449\u0438\u0449\u0430\u044e\u0449\u0438\u0439<\/strong> \u043a\u043e\u0436\u0438 \u0431\u043b\u0430\u0433\u043e\u0434\u0430\u0440\u044f \u0430\u043d\u0442\u0438\u0437\u0430\u0433\u0440\u044f\u0437\u043d\u044f\u044e\u0449\u0438\u043c \u0430\u043a\u0442\u0438\u0432\u043d\u044b\u043c \u0438\u043d\u0433\u0440\u0435\u0434\u0438\u0435\u043d\u0442\u0430\u043c.<\/p>","protected":false},"excerpt":{"rendered":"<p>HYFAC SUN &#8211; Protection solaire En \u00e9t\u00e9 comme en hiver, la peau est expos\u00e9e aux rayons du soleil et notamment aux rayons UVA et UVB. Les UVB sont les plus agressifs, responsables des coups de soleil et \u00e0 long terme des cancers cutan\u00e9s. La protection contre les UVB est mesur\u00e9e par le SPF. Les UVA\u2026 <a class='lire-suite' href=\"https:\/\/hyfac.fr\/ru\/nos-gammes\/hyfac-sun\/\">\u0427\u0438\u0442\u0430\u0442\u044c \u0434\u0430\u043b\u044c\u0448\u0435<\/a><\/p>","protected":false},"author":1,"featured_media":0,"parent":22,"menu_order":3,"comment_status":"closed","ping_status":"closed","template":"page\/page-template-hyfacsun.php","meta":{"_mi_skip_tracking":false,"spay_email":""},"_links":{"self":[{"href":"https:\/\/hyfac.fr\/ru\/wp-json\/wp\/v2\/pages\/2592"}],"collection":[{"href":"https:\/\/hyfac.fr\/ru\/wp-json\/wp\/v2\/pages"}],"about":[{"href":"https:\/\/hyfac.fr\/ru\/wp-json\/wp\/v2\/types\/page"}],"author":[{"embeddable":true,"href":"https:\/\/hyfac.fr\/ru\/wp-json\/wp\/v2\/users\/1"}],"replies":[{"embeddable":true,"href":"https:\/\/hyfac.fr\/ru\/wp-json\/wp\/v2\/comments?post=2592"}],"version-history":[{"count":7,"href":"https:\/\/hyfac.fr\/ru\/wp-json\/wp\/v2\/pages\/2592\/revisions"}],"predecessor-version":[{"id":2735,"href":"https:\/\/hyfac.fr\/ru\/wp-json\/wp\/v2\/pages\/2592\/revisions\/2735"}],"up":[{"embeddable":true,"href":"https:\/\/hyfac.fr\/ru\/wp-json\/wp\/v2\/pages\/22"}],"wp:attachment":[{"href":"https:\/\/hyfac.fr\/ru\/wp-json\/wp\/v2\/media?parent=2592"}],"curies":[{"name":"wp","href":"https:\/\/api.w.org\/{rel}","templated":true}]}}