{"id":54,"date":"2016-04-26T06:04:35","date_gmt":"2016-04-26T04:04:35","guid":{"rendered":"http:\/\/hyfac.fr\/?page_id=54"},"modified":"2018-06-26T08:44:04","modified_gmt":"2018-06-26T06:44:04","slug":"hyfac-classique","status":"publish","type":"page","link":"https:\/\/hyfac.fr\/ru\/nos-gammes\/hyfac-classique\/","title":{"rendered":"HYFAC ORIGINAL - \u041c\u043e\u043b\u043e\u0434\u0430\u044f \u043a\u043e\u0436\u0430, \u0441\u043a\u043b\u043e\u043d\u043d\u0430\u044f \u043a \u0430\u043a\u043d\u0435"},"content":{"rendered":"<p><img loading=\"lazy\" class=\"alignleft wp-image-96\" src=\"http:\/\/hyfac.fr\/wp-content\/uploads\/2016\/04\/Logo-hyfac-ok-300x202.png\" alt=\"\u041b\u043e\u0433\u043e\u0442\u0438\u043f \u043a\u043b\u0430\u0441\u0441\u0438\u0447\u0435\u0441\u043a\u043e\u0433\u043e Hyfac\" width=\"260\" height=\"175\" srcset=\"https:\/\/hyfac.fr\/wp-content\/uploads\/2016\/04\/Logo-hyfac-ok-300x202.png 300w, https:\/\/hyfac.fr\/wp-content\/uploads\/2016\/04\/Logo-hyfac-ok-1024x688.png 1024w, https:\/\/hyfac.fr\/wp-content\/uploads\/2016\/04\/Logo-hyfac-ok.png 1772w\" sizes=\"(max-width: 260px) 100vw, 260px\" \/><\/p>\n<h1 class=\"entry-title\">HYFAC ORIGINAL - \u041c\u043e\u043b\u043e\u0434\u0430\u044f \u043a\u043e\u0436\u0430 \u0441\u043a\u043b\u043e\u043d\u043d\u0430\u044f \u043a \u0430\u043a\u043d\u0435<\/h1>\n<p style=\"text-align: justify;\"><span style=\"color: #32a3c8;\">\u0410\u043a\u043d\u0435 \u043f\u043e\u0440\u0430\u0436\u0430\u0435\u0442 75% \u043c\u043e\u043b\u043e\u0434\u044b\u0445 \u043b\u044e\u0434\u0435\u0439 \u0432 \u043f\u043e\u0434\u0440\u043e\u0441\u0442\u043a\u043e\u0432\u043e\u043c \u0432\u043e\u0437\u0440\u0430\u0441\u0442\u0435. \u0421 \u043d\u0438\u043c \u043d\u0435\u043b\u0435\u0433\u043a\u043e \u0436\u0438\u0442\u044c, \u043d\u043e \u0442\u0430\u043a\u0436\u0435 \u043d\u0435 \u043b\u0435\u0433\u043a\u043e \u043e\u0442 \u043d\u0435\u0433\u043e  \u0438\u0437\u0431\u0430\u0432\u0438\u0442\u044c\u0441\u044f.<\/span><\/p>\n<p style=\"text-align: justify;\"><span style=\"color: #32a3c8;\">HYFAC - \u043e\u0434\u043d\u0430 \u0438\u0437 \u043f\u0435\u0440\u0432\u044b\u0445 \u043b\u0438\u043d\u0435\u0435\u043a, \u0441\u043e\u0437\u0434\u0430\u043d\u043d\u044b\u0445 \u0434\u043b\u044f \u043a\u043e\u0436\u0438, \u0441\u043a\u043b\u043e\u043d\u043d\u043e\u0439 \u043a \u0430\u043a\u043d\u0435. \u041e\u043d\u0430 \u0434\u043e\u043a\u0430\u0437\u0430\u043b\u0430 \u0441\u0432\u043e\u044e \u044d\u0444\u0444\u0435\u043a\u0442\u0438\u0432\u043d\u043e\u0441\u0442\u044c \u043d\u0430 \u043f\u0440\u043e\u0442\u044f\u0436\u0435\u043d\u0438\u0438 \u0431\u043e\u043b\u0435\u0435  \u0447\u0435\u043c 30 \u043b\u0435\u0442 \u0438 \u0441\u0442\u0430\u043b\u0430 \u043f\u0440\u0435\u0434\u043f\u043e\u0447\u0438\u0442\u0430\u0435\u043c\u043e\u0439 \u043b\u0438\u043d\u0435\u0439\u043a\u043e\u0439 \u0441\u0440\u0435\u0434\u0438 \u0434\u0435\u0440\u043c\u0430\u0442\u043e\u043b\u043e\u0433\u043e\u0432. \u041f\u043e\u043f\u0440\u043e\u0431\u0443\u0439\u0442\u0435 - \u0438 \u044d\u0444\u0444\u0435\u043a\u0442 \u043d\u0435 \u0437\u0430\u0441\u0442\u0430\u0432\u0438\u0442 \u0441\u0435\u0431\u044f \u0436\u0434\u0430\u0442\u044c.<\/span><\/p>\n<p>&nbsp;<\/p>\n<h2 style=\"text-align: center;\">\u041e\u0442\u043a\u0440\u043e\u0439\u0442\u0435 \u0434\u043b\u044f \u0441\u0435\u0431\u044f  \u043d\u0430\u0448\u0438 \u043f\u0440\u043e\u0434\u0443\u043a\u0442\u044b  \u0434\u043b\u044f \u043f\u043e\u0434\u0440\u043e\u0441\u0442\u043a\u043e\u0432.<\/h2>\n<p>&nbsp;<\/p>","protected":false},"excerpt":{"rendered":"<p>HYFAC ORIGINAL \u2013 Peaux jeunes \u00e0 imperfections L\u2019acn\u00e9 touche 75% des jeunes durant l\u2019adolescence. Pas facile de vivre avec, pas facile de s\u2019en d\u00e9barrasser. HYFAC est l\u2019une des premi\u00e8res gammes cr\u00e9\u00e9e pour les peaux \u00e0 tendances acn\u00e9ique.\u00a0Elle a prouv\u00e9 son efficacit\u00e9 depuis plus de 30 ans et est ainsi devenue la gamme chouchoute des dermatologues.\u2026 <a class='lire-suite' href=\"https:\/\/hyfac.fr\/ru\/nos-gammes\/hyfac-classique\/\">\u0427\u0438\u0442\u0430\u0442\u044c \u0434\u0430\u043b\u044c\u0448\u0435<\/a><\/p>","protected":false},"author":1,"featured_media":0,"parent":22,"menu_order":0,"comment_status":"closed","ping_status":"closed","template":"page\/page-template-hyfaclassique.php","meta":{"_mi_skip_tracking":false,"spay_email":""},"_links":{"self":[{"href":"https:\/\/hyfac.fr\/ru\/wp-json\/wp\/v2\/pages\/54"}],"collection":[{"href":"https:\/\/hyfac.fr\/ru\/wp-json\/wp\/v2\/pages"}],"about":[{"href":"https:\/\/hyfac.fr\/ru\/wp-json\/wp\/v2\/types\/page"}],"author":[{"embeddable":true,"href":"https:\/\/hyfac.fr\/ru\/wp-json\/wp\/v2\/users\/1"}],"replies":[{"embeddable":true,"href":"https:\/\/hyfac.fr\/ru\/wp-json\/wp\/v2\/comments?post=54"}],"version-history":[{"count":29,"href":"https:\/\/hyfac.fr\/ru\/wp-json\/wp\/v2\/pages\/54\/revisions"}],"predecessor-version":[{"id":4905,"href":"https:\/\/hyfac.fr\/ru\/wp-json\/wp\/v2\/pages\/54\/revisions\/4905"}],"up":[{"embeddable":true,"href":"https:\/\/hyfac.fr\/ru\/wp-json\/wp\/v2\/pages\/22"}],"wp:attachment":[{"href":"https:\/\/hyfac.fr\/ru\/wp-json\/wp\/v2\/media?parent=54"}],"curies":[{"name":"wp","href":"https:\/\/api.w.org\/{rel}","templated":true}]}}