{"id":56,"date":"2016-04-26T06:05:09","date_gmt":"2016-04-26T04:05:09","guid":{"rendered":"http:\/\/hyfac.fr\/?page_id=56"},"modified":"2018-06-20T11:48:03","modified_gmt":"2018-06-20T09:48:03","slug":"hydrafac","status":"publish","type":"page","link":"https:\/\/hyfac.fr\/ru\/nos-gammes\/hydrafac\/","title":{"rendered":"HYDRAFAC - \u0414\u043d\u0435\u0432\u043d\u0430\u044f \u0432\u043b\u0430\u0433\u0430"},"content":{"rendered":"<p><img loading=\"lazy\" class=\"alignleft wp-image-2463\" src=\"http:\/\/hyfac.fr\/wp-content\/uploads\/2018\/02\/logo_hyfac_hydrafac.png\" alt=\"\u043b\u043e\u0433\u043e\u0442\u0438\u043f hydrafac\" width=\"260\" height=\"220\" srcset=\"https:\/\/hyfac.fr\/wp-content\/uploads\/2018\/02\/logo_hyfac_hydrafac.png 1674w, https:\/\/hyfac.fr\/wp-content\/uploads\/2018\/02\/logo_hyfac_hydrafac-300x253.png 300w, https:\/\/hyfac.fr\/wp-content\/uploads\/2018\/02\/logo_hyfac_hydrafac-1024x865.png 1024w\" sizes=\"(max-width: 260px) 100vw, 260px\" \/><\/p>\n<h1 class=\"entry-title\">Hydrafac - \u0415\u0436\u0435\u0434\u043d\u0435\u0432\u043d\u043e\u0435 \u0443\u0432\u043b\u0430\u0436\u043d\u0435\u043d\u0438\u0435 \u0434\u043b\u044f \u0432\u0441\u0435\u0445 \u0442\u0438\u043f\u043e\u0432 \u043a\u043e\u0436\u0438.<\/h1>\n<p style=\"text-align: justify;\">\u0423\u0432\u043b\u0430\u0436\u043d\u0435\u043d\u0438\u0435 - \u044d\u0442\u043e \u0435\u0436\u0435\u0434\u043d\u0435\u0432\u043d\u044b\u0439 \u0440\u0438\u0442\u0443\u0430\u043b \u0434\u043b\u044f \u043f\u043e\u0434\u0434\u0435\u0440\u0436\u0430\u043d\u0438\u044f  \u0432\u043e\u0434\u043d\u043e\u0433\u043e \u0431\u0430\u043b\u0430\u043d\u0441\u0430 \u043a\u043e\u0436\u0438. \u0425\u043e\u0440\u043e\u0448\u043e \u0443\u0432\u043b\u0430\u0436\u043d\u0435\u043d\u043d\u0430\u044f \u043a\u043e\u0436\u0430 \u0437\u0430\u0449\u0438\u0449\u0435\u043d\u0430 \u0438 \u0437\u0434\u043e\u0440\u043e\u0432\u0430.<\/p>\n<p style=\"text-align: justify;\">HYDRAFAC - \u044d\u0442\u043e \u043b\u0438\u043d\u0435\u0439\u043a\u0430, \u0446\u0435\u043b\u044c\u044e \u043a\u043e\u0442\u043e\u0440\u043e\u0439 \u044f\u0432\u043b\u044f\u0435\u0442\u0441\u044f \u0435\u0436\u0435\u0434\u043d\u0435\u0432\u043d\u043e\u0435 \u0443\u0432\u043b\u0430\u0436\u043d\u0435\u043d\u0438\u0435 \u0432\u0441\u0435\u0445 \u0442\u0438\u043f\u043e\u0432 \u043a\u043e\u0436\u0438 \u043f\u0440\u0438 \u043b\u044e\u0431\u044b\u0445 \u043e\u0431\u0441\u0442\u043e\u044f\u0442\u0435\u043b\u044c\u0441\u0442\u0432\u0430\u0445. \u0414\u0432\u0430 \u0432\u0430\u0440\u0438\u0430\u043d\u0442\u0430 \u0443\u0432\u043b\u0430\u0436\u043d\u0435\u043d\u0438\u044f, \u0430\u0434\u0430\u043f\u0442\u0438\u0440\u043e\u0432\u0430\u043d\u044b \u043a \u0440\u0430\u0437\u043b\u0438\u0447\u043d\u044b\u043c  \u043f\u043e\u0442\u0440\u0435\u0431\u043d\u043e\u0441\u0442\u044f\u043c:<\/p>\n<ul>\n<li style=\"text-align: justify;\">\u042d\u0442\u043e <a href=\"https:\/\/hyfac.fr\/ru\/nos-gammes\/hydrafac\/creme-legere\/\">\u043b\u0451\u0433\u043a\u0430\u044f \u0444\u043e\u0440\u043c\u0443\u043b\u0430<\/a> \u0434\u043b\u044f \u043a\u043e\u043c\u0431\u0438\u043d\u0438\u0440\u043e\u0432\u0430\u043d\u043d\u043e\u0439 \u043a\u043e\u0436\u0438, \u0438\u043b\u0438 \u043f\u0440\u0438\u043c\u0435\u043d\u0435\u043d\u0438\u044f \u043b\u0435\u0442\u043e\u043c, \u043f\u043e\u0434\u0445\u043e\u0434\u0438\u0442 \u0442\u0430\u043a\u0436\u0435  \u0432 \u043a\u0430\u0447\u0435\u0441\u0442\u0432\u0435 \u043e\u0441\u043d\u043e\u0432\u044b \u0434\u043b\u044f \u043c\u0430\u043a\u0438\u044f\u0436\u0430.<\/li>\n<li style=\"text-align: justify;\">\u042d\u0442\u043e <a href=\"https:\/\/hyfac.fr\/ru\/nos-gammes\/hydrafac\/creme-riche\/\">\u0433\u0443\u0441\u0442\u0430\u044f \u0444\u043e\u0440\u043c\u0443\u043b\u0430<\/a> \u0434\u043b\u044f \u0441\u0443\u0445\u043e\u0439 \u043a\u043e\u0436\u0438 \u0438\u043b\u0438 \u0434\u043b\u044f \u043f\u0440\u0438\u043c\u0435\u043d\u0435\u043d\u0438\u044f \u0437\u0438\u043c\u043e\u0439, \u0442\u0430\u043a \u0436\u0435 \u043c\u043e\u0436\u0435\u0442 \u0431\u044b\u0442\u044c \u0438\u0441\u043f\u043e\u043b\u044c\u0437\u043e\u0432\u0430\u043d \u043a\u0430\u043a \u043d\u043e\u0447\u043d\u043e\u0439 \u043a\u0440\u0435\u043c.<\/li>\n<li style=\"text-align: justify;\">\u041d\u043e \u0442\u0430\u043a\u0436\u0435 \u0438 <a href=\"https:\/\/hyfac.fr\/ru\/nos-gammes\/hydrafac\/baume-levres\/\">\u0431\u0430\u043b\u044c\u0437\u0430\u043c \u0434\u043b\u044f \u0433\u0443\u0431<\/a> \u0438\u0437 100% \u043d\u0430\u0442\u0443\u0440\u0430\u043b\u044c\u043d\u044b\u0445 \u0438\u043d\u0433\u0440\u0435\u0434\u0438\u0435\u043d\u0442\u043e\u0432.<\/li>\n<\/ul>\n<h2><\/h2>\n<p>&nbsp;<\/p>\n<p>&nbsp;<\/p>\n<p>&nbsp;<\/p>\n<h2 style=\"text-align: center;\">\u041d\u0430\u0448\u0438 \u0441\u0440\u0435\u0434\u0441\u0442\u0432\u0430 \u043f\u043e \u0443\u0445\u043e\u0434\u0443 \u0443\u0432\u043b\u0430\u0436\u043d\u044f\u044e\u0442 \u0432\u0430\u0448\u0443 \u043a\u043e\u0436\u0443:<\/h2>\n<p>&nbsp;<\/p>","protected":false},"excerpt":{"rendered":"<p>Hydrafac &#8211; Hydratation de toutes les peaux au quotidien L\u2019hydratation est le geste quotidien pour pr\u00e9server un bon \u00e9quilibre de la peau. Une peau bien hydrat\u00e9e est prot\u00e9g\u00e9e et en bonne sant\u00e9. HYDRAFAC est la gamme dont l\u2019objectif est d\u2019hydrater au quotidien toutes les peaux en toutes circonstances. Deux alternatives adapt\u00e9es aux besoins de chacun\u00a0:\u2026 <a class='lire-suite' href=\"https:\/\/hyfac.fr\/ru\/nos-gammes\/hydrafac\/\">\u0427\u0438\u0442\u0430\u0442\u044c \u0434\u0430\u043b\u044c\u0448\u0435<\/a><\/p>","protected":false},"author":1,"featured_media":0,"parent":22,"menu_order":2,"comment_status":"closed","ping_status":"closed","template":"page\/page-template-hydrafac.php","meta":{"_mi_skip_tracking":false,"spay_email":""},"_links":{"self":[{"href":"https:\/\/hyfac.fr\/ru\/wp-json\/wp\/v2\/pages\/56"}],"collection":[{"href":"https:\/\/hyfac.fr\/ru\/wp-json\/wp\/v2\/pages"}],"about":[{"href":"https:\/\/hyfac.fr\/ru\/wp-json\/wp\/v2\/types\/page"}],"author":[{"embeddable":true,"href":"https:\/\/hyfac.fr\/ru\/wp-json\/wp\/v2\/users\/1"}],"replies":[{"embeddable":true,"href":"https:\/\/hyfac.fr\/ru\/wp-json\/wp\/v2\/comments?post=56"}],"version-history":[{"count":29,"href":"https:\/\/hyfac.fr\/ru\/wp-json\/wp\/v2\/pages\/56\/revisions"}],"predecessor-version":[{"id":4886,"href":"https:\/\/hyfac.fr\/ru\/wp-json\/wp\/v2\/pages\/56\/revisions\/4886"}],"up":[{"embeddable":true,"href":"https:\/\/hyfac.fr\/ru\/wp-json\/wp\/v2\/pages\/22"}],"wp:attachment":[{"href":"https:\/\/hyfac.fr\/ru\/wp-json\/wp\/v2\/media?parent=56"}],"curies":[{"name":"wp","href":"https:\/\/api.w.org\/{rel}","templated":true}]}}